{"id":3736,"date":"2024-04-16T12:46:16","date_gmt":"2024-06-10T10:55:40","guid":{"rendered":"https:\/\/keemplesklep.pl\/?post_type=product&#038;p=3736"},"modified":"2026-03-03T10:57:37","modified_gmt":"2026-03-03T09:57:37","slug":"z-wave-keemple-signal-amplifier","status":"publish","type":"product","link":"https:\/\/keemplesklep.pl\/en\/produkt\/z-wave-keemple-signal-amplifier\/","title":{"rendered":"Z-Wave Keemple Signal Amplifier"},"content":{"rendered":"<p><strong>Z-Wave Keemple Signal Amplifier<\/strong><\/p>\n<p>The Keemple signal booster increases the efficiency of data transmission inside the Z-Wave network, ensuring a faster and more stable connection. It is compatible with a variety of Keemple Z-Wave devices, making it a practical solution for coverage problems. Simple installation and configuration make it easy for even those unfamiliar with the technology to get it up and running and take advantage of its capabilities.<\/p>\n<p><img loading=\"lazy\" decoding=\"async\" class=\"alignnone size-full wp-image-3737\" src=\"https:\/\/keemplesklep.pl\/wp-content\/uploads\/2024\/06\/Obszar-roboczy-1-kopia-15.webp\" alt=\"\" width=\"2363\" height=\"1773\" srcset=\"https:\/\/keemplesklep.pl\/wp-content\/uploads\/2024\/06\/Obszar-roboczy-1-kopia-15.webp 591w, https:\/\/keemplesklep.pl\/wp-content\/uploads\/2024\/06\/Obszar-roboczy-1-kopia-15-300x225.webp 300w, https:\/\/keemplesklep.pl\/wp-content\/uploads\/2024\/06\/Obszar-roboczy-1-kopia-15-324x243.webp 324w, https:\/\/keemplesklep.pl\/wp-content\/uploads\/2024\/06\/Obszar-roboczy-1-kopia-15-416x312.webp 416w\" sizes=\"auto, (max-width: 2363px) 100vw, 2363px\" \/><\/p>\n<p><strong>What can the Signal Amplifier be used for?<\/strong><\/p>\n<p>Mount the Z-Wave Keemple Signal Amplifier in a place that usually suffers from low signal coverage. This device is especially useful in homes with a large area or spread over several levels, where the signal may not reach all nooks and crannies evenly. With an amplifier, all home control systems, from lighting to security systems, operate without interference.<\/p>\n<p>We recommend using our Keemple signal amplifiers in apartments with an area of more than 70m\u00b2. They will give you a stable and strong Wi-Fi signal in every corner of your home, eliminating dead zones.<\/p>\n<p><strong>Keemple 2.0 application<\/strong><\/p>\n<p>The Keemple 2.0 app allows you to effectively manage and control your smart home system from anywhere, using your smartphone or tablet. Thanks to its intuitive interface, users can easily create schedules, control Z-Wave devices and receive notifications about system activities. The Keemple 2.0 app is the ideal partner for anyone who wants to maximize the functionality and comfort of a smart home.<\/p>\n<div class=\"gsp_post_data\" \r\n\t            data-post_type=\"product\" \r\n\t            data-cat=\"\" \r\n\t            data-modified=\"120\"\r\n\t            data-created=\"1713271576\"\r\n\t            data-title=\"Z-Wave Keemple Signal Amplifier\" \r\n\t            data-home=\"https:\/\/keemplesklep.pl\/en\/\"><\/div>","protected":false},"excerpt":{"rendered":"<p>The Keemple Z-Wave signal booster is a great addition to the Keemple smart home system, especially in large spaces or storied buildings. This device improves range and signal quality for all Keemple Z-Wave devices, providing more efficient and reliable communication in the vast smart home ecosystem.<\/p>\n","protected":false},"featured_media":3465,"comment_status":"open","ping_status":"closed","template":"","meta":{"_acf_changed":false},"product_brand":[],"product_cat":[31],"product_tag":[90,104,99],"class_list":{"0":"post-3736","1":"product","2":"type-product","3":"status-publish","4":"has-post-thumbnail","6":"product_cat-gniazdko-smart","7":"product_tag-keemple","8":"product_tag-smarthome","9":"product_tag-z-wave","11":"first","12":"instock","13":"taxable","14":"shipping-taxable","15":"purchasable","16":"product-type-simple"},"acf":[],"yoast_head":"<!-- This site is optimized with the Yoast SEO plugin v27.4 - https:\/\/yoast.com\/product\/yoast-seo-wordpress\/ -->\n<title>Z-Wave Keemple Signal Amplifier - Keemple<\/title>\n<meta name=\"description\" content=\"Keemple - Z-Wave Keemple Signal Amplifier\" \/>\n<meta name=\"robots\" content=\"index, follow, max-snippet:-1, max-image-preview:large, max-video-preview:-1\" \/>\n<link rel=\"canonical\" href=\"https:\/\/keemplesklep.pl\/en\/produkt\/z-wave-keemple-signal-amplifier\/\" \/>\n<meta property=\"og:locale\" content=\"en_US\" \/>\n<meta property=\"og:type\" content=\"article\" \/>\n<meta property=\"og:title\" content=\"Z-Wave Keemple Signal Amplifier - Keemple\" \/>\n<meta property=\"og:description\" content=\"Keemple - Z-Wave Keemple Signal Amplifier\" \/>\n<meta property=\"og:url\" content=\"https:\/\/keemplesklep.pl\/en\/produkt\/z-wave-keemple-signal-amplifier\/\" \/>\n<meta property=\"og:site_name\" content=\"Keemple\" \/>\n<meta property=\"article:modified_time\" content=\"2026-03-03T09:57:37+00:00\" \/>\n<meta property=\"og:image\" content=\"https:\/\/keemplesklep.pl\/wp-content\/uploads\/2024\/04\/KP-RE-01-4-webp-1-scaled.webp\" \/>\n\t<meta property=\"og:image:width\" content=\"951\" \/>\n\t<meta property=\"og:image:height\" content=\"625\" \/>\n\t<meta property=\"og:image:type\" content=\"image\/png\" \/>\n<meta name=\"twitter:card\" content=\"summary_large_image\" \/>\n<meta name=\"twitter:label1\" content=\"Est. reading time\" \/>\n\t<meta name=\"twitter:data1\" content=\"2 minutes\" \/>\n<script type=\"application\/ld+json\" class=\"yoast-schema-graph\">{\"@context\":\"https:\\\/\\\/schema.org\",\"@graph\":[{\"@type\":\"WebPage\",\"@id\":\"https:\\\/\\\/keemplesklep.pl\\\/en\\\/produkt\\\/z-wave-keemple-signal-amplifier\\\/\",\"url\":\"https:\\\/\\\/keemplesklep.pl\\\/en\\\/produkt\\\/z-wave-keemple-signal-amplifier\\\/\",\"name\":\"Z-Wave Keemple Signal Amplifier - Keemple\",\"isPartOf\":{\"@id\":\"https:\\\/\\\/keemplesklep.pl\\\/#website\"},\"primaryImageOfPage\":{\"@id\":\"https:\\\/\\\/keemplesklep.pl\\\/en\\\/produkt\\\/z-wave-keemple-signal-amplifier\\\/#primaryimage\"},\"image\":{\"@id\":\"https:\\\/\\\/keemplesklep.pl\\\/en\\\/produkt\\\/z-wave-keemple-signal-amplifier\\\/#primaryimage\"},\"thumbnailUrl\":\"https:\\\/\\\/keemplesklep.pl\\\/wp-content\\\/uploads\\\/2024\\\/04\\\/KP-RE-01-4-webp-1-scaled.webp\",\"datePublished\":\"2024-06-10T10:55:40+00:00\",\"dateModified\":\"2026-03-03T09:57:37+00:00\",\"description\":\"Keemple - Z-Wave Keemple Signal Amplifier\",\"breadcrumb\":{\"@id\":\"https:\\\/\\\/keemplesklep.pl\\\/en\\\/produkt\\\/z-wave-keemple-signal-amplifier\\\/#breadcrumb\"},\"inLanguage\":\"en-US\",\"potentialAction\":[{\"@type\":\"ReadAction\",\"target\":[\"https:\\\/\\\/keemplesklep.pl\\\/en\\\/produkt\\\/z-wave-keemple-signal-amplifier\\\/\"]}]},{\"@type\":\"ImageObject\",\"inLanguage\":\"en-US\",\"@id\":\"https:\\\/\\\/keemplesklep.pl\\\/en\\\/produkt\\\/z-wave-keemple-signal-amplifier\\\/#primaryimage\",\"url\":\"https:\\\/\\\/keemplesklep.pl\\\/wp-content\\\/uploads\\\/2024\\\/04\\\/KP-RE-01-4-webp-1-scaled.webp\",\"contentUrl\":\"https:\\\/\\\/keemplesklep.pl\\\/wp-content\\\/uploads\\\/2024\\\/04\\\/KP-RE-01-4-webp-1-scaled.webp\",\"width\":951,\"height\":625,\"caption\":\"Repeater Z-Wave Keemple\"},{\"@type\":\"BreadcrumbList\",\"@id\":\"https:\\\/\\\/keemplesklep.pl\\\/en\\\/produkt\\\/z-wave-keemple-signal-amplifier\\\/#breadcrumb\",\"itemListElement\":[{\"@type\":\"ListItem\",\"position\":1,\"name\":\"Strona g\u0142\u00f3wna\",\"item\":\"https:\\\/\\\/keemplesklep.pl\\\/en\\\/\"},{\"@type\":\"ListItem\",\"position\":2,\"name\":\"Smart home sklep\",\"item\":\"https:\\\/\\\/keemplesklep.pl\\\/sklep\\\/\"},{\"@type\":\"ListItem\",\"position\":3,\"name\":\"Z-Wave Keemple Signal Amplifier\"}]},{\"@type\":\"WebSite\",\"@id\":\"https:\\\/\\\/keemplesklep.pl\\\/#website\",\"url\":\"https:\\\/\\\/keemplesklep.pl\\\/\",\"name\":\"Keemple\",\"description\":\"Inteligentny dom - urz\u0105d\u017a smart home z inteligentnymi urz\u0105dzeniami\",\"publisher\":{\"@id\":\"https:\\\/\\\/keemplesklep.pl\\\/#organization\"},\"potentialAction\":[{\"@type\":\"SearchAction\",\"target\":{\"@type\":\"EntryPoint\",\"urlTemplate\":\"https:\\\/\\\/keemplesklep.pl\\\/?s={search_term_string}\"},\"query-input\":{\"@type\":\"PropertyValueSpecification\",\"valueRequired\":true,\"valueName\":\"search_term_string\"}}],\"inLanguage\":\"en-US\"},{\"@type\":\"Organization\",\"@id\":\"https:\\\/\\\/keemplesklep.pl\\\/#organization\",\"name\":\"Keemple\",\"url\":\"https:\\\/\\\/keemplesklep.pl\\\/\",\"logo\":{\"@type\":\"ImageObject\",\"inLanguage\":\"en-US\",\"@id\":\"https:\\\/\\\/keemplesklep.pl\\\/#\\\/schema\\\/logo\\\/image\\\/\",\"url\":\"https:\\\/\\\/keemplesklep.pl\\\/wp-content\\\/uploads\\\/2023\\\/03\\\/cropped-logonew.png\",\"contentUrl\":\"https:\\\/\\\/keemplesklep.pl\\\/wp-content\\\/uploads\\\/2023\\\/03\\\/cropped-logonew.png\",\"width\":367,\"height\":163,\"caption\":\"Keemple\"},\"image\":{\"@id\":\"https:\\\/\\\/keemplesklep.pl\\\/#\\\/schema\\\/logo\\\/image\\\/\"}}]}<\/script>\n<!-- \/ Yoast SEO plugin. -->","yoast_head_json":{"title":"Z-Wave Keemple Signal Amplifier - Keemple","description":"Keemple - Z-Wave Keemple Signal Amplifier","robots":{"index":"index","follow":"follow","max-snippet":"max-snippet:-1","max-image-preview":"max-image-preview:large","max-video-preview":"max-video-preview:-1"},"canonical":"https:\/\/keemplesklep.pl\/en\/produkt\/z-wave-keemple-signal-amplifier\/","og_locale":"en_US","og_type":"article","og_title":"Z-Wave Keemple Signal Amplifier - Keemple","og_description":"Keemple - Z-Wave Keemple Signal Amplifier","og_url":"https:\/\/keemplesklep.pl\/en\/produkt\/z-wave-keemple-signal-amplifier\/","og_site_name":"Keemple","article_modified_time":"2026-03-03T09:57:37+00:00","og_image":[{"width":951,"height":625,"url":"https:\/\/keemplesklep.pl\/wp-content\/uploads\/2024\/04\/KP-RE-01-4-webp-1-scaled.webp","type":"image\/png"}],"twitter_card":"summary_large_image","twitter_misc":{"Est. reading time":"2 minutes"},"schema":{"@context":"https:\/\/schema.org","@graph":[{"@type":"WebPage","@id":"https:\/\/keemplesklep.pl\/en\/produkt\/z-wave-keemple-signal-amplifier\/","url":"https:\/\/keemplesklep.pl\/en\/produkt\/z-wave-keemple-signal-amplifier\/","name":"Z-Wave Keemple Signal Amplifier - Keemple","isPartOf":{"@id":"https:\/\/keemplesklep.pl\/#website"},"primaryImageOfPage":{"@id":"https:\/\/keemplesklep.pl\/en\/produkt\/z-wave-keemple-signal-amplifier\/#primaryimage"},"image":{"@id":"https:\/\/keemplesklep.pl\/en\/produkt\/z-wave-keemple-signal-amplifier\/#primaryimage"},"thumbnailUrl":"https:\/\/keemplesklep.pl\/wp-content\/uploads\/2024\/04\/KP-RE-01-4-webp-1-scaled.webp","datePublished":"2024-06-10T10:55:40+00:00","dateModified":"2026-03-03T09:57:37+00:00","description":"Keemple - Z-Wave Keemple Signal Amplifier","breadcrumb":{"@id":"https:\/\/keemplesklep.pl\/en\/produkt\/z-wave-keemple-signal-amplifier\/#breadcrumb"},"inLanguage":"en-US","potentialAction":[{"@type":"ReadAction","target":["https:\/\/keemplesklep.pl\/en\/produkt\/z-wave-keemple-signal-amplifier\/"]}]},{"@type":"ImageObject","inLanguage":"en-US","@id":"https:\/\/keemplesklep.pl\/en\/produkt\/z-wave-keemple-signal-amplifier\/#primaryimage","url":"https:\/\/keemplesklep.pl\/wp-content\/uploads\/2024\/04\/KP-RE-01-4-webp-1-scaled.webp","contentUrl":"https:\/\/keemplesklep.pl\/wp-content\/uploads\/2024\/04\/KP-RE-01-4-webp-1-scaled.webp","width":951,"height":625,"caption":"Repeater Z-Wave Keemple"},{"@type":"BreadcrumbList","@id":"https:\/\/keemplesklep.pl\/en\/produkt\/z-wave-keemple-signal-amplifier\/#breadcrumb","itemListElement":[{"@type":"ListItem","position":1,"name":"Strona g\u0142\u00f3wna","item":"https:\/\/keemplesklep.pl\/en\/"},{"@type":"ListItem","position":2,"name":"Smart home sklep","item":"https:\/\/keemplesklep.pl\/sklep\/"},{"@type":"ListItem","position":3,"name":"Z-Wave Keemple Signal Amplifier"}]},{"@type":"WebSite","@id":"https:\/\/keemplesklep.pl\/#website","url":"https:\/\/keemplesklep.pl\/","name":"Keemple","description":"Inteligentny dom - urz\u0105d\u017a smart home z inteligentnymi urz\u0105dzeniami","publisher":{"@id":"https:\/\/keemplesklep.pl\/#organization"},"potentialAction":[{"@type":"SearchAction","target":{"@type":"EntryPoint","urlTemplate":"https:\/\/keemplesklep.pl\/?s={search_term_string}"},"query-input":{"@type":"PropertyValueSpecification","valueRequired":true,"valueName":"search_term_string"}}],"inLanguage":"en-US"},{"@type":"Organization","@id":"https:\/\/keemplesklep.pl\/#organization","name":"Keemple","url":"https:\/\/keemplesklep.pl\/","logo":{"@type":"ImageObject","inLanguage":"en-US","@id":"https:\/\/keemplesklep.pl\/#\/schema\/logo\/image\/","url":"https:\/\/keemplesklep.pl\/wp-content\/uploads\/2023\/03\/cropped-logonew.png","contentUrl":"https:\/\/keemplesklep.pl\/wp-content\/uploads\/2023\/03\/cropped-logonew.png","width":367,"height":163,"caption":"Keemple"},"image":{"@id":"https:\/\/keemplesklep.pl\/#\/schema\/logo\/image\/"}}]}},"_links":{"self":[{"href":"https:\/\/keemplesklep.pl\/en\/wp-json\/wp\/v2\/product\/3736","targetHints":{"allow":["GET"]}}],"collection":[{"href":"https:\/\/keemplesklep.pl\/en\/wp-json\/wp\/v2\/product"}],"about":[{"href":"https:\/\/keemplesklep.pl\/en\/wp-json\/wp\/v2\/types\/product"}],"replies":[{"embeddable":true,"href":"https:\/\/keemplesklep.pl\/en\/wp-json\/wp\/v2\/comments?post=3736"}],"wp:featuredmedia":[{"embeddable":true,"href":"https:\/\/keemplesklep.pl\/en\/wp-json\/wp\/v2\/media\/3465"}],"wp:attachment":[{"href":"https:\/\/keemplesklep.pl\/en\/wp-json\/wp\/v2\/media?parent=3736"}],"wp:term":[{"taxonomy":"product_brand","embeddable":true,"href":"https:\/\/keemplesklep.pl\/en\/wp-json\/wp\/v2\/product_brand?post=3736"},{"taxonomy":"product_cat","embeddable":true,"href":"https:\/\/keemplesklep.pl\/en\/wp-json\/wp\/v2\/product_cat?post=3736"},{"taxonomy":"product_tag","embeddable":true,"href":"https:\/\/keemplesklep.pl\/en\/wp-json\/wp\/v2\/product_tag?post=3736"}],"curies":[{"name":"wp","href":"https:\/\/api.w.org\/{rel}","templated":true}]}}