{"id":341,"date":"2022-09-29T13:50:48","date_gmt":"2022-09-29T11:50:48","guid":{"rendered":"https:\/\/keemplesklep.pl\/?post_type=product&#038;p=341"},"modified":"2026-04-07T16:01:24","modified_gmt":"2026-04-07T14:01:24","slug":"inteligentny-sciemniacz","status":"publish","type":"product","link":"https:\/\/keemplesklep.pl\/en\/produkt\/inteligentny-sciemniacz\/","title":{"rendered":"Inteligentny \u015bciemniacz"},"content":{"rendered":"<h4>Inteligentny \u015bciemniacz KP-DM-02<\/h4>\n<p>Inteligentny \u015bciemniacz w domu mo\u017ce by\u0107 wykorzystany w wielu r\u00f3\u017cnych sytuacjach, aby dostosowa\u0107 poziom o\u015bwietlenia do aktualnych potrzeb i preferencji u\u017cytkownik\u00f3w. Po dodaniu urz\u0105dzenia do aplikacji Keemple 2.0 mo\u017cemy zdalnie obs\u0142ugiwa\u0107 \u015bciemniacz i stworzy\u0107 wiele scenariuszy. Inteligentny \u015bciemniacz pozwala na p\u0142ynne regulowanie jasno\u015bci \u015bwiat\u0142a. Dzi\u0119ki temu mo\u017cemy stworzy\u0107 odpowiedni nastr\u00f3j w pomieszczeniu.<a href=\"https:\/\/keemplesklep.pl\/jak-zaprojektowac-swoje-inteligentne-oswietlenie\/\"> Mo\u017cemy dostosowa\u0107 o\u015bwietlenie<\/a> do romantycznej kolacji, wieczoru filmowego czy relaksuj\u0105cej chwili z ksi\u0105\u017ck\u0105.\u00a0 W przypadku pracy biurowej lub nauki, \u015bciemniacze mog\u0105 pom\u00f3c w dostosowaniu o\u015bwietlenia do warunk\u00f3w, kt\u00f3re sprzyjaj\u0105 koncentracji i wydajno\u015bci. Aby zapewni\u0107 subtelne o\u015bwietlenie nocne bez ra\u017cenia oczu, zmniejszmy intensywno\u015b\u0107 \u015bwiat\u0142a w godzinach wieczornych.<\/p>\n<p><img loading=\"lazy\" decoding=\"async\" class=\"aligncenter wp-image-1197 size-full\" src=\"https:\/\/keemplesklep.pl\/wp-content\/uploads\/2022\/09\/1_sterownik_podczerwieni-kopia.webp\" alt=\"Rodzina ogl\u0105da film ciesz\u0105c si\u0119 wieczorem w domu, sp\u0119dzaj\u0105 czas razem przy \u015bciemnionym \u015bwietle dzi\u0119ki inteligentnemu \u015bciemniaczowi, mog\u0105 cieszy\u0107 si\u0119 odpowiedni\u0105 atmosfer\u0105.\" width=\"850\" height=\"567\" srcset=\"https:\/\/keemplesklep.pl\/wp-content\/uploads\/2022\/09\/1_sterownik_podczerwieni-kopia.webp 1000w, https:\/\/keemplesklep.pl\/wp-content\/uploads\/2022\/09\/1_sterownik_podczerwieni-kopia-300x200.webp 300w, https:\/\/keemplesklep.pl\/wp-content\/uploads\/2022\/09\/1_sterownik_podczerwieni-kopia-768x511.webp 768w, https:\/\/keemplesklep.pl\/wp-content\/uploads\/2022\/09\/1_sterownik_podczerwieni-kopia-324x216.webp 324w, https:\/\/keemplesklep.pl\/wp-content\/uploads\/2022\/09\/1_sterownik_podczerwieni-kopia-416x277.webp 416w\" sizes=\"auto, (max-width: 850px) 100vw, 850px\" \/><\/p>\n<h4>\u015aciemniacz &#8211; jak dzia\u0142a?<\/h4>\n<p>Za pomoc\u0105 aplikacji Keemple 2.0 lub manualnie mo\u017cesz zmieni\u0107 intensywno\u015b\u0107 o\u015bwietlenia w wybranym przez Ciebie pomieszczeniu. Mo\u017cesz r\u00f3wnie\u017c ustawi\u0107 harmonogram dzia\u0142a\u0144 inteligentnego \u015bciemniacza. Zadba on o to, aby o\u015bwietlenie \u015bciemnia\u0142o si\u0119 lub ja\u015bnia\u0142o w wybranych przez Ciebie godzinach. Nasze inteligentne \u015bciemniacze komunikuj\u0105 si\u0119 w sieci <a href=\"https:\/\/keemplesklep.pl\/dlaczego-stawiamy-na-z-wave\/\"><strong>Z-Wave<\/strong><\/a>. Urz\u0105dzenia <strong>Z-Wave<\/strong> zu\u017cywaj\u0105 bardzo ma\u0142o energii w trybie oczekiwania. Gdy urz\u0105dzenie nie jest aktywnie u\u017cywane do transmisji danych, przechodzi w stan niskiego poboru energii, co pozwala na mniejszy pob\u00f3r mocy, ni\u017c \u015bciemniacze dzia\u0142aj\u0105ce w sieci Wi-Fi.<\/p>\n<p><img loading=\"lazy\" decoding=\"async\" class=\"wp-image-1979 size-large aligncenter\" src=\"https:\/\/keemplesklep.pl\/wp-content\/uploads\/2022\/09\/inteligentny-sciemniacz-keemple-webp.webp\" alt=\"\u015aciemniacz, opisane funkcje i parametry \u015bciemniacza Keemple.\" width=\"980\" height=\"735\" srcset=\"https:\/\/keemplesklep.pl\/wp-content\/uploads\/2022\/09\/inteligentny-sciemniacz-keemple-webp.webp 1025w, https:\/\/keemplesklep.pl\/wp-content\/uploads\/2022\/09\/inteligentny-sciemniacz-keemple-webp-300x225.webp 300w, https:\/\/keemplesklep.pl\/wp-content\/uploads\/2022\/09\/inteligentny-sciemniacz-keemple-webp-768x576.webp 768w, https:\/\/keemplesklep.pl\/wp-content\/uploads\/2022\/09\/inteligentny-sciemniacz-keemple-webp-324x243.webp 324w, https:\/\/keemplesklep.pl\/wp-content\/uploads\/2022\/09\/inteligentny-sciemniacz-keemple-webp-416x312.webp 416w\" sizes=\"auto, (max-width: 980px) 100vw, 980px\" \/><\/p>\n<p>Korzystaj z pe\u0142nej mocy \u015bwiat\u0142a tylko wtedy, gdy jest to naprawd\u0119 potrzebne. Mo\u017cesz tak wyd\u0142u\u017cy\u0107 \u017cywotno\u015b\u0107 \u017car\u00f3wek i innych \u017ar\u00f3de\u0142 \u015bwiat\u0142a. Wniosek jest taki, \u017ce \u015bciemniacze \u015bwiat\u0142a w inteligentnym domu zapewniaj\u0105 wi\u0119ksz\u0105 kontrol\u0119 nad atmosfer\u0105, komfortem i efektywno\u015bci\u0105 energetyczn\u0105 w r\u00f3\u017cnych sytuacjach.<\/p>\n<p><iframe loading=\"lazy\" title=\"Instalacja \u015aciemniacza z panelem dotykowym - jak zamontowa\u0107 \u015bciemniacz Keemple?\" width=\"980\" height=\"551\" src=\"https:\/\/www.youtube.com\/embed\/4FwPANr0Ei0?feature=oembed&#038;enablejsapi=1&#038;origin=https:\/\/keemplesklep.pl\" frameborder=\"0\" allow=\"accelerometer; autoplay; clipboard-write; encrypted-media; gyroscope; picture-in-picture; web-share\" referrerpolicy=\"strict-origin-when-cross-origin\" allowfullscreen><\/iframe><\/p>\n<p><strong>\u015aciemniacz mo\u017cna doda\u0107 do Bramki Keemple KP-GW-07 i w pe\u0142ni wykorzysta\u0107 jego mo\u017cliwo\u015bci za pomoc\u0105 Aplikacji Keemple 2.0.<\/strong><\/p>\n<p><strong>Dane importera:<\/strong><br \/>\nKeemple<br \/>\n2 Agias Fylaxeos and Zinonos Rossis,<br \/>\n3082 Limassol, Cyprus<\/p>\n<p><strong>Uwagi bezpiecze\u0144stwa:<\/strong><br \/>\nNie dotyka\u0107 pod\u0142\u0105czonych z ty\u0142u przewod\u00f3w, kiedy urz\u0105dzenia jest pod\u0142\u0105czone do<br \/>\nzasilania. Maksymalne obci\u0105\u017cenie nie mo\u017ce przekroczy\u0107 100 Watt dla \u017car\u00f3wek LED lub 300 Watt dla \u017car\u00f3wek \u017carowych.<br \/>\nW przypadku gdy obci\u0105\u017cenie b\u0119dzie wi\u0119ksze urz\u0105dzenie zostanie uszkodzone.<\/p>\n<div class=\"gsp_post_data\" \r\n\t            data-post_type=\"product\" \r\n\t            data-cat=\"\" \r\n\t            data-modified=\"120\"\r\n\t            data-created=\"1664459448\"\r\n\t            data-title=\"Inteligentny \u015bciemniacz\" \r\n\t            data-home=\"https:\/\/keemplesklep.pl\/en\/\"><\/div>","protected":false},"excerpt":{"rendered":"<p data-start=\"171\" data-end=\"475\"><strong data-start=\"171\" data-end=\"193\">\u015aciemniacz Keemple<\/strong> umo\u017cliwia precyzyjne sterowanie <strong data-start=\"226\" data-end=\"248\">nat\u0119\u017ceniem \u015bwiat\u0142a<\/strong>, pozwalaj\u0105c dopasowa\u0107 jasno\u015b\u0107 o\u015bwietlenia do aktualnych potrzeb i nastroju. Sprawdza si\u0119 zar\u00f3wno w codziennym u\u017cytkowaniu, jak i podczas tworzenia odpowiedniej atmosfery. Urz\u0105dzenie komunikuje si\u0119 z bramk\u0105 systemu Smart Home Keemple w <strong data-start=\"541\" data-end=\"557\">sieci Z-Wave<\/strong>, co zapewnia stabilne i energooszcz\u0119dne dzia\u0142anie oraz mo\u017cliwo\u015b\u0107 integracji ze scenariuszami i harmonogramami.<\/p>\n<p data-start=\"171\" data-end=\"475\"><br data-start=\"668\" data-end=\"671\" \/><strong data-start=\"671\" data-end=\"742\">\u015aciemniacz wsp\u00f3\u0142pracuje wy\u0142\u0105cznie ze \u015bciemnialnymi \u017car\u00f3wkami!<\/strong><\/p>\n","protected":false},"featured_media":1012,"comment_status":"closed","ping_status":"closed","template":"","meta":{"_acf_changed":false},"product_brand":[],"product_cat":[28],"product_tag":[108,112,109,99,111],"class_list":{"0":"post-341","1":"product","2":"type-product","3":"status-publish","4":"has-post-thumbnail","6":"product_cat-oswietlenie-smart-1","7":"product_tag-inteligentne-oswietlenie","8":"product_tag-sciemniacz","9":"product_tag-smart-oswietlenie","10":"product_tag-z-wave","11":"product_tag-zdalne-sterowanie","13":"first","14":"instock","15":"taxable","16":"shipping-taxable","17":"purchasable","18":"product-type-simple"},"acf":[],"yoast_head":"<!-- This site is optimized with the Yoast SEO plugin v27.4 - https:\/\/yoast.com\/product\/yoast-seo-wordpress\/ -->\n<title>Inteligentny \u015bciemniacz \u015bwiat\u0142a Keemple Z-wave Smart Home - Keemple<\/title>\n<meta name=\"description\" content=\"Keemple - Inteligentny \u015bciemniacz pozwala na zdalne, p\u0142ynne regulowanie intensywno\u015bci o\u015bwietlenia pomieszczenia.\" \/>\n<meta name=\"robots\" content=\"index, follow, max-snippet:-1, max-image-preview:large, max-video-preview:-1\" \/>\n<link rel=\"canonical\" href=\"https:\/\/keemplesklep.pl\/produkt\/inteligentny-sciemniacz\/\" \/>\n<meta property=\"og:locale\" content=\"en_US\" \/>\n<meta property=\"og:type\" content=\"article\" \/>\n<meta property=\"og:title\" content=\"Inteligentny \u015bciemniacz \u015bwiat\u0142a Keemple Z-wave Smart Home - Keemple\" \/>\n<meta property=\"og:description\" content=\"Keemple - Inteligentny \u015bciemniacz pozwala na zdalne, p\u0142ynne regulowanie intensywno\u015bci o\u015bwietlenia pomieszczenia.\" \/>\n<meta property=\"og:url\" content=\"https:\/\/keemplesklep.pl\/produkt\/inteligentny-sciemniacz\/\" \/>\n<meta property=\"og:site_name\" content=\"Keemple\" \/>\n<meta property=\"article:modified_time\" content=\"2026-04-07T14:01:24+00:00\" \/>\n<meta property=\"og:image\" content=\"https:\/\/keemplesklep.pl\/wp-content\/uploads\/2022\/09\/EU-Dimmer-Front.115-v1.webp\" \/>\n\t<meta property=\"og:image:width\" content=\"1000\" \/>\n\t<meta property=\"og:image:height\" content=\"800\" \/>\n\t<meta property=\"og:image:type\" content=\"image\/webp\" \/>\n<meta name=\"twitter:card\" content=\"summary_large_image\" \/>\n<meta name=\"twitter:label1\" content=\"Est. reading time\" \/>\n\t<meta name=\"twitter:data1\" content=\"3 minutes\" \/>\n<script type=\"application\/ld+json\" class=\"yoast-schema-graph\">{\"@context\":\"https:\\\/\\\/schema.org\",\"@graph\":[{\"@type\":\"WebPage\",\"@id\":\"https:\\\/\\\/keemplesklep.pl\\\/produkt\\\/inteligentny-sciemniacz\\\/\",\"url\":\"https:\\\/\\\/keemplesklep.pl\\\/produkt\\\/inteligentny-sciemniacz\\\/\",\"name\":\"Inteligentny \u015bciemniacz \u015bwiat\u0142a Keemple Z-wave Smart Home - Keemple\",\"isPartOf\":{\"@id\":\"https:\\\/\\\/keemplesklep.pl\\\/#website\"},\"primaryImageOfPage\":{\"@id\":\"https:\\\/\\\/keemplesklep.pl\\\/produkt\\\/inteligentny-sciemniacz\\\/#primaryimage\"},\"image\":{\"@id\":\"https:\\\/\\\/keemplesklep.pl\\\/produkt\\\/inteligentny-sciemniacz\\\/#primaryimage\"},\"thumbnailUrl\":\"https:\\\/\\\/keemplesklep.pl\\\/wp-content\\\/uploads\\\/2022\\\/09\\\/EU-Dimmer-Front.115-v1.webp\",\"datePublished\":\"2022-09-29T11:50:48+00:00\",\"dateModified\":\"2026-04-07T14:01:24+00:00\",\"description\":\"Keemple - Inteligentny \u015bciemniacz pozwala na zdalne, p\u0142ynne regulowanie intensywno\u015bci o\u015bwietlenia pomieszczenia.\",\"breadcrumb\":{\"@id\":\"https:\\\/\\\/keemplesklep.pl\\\/produkt\\\/inteligentny-sciemniacz\\\/#breadcrumb\"},\"inLanguage\":\"en-US\",\"potentialAction\":[{\"@type\":\"ReadAction\",\"target\":[\"https:\\\/\\\/keemplesklep.pl\\\/produkt\\\/inteligentny-sciemniacz\\\/\"]}]},{\"@type\":\"ImageObject\",\"inLanguage\":\"en-US\",\"@id\":\"https:\\\/\\\/keemplesklep.pl\\\/produkt\\\/inteligentny-sciemniacz\\\/#primaryimage\",\"url\":\"https:\\\/\\\/keemplesklep.pl\\\/wp-content\\\/uploads\\\/2022\\\/09\\\/EU-Dimmer-Front.115-v1.webp\",\"contentUrl\":\"https:\\\/\\\/keemplesklep.pl\\\/wp-content\\\/uploads\\\/2022\\\/09\\\/EU-Dimmer-Front.115-v1.webp\",\"width\":1000,\"height\":800,\"caption\":\"\u015aciemniaczk Keemple\"},{\"@type\":\"BreadcrumbList\",\"@id\":\"https:\\\/\\\/keemplesklep.pl\\\/produkt\\\/inteligentny-sciemniacz\\\/#breadcrumb\",\"itemListElement\":[{\"@type\":\"ListItem\",\"position\":1,\"name\":\"Strona g\u0142\u00f3wna\",\"item\":\"https:\\\/\\\/keemplesklep.pl\\\/en\\\/\"},{\"@type\":\"ListItem\",\"position\":2,\"name\":\"Smart home sklep\",\"item\":\"https:\\\/\\\/keemplesklep.pl\\\/sklep\\\/\"},{\"@type\":\"ListItem\",\"position\":3,\"name\":\"Inteligentny \u015bciemniacz\"}]},{\"@type\":\"WebSite\",\"@id\":\"https:\\\/\\\/keemplesklep.pl\\\/#website\",\"url\":\"https:\\\/\\\/keemplesklep.pl\\\/\",\"name\":\"Keemple\",\"description\":\"Inteligentny dom - urz\u0105d\u017a smart home z inteligentnymi urz\u0105dzeniami\",\"publisher\":{\"@id\":\"https:\\\/\\\/keemplesklep.pl\\\/#organization\"},\"potentialAction\":[{\"@type\":\"SearchAction\",\"target\":{\"@type\":\"EntryPoint\",\"urlTemplate\":\"https:\\\/\\\/keemplesklep.pl\\\/?s={search_term_string}\"},\"query-input\":{\"@type\":\"PropertyValueSpecification\",\"valueRequired\":true,\"valueName\":\"search_term_string\"}}],\"inLanguage\":\"en-US\"},{\"@type\":\"Organization\",\"@id\":\"https:\\\/\\\/keemplesklep.pl\\\/#organization\",\"name\":\"Keemple\",\"url\":\"https:\\\/\\\/keemplesklep.pl\\\/\",\"logo\":{\"@type\":\"ImageObject\",\"inLanguage\":\"en-US\",\"@id\":\"https:\\\/\\\/keemplesklep.pl\\\/#\\\/schema\\\/logo\\\/image\\\/\",\"url\":\"https:\\\/\\\/keemplesklep.pl\\\/wp-content\\\/uploads\\\/2023\\\/03\\\/cropped-logonew.png\",\"contentUrl\":\"https:\\\/\\\/keemplesklep.pl\\\/wp-content\\\/uploads\\\/2023\\\/03\\\/cropped-logonew.png\",\"width\":367,\"height\":163,\"caption\":\"Keemple\"},\"image\":{\"@id\":\"https:\\\/\\\/keemplesklep.pl\\\/#\\\/schema\\\/logo\\\/image\\\/\"}}]}<\/script>\n<!-- \/ Yoast SEO plugin. -->","yoast_head_json":{"title":"Inteligentny \u015bciemniacz \u015bwiat\u0142a Keemple Z-wave Smart Home - Keemple","description":"Keemple - Inteligentny \u015bciemniacz pozwala na zdalne, p\u0142ynne regulowanie intensywno\u015bci o\u015bwietlenia pomieszczenia.","robots":{"index":"index","follow":"follow","max-snippet":"max-snippet:-1","max-image-preview":"max-image-preview:large","max-video-preview":"max-video-preview:-1"},"canonical":"https:\/\/keemplesklep.pl\/produkt\/inteligentny-sciemniacz\/","og_locale":"en_US","og_type":"article","og_title":"Inteligentny \u015bciemniacz \u015bwiat\u0142a Keemple Z-wave Smart Home - Keemple","og_description":"Keemple - Inteligentny \u015bciemniacz pozwala na zdalne, p\u0142ynne regulowanie intensywno\u015bci o\u015bwietlenia pomieszczenia.","og_url":"https:\/\/keemplesklep.pl\/produkt\/inteligentny-sciemniacz\/","og_site_name":"Keemple","article_modified_time":"2026-04-07T14:01:24+00:00","og_image":[{"width":1000,"height":800,"url":"https:\/\/keemplesklep.pl\/wp-content\/uploads\/2022\/09\/EU-Dimmer-Front.115-v1.webp","type":"image\/webp"}],"twitter_card":"summary_large_image","twitter_misc":{"Est. reading time":"3 minutes"},"schema":{"@context":"https:\/\/schema.org","@graph":[{"@type":"WebPage","@id":"https:\/\/keemplesklep.pl\/produkt\/inteligentny-sciemniacz\/","url":"https:\/\/keemplesklep.pl\/produkt\/inteligentny-sciemniacz\/","name":"Inteligentny \u015bciemniacz \u015bwiat\u0142a Keemple Z-wave Smart Home - Keemple","isPartOf":{"@id":"https:\/\/keemplesklep.pl\/#website"},"primaryImageOfPage":{"@id":"https:\/\/keemplesklep.pl\/produkt\/inteligentny-sciemniacz\/#primaryimage"},"image":{"@id":"https:\/\/keemplesklep.pl\/produkt\/inteligentny-sciemniacz\/#primaryimage"},"thumbnailUrl":"https:\/\/keemplesklep.pl\/wp-content\/uploads\/2022\/09\/EU-Dimmer-Front.115-v1.webp","datePublished":"2022-09-29T11:50:48+00:00","dateModified":"2026-04-07T14:01:24+00:00","description":"Keemple - Inteligentny \u015bciemniacz pozwala na zdalne, p\u0142ynne regulowanie intensywno\u015bci o\u015bwietlenia pomieszczenia.","breadcrumb":{"@id":"https:\/\/keemplesklep.pl\/produkt\/inteligentny-sciemniacz\/#breadcrumb"},"inLanguage":"en-US","potentialAction":[{"@type":"ReadAction","target":["https:\/\/keemplesklep.pl\/produkt\/inteligentny-sciemniacz\/"]}]},{"@type":"ImageObject","inLanguage":"en-US","@id":"https:\/\/keemplesklep.pl\/produkt\/inteligentny-sciemniacz\/#primaryimage","url":"https:\/\/keemplesklep.pl\/wp-content\/uploads\/2022\/09\/EU-Dimmer-Front.115-v1.webp","contentUrl":"https:\/\/keemplesklep.pl\/wp-content\/uploads\/2022\/09\/EU-Dimmer-Front.115-v1.webp","width":1000,"height":800,"caption":"\u015aciemniaczk Keemple"},{"@type":"BreadcrumbList","@id":"https:\/\/keemplesklep.pl\/produkt\/inteligentny-sciemniacz\/#breadcrumb","itemListElement":[{"@type":"ListItem","position":1,"name":"Strona g\u0142\u00f3wna","item":"https:\/\/keemplesklep.pl\/en\/"},{"@type":"ListItem","position":2,"name":"Smart home sklep","item":"https:\/\/keemplesklep.pl\/sklep\/"},{"@type":"ListItem","position":3,"name":"Inteligentny \u015bciemniacz"}]},{"@type":"WebSite","@id":"https:\/\/keemplesklep.pl\/#website","url":"https:\/\/keemplesklep.pl\/","name":"Keemple","description":"Inteligentny dom - urz\u0105d\u017a smart home z inteligentnymi urz\u0105dzeniami","publisher":{"@id":"https:\/\/keemplesklep.pl\/#organization"},"potentialAction":[{"@type":"SearchAction","target":{"@type":"EntryPoint","urlTemplate":"https:\/\/keemplesklep.pl\/?s={search_term_string}"},"query-input":{"@type":"PropertyValueSpecification","valueRequired":true,"valueName":"search_term_string"}}],"inLanguage":"en-US"},{"@type":"Organization","@id":"https:\/\/keemplesklep.pl\/#organization","name":"Keemple","url":"https:\/\/keemplesklep.pl\/","logo":{"@type":"ImageObject","inLanguage":"en-US","@id":"https:\/\/keemplesklep.pl\/#\/schema\/logo\/image\/","url":"https:\/\/keemplesklep.pl\/wp-content\/uploads\/2023\/03\/cropped-logonew.png","contentUrl":"https:\/\/keemplesklep.pl\/wp-content\/uploads\/2023\/03\/cropped-logonew.png","width":367,"height":163,"caption":"Keemple"},"image":{"@id":"https:\/\/keemplesklep.pl\/#\/schema\/logo\/image\/"}}]}},"_links":{"self":[{"href":"https:\/\/keemplesklep.pl\/en\/wp-json\/wp\/v2\/product\/341","targetHints":{"allow":["GET"]}}],"collection":[{"href":"https:\/\/keemplesklep.pl\/en\/wp-json\/wp\/v2\/product"}],"about":[{"href":"https:\/\/keemplesklep.pl\/en\/wp-json\/wp\/v2\/types\/product"}],"replies":[{"embeddable":true,"href":"https:\/\/keemplesklep.pl\/en\/wp-json\/wp\/v2\/comments?post=341"}],"wp:featuredmedia":[{"embeddable":true,"href":"https:\/\/keemplesklep.pl\/en\/wp-json\/wp\/v2\/media\/1012"}],"wp:attachment":[{"href":"https:\/\/keemplesklep.pl\/en\/wp-json\/wp\/v2\/media?parent=341"}],"wp:term":[{"taxonomy":"product_brand","embeddable":true,"href":"https:\/\/keemplesklep.pl\/en\/wp-json\/wp\/v2\/product_brand?post=341"},{"taxonomy":"product_cat","embeddable":true,"href":"https:\/\/keemplesklep.pl\/en\/wp-json\/wp\/v2\/product_cat?post=341"},{"taxonomy":"product_tag","embeddable":true,"href":"https:\/\/keemplesklep.pl\/en\/wp-json\/wp\/v2\/product_tag?post=341"}],"curies":[{"name":"wp","href":"https:\/\/api.w.org\/{rel}","templated":true}]}}