{"id":3376,"date":"2024-03-21T13:39:35","date_gmt":"2024-04-09T08:27:16","guid":{"rendered":"https:\/\/keemplesklep.pl\/produkt\/triple-vertical-frame-222-white-keemple-smart-home\/"},"modified":"2025-04-24T12:51:48","modified_gmt":"2025-04-24T10:51:48","slug":"triple-vertical-frame-222-white-keemple-smart-home","status":"publish","type":"product","link":"https:\/\/keemplesklep.pl\/en\/produkt\/triple-vertical-frame-222-white-keemple-smart-home\/","title":{"rendered":"Triple vertical frame 2+2+2 White Keemple Smart Home"},"content":{"rendered":"<p>Our innovative triple frame for the G 2.0 system is the essence of elegance and functionality, designed with modern smart homes in mind. Thanks to the possibility of mounting three switches in close proximity to each other, our frame is an ideal solution for those who value comfort and aesthetics. Made of the highest quality materials, it not only fits perfectly into any interior, but also guarantees durability and reliability for many years.<\/p>\n<p>&nbsp;<\/p>\n<p>Our triple frame is not only a practical solution, but also a decorative element that adds elegance and a modern character to any room. Its minimalist design and high quality of workmanship emphasize the luxurious character of a smart home, while being a discreet and universal addition that suits a variety of interior arrangements.<\/p>\n<p>Designed for easy installation, our horizontal frame enables quick and seamless integration with the G 2.0 system, allowing you to immediately take advantage of advanced smart home features.<\/p>\n<p>By investing in our triple frame, you choose not only high functionality, but also unrivaled style and quality that will distinguish your smart home. It is an excellent choice for those who are looking for modern, but at the same time elegant and durable solutions that will increase the comfort of life and add a luxurious look to any space.<\/p>\n<div class=\"gsp_post_data\" \r\n\t            data-post_type=\"product\" \r\n\t            data-cat=\"\" \r\n\t            data-modified=\"120\"\r\n\t            data-created=\"1711028375\"\r\n\t            data-title=\"Triple vertical frame 2+2+2 White Keemple Smart Home\" \r\n\t            data-home=\"https:\/\/keemplesklep.pl\/en\/\"><\/div>","protected":false},"excerpt":{"rendered":"<p>Our vertical triple frame for the G 2.0 system combines elegance with practicality, offering an ideal solution for installing three switches in a smart home. Fitting standard triple electrical boxes, this frame ensures easy integration and harmonious fit into interiors. Made of high-quality materials, it guarantees durability and aesthetic appearance, adding a modern character to any room. Idealna dla tych, kt\u00f3rzy ceni\u0105 sobie funkcjonalno\u015b\u0107 po\u0142\u0105czon\u0105 z subtelnym designem.<\/p>\n","protected":false},"featured_media":3131,"comment_status":"open","ping_status":"closed","template":"","meta":{"_acf_changed":false},"product_brand":[],"product_cat":[201],"product_tag":[166,226,225,157],"class_list":{"0":"post-3376","1":"product","2":"type-product","3":"status-publish","4":"has-post-thumbnail","6":"product_cat-keemple-frames-and-panels","7":"product_tag-frame","8":"product_tag-glass-panel","9":"product_tag-intelligent-lighting","10":"product_tag-keemple-en","12":"first","13":"instock","14":"taxable","15":"shipping-taxable","16":"purchasable","17":"product-type-simple"},"acf":[],"yoast_head":"<!-- This site is optimized with the Yoast SEO plugin v27.5 - https:\/\/yoast.com\/product\/yoast-seo-wordpress\/ -->\n<title>Triple vertical frame 2+2+2 White Keemple Smart Home - Keemple<\/title>\n<meta name=\"description\" content=\"Keemple - Triple vertical frame 2+2+2 White Keemple Smart Home\" \/>\n<meta name=\"robots\" content=\"index, follow, max-snippet:-1, max-image-preview:large, max-video-preview:-1\" \/>\n<link rel=\"canonical\" href=\"https:\/\/keemplesklep.pl\/en\/produkt\/triple-vertical-frame-222-white-keemple-smart-home\/\" \/>\n<meta property=\"og:locale\" content=\"en_US\" \/>\n<meta property=\"og:type\" content=\"article\" \/>\n<meta property=\"og:title\" content=\"Triple vertical frame 2+2+2 White Keemple Smart Home - Keemple\" \/>\n<meta property=\"og:description\" content=\"Keemple - Triple vertical frame 2+2+2 White Keemple Smart Home\" \/>\n<meta property=\"og:url\" content=\"https:\/\/keemplesklep.pl\/en\/produkt\/triple-vertical-frame-222-white-keemple-smart-home\/\" \/>\n<meta property=\"og:site_name\" content=\"Keemple\" \/>\n<meta property=\"article:modified_time\" content=\"2025-04-24T10:51:48+00:00\" \/>\n<meta property=\"og:image\" content=\"https:\/\/keemplesklep.pl\/wp-content\/uploads\/2024\/03\/KP-3W-H-biala-pod-sklep-bez-tla-1.png\" \/>\n\t<meta property=\"og:image:width\" content=\"2735\" \/>\n\t<meta property=\"og:image:height\" content=\"1989\" \/>\n\t<meta property=\"og:image:type\" content=\"image\/png\" \/>\n<meta name=\"twitter:card\" content=\"summary_large_image\" \/>\n<meta name=\"twitter:label1\" content=\"Est. reading time\" \/>\n\t<meta name=\"twitter:data1\" content=\"2 minutes\" \/>\n<script type=\"application\/ld+json\" class=\"yoast-schema-graph\">{\"@context\":\"https:\\\/\\\/schema.org\",\"@graph\":[{\"@type\":\"WebPage\",\"@id\":\"https:\\\/\\\/keemplesklep.pl\\\/en\\\/produkt\\\/triple-vertical-frame-222-white-keemple-smart-home\\\/\",\"url\":\"https:\\\/\\\/keemplesklep.pl\\\/en\\\/produkt\\\/triple-vertical-frame-222-white-keemple-smart-home\\\/\",\"name\":\"Triple vertical frame 2+2+2 White Keemple Smart Home - Keemple\",\"isPartOf\":{\"@id\":\"https:\\\/\\\/keemplesklep.pl\\\/#website\"},\"primaryImageOfPage\":{\"@id\":\"https:\\\/\\\/keemplesklep.pl\\\/en\\\/produkt\\\/triple-vertical-frame-222-white-keemple-smart-home\\\/#primaryimage\"},\"image\":{\"@id\":\"https:\\\/\\\/keemplesklep.pl\\\/en\\\/produkt\\\/triple-vertical-frame-222-white-keemple-smart-home\\\/#primaryimage\"},\"thumbnailUrl\":\"https:\\\/\\\/keemplesklep.pl\\\/wp-content\\\/uploads\\\/2024\\\/03\\\/KP-3W-H-biala-pod-sklep-bez-tla-1.png\",\"datePublished\":\"2024-04-09T08:27:16+00:00\",\"dateModified\":\"2025-04-24T10:51:48+00:00\",\"description\":\"Keemple - Triple vertical frame 2+2+2 White Keemple Smart Home\",\"breadcrumb\":{\"@id\":\"https:\\\/\\\/keemplesklep.pl\\\/en\\\/produkt\\\/triple-vertical-frame-222-white-keemple-smart-home\\\/#breadcrumb\"},\"inLanguage\":\"en-US\",\"potentialAction\":[{\"@type\":\"ReadAction\",\"target\":[\"https:\\\/\\\/keemplesklep.pl\\\/en\\\/produkt\\\/triple-vertical-frame-222-white-keemple-smart-home\\\/\"]}]},{\"@type\":\"ImageObject\",\"inLanguage\":\"en-US\",\"@id\":\"https:\\\/\\\/keemplesklep.pl\\\/en\\\/produkt\\\/triple-vertical-frame-222-white-keemple-smart-home\\\/#primaryimage\",\"url\":\"https:\\\/\\\/keemplesklep.pl\\\/wp-content\\\/uploads\\\/2024\\\/03\\\/KP-3W-H-biala-pod-sklep-bez-tla-1.png\",\"contentUrl\":\"https:\\\/\\\/keemplesklep.pl\\\/wp-content\\\/uploads\\\/2024\\\/03\\\/KP-3W-H-biala-pod-sklep-bez-tla-1.png\",\"width\":2735,\"height\":1989,\"caption\":\"Ramka potr\u00f3jna w kolorze bia\u0142ym Keemple\"},{\"@type\":\"BreadcrumbList\",\"@id\":\"https:\\\/\\\/keemplesklep.pl\\\/en\\\/produkt\\\/triple-vertical-frame-222-white-keemple-smart-home\\\/#breadcrumb\",\"itemListElement\":[{\"@type\":\"ListItem\",\"position\":1,\"name\":\"Strona g\u0142\u00f3wna\",\"item\":\"https:\\\/\\\/keemplesklep.pl\\\/en\\\/\"},{\"@type\":\"ListItem\",\"position\":2,\"name\":\"Smart home sklep\",\"item\":\"https:\\\/\\\/keemplesklep.pl\\\/sklep\\\/\"},{\"@type\":\"ListItem\",\"position\":3,\"name\":\"Triple vertical frame 2+2+2 White Keemple Smart Home\"}]},{\"@type\":\"WebSite\",\"@id\":\"https:\\\/\\\/keemplesklep.pl\\\/#website\",\"url\":\"https:\\\/\\\/keemplesklep.pl\\\/\",\"name\":\"Keemple\",\"description\":\"Inteligentny dom - urz\u0105d\u017a smart home z inteligentnymi urz\u0105dzeniami\",\"publisher\":{\"@id\":\"https:\\\/\\\/keemplesklep.pl\\\/#organization\"},\"potentialAction\":[{\"@type\":\"SearchAction\",\"target\":{\"@type\":\"EntryPoint\",\"urlTemplate\":\"https:\\\/\\\/keemplesklep.pl\\\/?s={search_term_string}\"},\"query-input\":{\"@type\":\"PropertyValueSpecification\",\"valueRequired\":true,\"valueName\":\"search_term_string\"}}],\"inLanguage\":\"en-US\"},{\"@type\":\"Organization\",\"@id\":\"https:\\\/\\\/keemplesklep.pl\\\/#organization\",\"name\":\"Keemple\",\"url\":\"https:\\\/\\\/keemplesklep.pl\\\/\",\"logo\":{\"@type\":\"ImageObject\",\"inLanguage\":\"en-US\",\"@id\":\"https:\\\/\\\/keemplesklep.pl\\\/#\\\/schema\\\/logo\\\/image\\\/\",\"url\":\"https:\\\/\\\/keemplesklep.pl\\\/wp-content\\\/uploads\\\/2023\\\/03\\\/cropped-logonew.png\",\"contentUrl\":\"https:\\\/\\\/keemplesklep.pl\\\/wp-content\\\/uploads\\\/2023\\\/03\\\/cropped-logonew.png\",\"width\":367,\"height\":163,\"caption\":\"Keemple\"},\"image\":{\"@id\":\"https:\\\/\\\/keemplesklep.pl\\\/#\\\/schema\\\/logo\\\/image\\\/\"}}]}<\/script>\n<!-- \/ Yoast SEO plugin. -->","yoast_head_json":{"title":"Triple vertical frame 2+2+2 White Keemple Smart Home - Keemple","description":"Keemple - Triple vertical frame 2+2+2 White Keemple Smart Home","robots":{"index":"index","follow":"follow","max-snippet":"max-snippet:-1","max-image-preview":"max-image-preview:large","max-video-preview":"max-video-preview:-1"},"canonical":"https:\/\/keemplesklep.pl\/en\/produkt\/triple-vertical-frame-222-white-keemple-smart-home\/","og_locale":"en_US","og_type":"article","og_title":"Triple vertical frame 2+2+2 White Keemple Smart Home - Keemple","og_description":"Keemple - Triple vertical frame 2+2+2 White Keemple Smart Home","og_url":"https:\/\/keemplesklep.pl\/en\/produkt\/triple-vertical-frame-222-white-keemple-smart-home\/","og_site_name":"Keemple","article_modified_time":"2025-04-24T10:51:48+00:00","og_image":[{"width":2735,"height":1989,"url":"https:\/\/keemplesklep.pl\/wp-content\/uploads\/2024\/03\/KP-3W-H-biala-pod-sklep-bez-tla-1.png","type":"image\/png"}],"twitter_card":"summary_large_image","twitter_misc":{"Est. reading time":"2 minutes"},"schema":{"@context":"https:\/\/schema.org","@graph":[{"@type":"WebPage","@id":"https:\/\/keemplesklep.pl\/en\/produkt\/triple-vertical-frame-222-white-keemple-smart-home\/","url":"https:\/\/keemplesklep.pl\/en\/produkt\/triple-vertical-frame-222-white-keemple-smart-home\/","name":"Triple vertical frame 2+2+2 White Keemple Smart Home - Keemple","isPartOf":{"@id":"https:\/\/keemplesklep.pl\/#website"},"primaryImageOfPage":{"@id":"https:\/\/keemplesklep.pl\/en\/produkt\/triple-vertical-frame-222-white-keemple-smart-home\/#primaryimage"},"image":{"@id":"https:\/\/keemplesklep.pl\/en\/produkt\/triple-vertical-frame-222-white-keemple-smart-home\/#primaryimage"},"thumbnailUrl":"https:\/\/keemplesklep.pl\/wp-content\/uploads\/2024\/03\/KP-3W-H-biala-pod-sklep-bez-tla-1.png","datePublished":"2024-04-09T08:27:16+00:00","dateModified":"2025-04-24T10:51:48+00:00","description":"Keemple - Triple vertical frame 2+2+2 White Keemple Smart Home","breadcrumb":{"@id":"https:\/\/keemplesklep.pl\/en\/produkt\/triple-vertical-frame-222-white-keemple-smart-home\/#breadcrumb"},"inLanguage":"en-US","potentialAction":[{"@type":"ReadAction","target":["https:\/\/keemplesklep.pl\/en\/produkt\/triple-vertical-frame-222-white-keemple-smart-home\/"]}]},{"@type":"ImageObject","inLanguage":"en-US","@id":"https:\/\/keemplesklep.pl\/en\/produkt\/triple-vertical-frame-222-white-keemple-smart-home\/#primaryimage","url":"https:\/\/keemplesklep.pl\/wp-content\/uploads\/2024\/03\/KP-3W-H-biala-pod-sklep-bez-tla-1.png","contentUrl":"https:\/\/keemplesklep.pl\/wp-content\/uploads\/2024\/03\/KP-3W-H-biala-pod-sklep-bez-tla-1.png","width":2735,"height":1989,"caption":"Ramka potr\u00f3jna w kolorze bia\u0142ym Keemple"},{"@type":"BreadcrumbList","@id":"https:\/\/keemplesklep.pl\/en\/produkt\/triple-vertical-frame-222-white-keemple-smart-home\/#breadcrumb","itemListElement":[{"@type":"ListItem","position":1,"name":"Strona g\u0142\u00f3wna","item":"https:\/\/keemplesklep.pl\/en\/"},{"@type":"ListItem","position":2,"name":"Smart home sklep","item":"https:\/\/keemplesklep.pl\/sklep\/"},{"@type":"ListItem","position":3,"name":"Triple vertical frame 2+2+2 White Keemple Smart Home"}]},{"@type":"WebSite","@id":"https:\/\/keemplesklep.pl\/#website","url":"https:\/\/keemplesklep.pl\/","name":"Keemple","description":"Inteligentny dom - urz\u0105d\u017a smart home z inteligentnymi urz\u0105dzeniami","publisher":{"@id":"https:\/\/keemplesklep.pl\/#organization"},"potentialAction":[{"@type":"SearchAction","target":{"@type":"EntryPoint","urlTemplate":"https:\/\/keemplesklep.pl\/?s={search_term_string}"},"query-input":{"@type":"PropertyValueSpecification","valueRequired":true,"valueName":"search_term_string"}}],"inLanguage":"en-US"},{"@type":"Organization","@id":"https:\/\/keemplesklep.pl\/#organization","name":"Keemple","url":"https:\/\/keemplesklep.pl\/","logo":{"@type":"ImageObject","inLanguage":"en-US","@id":"https:\/\/keemplesklep.pl\/#\/schema\/logo\/image\/","url":"https:\/\/keemplesklep.pl\/wp-content\/uploads\/2023\/03\/cropped-logonew.png","contentUrl":"https:\/\/keemplesklep.pl\/wp-content\/uploads\/2023\/03\/cropped-logonew.png","width":367,"height":163,"caption":"Keemple"},"image":{"@id":"https:\/\/keemplesklep.pl\/#\/schema\/logo\/image\/"}}]}},"_links":{"self":[{"href":"https:\/\/keemplesklep.pl\/en\/wp-json\/wp\/v2\/product\/3376","targetHints":{"allow":["GET"]}}],"collection":[{"href":"https:\/\/keemplesklep.pl\/en\/wp-json\/wp\/v2\/product"}],"about":[{"href":"https:\/\/keemplesklep.pl\/en\/wp-json\/wp\/v2\/types\/product"}],"replies":[{"embeddable":true,"href":"https:\/\/keemplesklep.pl\/en\/wp-json\/wp\/v2\/comments?post=3376"}],"wp:featuredmedia":[{"embeddable":true,"href":"https:\/\/keemplesklep.pl\/en\/wp-json\/wp\/v2\/media\/3131"}],"wp:attachment":[{"href":"https:\/\/keemplesklep.pl\/en\/wp-json\/wp\/v2\/media?parent=3376"}],"wp:term":[{"taxonomy":"product_brand","embeddable":true,"href":"https:\/\/keemplesklep.pl\/en\/wp-json\/wp\/v2\/product_brand?post=3376"},{"taxonomy":"product_cat","embeddable":true,"href":"https:\/\/keemplesklep.pl\/en\/wp-json\/wp\/v2\/product_cat?post=3376"},{"taxonomy":"product_tag","embeddable":true,"href":"https:\/\/keemplesklep.pl\/en\/wp-json\/wp\/v2\/product_tag?post=3376"}],"curies":[{"name":"wp","href":"https:\/\/api.w.org\/{rel}","templated":true}]}}