{"id":3375,"date":"2024-03-21T14:30:36","date_gmt":"2024-04-09T08:09:09","guid":{"rendered":"https:\/\/keemplesklep.pl\/produkt\/triple-vertical-frame-222-black-keemple-smart-home\/"},"modified":"2024-12-01T00:01:48","modified_gmt":"2024-11-30T23:01:48","slug":"triple-vertical-frame-222-black-keemple-smart-home","status":"publish","type":"product","link":"https:\/\/keemplesklep.pl\/en\/produkt\/triple-vertical-frame-222-black-keemple-smart-home\/","title":{"rendered":"Triple vertical frame 2+2+2 Black Keemple Smart Home"},"content":{"rendered":"<div class=\"flex-1 overflow-hidden\">\n<div class=\"react-scroll-to-bottom--css-qwojh-79elbk h-full\">\n<div class=\"react-scroll-to-bottom--css-qwojh-1n7m0yu\">\n<div class=\"flex flex-col text-sm pb-9\">\n<div class=\"w-full text-token-text-primary\" data-testid=\"conversation-turn-15\">\n<div class=\"px-4 py-2 justify-center text-base md:gap-6 m-auto\">\n<div class=\"flex flex-1 text-base mx-auto gap-3 md:px-5 lg:px-1 xl:px-5 md:max-w-3xl lg:max-w-[40rem] xl:max-w-[48rem] group final-completion\">\n<div class=\"relative flex w-full flex-col agent-turn\">\n<div class=\"flex-col gap-1 md:gap-3\">\n<div class=\"flex flex-grow flex-col max-w-full\">\n<div class=\"min-h-[20px] text-message flex flex-col items-start gap-3 whitespace-pre-wrap break-words [.text-message+&amp;]:mt-5 overflow-x-auto\" data-message-author-role=\"assistant\" data-message-id=\"fdd3bd42-ecb3-495b-ac00-545716c292a0\">\n<div class=\"markdown prose w-full break-words dark:prose-invert light\">\n<p>Our black, minimalist triple vertical frame with a glass panel, dedicated to the G 2.0 system, is the essence of modern design and innovative functionality, perfectly meeting the needs of advanced smart homes. Precisely designed to work harmoniously with Keemple smart switches, our frame offers not only ease of installation, but also a perfect fit for any space, from modern apartments to elegant homes.<\/p>\n<p>Made of high-quality materials, this frame guarantees not only long-term durability, but also a stunning aesthetic appearance. The glass panel adds exceptional elegance and subtlety, making it a distinct accent in any room, while maintaining a minimalist and modern design line. The black color of the frame attracts the eye and adds depth to the interior, offering a stylish contrast to light walls or discreetly combining with darker tones.<\/p>\n<p>With the ability to mount three switches, our frame provides exceptional flexibility in managing a variety of home functions, from lighting to security systems and air conditioning, enabling users to create a personalized and highly functional environment. Its modern character perfectly combines with intelligent home systems, offering intuitive and convenient solutions for everyday life.<\/p>\n<p>This triple vertical frame is more than just an element of equipment &#8211; it is a thoughtful combination of aesthetics and innovation that enriches the space in which we live, work and relax. Perfect for people who value modernity, minimalism and avant-garde design, our frame is a clear symbol of a modern lifestyle, where technology and design go hand in hand, creating a unique atmosphere and raising the comfort of use to a previously unattainable level.<\/p>\n<\/div>\n<\/div>\n<\/div>\n<div class=\"mt-1 flex justify-start gap-3 empty:hidden\">\n<div class=\"text-gray-400 flex self-end lg:self-center items-center justify-center lg:justify-start mt-0 -ml-1 h-7 gap-[2px] visible\">\n<p>&nbsp;<\/p>\n<div class=\"flex items-center gap-1.5 text-xs\"><\/div>\n<div class=\"flex\"><\/div>\n<\/div>\n<\/div>\n<div class=\"pr-2 lg:pr-0\"><\/div>\n<\/div>\n<\/div>\n<\/div>\n<\/div>\n<\/div>\n<\/div>\n<\/div>\n<\/div>\n<\/div>\n<div class=\"w-full pt-2 md:pt-0 dark:border-white\/20 md:border-transparent md:dark:border-transparent md:w-[calc(100%-.5rem)]\">\n<form class=\"stretch mx-2 flex flex-row gap-3 last:mb-2 md:mx-4 md:last:mb-6 lg:mx-auto lg:max-w-2xl xl:max-w-3xl\">\n<div class=\"relative flex h-full flex-1 flex-col\">\n<div class=\"absolute bottom-full left-0 right-0\"><\/div>\n<div class=\"flex w-full items-center\"><\/div>\n<\/div>\n<\/form>\n<\/div>\n<div class=\"gsp_post_data\" \r\n\t            data-post_type=\"product\" \r\n\t            data-cat=\"\" \r\n\t            data-modified=\"120\"\r\n\t            data-created=\"1711031436\"\r\n\t            data-title=\"Triple vertical frame 2+2+2 Black Keemple Smart Home\" \r\n\t            data-home=\"https:\/\/keemplesklep.pl\/en\/\"><\/div>","protected":false},"excerpt":{"rendered":"<p>Our black, minimalist, triple vertical frame with a glass panel for the G 2.0 system is the quintessence of modernity and elegance in your smart home. Designed to fit standard triple electrical boxes, it offers trouble-free installation and aesthetic harmony with various interior arrangements. Characterized by high-quality materials, it ensures not only durability, but also a luxurious appearance, making it a perfect complement to any modern room. Its unique design with a glass panel emphasizes the minimalist character, and the black color adds depth and sophistication, perfectly matching modern aesthetics. This frame is the perfect choice for people who are looking for advanced functionality combined with a unique and subtle design.<\/p>\n","protected":false},"featured_media":3134,"comment_status":"open","ping_status":"closed","template":"","meta":{"_acf_changed":false},"product_brand":[],"product_cat":[201],"product_tag":[166,226,225,157],"class_list":{"0":"post-3375","1":"product","2":"type-product","3":"status-publish","4":"has-post-thumbnail","6":"product_cat-keemple-frames-and-panels","7":"product_tag-frame","8":"product_tag-glass-panel","9":"product_tag-intelligent-lighting","10":"product_tag-keemple-en","12":"first","13":"instock","14":"taxable","15":"shipping-taxable","16":"purchasable","17":"product-type-simple"},"acf":[],"yoast_head":"<!-- This site is optimized with the Yoast SEO plugin v27.4 - https:\/\/yoast.com\/product\/yoast-seo-wordpress\/ -->\n<title>Triple vertical frame 2+2+2 Black Keemple Smart Home - Keemple<\/title>\n<meta name=\"description\" content=\"Keemple - Triple vertical frame 2+2+2 Black Keemple Smart Home\" \/>\n<meta name=\"robots\" content=\"index, follow, max-snippet:-1, max-image-preview:large, max-video-preview:-1\" \/>\n<link rel=\"canonical\" href=\"https:\/\/keemplesklep.pl\/en\/produkt\/triple-vertical-frame-222-black-keemple-smart-home\/\" \/>\n<meta property=\"og:locale\" content=\"en_US\" \/>\n<meta property=\"og:type\" content=\"article\" \/>\n<meta property=\"og:title\" content=\"Triple vertical frame 2+2+2 Black Keemple Smart Home - Keemple\" \/>\n<meta property=\"og:description\" content=\"Keemple - Triple vertical frame 2+2+2 Black Keemple Smart Home\" \/>\n<meta property=\"og:url\" content=\"https:\/\/keemplesklep.pl\/en\/produkt\/triple-vertical-frame-222-black-keemple-smart-home\/\" \/>\n<meta property=\"og:site_name\" content=\"Keemple\" \/>\n<meta property=\"article:modified_time\" content=\"2024-11-30T23:01:48+00:00\" \/>\n<meta property=\"og:image\" content=\"https:\/\/keemplesklep.pl\/wp-content\/uploads\/2024\/03\/KP-3B-V-pod-sklep-bez-tla.png\" \/>\n\t<meta property=\"og:image:width\" content=\"2735\" \/>\n\t<meta property=\"og:image:height\" content=\"1989\" \/>\n\t<meta property=\"og:image:type\" content=\"image\/png\" \/>\n<meta name=\"twitter:card\" content=\"summary_large_image\" \/>\n<meta name=\"twitter:label1\" content=\"Est. reading time\" \/>\n\t<meta name=\"twitter:data1\" content=\"2 minutes\" \/>\n<script type=\"application\/ld+json\" class=\"yoast-schema-graph\">{\"@context\":\"https:\\\/\\\/schema.org\",\"@graph\":[{\"@type\":\"WebPage\",\"@id\":\"https:\\\/\\\/keemplesklep.pl\\\/en\\\/produkt\\\/triple-vertical-frame-222-black-keemple-smart-home\\\/\",\"url\":\"https:\\\/\\\/keemplesklep.pl\\\/en\\\/produkt\\\/triple-vertical-frame-222-black-keemple-smart-home\\\/\",\"name\":\"Triple vertical frame 2+2+2 Black Keemple Smart Home - Keemple\",\"isPartOf\":{\"@id\":\"https:\\\/\\\/keemplesklep.pl\\\/#website\"},\"primaryImageOfPage\":{\"@id\":\"https:\\\/\\\/keemplesklep.pl\\\/en\\\/produkt\\\/triple-vertical-frame-222-black-keemple-smart-home\\\/#primaryimage\"},\"image\":{\"@id\":\"https:\\\/\\\/keemplesklep.pl\\\/en\\\/produkt\\\/triple-vertical-frame-222-black-keemple-smart-home\\\/#primaryimage\"},\"thumbnailUrl\":\"https:\\\/\\\/keemplesklep.pl\\\/wp-content\\\/uploads\\\/2024\\\/03\\\/KP-3B-V-pod-sklep-bez-tla.png\",\"datePublished\":\"2024-04-09T08:09:09+00:00\",\"dateModified\":\"2024-11-30T23:01:48+00:00\",\"description\":\"Keemple - Triple vertical frame 2+2+2 Black Keemple Smart Home\",\"breadcrumb\":{\"@id\":\"https:\\\/\\\/keemplesklep.pl\\\/en\\\/produkt\\\/triple-vertical-frame-222-black-keemple-smart-home\\\/#breadcrumb\"},\"inLanguage\":\"en-US\",\"potentialAction\":[{\"@type\":\"ReadAction\",\"target\":[\"https:\\\/\\\/keemplesklep.pl\\\/en\\\/produkt\\\/triple-vertical-frame-222-black-keemple-smart-home\\\/\"]}]},{\"@type\":\"ImageObject\",\"inLanguage\":\"en-US\",\"@id\":\"https:\\\/\\\/keemplesklep.pl\\\/en\\\/produkt\\\/triple-vertical-frame-222-black-keemple-smart-home\\\/#primaryimage\",\"url\":\"https:\\\/\\\/keemplesklep.pl\\\/wp-content\\\/uploads\\\/2024\\\/03\\\/KP-3B-V-pod-sklep-bez-tla.png\",\"contentUrl\":\"https:\\\/\\\/keemplesklep.pl\\\/wp-content\\\/uploads\\\/2024\\\/03\\\/KP-3B-V-pod-sklep-bez-tla.png\",\"width\":2735,\"height\":1989,\"caption\":\"KP-3B-V pod sklep bez t\u0142a\"},{\"@type\":\"BreadcrumbList\",\"@id\":\"https:\\\/\\\/keemplesklep.pl\\\/en\\\/produkt\\\/triple-vertical-frame-222-black-keemple-smart-home\\\/#breadcrumb\",\"itemListElement\":[{\"@type\":\"ListItem\",\"position\":1,\"name\":\"Strona g\u0142\u00f3wna\",\"item\":\"https:\\\/\\\/keemplesklep.pl\\\/en\\\/\"},{\"@type\":\"ListItem\",\"position\":2,\"name\":\"Smart home sklep\",\"item\":\"https:\\\/\\\/keemplesklep.pl\\\/sklep\\\/\"},{\"@type\":\"ListItem\",\"position\":3,\"name\":\"Triple vertical frame 2+2+2 Black Keemple Smart Home\"}]},{\"@type\":\"WebSite\",\"@id\":\"https:\\\/\\\/keemplesklep.pl\\\/#website\",\"url\":\"https:\\\/\\\/keemplesklep.pl\\\/\",\"name\":\"Keemple\",\"description\":\"Inteligentny dom - urz\u0105d\u017a smart home z inteligentnymi urz\u0105dzeniami\",\"publisher\":{\"@id\":\"https:\\\/\\\/keemplesklep.pl\\\/#organization\"},\"potentialAction\":[{\"@type\":\"SearchAction\",\"target\":{\"@type\":\"EntryPoint\",\"urlTemplate\":\"https:\\\/\\\/keemplesklep.pl\\\/?s={search_term_string}\"},\"query-input\":{\"@type\":\"PropertyValueSpecification\",\"valueRequired\":true,\"valueName\":\"search_term_string\"}}],\"inLanguage\":\"en-US\"},{\"@type\":\"Organization\",\"@id\":\"https:\\\/\\\/keemplesklep.pl\\\/#organization\",\"name\":\"Keemple\",\"url\":\"https:\\\/\\\/keemplesklep.pl\\\/\",\"logo\":{\"@type\":\"ImageObject\",\"inLanguage\":\"en-US\",\"@id\":\"https:\\\/\\\/keemplesklep.pl\\\/#\\\/schema\\\/logo\\\/image\\\/\",\"url\":\"https:\\\/\\\/keemplesklep.pl\\\/wp-content\\\/uploads\\\/2023\\\/03\\\/cropped-logonew.png\",\"contentUrl\":\"https:\\\/\\\/keemplesklep.pl\\\/wp-content\\\/uploads\\\/2023\\\/03\\\/cropped-logonew.png\",\"width\":367,\"height\":163,\"caption\":\"Keemple\"},\"image\":{\"@id\":\"https:\\\/\\\/keemplesklep.pl\\\/#\\\/schema\\\/logo\\\/image\\\/\"}}]}<\/script>\n<!-- \/ Yoast SEO plugin. -->","yoast_head_json":{"title":"Triple vertical frame 2+2+2 Black Keemple Smart Home - Keemple","description":"Keemple - Triple vertical frame 2+2+2 Black Keemple Smart Home","robots":{"index":"index","follow":"follow","max-snippet":"max-snippet:-1","max-image-preview":"max-image-preview:large","max-video-preview":"max-video-preview:-1"},"canonical":"https:\/\/keemplesklep.pl\/en\/produkt\/triple-vertical-frame-222-black-keemple-smart-home\/","og_locale":"en_US","og_type":"article","og_title":"Triple vertical frame 2+2+2 Black Keemple Smart Home - Keemple","og_description":"Keemple - Triple vertical frame 2+2+2 Black Keemple Smart Home","og_url":"https:\/\/keemplesklep.pl\/en\/produkt\/triple-vertical-frame-222-black-keemple-smart-home\/","og_site_name":"Keemple","article_modified_time":"2024-11-30T23:01:48+00:00","og_image":[{"width":2735,"height":1989,"url":"https:\/\/keemplesklep.pl\/wp-content\/uploads\/2024\/03\/KP-3B-V-pod-sklep-bez-tla.png","type":"image\/png"}],"twitter_card":"summary_large_image","twitter_misc":{"Est. reading time":"2 minutes"},"schema":{"@context":"https:\/\/schema.org","@graph":[{"@type":"WebPage","@id":"https:\/\/keemplesklep.pl\/en\/produkt\/triple-vertical-frame-222-black-keemple-smart-home\/","url":"https:\/\/keemplesklep.pl\/en\/produkt\/triple-vertical-frame-222-black-keemple-smart-home\/","name":"Triple vertical frame 2+2+2 Black Keemple Smart Home - Keemple","isPartOf":{"@id":"https:\/\/keemplesklep.pl\/#website"},"primaryImageOfPage":{"@id":"https:\/\/keemplesklep.pl\/en\/produkt\/triple-vertical-frame-222-black-keemple-smart-home\/#primaryimage"},"image":{"@id":"https:\/\/keemplesklep.pl\/en\/produkt\/triple-vertical-frame-222-black-keemple-smart-home\/#primaryimage"},"thumbnailUrl":"https:\/\/keemplesklep.pl\/wp-content\/uploads\/2024\/03\/KP-3B-V-pod-sklep-bez-tla.png","datePublished":"2024-04-09T08:09:09+00:00","dateModified":"2024-11-30T23:01:48+00:00","description":"Keemple - Triple vertical frame 2+2+2 Black Keemple Smart Home","breadcrumb":{"@id":"https:\/\/keemplesklep.pl\/en\/produkt\/triple-vertical-frame-222-black-keemple-smart-home\/#breadcrumb"},"inLanguage":"en-US","potentialAction":[{"@type":"ReadAction","target":["https:\/\/keemplesklep.pl\/en\/produkt\/triple-vertical-frame-222-black-keemple-smart-home\/"]}]},{"@type":"ImageObject","inLanguage":"en-US","@id":"https:\/\/keemplesklep.pl\/en\/produkt\/triple-vertical-frame-222-black-keemple-smart-home\/#primaryimage","url":"https:\/\/keemplesklep.pl\/wp-content\/uploads\/2024\/03\/KP-3B-V-pod-sklep-bez-tla.png","contentUrl":"https:\/\/keemplesklep.pl\/wp-content\/uploads\/2024\/03\/KP-3B-V-pod-sklep-bez-tla.png","width":2735,"height":1989,"caption":"KP-3B-V pod sklep bez t\u0142a"},{"@type":"BreadcrumbList","@id":"https:\/\/keemplesklep.pl\/en\/produkt\/triple-vertical-frame-222-black-keemple-smart-home\/#breadcrumb","itemListElement":[{"@type":"ListItem","position":1,"name":"Strona g\u0142\u00f3wna","item":"https:\/\/keemplesklep.pl\/en\/"},{"@type":"ListItem","position":2,"name":"Smart home sklep","item":"https:\/\/keemplesklep.pl\/sklep\/"},{"@type":"ListItem","position":3,"name":"Triple vertical frame 2+2+2 Black Keemple Smart Home"}]},{"@type":"WebSite","@id":"https:\/\/keemplesklep.pl\/#website","url":"https:\/\/keemplesklep.pl\/","name":"Keemple","description":"Inteligentny dom - urz\u0105d\u017a smart home z inteligentnymi urz\u0105dzeniami","publisher":{"@id":"https:\/\/keemplesklep.pl\/#organization"},"potentialAction":[{"@type":"SearchAction","target":{"@type":"EntryPoint","urlTemplate":"https:\/\/keemplesklep.pl\/?s={search_term_string}"},"query-input":{"@type":"PropertyValueSpecification","valueRequired":true,"valueName":"search_term_string"}}],"inLanguage":"en-US"},{"@type":"Organization","@id":"https:\/\/keemplesklep.pl\/#organization","name":"Keemple","url":"https:\/\/keemplesklep.pl\/","logo":{"@type":"ImageObject","inLanguage":"en-US","@id":"https:\/\/keemplesklep.pl\/#\/schema\/logo\/image\/","url":"https:\/\/keemplesklep.pl\/wp-content\/uploads\/2023\/03\/cropped-logonew.png","contentUrl":"https:\/\/keemplesklep.pl\/wp-content\/uploads\/2023\/03\/cropped-logonew.png","width":367,"height":163,"caption":"Keemple"},"image":{"@id":"https:\/\/keemplesklep.pl\/#\/schema\/logo\/image\/"}}]}},"_links":{"self":[{"href":"https:\/\/keemplesklep.pl\/en\/wp-json\/wp\/v2\/product\/3375","targetHints":{"allow":["GET"]}}],"collection":[{"href":"https:\/\/keemplesklep.pl\/en\/wp-json\/wp\/v2\/product"}],"about":[{"href":"https:\/\/keemplesklep.pl\/en\/wp-json\/wp\/v2\/types\/product"}],"replies":[{"embeddable":true,"href":"https:\/\/keemplesklep.pl\/en\/wp-json\/wp\/v2\/comments?post=3375"}],"wp:featuredmedia":[{"embeddable":true,"href":"https:\/\/keemplesklep.pl\/en\/wp-json\/wp\/v2\/media\/3134"}],"wp:attachment":[{"href":"https:\/\/keemplesklep.pl\/en\/wp-json\/wp\/v2\/media?parent=3375"}],"wp:term":[{"taxonomy":"product_brand","embeddable":true,"href":"https:\/\/keemplesklep.pl\/en\/wp-json\/wp\/v2\/product_brand?post=3375"},{"taxonomy":"product_cat","embeddable":true,"href":"https:\/\/keemplesklep.pl\/en\/wp-json\/wp\/v2\/product_cat?post=3375"},{"taxonomy":"product_tag","embeddable":true,"href":"https:\/\/keemplesklep.pl\/en\/wp-json\/wp\/v2\/product_tag?post=3375"}],"curies":[{"name":"wp","href":"https:\/\/api.w.org\/{rel}","templated":true}]}}