{"id":3373,"date":"2024-03-21T15:03:22","date_gmt":"2024-04-09T08:03:30","guid":{"rendered":"https:\/\/keemplesklep.pl\/produkt\/quadruple-horizontal-frame-2222-white-keemple-smart-home\/"},"modified":"2024-11-12T13:05:11","modified_gmt":"2024-11-12T12:05:11","slug":"quad-frame-horizontal-2222-white-keemple-smart-home","status":"publish","type":"product","link":"https:\/\/keemplesklep.pl\/en\/produkt\/quad-frame-horizontal-2222-white-keemple-smart-home\/","title":{"rendered":"Quadruple horizontal frame 2+2+2+2 White Keemple Smart Home"},"content":{"rendered":"<div class=\"flex-1 overflow-hidden\">\n<div class=\"react-scroll-to-bottom--css-qwojh-79elbk h-full\">\n<div class=\"react-scroll-to-bottom--css-qwojh-1n7m0yu\">\n<div class=\"flex flex-col text-sm pb-9\">\n<div class=\"w-full text-token-text-primary\" data-testid=\"conversation-turn-15\">\n<div class=\"px-4 py-2 justify-center text-base md:gap-6 m-auto\">\n<div class=\"flex flex-1 text-base mx-auto gap-3 md:px-5 lg:px-1 xl:px-5 md:max-w-3xl lg:max-w-[40rem] xl:max-w-[48rem] group final-completion\">\n<div class=\"relative flex w-full flex-col agent-turn\">\n<div class=\"flex-col gap-1 md:gap-3\">\n<div class=\"flex flex-grow flex-col max-w-full\">\n<div class=\"min-h-[20px] text-message flex flex-col items-start gap-3 whitespace-pre-wrap break-words [.text-message+&amp;]:mt-5 overflow-x-auto\" data-message-author-role=\"assistant\" data-message-id=\"fdd3bd42-ecb3-495b-ac00-545716c292a0\">\n<div class=\"markdown prose w-full break-words dark:prose-invert light\">\n<p>Our white, minimalist quadruple vertical frame with an elegant glass panel, designed for the G 2.0 system, is the quintessence of modern elegance and refined functionality. Designed with the needs of modern, smart homes in mind, it allows for the aesthetic installation of up to four switches, ensuring not only convenience, but also unrivaled style.<\/p>\n<div class=\"flex-1 overflow-hidden\">\n<div class=\"react-scroll-to-bottom--css-qwojh-79elbk h-full\">\n<div class=\"react-scroll-to-bottom--css-qwojh-1n7m0yu\">\n<div class=\"flex flex-col text-sm pb-9\">\n<div class=\"w-full text-token-text-primary\" data-testid=\"conversation-turn-23\">\n<div class=\"px-4 py-2 justify-center text-base md:gap-6 m-auto\">\n<div class=\"flex flex-1 text-base mx-auto gap-3 md:px-5 lg:px-1 xl:px-5 md:max-w-3xl lg:max-w-[40rem] xl:max-w-[48rem] group final-completion\">\n<div class=\"relative flex w-full flex-col agent-turn\">\n<div class=\"flex-col gap-1 md:gap-3\">\n<div class=\"flex flex-grow flex-col max-w-full\">\n<div class=\"min-h-[20px] text-message flex flex-col items-start gap-3 whitespace-pre-wrap break-words [.text-message+&amp;]:mt-5 overflow-x-auto\" data-message-author-role=\"assistant\" data-message-id=\"c79e03ef-81c6-403b-9399-ab137347a667\">\n<div class=\"markdown prose w-full break-words dark:prose-invert light\">\n<p>The minimalist design of this frame not only emphasizes its functionality, but also is a decorative element that catches the eye and adds a unique, modern charm to every room. The glass panel not only enhances the elegance of the product, but also facilitates cleaning and maintenance, making it a practical solution for everyday use.<\/p>\n<p>Our quadruple vertical frame is the perfect choice for people who are looking for modern technological solutions combined with subtle elegance. This is a solution that not only improves smart home management, but also adds character and style to the interior. Whether it&#8217;s managing lighting, temperature or security systems, our frame provides easy access to advanced functions while maintaining aesthetic consistency and harmonious fit into the interior.<\/p>\n<p>By investing in our quadruple vertical frame, you gain not only high functionality and comfort of use, but also an element that distinguishes your house, emphasizing its modern character and attention to detail. This is a perfect solution for those who value the combination of advanced technology with sophisticated design.<\/p>\n<\/div>\n<\/div>\n<\/div>\n<\/div>\n<\/div>\n<\/div>\n<\/div>\n<\/div>\n<\/div>\n<\/div>\n<\/div>\n<\/div>\n<\/div>\n<\/div>\n<\/div>\n<\/div>\n<\/div>\n<\/div>\n<\/div>\n<\/div>\n<\/div>\n<\/div>\n<\/div>\n<\/div>\n<div class=\"gsp_post_data\" \r\n\t            data-post_type=\"product\" \r\n\t            data-cat=\"\" \r\n\t            data-modified=\"120\"\r\n\t            data-created=\"1711033402\"\r\n\t            data-title=\"Quadruple horizontal frame 2+2+2+2 White Keemple Smart Home\" \r\n\t            data-home=\"https:\/\/keemplesklep.pl\/en\/\"><\/div>","protected":false},"excerpt":{"rendered":"<div class=\"flex-1 overflow-hidden\">\n<div class=\"react-scroll-to-bottom--css-qwojh-79elbk h-full\">\n<div class=\"react-scroll-to-bottom--css-qwojh-1n7m0yu\">\n<div class=\"flex flex-col text-sm pb-9\">\n<div class=\"w-full text-token-text-primary\" data-testid=\"conversation-turn-19\">\n<div class=\"px-4 py-2 justify-center text-base md:gap-6 m-auto\">\n<div class=\"flex flex-1 text-base mx-auto gap-3 md:px-5 lg:px-1 xl:px-5 md:max-w-3xl lg:max-w-[40rem] xl:max-w-[48rem] group final-completion\">\n<div class=\"relative flex w-full flex-col agent-turn\">\n<div class=\"flex-col gap-1 md:gap-3\">\n<div class=\"flex flex-grow flex-col max-w-full\">\n<div class=\"min-h-[20px] text-message flex flex-col items-start gap-3 whitespace-pre-wrap break-words [.text-message+&amp;]:mt-5 overflow-x-auto\" data-message-author-role=\"assistant\" data-message-id=\"0a8f3f25-ef3e-49cb-8c23-e52244d1e33e\">\n<div class=\"markdown prose w-full break-words dark:prose-invert light\">\n<p>Our white, minimalist quadruple vertical frame with a glass panel for the G 2.0 system combines elegance and advanced functionality. Specially designed to work with four switches, it fits perfectly into standard quad electrical boxes, offering seamless integration with your smart home. Made of the highest quality materials, it ensures not only durability, but also an aesthetic appearance that brings a fresh and modern accent to any interior. This white frame with a transparent glass panel is a perfect combination of subtle design and modern technology, perfect for those who value refined simplicity and advanced home solutions.<\/p>\n<\/div>\n<\/div>\n<\/div>\n<div class=\"mt-1 flex justify-start gap-3 empty:hidden\">\n<div class=\"text-gray-400 flex self-end lg:self-center items-center justify-center lg:justify-start mt-0 -ml-1 h-7 gap-[2px] visible\">\n<p>&nbsp;<\/p>\n<div class=\"flex items-center gap-1.5 text-xs\"><\/div>\n<div class=\"flex\"><\/div>\n<\/div>\n<\/div>\n<div class=\"pr-2 lg:pr-0\"><\/div>\n<\/div>\n<\/div>\n<\/div>\n<\/div>\n<\/div>\n<\/div>\n<\/div>\n<\/div>\n<\/div>\n<div class=\"w-full pt-2 md:pt-0 dark:border-white\/20 md:border-transparent md:dark:border-transparent md:w-[calc(100%-.5rem)]\">\n<form class=\"stretch mx-2 flex flex-row gap-3 last:mb-2 md:mx-4 md:last:mb-6 lg:mx-auto lg:max-w-2xl xl:max-w-3xl\">\n<div class=\"relative flex h-full flex-1 flex-col\">\n<div class=\"absolute bottom-full left-0 right-0\"><\/div>\n<div class=\"flex w-full items-center\"><\/div>\n<\/div>\n<\/form>\n<\/div>\n","protected":false},"featured_media":3320,"comment_status":"open","ping_status":"closed","template":"","meta":{"_acf_changed":false},"product_brand":[],"product_cat":[201],"product_tag":[166,226,225,157],"class_list":{"0":"post-3373","1":"product","2":"type-product","3":"status-publish","4":"has-post-thumbnail","6":"product_cat-keemple-frames-and-panels","7":"product_tag-frame","8":"product_tag-glass-panel","9":"product_tag-intelligent-lighting","10":"product_tag-keemple-en","12":"first","13":"instock","14":"taxable","15":"shipping-taxable","16":"purchasable","17":"product-type-simple"},"acf":[],"yoast_head":"<!-- This site is optimized with the Yoast SEO plugin v27.3 - https:\/\/yoast.com\/product\/yoast-seo-wordpress\/ -->\n<title>Quadruple horizontal frame 2+2+2+2 White Keemple Smart Home - Keemple<\/title>\n<meta name=\"description\" content=\"Keemple - Quadruple horizontal frame 2+2+2+2 White Keemple Smart Home\" \/>\n<meta name=\"robots\" content=\"index, follow, max-snippet:-1, max-image-preview:large, max-video-preview:-1\" \/>\n<link rel=\"canonical\" href=\"https:\/\/keemplesklep.pl\/produkt\/ramka-poczworna-pozioma-2222-biala-keemple-smart-home\/\" \/>\n<meta property=\"og:locale\" content=\"en_US\" \/>\n<meta property=\"og:type\" content=\"article\" \/>\n<meta property=\"og:title\" content=\"Quadruple horizontal frame 2+2+2+2 White Keemple Smart Home - Keemple\" \/>\n<meta property=\"og:description\" content=\"Keemple - Quadruple horizontal frame 2+2+2+2 White Keemple Smart Home\" \/>\n<meta property=\"og:url\" content=\"https:\/\/keemplesklep.pl\/produkt\/ramka-poczworna-pozioma-2222-biala-keemple-smart-home\/\" \/>\n<meta property=\"og:site_name\" content=\"Keemple\" \/>\n<meta property=\"article:modified_time\" content=\"2024-11-12T12:05:11+00:00\" \/>\n<meta property=\"og:image\" content=\"https:\/\/keemplesklep.pl\/wp-content\/uploads\/2024\/03\/KP-4W-H-bez-tla-pod-strone-1.png\" \/>\n\t<meta property=\"og:image:width\" content=\"2735\" \/>\n\t<meta property=\"og:image:height\" content=\"1989\" \/>\n\t<meta property=\"og:image:type\" content=\"image\/png\" \/>\n<meta name=\"twitter:card\" content=\"summary_large_image\" \/>\n<meta name=\"twitter:label1\" content=\"Est. reading time\" \/>\n\t<meta name=\"twitter:data1\" content=\"2 minutes\" \/>\n<script type=\"application\/ld+json\" class=\"yoast-schema-graph\">{\"@context\":\"https:\\\/\\\/schema.org\",\"@graph\":[{\"@type\":\"WebPage\",\"@id\":\"https:\\\/\\\/keemplesklep.pl\\\/produkt\\\/ramka-poczworna-pozioma-2222-biala-keemple-smart-home\\\/\",\"url\":\"https:\\\/\\\/keemplesklep.pl\\\/produkt\\\/ramka-poczworna-pozioma-2222-biala-keemple-smart-home\\\/\",\"name\":\"Quadruple horizontal frame 2+2+2+2 White Keemple Smart Home - Keemple\",\"isPartOf\":{\"@id\":\"https:\\\/\\\/keemplesklep.pl\\\/#website\"},\"primaryImageOfPage\":{\"@id\":\"https:\\\/\\\/keemplesklep.pl\\\/produkt\\\/ramka-poczworna-pozioma-2222-biala-keemple-smart-home\\\/#primaryimage\"},\"image\":{\"@id\":\"https:\\\/\\\/keemplesklep.pl\\\/produkt\\\/ramka-poczworna-pozioma-2222-biala-keemple-smart-home\\\/#primaryimage\"},\"thumbnailUrl\":\"https:\\\/\\\/keemplesklep.pl\\\/wp-content\\\/uploads\\\/2024\\\/03\\\/KP-4W-H-bez-tla-pod-strone-1.png\",\"datePublished\":\"2024-04-09T08:03:30+00:00\",\"dateModified\":\"2024-11-12T12:05:11+00:00\",\"description\":\"Keemple - Quadruple horizontal frame 2+2+2+2 White Keemple Smart Home\",\"breadcrumb\":{\"@id\":\"https:\\\/\\\/keemplesklep.pl\\\/produkt\\\/ramka-poczworna-pozioma-2222-biala-keemple-smart-home\\\/#breadcrumb\"},\"inLanguage\":\"en-US\",\"potentialAction\":[{\"@type\":\"ReadAction\",\"target\":[\"https:\\\/\\\/keemplesklep.pl\\\/produkt\\\/ramka-poczworna-pozioma-2222-biala-keemple-smart-home\\\/\"]}]},{\"@type\":\"ImageObject\",\"inLanguage\":\"en-US\",\"@id\":\"https:\\\/\\\/keemplesklep.pl\\\/produkt\\\/ramka-poczworna-pozioma-2222-biala-keemple-smart-home\\\/#primaryimage\",\"url\":\"https:\\\/\\\/keemplesklep.pl\\\/wp-content\\\/uploads\\\/2024\\\/03\\\/KP-4W-H-bez-tla-pod-strone-1.png\",\"contentUrl\":\"https:\\\/\\\/keemplesklep.pl\\\/wp-content\\\/uploads\\\/2024\\\/03\\\/KP-4W-H-bez-tla-pod-strone-1.png\",\"width\":2735,\"height\":1989,\"caption\":\"Ramka poczw\u00f3rna bia\u0142a Keemple\"},{\"@type\":\"BreadcrumbList\",\"@id\":\"https:\\\/\\\/keemplesklep.pl\\\/produkt\\\/ramka-poczworna-pozioma-2222-biala-keemple-smart-home\\\/#breadcrumb\",\"itemListElement\":[{\"@type\":\"ListItem\",\"position\":1,\"name\":\"Strona g\u0142\u00f3wna\",\"item\":\"https:\\\/\\\/keemplesklep.pl\\\/en\\\/\"},{\"@type\":\"ListItem\",\"position\":2,\"name\":\"Smart home sklep\",\"item\":\"https:\\\/\\\/keemplesklep.pl\\\/sklep\\\/\"},{\"@type\":\"ListItem\",\"position\":3,\"name\":\"Quadruple horizontal frame 2+2+2+2 White Keemple Smart Home\"}]},{\"@type\":\"WebSite\",\"@id\":\"https:\\\/\\\/keemplesklep.pl\\\/#website\",\"url\":\"https:\\\/\\\/keemplesklep.pl\\\/\",\"name\":\"Keemple\",\"description\":\"Inteligentny dom - urz\u0105d\u017a smart home z inteligentnymi urz\u0105dzeniami\",\"publisher\":{\"@id\":\"https:\\\/\\\/keemplesklep.pl\\\/#organization\"},\"potentialAction\":[{\"@type\":\"SearchAction\",\"target\":{\"@type\":\"EntryPoint\",\"urlTemplate\":\"https:\\\/\\\/keemplesklep.pl\\\/?s={search_term_string}\"},\"query-input\":{\"@type\":\"PropertyValueSpecification\",\"valueRequired\":true,\"valueName\":\"search_term_string\"}}],\"inLanguage\":\"en-US\"},{\"@type\":\"Organization\",\"@id\":\"https:\\\/\\\/keemplesklep.pl\\\/#organization\",\"name\":\"Keemple\",\"url\":\"https:\\\/\\\/keemplesklep.pl\\\/\",\"logo\":{\"@type\":\"ImageObject\",\"inLanguage\":\"en-US\",\"@id\":\"https:\\\/\\\/keemplesklep.pl\\\/#\\\/schema\\\/logo\\\/image\\\/\",\"url\":\"https:\\\/\\\/keemplesklep.pl\\\/wp-content\\\/uploads\\\/2023\\\/03\\\/cropped-logonew.png\",\"contentUrl\":\"https:\\\/\\\/keemplesklep.pl\\\/wp-content\\\/uploads\\\/2023\\\/03\\\/cropped-logonew.png\",\"width\":367,\"height\":163,\"caption\":\"Keemple\"},\"image\":{\"@id\":\"https:\\\/\\\/keemplesklep.pl\\\/#\\\/schema\\\/logo\\\/image\\\/\"}}]}<\/script>\n<!-- \/ Yoast SEO plugin. -->","yoast_head_json":{"title":"Quadruple horizontal frame 2+2+2+2 White Keemple Smart Home - Keemple","description":"Keemple - Quadruple horizontal frame 2+2+2+2 White Keemple Smart Home","robots":{"index":"index","follow":"follow","max-snippet":"max-snippet:-1","max-image-preview":"max-image-preview:large","max-video-preview":"max-video-preview:-1"},"canonical":"https:\/\/keemplesklep.pl\/produkt\/ramka-poczworna-pozioma-2222-biala-keemple-smart-home\/","og_locale":"en_US","og_type":"article","og_title":"Quadruple horizontal frame 2+2+2+2 White Keemple Smart Home - Keemple","og_description":"Keemple - Quadruple horizontal frame 2+2+2+2 White Keemple Smart Home","og_url":"https:\/\/keemplesklep.pl\/produkt\/ramka-poczworna-pozioma-2222-biala-keemple-smart-home\/","og_site_name":"Keemple","article_modified_time":"2024-11-12T12:05:11+00:00","og_image":[{"width":2735,"height":1989,"url":"https:\/\/keemplesklep.pl\/wp-content\/uploads\/2024\/03\/KP-4W-H-bez-tla-pod-strone-1.png","type":"image\/png"}],"twitter_card":"summary_large_image","twitter_misc":{"Est. reading time":"2 minutes"},"schema":{"@context":"https:\/\/schema.org","@graph":[{"@type":"WebPage","@id":"https:\/\/keemplesklep.pl\/produkt\/ramka-poczworna-pozioma-2222-biala-keemple-smart-home\/","url":"https:\/\/keemplesklep.pl\/produkt\/ramka-poczworna-pozioma-2222-biala-keemple-smart-home\/","name":"Quadruple horizontal frame 2+2+2+2 White Keemple Smart Home - Keemple","isPartOf":{"@id":"https:\/\/keemplesklep.pl\/#website"},"primaryImageOfPage":{"@id":"https:\/\/keemplesklep.pl\/produkt\/ramka-poczworna-pozioma-2222-biala-keemple-smart-home\/#primaryimage"},"image":{"@id":"https:\/\/keemplesklep.pl\/produkt\/ramka-poczworna-pozioma-2222-biala-keemple-smart-home\/#primaryimage"},"thumbnailUrl":"https:\/\/keemplesklep.pl\/wp-content\/uploads\/2024\/03\/KP-4W-H-bez-tla-pod-strone-1.png","datePublished":"2024-04-09T08:03:30+00:00","dateModified":"2024-11-12T12:05:11+00:00","description":"Keemple - Quadruple horizontal frame 2+2+2+2 White Keemple Smart Home","breadcrumb":{"@id":"https:\/\/keemplesklep.pl\/produkt\/ramka-poczworna-pozioma-2222-biala-keemple-smart-home\/#breadcrumb"},"inLanguage":"en-US","potentialAction":[{"@type":"ReadAction","target":["https:\/\/keemplesklep.pl\/produkt\/ramka-poczworna-pozioma-2222-biala-keemple-smart-home\/"]}]},{"@type":"ImageObject","inLanguage":"en-US","@id":"https:\/\/keemplesklep.pl\/produkt\/ramka-poczworna-pozioma-2222-biala-keemple-smart-home\/#primaryimage","url":"https:\/\/keemplesklep.pl\/wp-content\/uploads\/2024\/03\/KP-4W-H-bez-tla-pod-strone-1.png","contentUrl":"https:\/\/keemplesklep.pl\/wp-content\/uploads\/2024\/03\/KP-4W-H-bez-tla-pod-strone-1.png","width":2735,"height":1989,"caption":"Ramka poczw\u00f3rna bia\u0142a Keemple"},{"@type":"BreadcrumbList","@id":"https:\/\/keemplesklep.pl\/produkt\/ramka-poczworna-pozioma-2222-biala-keemple-smart-home\/#breadcrumb","itemListElement":[{"@type":"ListItem","position":1,"name":"Strona g\u0142\u00f3wna","item":"https:\/\/keemplesklep.pl\/en\/"},{"@type":"ListItem","position":2,"name":"Smart home sklep","item":"https:\/\/keemplesklep.pl\/sklep\/"},{"@type":"ListItem","position":3,"name":"Quadruple horizontal frame 2+2+2+2 White Keemple Smart Home"}]},{"@type":"WebSite","@id":"https:\/\/keemplesklep.pl\/#website","url":"https:\/\/keemplesklep.pl\/","name":"Keemple","description":"Inteligentny dom - urz\u0105d\u017a smart home z inteligentnymi urz\u0105dzeniami","publisher":{"@id":"https:\/\/keemplesklep.pl\/#organization"},"potentialAction":[{"@type":"SearchAction","target":{"@type":"EntryPoint","urlTemplate":"https:\/\/keemplesklep.pl\/?s={search_term_string}"},"query-input":{"@type":"PropertyValueSpecification","valueRequired":true,"valueName":"search_term_string"}}],"inLanguage":"en-US"},{"@type":"Organization","@id":"https:\/\/keemplesklep.pl\/#organization","name":"Keemple","url":"https:\/\/keemplesklep.pl\/","logo":{"@type":"ImageObject","inLanguage":"en-US","@id":"https:\/\/keemplesklep.pl\/#\/schema\/logo\/image\/","url":"https:\/\/keemplesklep.pl\/wp-content\/uploads\/2023\/03\/cropped-logonew.png","contentUrl":"https:\/\/keemplesklep.pl\/wp-content\/uploads\/2023\/03\/cropped-logonew.png","width":367,"height":163,"caption":"Keemple"},"image":{"@id":"https:\/\/keemplesklep.pl\/#\/schema\/logo\/image\/"}}]}},"_links":{"self":[{"href":"https:\/\/keemplesklep.pl\/en\/wp-json\/wp\/v2\/product\/3373","targetHints":{"allow":["GET"]}}],"collection":[{"href":"https:\/\/keemplesklep.pl\/en\/wp-json\/wp\/v2\/product"}],"about":[{"href":"https:\/\/keemplesklep.pl\/en\/wp-json\/wp\/v2\/types\/product"}],"replies":[{"embeddable":true,"href":"https:\/\/keemplesklep.pl\/en\/wp-json\/wp\/v2\/comments?post=3373"}],"wp:featuredmedia":[{"embeddable":true,"href":"https:\/\/keemplesklep.pl\/en\/wp-json\/wp\/v2\/media\/3320"}],"wp:attachment":[{"href":"https:\/\/keemplesklep.pl\/en\/wp-json\/wp\/v2\/media?parent=3373"}],"wp:term":[{"taxonomy":"product_brand","embeddable":true,"href":"https:\/\/keemplesklep.pl\/en\/wp-json\/wp\/v2\/product_brand?post=3373"},{"taxonomy":"product_cat","embeddable":true,"href":"https:\/\/keemplesklep.pl\/en\/wp-json\/wp\/v2\/product_cat?post=3373"},{"taxonomy":"product_tag","embeddable":true,"href":"https:\/\/keemplesklep.pl\/en\/wp-json\/wp\/v2\/product_tag?post=3373"}],"curies":[{"name":"wp","href":"https:\/\/api.w.org\/{rel}","templated":true}]}}