{"id":3372,"date":"2024-03-21T15:09:55","date_gmt":"2024-04-09T08:00:47","guid":{"rendered":"https:\/\/keemplesklep.pl\/produkt\/quadruple-vertical-frame-2222-white-keemple-smart-home\/"},"modified":"2024-11-12T12:46:07","modified_gmt":"2024-11-12T11:46:07","slug":"quad-frame-vertical-2222-white-keemple-smart-home-copy","status":"publish","type":"product","link":"https:\/\/keemplesklep.pl\/en\/produkt\/quad-frame-vertical-2222-white-keemple-smart-home-copy\/","title":{"rendered":"Quadruple vertical frame 2+2+2+2 White Keemple Smart Home"},"content":{"rendered":"<div class=\"flex-1 overflow-hidden\">\n<div class=\"react-scroll-to-bottom--css-qwojh-79elbk h-full\">\n<div class=\"react-scroll-to-bottom--css-qwojh-1n7m0yu\">\n<div class=\"flex flex-col text-sm pb-9\">\n<div class=\"w-full text-token-text-primary\" data-testid=\"conversation-turn-15\">\n<div class=\"px-4 py-2 justify-center text-base md:gap-6 m-auto\">\n<div class=\"flex flex-1 text-base mx-auto gap-3 md:px-5 lg:px-1 xl:px-5 md:max-w-3xl lg:max-w-[40rem] xl:max-w-[48rem] group final-completion\">\n<div class=\"relative flex w-full flex-col agent-turn\">\n<div class=\"flex-col gap-1 md:gap-3\">\n<div class=\"flex flex-grow flex-col max-w-full\">\n<div class=\"min-h-[20px] text-message flex flex-col items-start gap-3 whitespace-pre-wrap break-words [.text-message+&amp;]:mt-5 overflow-x-auto\" data-message-author-role=\"assistant\" data-message-id=\"fdd3bd42-ecb3-495b-ac00-545716c292a0\">\n<div class=\"markdown prose w-full break-words dark:prose-invert light\">\n<p>Our white, minimalist triple vertical frame with an elegant glass panel is a real masterpiece of design, created with the most sophisticated smart home systems in mind. Dedicated to work with the G 2.0 system, this frame has been designed to allow for the aesthetic installation of three switches, while offering easy integration into existing electrical installations thanks to its compatibility with standard triple junction boxes.<\/p>\n<p>Made of the best quality materials, our frame is distinguished not only by its extraordinary durability, but also by its unique appearance, which adds a modern character and depth to any space. The white color of the frame, combined with the transparency and smoothness of the glass panel, creates an effect of elegance and modernity, perfectly fitting into minimalist and modern interiors. The glass panel not only emphasizes the aesthetic dimension of the product, but also adds lightness and modern subtlety to it, making it not only a functional but also a decorative element.<\/p>\n<p>The advanced design of our frame guarantees that every element &#8211; from appearance to functionality &#8211; has been thought out with the greatest care. It facilitates the management of various aspects of home life, such as lighting, temperature and security systems, providing users with the highest level of comfort and safety. Thanks to its universality, the frame fits perfectly with a wide range of interior styles, from classic, through industrial, to ultra-modern.<\/p>\n<p>Investing in our triple vertical frame is not only a step towards increasing the functionality of your home, but also consciously emphasizing its unique style. This is a choice for people who value the combination of modern technology with original design, striving to create a space that is intelligent, stylish and comfortable at the same time. Our frame is a guarantee that every detail in your home reflects your personality and the highest living standards.<\/p>\n<\/div>\n<\/div>\n<\/div>\n<\/div>\n<\/div>\n<\/div>\n<\/div>\n<\/div>\n<\/div>\n<\/div>\n<\/div>\n<\/div>\n<div class=\"gsp_post_data\" \r\n\t            data-post_type=\"product\" \r\n\t            data-cat=\"\" \r\n\t            data-modified=\"120\"\r\n\t            data-created=\"1711033795\"\r\n\t            data-title=\"Quadruple vertical frame 2+2+2+2 White Keemple Smart Home\" \r\n\t            data-home=\"https:\/\/keemplesklep.pl\/en\/\"><\/div>","protected":false},"excerpt":{"rendered":"<div class=\"flex-1 overflow-hidden\">\n<div class=\"react-scroll-to-bottom--css-qwojh-79elbk h-full\">\n<div class=\"react-scroll-to-bottom--css-qwojh-1n7m0yu\">\n<div class=\"flex flex-col text-sm pb-9\">\n<div class=\"w-full text-token-text-primary\" data-testid=\"conversation-turn-19\">\n<div class=\"px-4 py-2 justify-center text-base md:gap-6 m-auto\">\n<div class=\"flex flex-1 text-base mx-auto gap-3 md:px-5 lg:px-1 xl:px-5 md:max-w-3xl lg:max-w-[40rem] xl:max-w-[48rem] group final-completion\">\n<div class=\"relative flex w-full flex-col agent-turn\">\n<div class=\"flex-col gap-1 md:gap-3\">\n<div class=\"flex flex-grow flex-col max-w-full\">\n<div class=\"min-h-[20px] text-message flex flex-col items-start gap-3 whitespace-pre-wrap break-words [.text-message+&amp;]:mt-5 overflow-x-auto\" data-message-author-role=\"assistant\" data-message-id=\"0a8f3f25-ef3e-49cb-8c23-e52244d1e33e\">\n<div class=\"markdown prose w-full break-words dark:prose-invert light\">\n<p>Our white, minimalist quadruple vertical frame with a glass panel for the G 2.0 system combines elegance and advanced functionality. Specially designed to work with four switches, it fits perfectly into standard quad electrical boxes, offering seamless integration with your smart home. Made of the highest quality materials, it ensures not only durability, but also an aesthetic appearance that brings a fresh and modern accent to any interior. This white frame with a transparent glass panel is a perfect combination of subtle design and modern technology, perfect for those who value refined simplicity and advanced home solutions.<\/p>\n<\/div>\n<\/div>\n<\/div>\n<div class=\"mt-1 flex justify-start gap-3 empty:hidden\">\n<div class=\"text-gray-400 flex self-end lg:self-center items-center justify-center lg:justify-start mt-0 -ml-1 h-7 gap-[2px] visible\">\n<p>&nbsp;<\/p>\n<div class=\"flex items-center gap-1.5 text-xs\"><\/div>\n<div class=\"flex\"><\/div>\n<\/div>\n<\/div>\n<div class=\"pr-2 lg:pr-0\"><\/div>\n<\/div>\n<\/div>\n<\/div>\n<\/div>\n<\/div>\n<\/div>\n<\/div>\n<\/div>\n<\/div>\n<div class=\"w-full pt-2 md:pt-0 dark:border-white\/20 md:border-transparent md:dark:border-transparent md:w-[calc(100%-.5rem)]\">\n<form class=\"stretch mx-2 flex flex-row gap-3 last:mb-2 md:mx-4 md:last:mb-6 lg:mx-auto lg:max-w-2xl xl:max-w-3xl\">\n<div class=\"relative flex h-full flex-1 flex-col\">\n<div class=\"absolute bottom-full left-0 right-0\"><\/div>\n<div class=\"flex w-full items-center\"><\/div>\n<\/div>\n<\/form>\n<\/div>\n","protected":false},"featured_media":3155,"comment_status":"open","ping_status":"closed","template":"","meta":{"_acf_changed":false},"product_brand":[],"product_cat":[201],"product_tag":[166,226,225,157],"class_list":{"0":"post-3372","1":"product","2":"type-product","3":"status-publish","4":"has-post-thumbnail","6":"product_cat-keemple-frames-and-panels","7":"product_tag-frame","8":"product_tag-glass-panel","9":"product_tag-intelligent-lighting","10":"product_tag-keemple-en","12":"first","13":"instock","14":"taxable","15":"shipping-taxable","16":"purchasable","17":"product-type-simple"},"acf":[],"yoast_head":"<!-- This site is optimized with the Yoast SEO plugin v27.4 - https:\/\/yoast.com\/product\/yoast-seo-wordpress\/ -->\n<title>Quadruple vertical frame 2+2+2+2 White Keemple Smart Home - Keemple<\/title>\n<meta name=\"description\" content=\"Keemple - Quadruple vertical frame 2+2+2+2 White Keemple Smart Home\" \/>\n<meta name=\"robots\" content=\"index, follow, max-snippet:-1, max-image-preview:large, max-video-preview:-1\" \/>\n<link rel=\"canonical\" href=\"https:\/\/keemplesklep.pl\/produkt\/ramka-poczworna-pionowa-2222-biala-keemple-smart-home-kopia\/\" \/>\n<meta property=\"og:locale\" content=\"en_US\" \/>\n<meta property=\"og:type\" content=\"article\" \/>\n<meta property=\"og:title\" content=\"Quadruple vertical frame 2+2+2+2 White Keemple Smart Home - Keemple\" \/>\n<meta property=\"og:description\" content=\"Keemple - Quadruple vertical frame 2+2+2+2 White Keemple Smart Home\" \/>\n<meta property=\"og:url\" content=\"https:\/\/keemplesklep.pl\/produkt\/ramka-poczworna-pionowa-2222-biala-keemple-smart-home-kopia\/\" \/>\n<meta property=\"og:site_name\" content=\"Keemple\" \/>\n<meta property=\"article:modified_time\" content=\"2024-11-12T11:46:07+00:00\" \/>\n<meta property=\"og:image\" content=\"https:\/\/keemplesklep.pl\/wp-content\/uploads\/2024\/03\/KP-4W-V-format-na-strone-bez-tla.png\" \/>\n\t<meta property=\"og:image:width\" content=\"2735\" \/>\n\t<meta property=\"og:image:height\" content=\"1989\" \/>\n\t<meta property=\"og:image:type\" content=\"image\/png\" \/>\n<meta name=\"twitter:card\" content=\"summary_large_image\" \/>\n<meta name=\"twitter:label1\" content=\"Est. reading time\" \/>\n\t<meta name=\"twitter:data1\" content=\"3 minutes\" \/>\n<script type=\"application\/ld+json\" class=\"yoast-schema-graph\">{\"@context\":\"https:\\\/\\\/schema.org\",\"@graph\":[{\"@type\":\"WebPage\",\"@id\":\"https:\\\/\\\/keemplesklep.pl\\\/produkt\\\/ramka-poczworna-pionowa-2222-biala-keemple-smart-home-kopia\\\/\",\"url\":\"https:\\\/\\\/keemplesklep.pl\\\/produkt\\\/ramka-poczworna-pionowa-2222-biala-keemple-smart-home-kopia\\\/\",\"name\":\"Quadruple vertical frame 2+2+2+2 White Keemple Smart Home - Keemple\",\"isPartOf\":{\"@id\":\"https:\\\/\\\/keemplesklep.pl\\\/#website\"},\"primaryImageOfPage\":{\"@id\":\"https:\\\/\\\/keemplesklep.pl\\\/produkt\\\/ramka-poczworna-pionowa-2222-biala-keemple-smart-home-kopia\\\/#primaryimage\"},\"image\":{\"@id\":\"https:\\\/\\\/keemplesklep.pl\\\/produkt\\\/ramka-poczworna-pionowa-2222-biala-keemple-smart-home-kopia\\\/#primaryimage\"},\"thumbnailUrl\":\"https:\\\/\\\/keemplesklep.pl\\\/wp-content\\\/uploads\\\/2024\\\/03\\\/KP-4W-V-format-na-strone-bez-tla.png\",\"datePublished\":\"2024-04-09T08:00:47+00:00\",\"dateModified\":\"2024-11-12T11:46:07+00:00\",\"description\":\"Keemple - Quadruple vertical frame 2+2+2+2 White Keemple Smart Home\",\"breadcrumb\":{\"@id\":\"https:\\\/\\\/keemplesklep.pl\\\/produkt\\\/ramka-poczworna-pionowa-2222-biala-keemple-smart-home-kopia\\\/#breadcrumb\"},\"inLanguage\":\"en-US\",\"potentialAction\":[{\"@type\":\"ReadAction\",\"target\":[\"https:\\\/\\\/keemplesklep.pl\\\/produkt\\\/ramka-poczworna-pionowa-2222-biala-keemple-smart-home-kopia\\\/\"]}]},{\"@type\":\"ImageObject\",\"inLanguage\":\"en-US\",\"@id\":\"https:\\\/\\\/keemplesklep.pl\\\/produkt\\\/ramka-poczworna-pionowa-2222-biala-keemple-smart-home-kopia\\\/#primaryimage\",\"url\":\"https:\\\/\\\/keemplesklep.pl\\\/wp-content\\\/uploads\\\/2024\\\/03\\\/KP-4W-V-format-na-strone-bez-tla.png\",\"contentUrl\":\"https:\\\/\\\/keemplesklep.pl\\\/wp-content\\\/uploads\\\/2024\\\/03\\\/KP-4W-V-format-na-strone-bez-tla.png\",\"width\":2735,\"height\":1989,\"caption\":\"Ramka pionowa poczw\u00f3rna bia\u0142a\"},{\"@type\":\"BreadcrumbList\",\"@id\":\"https:\\\/\\\/keemplesklep.pl\\\/produkt\\\/ramka-poczworna-pionowa-2222-biala-keemple-smart-home-kopia\\\/#breadcrumb\",\"itemListElement\":[{\"@type\":\"ListItem\",\"position\":1,\"name\":\"Strona g\u0142\u00f3wna\",\"item\":\"https:\\\/\\\/keemplesklep.pl\\\/en\\\/\"},{\"@type\":\"ListItem\",\"position\":2,\"name\":\"Smart home sklep\",\"item\":\"https:\\\/\\\/keemplesklep.pl\\\/sklep\\\/\"},{\"@type\":\"ListItem\",\"position\":3,\"name\":\"Quadruple vertical frame 2+2+2+2 White Keemple Smart Home\"}]},{\"@type\":\"WebSite\",\"@id\":\"https:\\\/\\\/keemplesklep.pl\\\/#website\",\"url\":\"https:\\\/\\\/keemplesklep.pl\\\/\",\"name\":\"Keemple\",\"description\":\"Inteligentny dom - urz\u0105d\u017a smart home z inteligentnymi urz\u0105dzeniami\",\"publisher\":{\"@id\":\"https:\\\/\\\/keemplesklep.pl\\\/#organization\"},\"potentialAction\":[{\"@type\":\"SearchAction\",\"target\":{\"@type\":\"EntryPoint\",\"urlTemplate\":\"https:\\\/\\\/keemplesklep.pl\\\/?s={search_term_string}\"},\"query-input\":{\"@type\":\"PropertyValueSpecification\",\"valueRequired\":true,\"valueName\":\"search_term_string\"}}],\"inLanguage\":\"en-US\"},{\"@type\":\"Organization\",\"@id\":\"https:\\\/\\\/keemplesklep.pl\\\/#organization\",\"name\":\"Keemple\",\"url\":\"https:\\\/\\\/keemplesklep.pl\\\/\",\"logo\":{\"@type\":\"ImageObject\",\"inLanguage\":\"en-US\",\"@id\":\"https:\\\/\\\/keemplesklep.pl\\\/#\\\/schema\\\/logo\\\/image\\\/\",\"url\":\"https:\\\/\\\/keemplesklep.pl\\\/wp-content\\\/uploads\\\/2023\\\/03\\\/cropped-logonew.png\",\"contentUrl\":\"https:\\\/\\\/keemplesklep.pl\\\/wp-content\\\/uploads\\\/2023\\\/03\\\/cropped-logonew.png\",\"width\":367,\"height\":163,\"caption\":\"Keemple\"},\"image\":{\"@id\":\"https:\\\/\\\/keemplesklep.pl\\\/#\\\/schema\\\/logo\\\/image\\\/\"}}]}<\/script>\n<!-- \/ Yoast SEO plugin. -->","yoast_head_json":{"title":"Quadruple vertical frame 2+2+2+2 White Keemple Smart Home - Keemple","description":"Keemple - Quadruple vertical frame 2+2+2+2 White Keemple Smart Home","robots":{"index":"index","follow":"follow","max-snippet":"max-snippet:-1","max-image-preview":"max-image-preview:large","max-video-preview":"max-video-preview:-1"},"canonical":"https:\/\/keemplesklep.pl\/produkt\/ramka-poczworna-pionowa-2222-biala-keemple-smart-home-kopia\/","og_locale":"en_US","og_type":"article","og_title":"Quadruple vertical frame 2+2+2+2 White Keemple Smart Home - Keemple","og_description":"Keemple - Quadruple vertical frame 2+2+2+2 White Keemple Smart Home","og_url":"https:\/\/keemplesklep.pl\/produkt\/ramka-poczworna-pionowa-2222-biala-keemple-smart-home-kopia\/","og_site_name":"Keemple","article_modified_time":"2024-11-12T11:46:07+00:00","og_image":[{"width":2735,"height":1989,"url":"https:\/\/keemplesklep.pl\/wp-content\/uploads\/2024\/03\/KP-4W-V-format-na-strone-bez-tla.png","type":"image\/png"}],"twitter_card":"summary_large_image","twitter_misc":{"Est. reading time":"3 minutes"},"schema":{"@context":"https:\/\/schema.org","@graph":[{"@type":"WebPage","@id":"https:\/\/keemplesklep.pl\/produkt\/ramka-poczworna-pionowa-2222-biala-keemple-smart-home-kopia\/","url":"https:\/\/keemplesklep.pl\/produkt\/ramka-poczworna-pionowa-2222-biala-keemple-smart-home-kopia\/","name":"Quadruple vertical frame 2+2+2+2 White Keemple Smart Home - Keemple","isPartOf":{"@id":"https:\/\/keemplesklep.pl\/#website"},"primaryImageOfPage":{"@id":"https:\/\/keemplesklep.pl\/produkt\/ramka-poczworna-pionowa-2222-biala-keemple-smart-home-kopia\/#primaryimage"},"image":{"@id":"https:\/\/keemplesklep.pl\/produkt\/ramka-poczworna-pionowa-2222-biala-keemple-smart-home-kopia\/#primaryimage"},"thumbnailUrl":"https:\/\/keemplesklep.pl\/wp-content\/uploads\/2024\/03\/KP-4W-V-format-na-strone-bez-tla.png","datePublished":"2024-04-09T08:00:47+00:00","dateModified":"2024-11-12T11:46:07+00:00","description":"Keemple - Quadruple vertical frame 2+2+2+2 White Keemple Smart Home","breadcrumb":{"@id":"https:\/\/keemplesklep.pl\/produkt\/ramka-poczworna-pionowa-2222-biala-keemple-smart-home-kopia\/#breadcrumb"},"inLanguage":"en-US","potentialAction":[{"@type":"ReadAction","target":["https:\/\/keemplesklep.pl\/produkt\/ramka-poczworna-pionowa-2222-biala-keemple-smart-home-kopia\/"]}]},{"@type":"ImageObject","inLanguage":"en-US","@id":"https:\/\/keemplesklep.pl\/produkt\/ramka-poczworna-pionowa-2222-biala-keemple-smart-home-kopia\/#primaryimage","url":"https:\/\/keemplesklep.pl\/wp-content\/uploads\/2024\/03\/KP-4W-V-format-na-strone-bez-tla.png","contentUrl":"https:\/\/keemplesklep.pl\/wp-content\/uploads\/2024\/03\/KP-4W-V-format-na-strone-bez-tla.png","width":2735,"height":1989,"caption":"Ramka pionowa poczw\u00f3rna bia\u0142a"},{"@type":"BreadcrumbList","@id":"https:\/\/keemplesklep.pl\/produkt\/ramka-poczworna-pionowa-2222-biala-keemple-smart-home-kopia\/#breadcrumb","itemListElement":[{"@type":"ListItem","position":1,"name":"Strona g\u0142\u00f3wna","item":"https:\/\/keemplesklep.pl\/en\/"},{"@type":"ListItem","position":2,"name":"Smart home sklep","item":"https:\/\/keemplesklep.pl\/sklep\/"},{"@type":"ListItem","position":3,"name":"Quadruple vertical frame 2+2+2+2 White Keemple Smart Home"}]},{"@type":"WebSite","@id":"https:\/\/keemplesklep.pl\/#website","url":"https:\/\/keemplesklep.pl\/","name":"Keemple","description":"Inteligentny dom - urz\u0105d\u017a smart home z inteligentnymi urz\u0105dzeniami","publisher":{"@id":"https:\/\/keemplesklep.pl\/#organization"},"potentialAction":[{"@type":"SearchAction","target":{"@type":"EntryPoint","urlTemplate":"https:\/\/keemplesklep.pl\/?s={search_term_string}"},"query-input":{"@type":"PropertyValueSpecification","valueRequired":true,"valueName":"search_term_string"}}],"inLanguage":"en-US"},{"@type":"Organization","@id":"https:\/\/keemplesklep.pl\/#organization","name":"Keemple","url":"https:\/\/keemplesklep.pl\/","logo":{"@type":"ImageObject","inLanguage":"en-US","@id":"https:\/\/keemplesklep.pl\/#\/schema\/logo\/image\/","url":"https:\/\/keemplesklep.pl\/wp-content\/uploads\/2023\/03\/cropped-logonew.png","contentUrl":"https:\/\/keemplesklep.pl\/wp-content\/uploads\/2023\/03\/cropped-logonew.png","width":367,"height":163,"caption":"Keemple"},"image":{"@id":"https:\/\/keemplesklep.pl\/#\/schema\/logo\/image\/"}}]}},"_links":{"self":[{"href":"https:\/\/keemplesklep.pl\/en\/wp-json\/wp\/v2\/product\/3372","targetHints":{"allow":["GET"]}}],"collection":[{"href":"https:\/\/keemplesklep.pl\/en\/wp-json\/wp\/v2\/product"}],"about":[{"href":"https:\/\/keemplesklep.pl\/en\/wp-json\/wp\/v2\/types\/product"}],"replies":[{"embeddable":true,"href":"https:\/\/keemplesklep.pl\/en\/wp-json\/wp\/v2\/comments?post=3372"}],"wp:featuredmedia":[{"embeddable":true,"href":"https:\/\/keemplesklep.pl\/en\/wp-json\/wp\/v2\/media\/3155"}],"wp:attachment":[{"href":"https:\/\/keemplesklep.pl\/en\/wp-json\/wp\/v2\/media?parent=3372"}],"wp:term":[{"taxonomy":"product_brand","embeddable":true,"href":"https:\/\/keemplesklep.pl\/en\/wp-json\/wp\/v2\/product_brand?post=3372"},{"taxonomy":"product_cat","embeddable":true,"href":"https:\/\/keemplesklep.pl\/en\/wp-json\/wp\/v2\/product_cat?post=3372"},{"taxonomy":"product_tag","embeddable":true,"href":"https:\/\/keemplesklep.pl\/en\/wp-json\/wp\/v2\/product_tag?post=3372"}],"curies":[{"name":"wp","href":"https:\/\/api.w.org\/{rel}","templated":true}]}}