{"id":3371,"date":"2024-03-21T15:25:48","date_gmt":"2024-04-09T07:58:03","guid":{"rendered":"https:\/\/keemplesklep.pl\/produkt\/quadruple-horizontal-frame-2222-black-keemple-smart-home\/"},"modified":"2024-12-01T00:01:48","modified_gmt":"2024-11-30T23:01:48","slug":"quad-frame-horizontal-2222-black-keemple-smart-home","status":"publish","type":"product","link":"https:\/\/keemplesklep.pl\/en\/produkt\/quad-frame-horizontal-2222-black-keemple-smart-home\/","title":{"rendered":"Quadruple horizontal frame 2+2+2+2 Black Keemple Smart Home"},"content":{"rendered":"<div class=\"flex-1 overflow-hidden\">\n<div class=\"react-scroll-to-bottom--css-qwojh-79elbk h-full\">\n<div class=\"react-scroll-to-bottom--css-qwojh-1n7m0yu\">\n<div class=\"flex flex-col text-sm pb-9\">\n<div class=\"w-full text-token-text-primary\" data-testid=\"conversation-turn-15\">\n<div class=\"px-4 py-2 justify-center text-base md:gap-6 m-auto\">\n<div class=\"flex flex-1 text-base mx-auto gap-3 md:px-5 lg:px-1 xl:px-5 md:max-w-3xl lg:max-w-[40rem] xl:max-w-[48rem] group final-completion\">\n<div class=\"relative flex w-full flex-col agent-turn\">\n<div class=\"flex-col gap-1 md:gap-3\">\n<div class=\"flex flex-grow flex-col max-w-full\">\n<div class=\"min-h-[20px] text-message flex flex-col items-start gap-3 whitespace-pre-wrap break-words [.text-message+&amp;]:mt-5 overflow-x-auto\" data-message-author-role=\"assistant\" data-message-id=\"fdd3bd42-ecb3-495b-ac00-545716c292a0\">\n<div class=\"markdown prose w-full break-words dark:prose-invert light\">\n<p>Our elegant, black, quadruple horizontal frame with a glass panel is intended for the Keemple smart switch system, synonymous with modernity and functional design. Specially designed to work with four intelligent switches, it not only ensures ease of use, but also adds a unique character to any room in which it is found.<\/p>\n<p>Made of the highest quality materials, our quadruple frame is exceptionally durable and resistant, which guarantees its durability even after intensive use. The black color, combined with an elegant glass panel, creates a refined contrast that fits perfectly into modern interior arrangements, adding depth and a stylish accent.<\/p>\n<p>The minimalist design of this frame is not only a matter of aesthetics &#8211; it is also a well-thought-out response to the needs of users who are looking for simple but effective solutions. The glass panel not only emphasizes the elegance of the product, but also facilitates its cleaning, ensuring trouble-free maintenance and a long-lasting, flawless appearance.<\/p>\n<p>Our frame is the perfect solution for everyone who wants to combine advanced smart home technology with a subtle but expressive design. It is a perfect complement to modern spaces, while facilitating everyday management of home functions. By investing in our black quadruple horizontal frame, you choose not only comfort and functionality, but also a unique style that will transform any interior.<\/p>\n<\/div>\n<\/div>\n<\/div>\n<\/div>\n<\/div>\n<\/div>\n<\/div>\n<\/div>\n<\/div>\n<\/div>\n<\/div>\n<\/div>\n<div class=\"gsp_post_data\" \r\n\t            data-post_type=\"product\" \r\n\t            data-cat=\"\" \r\n\t            data-modified=\"120\"\r\n\t            data-created=\"1711034748\"\r\n\t            data-title=\"Quadruple horizontal frame 2+2+2+2 Black Keemple Smart Home\" \r\n\t            data-home=\"https:\/\/keemplesklep.pl\/en\/\"><\/div>","protected":false},"excerpt":{"rendered":"<div class=\"flex-1 overflow-hidden\">\n<div class=\"react-scroll-to-bottom--css-qwojh-79elbk h-full\">\n<div class=\"react-scroll-to-bottom--css-qwojh-1n7m0yu\">\n<div class=\"flex flex-col text-sm pb-9\">\n<div class=\"w-full text-token-text-primary\" data-testid=\"conversation-turn-19\">\n<div class=\"px-4 py-2 justify-center text-base md:gap-6 m-auto\">\n<div class=\"flex flex-1 text-base mx-auto gap-3 md:px-5 lg:px-1 xl:px-5 md:max-w-3xl lg:max-w-[40rem] xl:max-w-[48rem] group final-completion\">\n<div class=\"relative flex w-full flex-col agent-turn\">\n<div class=\"flex-col gap-1 md:gap-3\">\n<div class=\"flex flex-grow flex-col max-w-full\">\n<div class=\"min-h-[20px] text-message flex flex-col items-start gap-3 whitespace-pre-wrap break-words [.text-message+&amp;]:mt-5 overflow-x-auto\" data-message-author-role=\"assistant\" data-message-id=\"0a8f3f25-ef3e-49cb-8c23-e52244d1e33e\">\n<div class=\"markdown prose w-full break-words dark:prose-invert light\">\n<p>Our black, minimalist quadruple vertical frame with a glass panel, dedicated to Keemple smart switches, combines modern design with advanced functionality. Made of high-quality materials, it guarantees durability and an elegant appearance, perfectly matching any interior. This frame is an excellent choice for people who value refined simplicity and innovative solutions in a smart home.<\/p>\n<\/div>\n<\/div>\n<\/div>\n<div class=\"mt-1 flex justify-start gap-3 empty:hidden\">\n<div class=\"text-gray-400 flex self-end lg:self-center items-center justify-center lg:justify-start mt-0 -ml-1 h-7 gap-[2px] visible\">\n<p>&nbsp;<\/p>\n<div class=\"flex items-center gap-1.5 text-xs\"><\/div>\n<div class=\"flex\"><\/div>\n<\/div>\n<\/div>\n<div class=\"pr-2 lg:pr-0\"><\/div>\n<\/div>\n<\/div>\n<\/div>\n<\/div>\n<\/div>\n<\/div>\n<\/div>\n<\/div>\n<\/div>\n<div class=\"w-full pt-2 md:pt-0 dark:border-white\/20 md:border-transparent md:dark:border-transparent md:w-[calc(100%-.5rem)]\">\n<form class=\"stretch mx-2 flex flex-row gap-3 last:mb-2 md:mx-4 md:last:mb-6 lg:mx-auto lg:max-w-2xl xl:max-w-3xl\">\n<div class=\"relative flex h-full flex-1 flex-col\">\n<div class=\"absolute bottom-full left-0 right-0\"><\/div>\n<div class=\"flex w-full items-center\"><\/div>\n<\/div>\n<\/form>\n<\/div>\n","protected":false},"featured_media":3159,"comment_status":"open","ping_status":"closed","template":"","meta":{"_acf_changed":false},"product_brand":[],"product_cat":[201],"product_tag":[166,226,225,157],"class_list":{"0":"post-3371","1":"product","2":"type-product","3":"status-publish","4":"has-post-thumbnail","6":"product_cat-keemple-frames-and-panels","7":"product_tag-frame","8":"product_tag-glass-panel","9":"product_tag-intelligent-lighting","10":"product_tag-keemple-en","12":"first","13":"instock","14":"taxable","15":"shipping-taxable","16":"purchasable","17":"product-type-simple"},"acf":[],"yoast_head":"<!-- This site is optimized with the Yoast SEO plugin v27.4 - https:\/\/yoast.com\/product\/yoast-seo-wordpress\/ -->\n<title>Quadruple horizontal frame 2+2+2+2 Black Keemple Smart Home - Keemple<\/title>\n<meta name=\"description\" content=\"Keemple - Quadruple horizontal frame 2+2+2+2 Black Keemple Smart Home\" \/>\n<meta name=\"robots\" content=\"index, follow, max-snippet:-1, max-image-preview:large, max-video-preview:-1\" \/>\n<link rel=\"canonical\" href=\"https:\/\/keemplesklep.pl\/produkt\/ramka-poczworna-pozioma-2222-czarna-keemple-smart-home\/\" \/>\n<meta property=\"og:locale\" content=\"en_US\" \/>\n<meta property=\"og:type\" content=\"article\" \/>\n<meta property=\"og:title\" content=\"Quadruple horizontal frame 2+2+2+2 Black Keemple Smart Home - Keemple\" \/>\n<meta property=\"og:description\" content=\"Keemple - Quadruple horizontal frame 2+2+2+2 Black Keemple Smart Home\" \/>\n<meta property=\"og:url\" content=\"https:\/\/keemplesklep.pl\/produkt\/ramka-poczworna-pozioma-2222-czarna-keemple-smart-home\/\" \/>\n<meta property=\"og:site_name\" content=\"Keemple\" \/>\n<meta property=\"article:modified_time\" content=\"2024-11-30T23:01:48+00:00\" \/>\n<meta property=\"og:image\" content=\"https:\/\/keemplesklep.pl\/wp-content\/uploads\/2024\/03\/KP-4B-H-bez-tla-format-na-strone-1.png\" \/>\n\t<meta property=\"og:image:width\" content=\"2735\" \/>\n\t<meta property=\"og:image:height\" content=\"1989\" \/>\n\t<meta property=\"og:image:type\" content=\"image\/png\" \/>\n<meta name=\"twitter:card\" content=\"summary_large_image\" \/>\n<meta name=\"twitter:label1\" content=\"Est. reading time\" \/>\n\t<meta name=\"twitter:data1\" content=\"2 minutes\" \/>\n<script type=\"application\/ld+json\" class=\"yoast-schema-graph\">{\"@context\":\"https:\\\/\\\/schema.org\",\"@graph\":[{\"@type\":\"WebPage\",\"@id\":\"https:\\\/\\\/keemplesklep.pl\\\/produkt\\\/ramka-poczworna-pozioma-2222-czarna-keemple-smart-home\\\/\",\"url\":\"https:\\\/\\\/keemplesklep.pl\\\/produkt\\\/ramka-poczworna-pozioma-2222-czarna-keemple-smart-home\\\/\",\"name\":\"Quadruple horizontal frame 2+2+2+2 Black Keemple Smart Home - Keemple\",\"isPartOf\":{\"@id\":\"https:\\\/\\\/keemplesklep.pl\\\/#website\"},\"primaryImageOfPage\":{\"@id\":\"https:\\\/\\\/keemplesklep.pl\\\/produkt\\\/ramka-poczworna-pozioma-2222-czarna-keemple-smart-home\\\/#primaryimage\"},\"image\":{\"@id\":\"https:\\\/\\\/keemplesklep.pl\\\/produkt\\\/ramka-poczworna-pozioma-2222-czarna-keemple-smart-home\\\/#primaryimage\"},\"thumbnailUrl\":\"https:\\\/\\\/keemplesklep.pl\\\/wp-content\\\/uploads\\\/2024\\\/03\\\/KP-4B-H-bez-tla-format-na-strone-1.png\",\"datePublished\":\"2024-04-09T07:58:03+00:00\",\"dateModified\":\"2024-11-30T23:01:48+00:00\",\"description\":\"Keemple - Quadruple horizontal frame 2+2+2+2 Black Keemple Smart Home\",\"breadcrumb\":{\"@id\":\"https:\\\/\\\/keemplesklep.pl\\\/produkt\\\/ramka-poczworna-pozioma-2222-czarna-keemple-smart-home\\\/#breadcrumb\"},\"inLanguage\":\"en-US\",\"potentialAction\":[{\"@type\":\"ReadAction\",\"target\":[\"https:\\\/\\\/keemplesklep.pl\\\/produkt\\\/ramka-poczworna-pozioma-2222-czarna-keemple-smart-home\\\/\"]}]},{\"@type\":\"ImageObject\",\"inLanguage\":\"en-US\",\"@id\":\"https:\\\/\\\/keemplesklep.pl\\\/produkt\\\/ramka-poczworna-pozioma-2222-czarna-keemple-smart-home\\\/#primaryimage\",\"url\":\"https:\\\/\\\/keemplesklep.pl\\\/wp-content\\\/uploads\\\/2024\\\/03\\\/KP-4B-H-bez-tla-format-na-strone-1.png\",\"contentUrl\":\"https:\\\/\\\/keemplesklep.pl\\\/wp-content\\\/uploads\\\/2024\\\/03\\\/KP-4B-H-bez-tla-format-na-strone-1.png\",\"width\":2735,\"height\":1989,\"caption\":\"Ramka poczw\u00f3rna czarna Keemple\"},{\"@type\":\"BreadcrumbList\",\"@id\":\"https:\\\/\\\/keemplesklep.pl\\\/produkt\\\/ramka-poczworna-pozioma-2222-czarna-keemple-smart-home\\\/#breadcrumb\",\"itemListElement\":[{\"@type\":\"ListItem\",\"position\":1,\"name\":\"Strona g\u0142\u00f3wna\",\"item\":\"https:\\\/\\\/keemplesklep.pl\\\/en\\\/\"},{\"@type\":\"ListItem\",\"position\":2,\"name\":\"Smart home sklep\",\"item\":\"https:\\\/\\\/keemplesklep.pl\\\/sklep\\\/\"},{\"@type\":\"ListItem\",\"position\":3,\"name\":\"Quadruple horizontal frame 2+2+2+2 Black Keemple Smart Home\"}]},{\"@type\":\"WebSite\",\"@id\":\"https:\\\/\\\/keemplesklep.pl\\\/#website\",\"url\":\"https:\\\/\\\/keemplesklep.pl\\\/\",\"name\":\"Keemple\",\"description\":\"Inteligentny dom - urz\u0105d\u017a smart home z inteligentnymi urz\u0105dzeniami\",\"publisher\":{\"@id\":\"https:\\\/\\\/keemplesklep.pl\\\/#organization\"},\"potentialAction\":[{\"@type\":\"SearchAction\",\"target\":{\"@type\":\"EntryPoint\",\"urlTemplate\":\"https:\\\/\\\/keemplesklep.pl\\\/?s={search_term_string}\"},\"query-input\":{\"@type\":\"PropertyValueSpecification\",\"valueRequired\":true,\"valueName\":\"search_term_string\"}}],\"inLanguage\":\"en-US\"},{\"@type\":\"Organization\",\"@id\":\"https:\\\/\\\/keemplesklep.pl\\\/#organization\",\"name\":\"Keemple\",\"url\":\"https:\\\/\\\/keemplesklep.pl\\\/\",\"logo\":{\"@type\":\"ImageObject\",\"inLanguage\":\"en-US\",\"@id\":\"https:\\\/\\\/keemplesklep.pl\\\/#\\\/schema\\\/logo\\\/image\\\/\",\"url\":\"https:\\\/\\\/keemplesklep.pl\\\/wp-content\\\/uploads\\\/2023\\\/03\\\/cropped-logonew.png\",\"contentUrl\":\"https:\\\/\\\/keemplesklep.pl\\\/wp-content\\\/uploads\\\/2023\\\/03\\\/cropped-logonew.png\",\"width\":367,\"height\":163,\"caption\":\"Keemple\"},\"image\":{\"@id\":\"https:\\\/\\\/keemplesklep.pl\\\/#\\\/schema\\\/logo\\\/image\\\/\"}}]}<\/script>\n<!-- \/ Yoast SEO plugin. -->","yoast_head_json":{"title":"Quadruple horizontal frame 2+2+2+2 Black Keemple Smart Home - Keemple","description":"Keemple - Quadruple horizontal frame 2+2+2+2 Black Keemple Smart Home","robots":{"index":"index","follow":"follow","max-snippet":"max-snippet:-1","max-image-preview":"max-image-preview:large","max-video-preview":"max-video-preview:-1"},"canonical":"https:\/\/keemplesklep.pl\/produkt\/ramka-poczworna-pozioma-2222-czarna-keemple-smart-home\/","og_locale":"en_US","og_type":"article","og_title":"Quadruple horizontal frame 2+2+2+2 Black Keemple Smart Home - Keemple","og_description":"Keemple - Quadruple horizontal frame 2+2+2+2 Black Keemple Smart Home","og_url":"https:\/\/keemplesklep.pl\/produkt\/ramka-poczworna-pozioma-2222-czarna-keemple-smart-home\/","og_site_name":"Keemple","article_modified_time":"2024-11-30T23:01:48+00:00","og_image":[{"width":2735,"height":1989,"url":"https:\/\/keemplesklep.pl\/wp-content\/uploads\/2024\/03\/KP-4B-H-bez-tla-format-na-strone-1.png","type":"image\/png"}],"twitter_card":"summary_large_image","twitter_misc":{"Est. reading time":"2 minutes"},"schema":{"@context":"https:\/\/schema.org","@graph":[{"@type":"WebPage","@id":"https:\/\/keemplesklep.pl\/produkt\/ramka-poczworna-pozioma-2222-czarna-keemple-smart-home\/","url":"https:\/\/keemplesklep.pl\/produkt\/ramka-poczworna-pozioma-2222-czarna-keemple-smart-home\/","name":"Quadruple horizontal frame 2+2+2+2 Black Keemple Smart Home - Keemple","isPartOf":{"@id":"https:\/\/keemplesklep.pl\/#website"},"primaryImageOfPage":{"@id":"https:\/\/keemplesklep.pl\/produkt\/ramka-poczworna-pozioma-2222-czarna-keemple-smart-home\/#primaryimage"},"image":{"@id":"https:\/\/keemplesklep.pl\/produkt\/ramka-poczworna-pozioma-2222-czarna-keemple-smart-home\/#primaryimage"},"thumbnailUrl":"https:\/\/keemplesklep.pl\/wp-content\/uploads\/2024\/03\/KP-4B-H-bez-tla-format-na-strone-1.png","datePublished":"2024-04-09T07:58:03+00:00","dateModified":"2024-11-30T23:01:48+00:00","description":"Keemple - Quadruple horizontal frame 2+2+2+2 Black Keemple Smart Home","breadcrumb":{"@id":"https:\/\/keemplesklep.pl\/produkt\/ramka-poczworna-pozioma-2222-czarna-keemple-smart-home\/#breadcrumb"},"inLanguage":"en-US","potentialAction":[{"@type":"ReadAction","target":["https:\/\/keemplesklep.pl\/produkt\/ramka-poczworna-pozioma-2222-czarna-keemple-smart-home\/"]}]},{"@type":"ImageObject","inLanguage":"en-US","@id":"https:\/\/keemplesklep.pl\/produkt\/ramka-poczworna-pozioma-2222-czarna-keemple-smart-home\/#primaryimage","url":"https:\/\/keemplesklep.pl\/wp-content\/uploads\/2024\/03\/KP-4B-H-bez-tla-format-na-strone-1.png","contentUrl":"https:\/\/keemplesklep.pl\/wp-content\/uploads\/2024\/03\/KP-4B-H-bez-tla-format-na-strone-1.png","width":2735,"height":1989,"caption":"Ramka poczw\u00f3rna czarna Keemple"},{"@type":"BreadcrumbList","@id":"https:\/\/keemplesklep.pl\/produkt\/ramka-poczworna-pozioma-2222-czarna-keemple-smart-home\/#breadcrumb","itemListElement":[{"@type":"ListItem","position":1,"name":"Strona g\u0142\u00f3wna","item":"https:\/\/keemplesklep.pl\/en\/"},{"@type":"ListItem","position":2,"name":"Smart home sklep","item":"https:\/\/keemplesklep.pl\/sklep\/"},{"@type":"ListItem","position":3,"name":"Quadruple horizontal frame 2+2+2+2 Black Keemple Smart Home"}]},{"@type":"WebSite","@id":"https:\/\/keemplesklep.pl\/#website","url":"https:\/\/keemplesklep.pl\/","name":"Keemple","description":"Inteligentny dom - urz\u0105d\u017a smart home z inteligentnymi urz\u0105dzeniami","publisher":{"@id":"https:\/\/keemplesklep.pl\/#organization"},"potentialAction":[{"@type":"SearchAction","target":{"@type":"EntryPoint","urlTemplate":"https:\/\/keemplesklep.pl\/?s={search_term_string}"},"query-input":{"@type":"PropertyValueSpecification","valueRequired":true,"valueName":"search_term_string"}}],"inLanguage":"en-US"},{"@type":"Organization","@id":"https:\/\/keemplesklep.pl\/#organization","name":"Keemple","url":"https:\/\/keemplesklep.pl\/","logo":{"@type":"ImageObject","inLanguage":"en-US","@id":"https:\/\/keemplesklep.pl\/#\/schema\/logo\/image\/","url":"https:\/\/keemplesklep.pl\/wp-content\/uploads\/2023\/03\/cropped-logonew.png","contentUrl":"https:\/\/keemplesklep.pl\/wp-content\/uploads\/2023\/03\/cropped-logonew.png","width":367,"height":163,"caption":"Keemple"},"image":{"@id":"https:\/\/keemplesklep.pl\/#\/schema\/logo\/image\/"}}]}},"_links":{"self":[{"href":"https:\/\/keemplesklep.pl\/en\/wp-json\/wp\/v2\/product\/3371","targetHints":{"allow":["GET"]}}],"collection":[{"href":"https:\/\/keemplesklep.pl\/en\/wp-json\/wp\/v2\/product"}],"about":[{"href":"https:\/\/keemplesklep.pl\/en\/wp-json\/wp\/v2\/types\/product"}],"replies":[{"embeddable":true,"href":"https:\/\/keemplesklep.pl\/en\/wp-json\/wp\/v2\/comments?post=3371"}],"wp:featuredmedia":[{"embeddable":true,"href":"https:\/\/keemplesklep.pl\/en\/wp-json\/wp\/v2\/media\/3159"}],"wp:attachment":[{"href":"https:\/\/keemplesklep.pl\/en\/wp-json\/wp\/v2\/media?parent=3371"}],"wp:term":[{"taxonomy":"product_brand","embeddable":true,"href":"https:\/\/keemplesklep.pl\/en\/wp-json\/wp\/v2\/product_brand?post=3371"},{"taxonomy":"product_cat","embeddable":true,"href":"https:\/\/keemplesklep.pl\/en\/wp-json\/wp\/v2\/product_cat?post=3371"},{"taxonomy":"product_tag","embeddable":true,"href":"https:\/\/keemplesklep.pl\/en\/wp-json\/wp\/v2\/product_tag?post=3371"}],"curies":[{"name":"wp","href":"https:\/\/api.w.org\/{rel}","templated":true}]}}