{"id":3103,"date":"2022-09-29T13:50:47","date_gmt":"2024-03-20T14:20:17","guid":{"rendered":"https:\/\/keemplesklep.pl\/produkt\/keemple-z-wave-smart-home-universal-infrared-controller\/"},"modified":"2025-10-09T10:31:09","modified_gmt":"2025-10-09T08:31:09","slug":"uniwersalny-sterownik-podczerwieni","status":"publish","type":"product","link":"https:\/\/keemplesklep.pl\/en\/produkt\/uniwersalny-sterownik-podczerwieni\/","title":{"rendered":"Keemple Z-wave Smart Home Universal Infrared Controller"},"content":{"rendered":"<h4>Universal Infrared Controller<\/h4>\n<p>The reliable Keemple infrared controller has many functions. Above all, it allows you to control compatible electronic devices that are operated by infrared remote controls, such as TV, air conditioning or Audio receivers. With this product, you no longer need to look for several different remote controls in your flat &#8211; all you need is this device and the free Keemple 2.0 app.<\/p>\n<p><img loading=\"lazy\" decoding=\"async\" class=\"aligncenter wp-image-711 size-full\" src=\"https:\/\/keemplesklep.pl\/wp-content\/uploads\/2022\/09\/uniwersalny-sterownik-podczerwieni.jpg\" alt=\"A woman switches channels with an infrared remote control while sitting on the sofa. \" width=\"850\" height=\"567\" \/><\/p>\n<h4>Convenient and modern control<\/h4>\n<p>The smart controller will prove its worth in any home. This device is characterised by its minimalist design and modernity. Its small dimensions, classic, minimalist colour and neat shape will fit perfectly into your interior design. It can function as a remote control for your TV, home cinema system, media projector or air conditioning. It is programmable, meaning it can operate at specific times and days of the week. The Keemple 2.0 app allows us to manage our home from anywhere. By creating a <a href=\"https:\/\/keemplesklep.pl\/en\/saving-with-a-smart-home-system\/\">scenario<\/a> using the universal infrared controller, it is possible to set the times at which we want our air conditioning to run. This allows us to regulate the operating times of the unit and therefore better control the energy consumption of our household.<\/p>\n<h4>Infrared controller &#8211; how does it work?<\/h4>\n<p>The universal infrared controller cooperates with your phone thanks to the Keemple 2.0 app and the Keemple system gateway via wireless WiFi communication at 2.4 GHz. What is important is that the product uses an omni-directional infrared beam, which operates at a distance of up to 8 metres. As a result, this allows smart control of many everyday devices using the remote control.<\/p>\n<p><img loading=\"lazy\" decoding=\"async\" class=\"alignnone size-full wp-image-1957\" src=\"https:\/\/keemplesklep.pl\/wp-content\/uploads\/2024\/05\/Obszar-roboczy-1-kopia-9.webp\" alt=\"infographic showing the appearance and operation of the keemple smart infrared controller.\" width=\"2362\" height=\"1772\" \/><\/p>\n<p><strong>The infrared controller can be added to the Keemple KP-GW-07 Gateway and can be used to its full potential using the Keemple 2.0 app.<\/strong><\/p>\n<div class=\"gsp_post_data\" \r\n\t            data-post_type=\"product\" \r\n\t            data-cat=\"\" \r\n\t            data-modified=\"120\"\r\n\t            data-created=\"1664459447\"\r\n\t            data-title=\"Keemple Z-wave Smart Home Universal Infrared Controller\" \r\n\t            data-home=\"https:\/\/keemplesklep.pl\/en\/\"><\/div>","protected":false},"excerpt":{"rendered":"<p>Thanks to the universal infrared controller, we can control devices that have an infrared receiver. We are able to control devices such as air conditioning, TV, radio, receivers using the Keemple 2.0 application. Sterowanie tymi urz\u0105dzeniami odbywa si\u0119 przy wykorzystaniu jednego pilota.<\/p>\n<p>&nbsp;<\/p>\n","protected":false},"featured_media":2776,"comment_status":"closed","ping_status":"closed","template":"","meta":{"_acf_changed":false},"product_brand":[],"product_cat":[207],"product_tag":[157,178,177],"class_list":{"0":"post-3103","1":"product","2":"type-product","3":"status-publish","4":"has-post-thumbnail","6":"product_cat-smart-infrared-controller","7":"product_tag-keemple-en","8":"product_tag-remote-control","9":"product_tag-z-wave-en","11":"first","12":"instock","13":"taxable","14":"shipping-taxable","15":"purchasable","16":"product-type-simple"},"acf":[],"yoast_head":"<!-- This site is optimized with the Yoast SEO plugin v27.4 - https:\/\/yoast.com\/product\/yoast-seo-wordpress\/ -->\n<title>Keemple Z-wave Smart Home Universal Infrared Controller - Keemple<\/title>\n<meta name=\"description\" content=\"Keemple - Keemple Z-wave Smart Home Universal Infrared Controller - possibility of remote control of devices using an infrared remote control!\" \/>\n<meta name=\"robots\" content=\"index, follow, max-snippet:-1, max-image-preview:large, max-video-preview:-1\" \/>\n<link rel=\"canonical\" href=\"https:\/\/keemplesklep.pl\/en\/produkt\/uniwersalny-sterownik-podczerwieni\/\" \/>\n<meta property=\"og:locale\" content=\"en_US\" \/>\n<meta property=\"og:type\" content=\"article\" \/>\n<meta property=\"og:title\" content=\"Keemple Z-wave Smart Home Universal Infrared Controller - Keemple\" \/>\n<meta property=\"og:description\" content=\"Keemple - Keemple Z-wave Smart Home Universal Infrared Controller - possibility of remote control of devices using an infrared remote control!\" \/>\n<meta property=\"og:url\" content=\"https:\/\/keemplesklep.pl\/en\/produkt\/uniwersalny-sterownik-podczerwieni\/\" \/>\n<meta property=\"og:site_name\" content=\"Keemple\" \/>\n<meta property=\"article:modified_time\" content=\"2025-10-09T08:31:09+00:00\" \/>\n<meta property=\"og:image\" content=\"https:\/\/keemplesklep.pl\/wp-content\/uploads\/2022\/09\/Multimedia-Front.170-1.webp\" \/>\n\t<meta property=\"og:image:width\" content=\"1000\" \/>\n\t<meta property=\"og:image:height\" content=\"800\" \/>\n\t<meta property=\"og:image:type\" content=\"image\/webp\" \/>\n<meta name=\"twitter:card\" content=\"summary_large_image\" \/>\n<meta name=\"twitter:label1\" content=\"Est. reading time\" \/>\n\t<meta name=\"twitter:data1\" content=\"3 minutes\" \/>\n<script type=\"application\/ld+json\" class=\"yoast-schema-graph\">{\"@context\":\"https:\\\/\\\/schema.org\",\"@graph\":[{\"@type\":\"WebPage\",\"@id\":\"https:\\\/\\\/keemplesklep.pl\\\/en\\\/produkt\\\/uniwersalny-sterownik-podczerwieni\\\/\",\"url\":\"https:\\\/\\\/keemplesklep.pl\\\/en\\\/produkt\\\/uniwersalny-sterownik-podczerwieni\\\/\",\"name\":\"Keemple Z-wave Smart Home Universal Infrared Controller - Keemple\",\"isPartOf\":{\"@id\":\"https:\\\/\\\/keemplesklep.pl\\\/#website\"},\"primaryImageOfPage\":{\"@id\":\"https:\\\/\\\/keemplesklep.pl\\\/en\\\/produkt\\\/uniwersalny-sterownik-podczerwieni\\\/#primaryimage\"},\"image\":{\"@id\":\"https:\\\/\\\/keemplesklep.pl\\\/en\\\/produkt\\\/uniwersalny-sterownik-podczerwieni\\\/#primaryimage\"},\"thumbnailUrl\":\"https:\\\/\\\/keemplesklep.pl\\\/wp-content\\\/uploads\\\/2022\\\/09\\\/Multimedia-Front.170-1.webp\",\"datePublished\":\"2024-03-20T14:20:17+00:00\",\"dateModified\":\"2025-10-09T08:31:09+00:00\",\"description\":\"Keemple - Keemple Z-wave Smart Home Universal Infrared Controller - possibility of remote control of devices using an infrared remote control!\",\"breadcrumb\":{\"@id\":\"https:\\\/\\\/keemplesklep.pl\\\/en\\\/produkt\\\/uniwersalny-sterownik-podczerwieni\\\/#breadcrumb\"},\"inLanguage\":\"en-US\",\"potentialAction\":[{\"@type\":\"ReadAction\",\"target\":[\"https:\\\/\\\/keemplesklep.pl\\\/en\\\/produkt\\\/uniwersalny-sterownik-podczerwieni\\\/\"]}]},{\"@type\":\"ImageObject\",\"inLanguage\":\"en-US\",\"@id\":\"https:\\\/\\\/keemplesklep.pl\\\/en\\\/produkt\\\/uniwersalny-sterownik-podczerwieni\\\/#primaryimage\",\"url\":\"https:\\\/\\\/keemplesklep.pl\\\/wp-content\\\/uploads\\\/2022\\\/09\\\/Multimedia-Front.170-1.webp\",\"contentUrl\":\"https:\\\/\\\/keemplesklep.pl\\\/wp-content\\\/uploads\\\/2022\\\/09\\\/Multimedia-Front.170-1.webp\",\"width\":1000,\"height\":800,\"caption\":\"Inteligentny uniwersalny sterownik podczerwieni\"},{\"@type\":\"BreadcrumbList\",\"@id\":\"https:\\\/\\\/keemplesklep.pl\\\/en\\\/produkt\\\/uniwersalny-sterownik-podczerwieni\\\/#breadcrumb\",\"itemListElement\":[{\"@type\":\"ListItem\",\"position\":1,\"name\":\"Strona g\u0142\u00f3wna\",\"item\":\"https:\\\/\\\/keemplesklep.pl\\\/en\\\/\"},{\"@type\":\"ListItem\",\"position\":2,\"name\":\"Smart home sklep\",\"item\":\"https:\\\/\\\/keemplesklep.pl\\\/sklep\\\/\"},{\"@type\":\"ListItem\",\"position\":3,\"name\":\"Keemple Z-wave Smart Home Universal Infrared Controller\"}]},{\"@type\":\"WebSite\",\"@id\":\"https:\\\/\\\/keemplesklep.pl\\\/#website\",\"url\":\"https:\\\/\\\/keemplesklep.pl\\\/\",\"name\":\"Keemple\",\"description\":\"Inteligentny dom - urz\u0105d\u017a smart home z inteligentnymi urz\u0105dzeniami\",\"publisher\":{\"@id\":\"https:\\\/\\\/keemplesklep.pl\\\/#organization\"},\"potentialAction\":[{\"@type\":\"SearchAction\",\"target\":{\"@type\":\"EntryPoint\",\"urlTemplate\":\"https:\\\/\\\/keemplesklep.pl\\\/?s={search_term_string}\"},\"query-input\":{\"@type\":\"PropertyValueSpecification\",\"valueRequired\":true,\"valueName\":\"search_term_string\"}}],\"inLanguage\":\"en-US\"},{\"@type\":\"Organization\",\"@id\":\"https:\\\/\\\/keemplesklep.pl\\\/#organization\",\"name\":\"Keemple\",\"url\":\"https:\\\/\\\/keemplesklep.pl\\\/\",\"logo\":{\"@type\":\"ImageObject\",\"inLanguage\":\"en-US\",\"@id\":\"https:\\\/\\\/keemplesklep.pl\\\/#\\\/schema\\\/logo\\\/image\\\/\",\"url\":\"https:\\\/\\\/keemplesklep.pl\\\/wp-content\\\/uploads\\\/2023\\\/03\\\/cropped-logonew.png\",\"contentUrl\":\"https:\\\/\\\/keemplesklep.pl\\\/wp-content\\\/uploads\\\/2023\\\/03\\\/cropped-logonew.png\",\"width\":367,\"height\":163,\"caption\":\"Keemple\"},\"image\":{\"@id\":\"https:\\\/\\\/keemplesklep.pl\\\/#\\\/schema\\\/logo\\\/image\\\/\"}}]}<\/script>\n<!-- \/ Yoast SEO plugin. -->","yoast_head_json":{"title":"Keemple Z-wave Smart Home Universal Infrared Controller - Keemple","description":"Keemple - Keemple Z-wave Smart Home Universal Infrared Controller - possibility of remote control of devices using an infrared remote control!","robots":{"index":"index","follow":"follow","max-snippet":"max-snippet:-1","max-image-preview":"max-image-preview:large","max-video-preview":"max-video-preview:-1"},"canonical":"https:\/\/keemplesklep.pl\/en\/produkt\/uniwersalny-sterownik-podczerwieni\/","og_locale":"en_US","og_type":"article","og_title":"Keemple Z-wave Smart Home Universal Infrared Controller - Keemple","og_description":"Keemple - Keemple Z-wave Smart Home Universal Infrared Controller - possibility of remote control of devices using an infrared remote control!","og_url":"https:\/\/keemplesklep.pl\/en\/produkt\/uniwersalny-sterownik-podczerwieni\/","og_site_name":"Keemple","article_modified_time":"2025-10-09T08:31:09+00:00","og_image":[{"width":1000,"height":800,"url":"https:\/\/keemplesklep.pl\/wp-content\/uploads\/2022\/09\/Multimedia-Front.170-1.webp","type":"image\/webp"}],"twitter_card":"summary_large_image","twitter_misc":{"Est. reading time":"3 minutes"},"schema":{"@context":"https:\/\/schema.org","@graph":[{"@type":"WebPage","@id":"https:\/\/keemplesklep.pl\/en\/produkt\/uniwersalny-sterownik-podczerwieni\/","url":"https:\/\/keemplesklep.pl\/en\/produkt\/uniwersalny-sterownik-podczerwieni\/","name":"Keemple Z-wave Smart Home Universal Infrared Controller - Keemple","isPartOf":{"@id":"https:\/\/keemplesklep.pl\/#website"},"primaryImageOfPage":{"@id":"https:\/\/keemplesklep.pl\/en\/produkt\/uniwersalny-sterownik-podczerwieni\/#primaryimage"},"image":{"@id":"https:\/\/keemplesklep.pl\/en\/produkt\/uniwersalny-sterownik-podczerwieni\/#primaryimage"},"thumbnailUrl":"https:\/\/keemplesklep.pl\/wp-content\/uploads\/2022\/09\/Multimedia-Front.170-1.webp","datePublished":"2024-03-20T14:20:17+00:00","dateModified":"2025-10-09T08:31:09+00:00","description":"Keemple - Keemple Z-wave Smart Home Universal Infrared Controller - possibility of remote control of devices using an infrared remote control!","breadcrumb":{"@id":"https:\/\/keemplesklep.pl\/en\/produkt\/uniwersalny-sterownik-podczerwieni\/#breadcrumb"},"inLanguage":"en-US","potentialAction":[{"@type":"ReadAction","target":["https:\/\/keemplesklep.pl\/en\/produkt\/uniwersalny-sterownik-podczerwieni\/"]}]},{"@type":"ImageObject","inLanguage":"en-US","@id":"https:\/\/keemplesklep.pl\/en\/produkt\/uniwersalny-sterownik-podczerwieni\/#primaryimage","url":"https:\/\/keemplesklep.pl\/wp-content\/uploads\/2022\/09\/Multimedia-Front.170-1.webp","contentUrl":"https:\/\/keemplesklep.pl\/wp-content\/uploads\/2022\/09\/Multimedia-Front.170-1.webp","width":1000,"height":800,"caption":"Inteligentny uniwersalny sterownik podczerwieni"},{"@type":"BreadcrumbList","@id":"https:\/\/keemplesklep.pl\/en\/produkt\/uniwersalny-sterownik-podczerwieni\/#breadcrumb","itemListElement":[{"@type":"ListItem","position":1,"name":"Strona g\u0142\u00f3wna","item":"https:\/\/keemplesklep.pl\/en\/"},{"@type":"ListItem","position":2,"name":"Smart home sklep","item":"https:\/\/keemplesklep.pl\/sklep\/"},{"@type":"ListItem","position":3,"name":"Keemple Z-wave Smart Home Universal Infrared Controller"}]},{"@type":"WebSite","@id":"https:\/\/keemplesklep.pl\/#website","url":"https:\/\/keemplesklep.pl\/","name":"Keemple","description":"Inteligentny dom - urz\u0105d\u017a smart home z inteligentnymi urz\u0105dzeniami","publisher":{"@id":"https:\/\/keemplesklep.pl\/#organization"},"potentialAction":[{"@type":"SearchAction","target":{"@type":"EntryPoint","urlTemplate":"https:\/\/keemplesklep.pl\/?s={search_term_string}"},"query-input":{"@type":"PropertyValueSpecification","valueRequired":true,"valueName":"search_term_string"}}],"inLanguage":"en-US"},{"@type":"Organization","@id":"https:\/\/keemplesklep.pl\/#organization","name":"Keemple","url":"https:\/\/keemplesklep.pl\/","logo":{"@type":"ImageObject","inLanguage":"en-US","@id":"https:\/\/keemplesklep.pl\/#\/schema\/logo\/image\/","url":"https:\/\/keemplesklep.pl\/wp-content\/uploads\/2023\/03\/cropped-logonew.png","contentUrl":"https:\/\/keemplesklep.pl\/wp-content\/uploads\/2023\/03\/cropped-logonew.png","width":367,"height":163,"caption":"Keemple"},"image":{"@id":"https:\/\/keemplesklep.pl\/#\/schema\/logo\/image\/"}}]}},"_links":{"self":[{"href":"https:\/\/keemplesklep.pl\/en\/wp-json\/wp\/v2\/product\/3103","targetHints":{"allow":["GET"]}}],"collection":[{"href":"https:\/\/keemplesklep.pl\/en\/wp-json\/wp\/v2\/product"}],"about":[{"href":"https:\/\/keemplesklep.pl\/en\/wp-json\/wp\/v2\/types\/product"}],"replies":[{"embeddable":true,"href":"https:\/\/keemplesklep.pl\/en\/wp-json\/wp\/v2\/comments?post=3103"}],"wp:featuredmedia":[{"embeddable":true,"href":"https:\/\/keemplesklep.pl\/en\/wp-json\/wp\/v2\/media\/2776"}],"wp:attachment":[{"href":"https:\/\/keemplesklep.pl\/en\/wp-json\/wp\/v2\/media?parent=3103"}],"wp:term":[{"taxonomy":"product_brand","embeddable":true,"href":"https:\/\/keemplesklep.pl\/en\/wp-json\/wp\/v2\/product_brand?post=3103"},{"taxonomy":"product_cat","embeddable":true,"href":"https:\/\/keemplesklep.pl\/en\/wp-json\/wp\/v2\/product_cat?post=3103"},{"taxonomy":"product_tag","embeddable":true,"href":"https:\/\/keemplesklep.pl\/en\/wp-json\/wp\/v2\/product_tag?post=3103"}],"curies":[{"name":"wp","href":"https:\/\/api.w.org\/{rel}","templated":true}]}}