{"id":3102,"date":"2022-09-29T13:50:47","date_gmt":"2024-03-20T14:15:58","guid":{"rendered":"https:\/\/keemplesklep.pl\/produkt\/keemple-smart-camera-with-smart-home-motion-sensor\/"},"modified":"2026-03-01T17:02:25","modified_gmt":"2026-03-01T16:02:25","slug":"keemple-smart-camera-with-smart-home-motion-sensor","status":"publish","type":"product","link":"https:\/\/keemplesklep.pl\/en\/produkt\/keemple-smart-camera-with-smart-home-motion-sensor\/","title":{"rendered":"Keemple smart camera with Smart Home motion sensor"},"content":{"rendered":"<h4>How does the Keemple smart camera work?<\/h4>\n<p>The Keemple smart camera is a monitoring device that allows users to observe their home in real time. The free Keemple 2.0 app installed on your mobile device allows you to monitor your home at any time. Modern technology, combined with Wi-Fi, allows the user to <a href=\"https:\/\/keemplesklep.pl\/wszystko-co-warto-wiedziec-o-inteligentnym-monitoringu-domu\/\">monitor<\/a><!--1--> the selected space. The camera has the option of saving recordings on a microSD card. The product is equipped with a good-quality microphone and loudspeaker and allows you to talk to your household members at any time. In addition, the Keemple camera has a motion detection function. Therefore, when it is added to the Keemple 2.0 Application, it is possible to be notified of activity in our absence. Its small size and universal design allows it to be placed in many places, while remaining discreet.<\/p>\n<p><img loading=\"lazy\" decoding=\"async\" class=\"aligncenter wp-image-621 size-full\" src=\"https:\/\/keemplesklep.pl\/wp-content\/uploads\/2022\/09\/kamera.jpg\" alt=\"A person talks through a smart camera on his smartphone. A person at work can check what is happening at home on a smart camera.\" width=\"1000\" height=\"666\" srcset=\"https:\/\/keemplesklep.pl\/wp-content\/uploads\/2022\/09\/kamera.jpg 1000w, https:\/\/keemplesklep.pl\/wp-content\/uploads\/2022\/09\/kamera-324x216.jpg 324w, https:\/\/keemplesklep.pl\/wp-content\/uploads\/2022\/09\/kamera-416x277.jpg 416w, https:\/\/keemplesklep.pl\/wp-content\/uploads\/2022\/09\/kamera-300x200.jpg 300w, https:\/\/keemplesklep.pl\/wp-content\/uploads\/2022\/09\/kamera-768x511.jpg 768w\" sizes=\"auto, (max-width: 1000px) 100vw, 1000px\" \/><\/p>\n<h4>When is the Keemple camera useful?<\/h4>\n<p>The camera works perfectly when you are away from home. It allows you to assess the security of your home at any time and check whether there is anything worrying going on. There are many benefits to having a device like the Keemple camera. In addition, the device has a motion detection function, so when added to the Keemple 2.0 app, the device can send a notification of unexpected activity in the flat or house during your absence. This is particularly useful during trips or holidays. The Keemple smart camera significantly increases the comfort and security in our home. If you have pets at home, it is with this device that you have the opportunity to see what they are doing in your absence. This makes the Keemple camera not only responsible for security, but will allow you to see your pet when you miss it.<\/p>\n<p><img loading=\"lazy\" decoding=\"async\" class=\"aligncenter size-large wp-image-3616\" src=\"https:\/\/keemplesklep.pl\/wp-content\/uploads\/2022\/09\/Obszar-roboczy-1-kopia-2.webp\" alt=\"\" width=\"980\" height=\"735\" srcset=\"https:\/\/keemplesklep.pl\/wp-content\/uploads\/2022\/09\/Obszar-roboczy-1-kopia-2.webp 2363w, https:\/\/keemplesklep.pl\/wp-content\/uploads\/2022\/09\/Obszar-roboczy-1-kopia-2-300x225.webp 300w, https:\/\/keemplesklep.pl\/wp-content\/uploads\/2022\/09\/Obszar-roboczy-1-kopia-2-1024x768.webp 1024w, https:\/\/keemplesklep.pl\/wp-content\/uploads\/2022\/09\/Obszar-roboczy-1-kopia-2-768x576.webp 768w, https:\/\/keemplesklep.pl\/wp-content\/uploads\/2022\/09\/Obszar-roboczy-1-kopia-2-1536x1152.webp 1536w, https:\/\/keemplesklep.pl\/wp-content\/uploads\/2022\/09\/Obszar-roboczy-1-kopia-2-2048x1537.webp 2048w, https:\/\/keemplesklep.pl\/wp-content\/uploads\/2022\/09\/Obszar-roboczy-1-kopia-2-324x243.webp 324w, https:\/\/keemplesklep.pl\/wp-content\/uploads\/2022\/09\/Obszar-roboczy-1-kopia-2-416x312.webp 416w\" sizes=\"auto, (max-width: 980px) 100vw, 980px\" \/><\/p>\n<p><strong>The camera can be added to the Keemple KP-GW-07 gateway and can be used to its full potential using the Keemple 2.0 app.<\/strong><\/p>\n<div class=\"gsp_post_data\" \r\n\t            data-post_type=\"product\" \r\n\t            data-cat=\"\" \r\n\t            data-modified=\"120\"\r\n\t            data-created=\"1664459447\"\r\n\t            data-title=\"Keemple smart camera with Smart Home motion sensor\" \r\n\t            data-home=\"https:\/\/keemplesklep.pl\/en\/\"><\/div>","protected":false},"excerpt":{"rendered":"<p>The Keemple camera is a monitoring device that allows real-time surveillance. The camera allows monitoring what is happening in your home at any time. The device has a recording function and also allows you to communicate by voice with your household members when you are away from home. In addition, the device has a motion detection function.<\/p>\n","protected":false},"featured_media":2924,"comment_status":"closed","ping_status":"closed","template":"","meta":{"_acf_changed":false},"product_brand":[],"product_cat":[196],"product_tag":[150,148,156,172,155],"class_list":{"0":"post-3102","1":"product","2":"type-product","3":"status-publish","4":"has-post-thumbnail","6":"product_cat-smart-cameras","7":"product_tag-motion-detection","8":"product_tag-motion-sensor","9":"product_tag-smart-camera","10":"product_tag-smart-home-en-2","11":"product_tag-smart-home-en","13":"first","14":"instock","15":"taxable","16":"shipping-taxable","17":"purchasable","18":"product-type-simple"},"acf":[],"yoast_head":"<!-- This site is optimized with the Yoast SEO plugin v27.4 - https:\/\/yoast.com\/product\/yoast-seo-wordpress\/ -->\n<title>Smart camera - Keemple<\/title>\n<meta name=\"description\" content=\"Keemple - Keemple smart camera with Smart Home motion sensor - intelligent monitoring in your home. Keep yourself and your loved ones safe with the Keemple Smart Camera!\" \/>\n<meta name=\"robots\" content=\"index, follow, max-snippet:-1, max-image-preview:large, max-video-preview:-1\" \/>\n<link rel=\"canonical\" href=\"https:\/\/keemplesklep.pl\/en\/produkt\/keemple-smart-camera-with-smart-home-motion-sensor\/\" \/>\n<meta property=\"og:locale\" content=\"en_US\" \/>\n<meta property=\"og:type\" content=\"article\" \/>\n<meta property=\"og:title\" content=\"Smart camera - Keemple\" \/>\n<meta property=\"og:description\" content=\"Keemple - Keemple smart camera with Smart Home motion sensor - intelligent monitoring in your home. Keep yourself and your loved ones safe with the Keemple Smart Camera!\" \/>\n<meta property=\"og:url\" content=\"https:\/\/keemplesklep.pl\/en\/produkt\/keemple-smart-camera-with-smart-home-motion-sensor\/\" \/>\n<meta property=\"og:site_name\" content=\"Keemple\" \/>\n<meta property=\"article:modified_time\" content=\"2026-03-01T16:02:25+00:00\" \/>\n<meta property=\"og:image\" content=\"https:\/\/keemplesklep.pl\/wp-content\/uploads\/2022\/09\/kamera1.png\" \/>\n\t<meta property=\"og:image:width\" content=\"4000\" \/>\n\t<meta property=\"og:image:height\" content=\"3000\" \/>\n\t<meta property=\"og:image:type\" content=\"image\/png\" \/>\n<meta name=\"twitter:card\" content=\"summary_large_image\" \/>\n<meta name=\"twitter:label1\" content=\"Est. reading time\" \/>\n\t<meta name=\"twitter:data1\" content=\"3 minutes\" \/>\n<script type=\"application\/ld+json\" class=\"yoast-schema-graph\">{\"@context\":\"https:\\\/\\\/schema.org\",\"@graph\":[{\"@type\":\"WebPage\",\"@id\":\"https:\\\/\\\/keemplesklep.pl\\\/en\\\/produkt\\\/keemple-smart-camera-with-smart-home-motion-sensor\\\/\",\"url\":\"https:\\\/\\\/keemplesklep.pl\\\/en\\\/produkt\\\/keemple-smart-camera-with-smart-home-motion-sensor\\\/\",\"name\":\"Smart camera - Keemple\",\"isPartOf\":{\"@id\":\"https:\\\/\\\/keemplesklep.pl\\\/#website\"},\"primaryImageOfPage\":{\"@id\":\"https:\\\/\\\/keemplesklep.pl\\\/en\\\/produkt\\\/keemple-smart-camera-with-smart-home-motion-sensor\\\/#primaryimage\"},\"image\":{\"@id\":\"https:\\\/\\\/keemplesklep.pl\\\/en\\\/produkt\\\/keemple-smart-camera-with-smart-home-motion-sensor\\\/#primaryimage\"},\"thumbnailUrl\":\"https:\\\/\\\/keemplesklep.pl\\\/wp-content\\\/uploads\\\/2022\\\/09\\\/kamera1.png\",\"datePublished\":\"2024-03-20T14:15:58+00:00\",\"dateModified\":\"2026-03-01T16:02:25+00:00\",\"description\":\"Keemple - Keemple smart camera with Smart Home motion sensor - intelligent monitoring in your home. Keep yourself and your loved ones safe with the Keemple Smart Camera!\",\"breadcrumb\":{\"@id\":\"https:\\\/\\\/keemplesklep.pl\\\/en\\\/produkt\\\/keemple-smart-camera-with-smart-home-motion-sensor\\\/#breadcrumb\"},\"inLanguage\":\"en-US\",\"potentialAction\":[{\"@type\":\"ReadAction\",\"target\":[\"https:\\\/\\\/keemplesklep.pl\\\/en\\\/produkt\\\/keemple-smart-camera-with-smart-home-motion-sensor\\\/\"]}]},{\"@type\":\"ImageObject\",\"inLanguage\":\"en-US\",\"@id\":\"https:\\\/\\\/keemplesklep.pl\\\/en\\\/produkt\\\/keemple-smart-camera-with-smart-home-motion-sensor\\\/#primaryimage\",\"url\":\"https:\\\/\\\/keemplesklep.pl\\\/wp-content\\\/uploads\\\/2022\\\/09\\\/kamera1.png\",\"contentUrl\":\"https:\\\/\\\/keemplesklep.pl\\\/wp-content\\\/uploads\\\/2022\\\/09\\\/kamera1.png\",\"width\":4000,\"height\":3000,\"caption\":\"Inteligentna kamera Keemple\"},{\"@type\":\"BreadcrumbList\",\"@id\":\"https:\\\/\\\/keemplesklep.pl\\\/en\\\/produkt\\\/keemple-smart-camera-with-smart-home-motion-sensor\\\/#breadcrumb\",\"itemListElement\":[{\"@type\":\"ListItem\",\"position\":1,\"name\":\"Strona g\u0142\u00f3wna\",\"item\":\"https:\\\/\\\/keemplesklep.pl\\\/en\\\/\"},{\"@type\":\"ListItem\",\"position\":2,\"name\":\"Smart home sklep\",\"item\":\"https:\\\/\\\/keemplesklep.pl\\\/sklep\\\/\"},{\"@type\":\"ListItem\",\"position\":3,\"name\":\"Keemple smart camera with Smart Home motion sensor\"}]},{\"@type\":\"WebSite\",\"@id\":\"https:\\\/\\\/keemplesklep.pl\\\/#website\",\"url\":\"https:\\\/\\\/keemplesklep.pl\\\/\",\"name\":\"Keemple\",\"description\":\"Inteligentny dom - urz\u0105d\u017a smart home z inteligentnymi urz\u0105dzeniami\",\"publisher\":{\"@id\":\"https:\\\/\\\/keemplesklep.pl\\\/#organization\"},\"potentialAction\":[{\"@type\":\"SearchAction\",\"target\":{\"@type\":\"EntryPoint\",\"urlTemplate\":\"https:\\\/\\\/keemplesklep.pl\\\/?s={search_term_string}\"},\"query-input\":{\"@type\":\"PropertyValueSpecification\",\"valueRequired\":true,\"valueName\":\"search_term_string\"}}],\"inLanguage\":\"en-US\"},{\"@type\":\"Organization\",\"@id\":\"https:\\\/\\\/keemplesklep.pl\\\/#organization\",\"name\":\"Keemple\",\"url\":\"https:\\\/\\\/keemplesklep.pl\\\/\",\"logo\":{\"@type\":\"ImageObject\",\"inLanguage\":\"en-US\",\"@id\":\"https:\\\/\\\/keemplesklep.pl\\\/#\\\/schema\\\/logo\\\/image\\\/\",\"url\":\"https:\\\/\\\/keemplesklep.pl\\\/wp-content\\\/uploads\\\/2023\\\/03\\\/cropped-logonew.png\",\"contentUrl\":\"https:\\\/\\\/keemplesklep.pl\\\/wp-content\\\/uploads\\\/2023\\\/03\\\/cropped-logonew.png\",\"width\":367,\"height\":163,\"caption\":\"Keemple\"},\"image\":{\"@id\":\"https:\\\/\\\/keemplesklep.pl\\\/#\\\/schema\\\/logo\\\/image\\\/\"}}]}<\/script>\n<!-- \/ Yoast SEO plugin. -->","yoast_head_json":{"title":"Smart camera - Keemple","description":"Keemple - Keemple smart camera with Smart Home motion sensor - intelligent monitoring in your home. Keep yourself and your loved ones safe with the Keemple Smart Camera!","robots":{"index":"index","follow":"follow","max-snippet":"max-snippet:-1","max-image-preview":"max-image-preview:large","max-video-preview":"max-video-preview:-1"},"canonical":"https:\/\/keemplesklep.pl\/en\/produkt\/keemple-smart-camera-with-smart-home-motion-sensor\/","og_locale":"en_US","og_type":"article","og_title":"Smart camera - Keemple","og_description":"Keemple - Keemple smart camera with Smart Home motion sensor - intelligent monitoring in your home. Keep yourself and your loved ones safe with the Keemple Smart Camera!","og_url":"https:\/\/keemplesklep.pl\/en\/produkt\/keemple-smart-camera-with-smart-home-motion-sensor\/","og_site_name":"Keemple","article_modified_time":"2026-03-01T16:02:25+00:00","og_image":[{"width":4000,"height":3000,"url":"https:\/\/keemplesklep.pl\/wp-content\/uploads\/2022\/09\/kamera1.png","type":"image\/png"}],"twitter_card":"summary_large_image","twitter_misc":{"Est. reading time":"3 minutes"},"schema":{"@context":"https:\/\/schema.org","@graph":[{"@type":"WebPage","@id":"https:\/\/keemplesklep.pl\/en\/produkt\/keemple-smart-camera-with-smart-home-motion-sensor\/","url":"https:\/\/keemplesklep.pl\/en\/produkt\/keemple-smart-camera-with-smart-home-motion-sensor\/","name":"Smart camera - Keemple","isPartOf":{"@id":"https:\/\/keemplesklep.pl\/#website"},"primaryImageOfPage":{"@id":"https:\/\/keemplesklep.pl\/en\/produkt\/keemple-smart-camera-with-smart-home-motion-sensor\/#primaryimage"},"image":{"@id":"https:\/\/keemplesklep.pl\/en\/produkt\/keemple-smart-camera-with-smart-home-motion-sensor\/#primaryimage"},"thumbnailUrl":"https:\/\/keemplesklep.pl\/wp-content\/uploads\/2022\/09\/kamera1.png","datePublished":"2024-03-20T14:15:58+00:00","dateModified":"2026-03-01T16:02:25+00:00","description":"Keemple - Keemple smart camera with Smart Home motion sensor - intelligent monitoring in your home. Keep yourself and your loved ones safe with the Keemple Smart Camera!","breadcrumb":{"@id":"https:\/\/keemplesklep.pl\/en\/produkt\/keemple-smart-camera-with-smart-home-motion-sensor\/#breadcrumb"},"inLanguage":"en-US","potentialAction":[{"@type":"ReadAction","target":["https:\/\/keemplesklep.pl\/en\/produkt\/keemple-smart-camera-with-smart-home-motion-sensor\/"]}]},{"@type":"ImageObject","inLanguage":"en-US","@id":"https:\/\/keemplesklep.pl\/en\/produkt\/keemple-smart-camera-with-smart-home-motion-sensor\/#primaryimage","url":"https:\/\/keemplesklep.pl\/wp-content\/uploads\/2022\/09\/kamera1.png","contentUrl":"https:\/\/keemplesklep.pl\/wp-content\/uploads\/2022\/09\/kamera1.png","width":4000,"height":3000,"caption":"Inteligentna kamera Keemple"},{"@type":"BreadcrumbList","@id":"https:\/\/keemplesklep.pl\/en\/produkt\/keemple-smart-camera-with-smart-home-motion-sensor\/#breadcrumb","itemListElement":[{"@type":"ListItem","position":1,"name":"Strona g\u0142\u00f3wna","item":"https:\/\/keemplesklep.pl\/en\/"},{"@type":"ListItem","position":2,"name":"Smart home sklep","item":"https:\/\/keemplesklep.pl\/sklep\/"},{"@type":"ListItem","position":3,"name":"Keemple smart camera with Smart Home motion sensor"}]},{"@type":"WebSite","@id":"https:\/\/keemplesklep.pl\/#website","url":"https:\/\/keemplesklep.pl\/","name":"Keemple","description":"Inteligentny dom - urz\u0105d\u017a smart home z inteligentnymi urz\u0105dzeniami","publisher":{"@id":"https:\/\/keemplesklep.pl\/#organization"},"potentialAction":[{"@type":"SearchAction","target":{"@type":"EntryPoint","urlTemplate":"https:\/\/keemplesklep.pl\/?s={search_term_string}"},"query-input":{"@type":"PropertyValueSpecification","valueRequired":true,"valueName":"search_term_string"}}],"inLanguage":"en-US"},{"@type":"Organization","@id":"https:\/\/keemplesklep.pl\/#organization","name":"Keemple","url":"https:\/\/keemplesklep.pl\/","logo":{"@type":"ImageObject","inLanguage":"en-US","@id":"https:\/\/keemplesklep.pl\/#\/schema\/logo\/image\/","url":"https:\/\/keemplesklep.pl\/wp-content\/uploads\/2023\/03\/cropped-logonew.png","contentUrl":"https:\/\/keemplesklep.pl\/wp-content\/uploads\/2023\/03\/cropped-logonew.png","width":367,"height":163,"caption":"Keemple"},"image":{"@id":"https:\/\/keemplesklep.pl\/#\/schema\/logo\/image\/"}}]}},"_links":{"self":[{"href":"https:\/\/keemplesklep.pl\/en\/wp-json\/wp\/v2\/product\/3102","targetHints":{"allow":["GET"]}}],"collection":[{"href":"https:\/\/keemplesklep.pl\/en\/wp-json\/wp\/v2\/product"}],"about":[{"href":"https:\/\/keemplesklep.pl\/en\/wp-json\/wp\/v2\/types\/product"}],"replies":[{"embeddable":true,"href":"https:\/\/keemplesklep.pl\/en\/wp-json\/wp\/v2\/comments?post=3102"}],"wp:featuredmedia":[{"embeddable":true,"href":"https:\/\/keemplesklep.pl\/en\/wp-json\/wp\/v2\/media\/2924"}],"wp:attachment":[{"href":"https:\/\/keemplesklep.pl\/en\/wp-json\/wp\/v2\/media?parent=3102"}],"wp:term":[{"taxonomy":"product_brand","embeddable":true,"href":"https:\/\/keemplesklep.pl\/en\/wp-json\/wp\/v2\/product_brand?post=3102"},{"taxonomy":"product_cat","embeddable":true,"href":"https:\/\/keemplesklep.pl\/en\/wp-json\/wp\/v2\/product_cat?post=3102"},{"taxonomy":"product_tag","embeddable":true,"href":"https:\/\/keemplesklep.pl\/en\/wp-json\/wp\/v2\/product_tag?post=3102"}],"curies":[{"name":"wp","href":"https:\/\/api.w.org\/{rel}","templated":true}]}}