{"id":3101,"date":"2022-09-29T13:50:47","date_gmt":"2024-03-20T14:04:20","guid":{"rendered":"https:\/\/keemplesklep.pl\/produkt\/keemple-z-wave-smart-home-motion-sensor\/"},"modified":"2025-10-09T14:41:59","modified_gmt":"2025-10-09T12:41:59","slug":"czujnik-ruchu","status":"publish","type":"product","link":"https:\/\/keemplesklep.pl\/en\/produkt\/czujnik-ruchu\/","title":{"rendered":"Keemple Z-wave Smart Home Motion Sensor"},"content":{"rendered":"<h4>Smart motion sensor &#8211; what is it?<\/h4>\n<p>A motion sensor is a device that detects a temperature similar to that of the human body. This smart device detects movement, to which it reacts according to the user&#8217;s settings. After adding the device to the free Keemple 2.0 app, it is possible to create a scenario tailored to the user&#8217;s needs. By connecting the motion sensor with other devices in the Keemple 2.0 app, when activated it can switch on the lights in the selected room, close the blinds or send a notification to our phone informing us of the detected activity. It is a battery-operated device that is installed non-invasively in a selected part of the house; thanks to the mobile head, it is possible to easily position the sensor at a suitable angle.<\/p>\n<p><img loading=\"lazy\" decoding=\"async\" class=\"size-full wp-image-691 aligncenter\" src=\"https:\/\/keemplesklep.pl\/wp-content\/uploads\/2022\/09\/czujnik-ruchu.jpg\" alt=\"\" width=\"850\" height=\"567\" srcset=\"https:\/\/keemplesklep.pl\/wp-content\/uploads\/2022\/09\/czujnik-ruchu.jpg 850w, https:\/\/keemplesklep.pl\/wp-content\/uploads\/2022\/09\/czujnik-ruchu-324x216.jpg 324w, https:\/\/keemplesklep.pl\/wp-content\/uploads\/2022\/09\/czujnik-ruchu-416x277.jpg 416w, https:\/\/keemplesklep.pl\/wp-content\/uploads\/2022\/09\/czujnik-ruchu-300x200.jpg 300w, https:\/\/keemplesklep.pl\/wp-content\/uploads\/2022\/09\/czujnik-ruchu-768x512.jpg 768w\" sizes=\"auto, (max-width: 850px) 100vw, 850px\" \/><\/p>\n<h4>Motion sensor as part of the Keemple system<\/h4>\n<p>Once the device has been added to the Keemple 2.0 app, it is possible, based on the sensor readings, to create an operating scenario with other Keemple devices. When connected in a scenario together with <a href=\"https:\/\/keemplesklep.pl\/en\/produkt\/z-wave-smart-home-double-light-switch\/\">smart switches<\/a><!--1-->, it allows the user to automate lighting. This type of solution will increase both your comfort and convenience at home. This element of the system will also allow you to better manage the energy consumption in your home. Therefore, together with appropriately programmed scenarios, you have a real impact on reducing your expenses.<\/p>\n<p><img loading=\"lazy\" decoding=\"async\" class=\"aligncenter wp-image-3654 size-large\" src=\"https:\/\/keemplesklep.pl\/wp-content\/uploads\/2022\/09\/Obszar-roboczy-1-kopia.webp\" alt=\"\" width=\"980\" height=\"736\" srcset=\"https:\/\/keemplesklep.pl\/wp-content\/uploads\/2022\/09\/Obszar-roboczy-1-kopia.webp 2362w, https:\/\/keemplesklep.pl\/wp-content\/uploads\/2022\/09\/Obszar-roboczy-1-kopia-300x225.webp 300w, https:\/\/keemplesklep.pl\/wp-content\/uploads\/2022\/09\/Obszar-roboczy-1-kopia-1024x769.webp 1024w, https:\/\/keemplesklep.pl\/wp-content\/uploads\/2022\/09\/Obszar-roboczy-1-kopia-768x576.webp 768w, https:\/\/keemplesklep.pl\/wp-content\/uploads\/2022\/09\/Obszar-roboczy-1-kopia-1536x1153.webp 1536w, https:\/\/keemplesklep.pl\/wp-content\/uploads\/2022\/09\/Obszar-roboczy-1-kopia-2048x1537.webp 2048w, https:\/\/keemplesklep.pl\/wp-content\/uploads\/2022\/09\/Obszar-roboczy-1-kopia-324x243.webp 324w, https:\/\/keemplesklep.pl\/wp-content\/uploads\/2022\/09\/Obszar-roboczy-1-kopia-416x312.webp 416w\" sizes=\"auto, (max-width: 980px) 100vw, 980px\" \/><\/p>\n<h4>Motion sensor &#8211; operation<\/h4>\n<p>The motion sensor must be added to the free Keemple 2.0 application installed on your mobile device. By connecting the device to the gateway, the users are able to programme specific actions that suit their preferences. Such connections and dependencies stored in the application are called scenarios. They allow users to tailor the device to their needs. The sensor communicates with other devices wirelessly via the <a href=\"https:\/\/keemplesklep.pl\/en\/why-do-we-choose-z-wave\/\"><strong>Z-Wave<\/strong><\/a><!--1--> network. As such, it only sends signals at specific time intervals or in response to the occurrence of a specific event. As a result, they remain in standby mode the rest of the time, minimising energy consumption. This ensures a longer battery life compared to devices running on Wi-Fi. <strong>Z-Wave<\/strong> technology also provides security through encryption.<\/p>\n<p><strong>The camera can be added to the Keemple KP-GW-07 gateway and can be used to its full potential using the Keemple 2.0 app.<\/strong><\/p>\n<div class=\"gsp_post_data\" \r\n\t            data-post_type=\"product\" \r\n\t            data-cat=\"\" \r\n\t            data-modified=\"120\"\r\n\t            data-created=\"1664459447\"\r\n\t            data-title=\"Keemple Z-wave Smart Home Motion Sensor\" \r\n\t            data-home=\"https:\/\/keemplesklep.pl\/en\/\"><\/div>","protected":false},"excerpt":{"rendered":"<p>The Keemple 2.0 app is available for free to owners of Android and iOS smartphones. It is a smart device that, when motion is detected, will react to it according to the user&#8217;s settings. This device communicates with the gateway via the <strong>Z-Wave<\/strong> network.<\/p>\n","protected":false},"featured_media":2925,"comment_status":"closed","ping_status":"closed","template":"","meta":{"_acf_changed":false},"product_brand":[],"product_cat":[194],"product_tag":[147,155,172,177],"class_list":{"0":"post-3101","1":"product","2":"type-product","3":"status-publish","4":"has-post-thumbnail","6":"product_cat-smart-sensors","7":"product_tag-keemple-motion-sensor","8":"product_tag-smart-home-en","9":"product_tag-smart-home-en-2","10":"product_tag-z-wave-en","12":"first","13":"instock","14":"taxable","15":"shipping-taxable","16":"purchasable","17":"product-type-simple"},"acf":[],"yoast_head":"<!-- This site is optimized with the Yoast SEO plugin v27.4 - https:\/\/yoast.com\/product\/yoast-seo-wordpress\/ -->\n<title>Intelligent motion sensor - Keemple<\/title>\n<meta name=\"description\" content=\"Keemple - Keemple Z-wave Smart Home Motion Sensor - Connect the Keemple motion sensor with other devices and create your own scenarios!\" \/>\n<meta name=\"robots\" content=\"index, follow, max-snippet:-1, max-image-preview:large, max-video-preview:-1\" \/>\n<link rel=\"canonical\" href=\"https:\/\/keemplesklep.pl\/en\/produkt\/czujnik-ruchu\/\" \/>\n<meta property=\"og:locale\" content=\"en_US\" \/>\n<meta property=\"og:type\" content=\"article\" \/>\n<meta property=\"og:title\" content=\"Intelligent motion sensor - Keemple\" \/>\n<meta property=\"og:description\" content=\"Keemple - Keemple Z-wave Smart Home Motion Sensor - Connect the Keemple motion sensor with other devices and create your own scenarios!\" \/>\n<meta property=\"og:url\" content=\"https:\/\/keemplesklep.pl\/en\/produkt\/czujnik-ruchu\/\" \/>\n<meta property=\"og:site_name\" content=\"Keemple\" \/>\n<meta property=\"article:modified_time\" content=\"2025-10-09T12:41:59+00:00\" \/>\n<meta property=\"og:image\" content=\"https:\/\/keemplesklep.pl\/wp-content\/uploads\/2022\/09\/Cruch1-1024x768.png\" \/>\n\t<meta property=\"og:image:width\" content=\"1024\" \/>\n\t<meta property=\"og:image:height\" content=\"768\" \/>\n\t<meta property=\"og:image:type\" content=\"image\/png\" \/>\n<meta name=\"twitter:card\" content=\"summary_large_image\" \/>\n<meta name=\"twitter:label1\" content=\"Est. reading time\" \/>\n\t<meta name=\"twitter:data1\" content=\"3 minutes\" \/>\n<script type=\"application\/ld+json\" class=\"yoast-schema-graph\">{\"@context\":\"https:\\\/\\\/schema.org\",\"@graph\":[{\"@type\":\"WebPage\",\"@id\":\"https:\\\/\\\/keemplesklep.pl\\\/en\\\/produkt\\\/czujnik-ruchu\\\/\",\"url\":\"https:\\\/\\\/keemplesklep.pl\\\/en\\\/produkt\\\/czujnik-ruchu\\\/\",\"name\":\"Intelligent motion sensor - Keemple\",\"isPartOf\":{\"@id\":\"https:\\\/\\\/keemplesklep.pl\\\/#website\"},\"primaryImageOfPage\":{\"@id\":\"https:\\\/\\\/keemplesklep.pl\\\/en\\\/produkt\\\/czujnik-ruchu\\\/#primaryimage\"},\"image\":{\"@id\":\"https:\\\/\\\/keemplesklep.pl\\\/en\\\/produkt\\\/czujnik-ruchu\\\/#primaryimage\"},\"thumbnailUrl\":\"https:\\\/\\\/keemplesklep.pl\\\/wp-content\\\/uploads\\\/2022\\\/09\\\/Cruch1.png\",\"datePublished\":\"2024-03-20T14:04:20+00:00\",\"dateModified\":\"2025-10-09T12:41:59+00:00\",\"description\":\"Keemple - Keemple Z-wave Smart Home Motion Sensor - Connect the Keemple motion sensor with other devices and create your own scenarios!\",\"breadcrumb\":{\"@id\":\"https:\\\/\\\/keemplesklep.pl\\\/en\\\/produkt\\\/czujnik-ruchu\\\/#breadcrumb\"},\"inLanguage\":\"en-US\",\"potentialAction\":[{\"@type\":\"ReadAction\",\"target\":[\"https:\\\/\\\/keemplesklep.pl\\\/en\\\/produkt\\\/czujnik-ruchu\\\/\"]}]},{\"@type\":\"ImageObject\",\"inLanguage\":\"en-US\",\"@id\":\"https:\\\/\\\/keemplesklep.pl\\\/en\\\/produkt\\\/czujnik-ruchu\\\/#primaryimage\",\"url\":\"https:\\\/\\\/keemplesklep.pl\\\/wp-content\\\/uploads\\\/2022\\\/09\\\/Cruch1.png\",\"contentUrl\":\"https:\\\/\\\/keemplesklep.pl\\\/wp-content\\\/uploads\\\/2022\\\/09\\\/Cruch1.png\",\"width\":4000,\"height\":3000,\"caption\":\"Inteligentny czujnik ruchu Keemple\"},{\"@type\":\"BreadcrumbList\",\"@id\":\"https:\\\/\\\/keemplesklep.pl\\\/en\\\/produkt\\\/czujnik-ruchu\\\/#breadcrumb\",\"itemListElement\":[{\"@type\":\"ListItem\",\"position\":1,\"name\":\"Strona g\u0142\u00f3wna\",\"item\":\"https:\\\/\\\/keemplesklep.pl\\\/en\\\/\"},{\"@type\":\"ListItem\",\"position\":2,\"name\":\"Smart home sklep\",\"item\":\"https:\\\/\\\/keemplesklep.pl\\\/sklep\\\/\"},{\"@type\":\"ListItem\",\"position\":3,\"name\":\"Keemple Z-wave Smart Home Motion Sensor\"}]},{\"@type\":\"WebSite\",\"@id\":\"https:\\\/\\\/keemplesklep.pl\\\/#website\",\"url\":\"https:\\\/\\\/keemplesklep.pl\\\/\",\"name\":\"Keemple\",\"description\":\"Inteligentny dom - urz\u0105d\u017a smart home z inteligentnymi urz\u0105dzeniami\",\"publisher\":{\"@id\":\"https:\\\/\\\/keemplesklep.pl\\\/#organization\"},\"potentialAction\":[{\"@type\":\"SearchAction\",\"target\":{\"@type\":\"EntryPoint\",\"urlTemplate\":\"https:\\\/\\\/keemplesklep.pl\\\/?s={search_term_string}\"},\"query-input\":{\"@type\":\"PropertyValueSpecification\",\"valueRequired\":true,\"valueName\":\"search_term_string\"}}],\"inLanguage\":\"en-US\"},{\"@type\":\"Organization\",\"@id\":\"https:\\\/\\\/keemplesklep.pl\\\/#organization\",\"name\":\"Keemple\",\"url\":\"https:\\\/\\\/keemplesklep.pl\\\/\",\"logo\":{\"@type\":\"ImageObject\",\"inLanguage\":\"en-US\",\"@id\":\"https:\\\/\\\/keemplesklep.pl\\\/#\\\/schema\\\/logo\\\/image\\\/\",\"url\":\"https:\\\/\\\/keemplesklep.pl\\\/wp-content\\\/uploads\\\/2023\\\/03\\\/cropped-logonew.png\",\"contentUrl\":\"https:\\\/\\\/keemplesklep.pl\\\/wp-content\\\/uploads\\\/2023\\\/03\\\/cropped-logonew.png\",\"width\":367,\"height\":163,\"caption\":\"Keemple\"},\"image\":{\"@id\":\"https:\\\/\\\/keemplesklep.pl\\\/#\\\/schema\\\/logo\\\/image\\\/\"}}]}<\/script>\n<!-- \/ Yoast SEO plugin. -->","yoast_head_json":{"title":"Intelligent motion sensor - Keemple","description":"Keemple - Keemple Z-wave Smart Home Motion Sensor - Connect the Keemple motion sensor with other devices and create your own scenarios!","robots":{"index":"index","follow":"follow","max-snippet":"max-snippet:-1","max-image-preview":"max-image-preview:large","max-video-preview":"max-video-preview:-1"},"canonical":"https:\/\/keemplesklep.pl\/en\/produkt\/czujnik-ruchu\/","og_locale":"en_US","og_type":"article","og_title":"Intelligent motion sensor - Keemple","og_description":"Keemple - Keemple Z-wave Smart Home Motion Sensor - Connect the Keemple motion sensor with other devices and create your own scenarios!","og_url":"https:\/\/keemplesklep.pl\/en\/produkt\/czujnik-ruchu\/","og_site_name":"Keemple","article_modified_time":"2025-10-09T12:41:59+00:00","og_image":[{"width":1024,"height":768,"url":"https:\/\/keemplesklep.pl\/wp-content\/uploads\/2022\/09\/Cruch1-1024x768.png","type":"image\/png"}],"twitter_card":"summary_large_image","twitter_misc":{"Est. reading time":"3 minutes"},"schema":{"@context":"https:\/\/schema.org","@graph":[{"@type":"WebPage","@id":"https:\/\/keemplesklep.pl\/en\/produkt\/czujnik-ruchu\/","url":"https:\/\/keemplesklep.pl\/en\/produkt\/czujnik-ruchu\/","name":"Intelligent motion sensor - Keemple","isPartOf":{"@id":"https:\/\/keemplesklep.pl\/#website"},"primaryImageOfPage":{"@id":"https:\/\/keemplesklep.pl\/en\/produkt\/czujnik-ruchu\/#primaryimage"},"image":{"@id":"https:\/\/keemplesklep.pl\/en\/produkt\/czujnik-ruchu\/#primaryimage"},"thumbnailUrl":"https:\/\/keemplesklep.pl\/wp-content\/uploads\/2022\/09\/Cruch1.png","datePublished":"2024-03-20T14:04:20+00:00","dateModified":"2025-10-09T12:41:59+00:00","description":"Keemple - Keemple Z-wave Smart Home Motion Sensor - Connect the Keemple motion sensor with other devices and create your own scenarios!","breadcrumb":{"@id":"https:\/\/keemplesklep.pl\/en\/produkt\/czujnik-ruchu\/#breadcrumb"},"inLanguage":"en-US","potentialAction":[{"@type":"ReadAction","target":["https:\/\/keemplesklep.pl\/en\/produkt\/czujnik-ruchu\/"]}]},{"@type":"ImageObject","inLanguage":"en-US","@id":"https:\/\/keemplesklep.pl\/en\/produkt\/czujnik-ruchu\/#primaryimage","url":"https:\/\/keemplesklep.pl\/wp-content\/uploads\/2022\/09\/Cruch1.png","contentUrl":"https:\/\/keemplesklep.pl\/wp-content\/uploads\/2022\/09\/Cruch1.png","width":4000,"height":3000,"caption":"Inteligentny czujnik ruchu Keemple"},{"@type":"BreadcrumbList","@id":"https:\/\/keemplesklep.pl\/en\/produkt\/czujnik-ruchu\/#breadcrumb","itemListElement":[{"@type":"ListItem","position":1,"name":"Strona g\u0142\u00f3wna","item":"https:\/\/keemplesklep.pl\/en\/"},{"@type":"ListItem","position":2,"name":"Smart home sklep","item":"https:\/\/keemplesklep.pl\/sklep\/"},{"@type":"ListItem","position":3,"name":"Keemple Z-wave Smart Home Motion Sensor"}]},{"@type":"WebSite","@id":"https:\/\/keemplesklep.pl\/#website","url":"https:\/\/keemplesklep.pl\/","name":"Keemple","description":"Inteligentny dom - urz\u0105d\u017a smart home z inteligentnymi urz\u0105dzeniami","publisher":{"@id":"https:\/\/keemplesklep.pl\/#organization"},"potentialAction":[{"@type":"SearchAction","target":{"@type":"EntryPoint","urlTemplate":"https:\/\/keemplesklep.pl\/?s={search_term_string}"},"query-input":{"@type":"PropertyValueSpecification","valueRequired":true,"valueName":"search_term_string"}}],"inLanguage":"en-US"},{"@type":"Organization","@id":"https:\/\/keemplesklep.pl\/#organization","name":"Keemple","url":"https:\/\/keemplesklep.pl\/","logo":{"@type":"ImageObject","inLanguage":"en-US","@id":"https:\/\/keemplesklep.pl\/#\/schema\/logo\/image\/","url":"https:\/\/keemplesklep.pl\/wp-content\/uploads\/2023\/03\/cropped-logonew.png","contentUrl":"https:\/\/keemplesklep.pl\/wp-content\/uploads\/2023\/03\/cropped-logonew.png","width":367,"height":163,"caption":"Keemple"},"image":{"@id":"https:\/\/keemplesklep.pl\/#\/schema\/logo\/image\/"}}]}},"_links":{"self":[{"href":"https:\/\/keemplesklep.pl\/en\/wp-json\/wp\/v2\/product\/3101","targetHints":{"allow":["GET"]}}],"collection":[{"href":"https:\/\/keemplesklep.pl\/en\/wp-json\/wp\/v2\/product"}],"about":[{"href":"https:\/\/keemplesklep.pl\/en\/wp-json\/wp\/v2\/types\/product"}],"replies":[{"embeddable":true,"href":"https:\/\/keemplesklep.pl\/en\/wp-json\/wp\/v2\/comments?post=3101"}],"wp:featuredmedia":[{"embeddable":true,"href":"https:\/\/keemplesklep.pl\/en\/wp-json\/wp\/v2\/media\/2925"}],"wp:attachment":[{"href":"https:\/\/keemplesklep.pl\/en\/wp-json\/wp\/v2\/media?parent=3101"}],"wp:term":[{"taxonomy":"product_brand","embeddable":true,"href":"https:\/\/keemplesklep.pl\/en\/wp-json\/wp\/v2\/product_brand?post=3101"},{"taxonomy":"product_cat","embeddable":true,"href":"https:\/\/keemplesklep.pl\/en\/wp-json\/wp\/v2\/product_cat?post=3101"},{"taxonomy":"product_tag","embeddable":true,"href":"https:\/\/keemplesklep.pl\/en\/wp-json\/wp\/v2\/product_tag?post=3101"}],"curies":[{"name":"wp","href":"https:\/\/api.w.org\/{rel}","templated":true}]}}