{"id":3100,"date":"2022-09-29T13:50:47","date_gmt":"2024-03-20T13:58:26","guid":{"rendered":"https:\/\/keemplesklep.pl\/?post_type=product&#038;p=3100"},"modified":"2026-04-01T00:00:05","modified_gmt":"2026-03-31T22:00:05","slug":"czujnik-dymu-keemple1","status":"publish","type":"product","link":"https:\/\/keemplesklep.pl\/en\/produkt\/czujnik-dymu-keemple1\/","title":{"rendered":"Czujnik dymu Keemple"},"content":{"rendered":"<h4>Security for your home<\/h4>\n<p>Thanks to photoelectric technology, the Keemple smoke detector is able to detect even slightly smouldering fires. When the device detects a danger, it sends a message to the gateway and emits an audible signal. This is a sign that informs the household members of the danger. In addition, the detector sends a notification to the Keemple 2.0 app. This allows you to respond to an emergency at any time, even when you are far from home. It also allows you to notify the relevant services in the event of an emergency. This element of Keemple&#8217;s Smart Home system increases control over the home and raises the level of security.<img loading=\"lazy\" decoding=\"async\" class=\"aligncenter wp-image-689 size-full\" src=\"https:\/\/keemplesklep.pl\/wp-content\/uploads\/2022\/09\/czujnik-dymu.jpg\" alt=\"The kitchen in the house, a place where a possible fire in the apartment may occur.\" width=\"850\" height=\"584\" srcset=\"https:\/\/keemplesklep.pl\/wp-content\/uploads\/2022\/09\/czujnik-dymu.jpg 850w, https:\/\/keemplesklep.pl\/wp-content\/uploads\/2022\/09\/czujnik-dymu-324x223.jpg 324w, https:\/\/keemplesklep.pl\/wp-content\/uploads\/2022\/09\/czujnik-dymu-416x286.jpg 416w, https:\/\/keemplesklep.pl\/wp-content\/uploads\/2022\/09\/czujnik-dymu-300x206.jpg 300w, https:\/\/keemplesklep.pl\/wp-content\/uploads\/2022\/09\/czujnik-dymu-768x528.jpg 768w\" sizes=\"auto, (max-width: 850px) 100vw, 850px\" \/><\/p>\n<p>By integrating with elements of our Smart Home system, such as the <a href=\"https:\/\/keemplesklep.pl\/en\/produkt\/keemple-z-wave-smart-home-siren\/\">Keemple siren<\/a><!--1-->, the smoke detector creates a coherent and effective security network. This system ensures greater control over unplanned and dangerous situations in your home. Ensure the safety of yourself and your loved ones today! Our smoke detector communicates with other devices using the <a href=\"https:\/\/keemplesklep.pl\/en\/why-do-we-choose-z-wave\/\"><strong>Z-Wave<\/strong><\/a><!--1--> network, making it less susceptible to interference than devices operating on a Wi-Fi network. n addition, <strong>Z-Wave<\/strong> technology is more energy efficient and therefore allows for longer battery life of such sensors. This is why we rely on <strong>Z-Wave<\/strong> technology in our devices, which was developed specifically for building smart homes.<\/p>\n<p><img loading=\"lazy\" decoding=\"async\" class=\"aligncenter wp-image-3621 size-large\" src=\"https:\/\/keemplesklep.pl\/wp-content\/uploads\/2022\/09\/Obszar-roboczy-1-kopia-5.webp\" alt=\"\" width=\"980\" height=\"735\" srcset=\"https:\/\/keemplesklep.pl\/wp-content\/uploads\/2022\/09\/Obszar-roboczy-1-kopia-5.webp 2363w, https:\/\/keemplesklep.pl\/wp-content\/uploads\/2022\/09\/Obszar-roboczy-1-kopia-5-300x225.webp 300w, https:\/\/keemplesklep.pl\/wp-content\/uploads\/2022\/09\/Obszar-roboczy-1-kopia-5-1024x768.webp 1024w, https:\/\/keemplesklep.pl\/wp-content\/uploads\/2022\/09\/Obszar-roboczy-1-kopia-5-768x576.webp 768w, https:\/\/keemplesklep.pl\/wp-content\/uploads\/2022\/09\/Obszar-roboczy-1-kopia-5-1536x1152.webp 1536w, https:\/\/keemplesklep.pl\/wp-content\/uploads\/2022\/09\/Obszar-roboczy-1-kopia-5-2048x1537.webp 2048w, https:\/\/keemplesklep.pl\/wp-content\/uploads\/2022\/09\/Obszar-roboczy-1-kopia-5-324x243.webp 324w, https:\/\/keemplesklep.pl\/wp-content\/uploads\/2022\/09\/Obszar-roboczy-1-kopia-5-416x312.webp 416w\" sizes=\"auto, (max-width: 980px) 100vw, 980px\" \/><\/p>\n<p>&nbsp;<\/p>\n<p><strong>The smoke detector can be added to the Keemple KP-GW-07 Gateway and can be used to its full potential using the Keemple 2.0 app.<\/strong><\/p>\n<div class=\"gsp_post_data\" \r\n\t            data-post_type=\"product\" \r\n\t            data-cat=\"\" \r\n\t            data-modified=\"120\"\r\n\t            data-created=\"1664459447\"\r\n\t            data-title=\"Czujnik dymu Keemple\" \r\n\t            data-home=\"https:\/\/keemplesklep.pl\/en\/\"><\/div>","protected":false},"excerpt":{"rendered":"<p>The Keemple smoke detector is a piece of equipment that will alert you with an audible signal or a notification in the Keemple 2.0 app in the event of an emergency. It is the ideal solution for increasing the level of security in your home. It communicates with other devices via the <strong>Z-Wave<\/strong> protocol.<\/p>\n","protected":false},"featured_media":3021,"comment_status":"closed","ping_status":"closed","template":"","meta":{"_acf_changed":false},"product_brand":[],"product_cat":[194,194],"product_tag":[155,172,172,177],"class_list":{"0":"post-3100","1":"product","2":"type-product","3":"status-publish","4":"has-post-thumbnail","6":"product_cat-smart-sensors","8":"product_tag-smart-home-en","9":"product_tag-smart-home-en-2","11":"product_tag-z-wave-en","13":"first","14":"outofstock","15":"taxable","16":"shipping-taxable","17":"purchasable","18":"product-type-simple"},"acf":[],"yoast_head":"<!-- This site is optimized with the Yoast SEO plugin v27.4 - https:\/\/yoast.com\/product\/yoast-seo-wordpress\/ -->\n<title>Czujnik dymu Keemple - Keemple<\/title>\n<meta name=\"description\" content=\"Keemple - Czujnik dymu Keemple - keep your home safe with our Keemple smoke detector! Small device, big change.\" \/>\n<meta name=\"robots\" content=\"index, follow, max-snippet:-1, max-image-preview:large, max-video-preview:-1\" \/>\n<link rel=\"canonical\" href=\"https:\/\/keemplesklep.pl\/en\/produkt\/czujnik-dymu-keemple\/\" \/>\n<meta property=\"og:locale\" content=\"en_US\" \/>\n<meta property=\"og:type\" content=\"article\" \/>\n<meta property=\"og:title\" content=\"Czujnik dymu Keemple - Keemple\" \/>\n<meta property=\"og:description\" content=\"Keemple - Czujnik dymu Keemple - keep your home safe with our Keemple smoke detector! Small device, big change.\" \/>\n<meta property=\"og:url\" content=\"https:\/\/keemplesklep.pl\/en\/produkt\/czujnik-dymu-keemple\/\" \/>\n<meta property=\"og:site_name\" content=\"Keemple\" \/>\n<meta property=\"article:modified_time\" content=\"2026-03-31T22:00:05+00:00\" \/>\n<meta property=\"og:image\" content=\"https:\/\/keemplesklep.pl\/wp-content\/uploads\/2022\/09\/CZUJNIK-DYMU-BEZ-LOGO.png\" \/>\n\t<meta property=\"og:image:width\" content=\"4724\" \/>\n\t<meta property=\"og:image:height\" content=\"3543\" \/>\n\t<meta property=\"og:image:type\" content=\"image\/png\" \/>\n<meta name=\"twitter:card\" content=\"summary_large_image\" \/>\n<meta name=\"twitter:label1\" content=\"Est. reading time\" \/>\n\t<meta name=\"twitter:data1\" content=\"3 minutes\" \/>\n<script type=\"application\/ld+json\" class=\"yoast-schema-graph\">{\"@context\":\"https:\\\/\\\/schema.org\",\"@graph\":[{\"@type\":\"WebPage\",\"@id\":\"https:\\\/\\\/keemplesklep.pl\\\/en\\\/produkt\\\/czujnik-dymu-keemple\\\/\",\"url\":\"https:\\\/\\\/keemplesklep.pl\\\/en\\\/produkt\\\/czujnik-dymu-keemple\\\/\",\"name\":\"Czujnik dymu Keemple - Keemple\",\"isPartOf\":{\"@id\":\"https:\\\/\\\/keemplesklep.pl\\\/#website\"},\"primaryImageOfPage\":{\"@id\":\"https:\\\/\\\/keemplesklep.pl\\\/en\\\/produkt\\\/czujnik-dymu-keemple\\\/#primaryimage\"},\"image\":{\"@id\":\"https:\\\/\\\/keemplesklep.pl\\\/en\\\/produkt\\\/czujnik-dymu-keemple\\\/#primaryimage\"},\"thumbnailUrl\":\"https:\\\/\\\/keemplesklep.pl\\\/wp-content\\\/uploads\\\/2022\\\/09\\\/CZUJNIK-DYMU-BEZ-LOGO.png\",\"datePublished\":\"2024-03-20T13:58:26+00:00\",\"dateModified\":\"2026-03-31T22:00:05+00:00\",\"description\":\"Keemple - Czujnik dymu Keemple - keep your home safe with our Keemple smoke detector! Small device, big change.\",\"breadcrumb\":{\"@id\":\"https:\\\/\\\/keemplesklep.pl\\\/en\\\/produkt\\\/czujnik-dymu-keemple\\\/#breadcrumb\"},\"inLanguage\":\"en-US\",\"potentialAction\":[{\"@type\":\"ReadAction\",\"target\":[\"https:\\\/\\\/keemplesklep.pl\\\/en\\\/produkt\\\/czujnik-dymu-keemple\\\/\"]}]},{\"@type\":\"ImageObject\",\"inLanguage\":\"en-US\",\"@id\":\"https:\\\/\\\/keemplesklep.pl\\\/en\\\/produkt\\\/czujnik-dymu-keemple\\\/#primaryimage\",\"url\":\"https:\\\/\\\/keemplesklep.pl\\\/wp-content\\\/uploads\\\/2022\\\/09\\\/CZUJNIK-DYMU-BEZ-LOGO.png\",\"contentUrl\":\"https:\\\/\\\/keemplesklep.pl\\\/wp-content\\\/uploads\\\/2022\\\/09\\\/CZUJNIK-DYMU-BEZ-LOGO.png\",\"width\":4724,\"height\":3543,\"caption\":\"Czujnik dymu Keemple\"},{\"@type\":\"BreadcrumbList\",\"@id\":\"https:\\\/\\\/keemplesklep.pl\\\/en\\\/produkt\\\/czujnik-dymu-keemple\\\/#breadcrumb\",\"itemListElement\":[{\"@type\":\"ListItem\",\"position\":1,\"name\":\"Strona g\u0142\u00f3wna\",\"item\":\"https:\\\/\\\/keemplesklep.pl\\\/en\\\/\"},{\"@type\":\"ListItem\",\"position\":2,\"name\":\"Smart home sklep\",\"item\":\"https:\\\/\\\/keemplesklep.pl\\\/sklep\\\/\"},{\"@type\":\"ListItem\",\"position\":3,\"name\":\"Keemple Z-wave Smart Home Smoke Detector\"}]},{\"@type\":\"WebSite\",\"@id\":\"https:\\\/\\\/keemplesklep.pl\\\/#website\",\"url\":\"https:\\\/\\\/keemplesklep.pl\\\/\",\"name\":\"Keemple\",\"description\":\"Inteligentny dom - urz\u0105d\u017a smart home z inteligentnymi urz\u0105dzeniami\",\"publisher\":{\"@id\":\"https:\\\/\\\/keemplesklep.pl\\\/#organization\"},\"potentialAction\":[{\"@type\":\"SearchAction\",\"target\":{\"@type\":\"EntryPoint\",\"urlTemplate\":\"https:\\\/\\\/keemplesklep.pl\\\/?s={search_term_string}\"},\"query-input\":{\"@type\":\"PropertyValueSpecification\",\"valueRequired\":true,\"valueName\":\"search_term_string\"}}],\"inLanguage\":\"en-US\"},{\"@type\":\"Organization\",\"@id\":\"https:\\\/\\\/keemplesklep.pl\\\/#organization\",\"name\":\"Keemple\",\"url\":\"https:\\\/\\\/keemplesklep.pl\\\/\",\"logo\":{\"@type\":\"ImageObject\",\"inLanguage\":\"en-US\",\"@id\":\"https:\\\/\\\/keemplesklep.pl\\\/#\\\/schema\\\/logo\\\/image\\\/\",\"url\":\"https:\\\/\\\/keemplesklep.pl\\\/wp-content\\\/uploads\\\/2023\\\/03\\\/cropped-logonew.png\",\"contentUrl\":\"https:\\\/\\\/keemplesklep.pl\\\/wp-content\\\/uploads\\\/2023\\\/03\\\/cropped-logonew.png\",\"width\":367,\"height\":163,\"caption\":\"Keemple\"},\"image\":{\"@id\":\"https:\\\/\\\/keemplesklep.pl\\\/#\\\/schema\\\/logo\\\/image\\\/\"}}]}<\/script>\n<!-- \/ Yoast SEO plugin. -->","yoast_head_json":{"title":"Czujnik dymu Keemple - Keemple","description":"Keemple - Czujnik dymu Keemple - keep your home safe with our Keemple smoke detector! Small device, big change.","robots":{"index":"index","follow":"follow","max-snippet":"max-snippet:-1","max-image-preview":"max-image-preview:large","max-video-preview":"max-video-preview:-1"},"canonical":"https:\/\/keemplesklep.pl\/en\/produkt\/czujnik-dymu-keemple\/","og_locale":"en_US","og_type":"article","og_title":"Czujnik dymu Keemple - Keemple","og_description":"Keemple - Czujnik dymu Keemple - keep your home safe with our Keemple smoke detector! Small device, big change.","og_url":"https:\/\/keemplesklep.pl\/en\/produkt\/czujnik-dymu-keemple\/","og_site_name":"Keemple","article_modified_time":"2026-03-31T22:00:05+00:00","og_image":[{"width":4724,"height":3543,"url":"https:\/\/keemplesklep.pl\/wp-content\/uploads\/2022\/09\/CZUJNIK-DYMU-BEZ-LOGO.png","type":"image\/png"}],"twitter_card":"summary_large_image","twitter_misc":{"Est. reading time":"3 minutes"},"schema":{"@context":"https:\/\/schema.org","@graph":[{"@type":"WebPage","@id":"https:\/\/keemplesklep.pl\/en\/produkt\/czujnik-dymu-keemple\/","url":"https:\/\/keemplesklep.pl\/en\/produkt\/czujnik-dymu-keemple\/","name":"Czujnik dymu Keemple - Keemple","isPartOf":{"@id":"https:\/\/keemplesklep.pl\/#website"},"primaryImageOfPage":{"@id":"https:\/\/keemplesklep.pl\/en\/produkt\/czujnik-dymu-keemple\/#primaryimage"},"image":{"@id":"https:\/\/keemplesklep.pl\/en\/produkt\/czujnik-dymu-keemple\/#primaryimage"},"thumbnailUrl":"https:\/\/keemplesklep.pl\/wp-content\/uploads\/2022\/09\/CZUJNIK-DYMU-BEZ-LOGO.png","datePublished":"2024-03-20T13:58:26+00:00","dateModified":"2026-03-31T22:00:05+00:00","description":"Keemple - Czujnik dymu Keemple - keep your home safe with our Keemple smoke detector! Small device, big change.","breadcrumb":{"@id":"https:\/\/keemplesklep.pl\/en\/produkt\/czujnik-dymu-keemple\/#breadcrumb"},"inLanguage":"en-US","potentialAction":[{"@type":"ReadAction","target":["https:\/\/keemplesklep.pl\/en\/produkt\/czujnik-dymu-keemple\/"]}]},{"@type":"ImageObject","inLanguage":"en-US","@id":"https:\/\/keemplesklep.pl\/en\/produkt\/czujnik-dymu-keemple\/#primaryimage","url":"https:\/\/keemplesklep.pl\/wp-content\/uploads\/2022\/09\/CZUJNIK-DYMU-BEZ-LOGO.png","contentUrl":"https:\/\/keemplesklep.pl\/wp-content\/uploads\/2022\/09\/CZUJNIK-DYMU-BEZ-LOGO.png","width":4724,"height":3543,"caption":"Czujnik dymu Keemple"},{"@type":"BreadcrumbList","@id":"https:\/\/keemplesklep.pl\/en\/produkt\/czujnik-dymu-keemple\/#breadcrumb","itemListElement":[{"@type":"ListItem","position":1,"name":"Strona g\u0142\u00f3wna","item":"https:\/\/keemplesklep.pl\/en\/"},{"@type":"ListItem","position":2,"name":"Smart home sklep","item":"https:\/\/keemplesklep.pl\/sklep\/"},{"@type":"ListItem","position":3,"name":"Keemple Z-wave Smart Home Smoke Detector"}]},{"@type":"WebSite","@id":"https:\/\/keemplesklep.pl\/#website","url":"https:\/\/keemplesklep.pl\/","name":"Keemple","description":"Inteligentny dom - urz\u0105d\u017a smart home z inteligentnymi urz\u0105dzeniami","publisher":{"@id":"https:\/\/keemplesklep.pl\/#organization"},"potentialAction":[{"@type":"SearchAction","target":{"@type":"EntryPoint","urlTemplate":"https:\/\/keemplesklep.pl\/?s={search_term_string}"},"query-input":{"@type":"PropertyValueSpecification","valueRequired":true,"valueName":"search_term_string"}}],"inLanguage":"en-US"},{"@type":"Organization","@id":"https:\/\/keemplesklep.pl\/#organization","name":"Keemple","url":"https:\/\/keemplesklep.pl\/","logo":{"@type":"ImageObject","inLanguage":"en-US","@id":"https:\/\/keemplesklep.pl\/#\/schema\/logo\/image\/","url":"https:\/\/keemplesklep.pl\/wp-content\/uploads\/2023\/03\/cropped-logonew.png","contentUrl":"https:\/\/keemplesklep.pl\/wp-content\/uploads\/2023\/03\/cropped-logonew.png","width":367,"height":163,"caption":"Keemple"},"image":{"@id":"https:\/\/keemplesklep.pl\/#\/schema\/logo\/image\/"}}]}},"_links":{"self":[{"href":"https:\/\/keemplesklep.pl\/en\/wp-json\/wp\/v2\/product\/3100","targetHints":{"allow":["GET"]}}],"collection":[{"href":"https:\/\/keemplesklep.pl\/en\/wp-json\/wp\/v2\/product"}],"about":[{"href":"https:\/\/keemplesklep.pl\/en\/wp-json\/wp\/v2\/types\/product"}],"replies":[{"embeddable":true,"href":"https:\/\/keemplesklep.pl\/en\/wp-json\/wp\/v2\/comments?post=3100"}],"wp:featuredmedia":[{"embeddable":true,"href":"https:\/\/keemplesklep.pl\/en\/wp-json\/wp\/v2\/media\/3021"}],"wp:attachment":[{"href":"https:\/\/keemplesklep.pl\/en\/wp-json\/wp\/v2\/media?parent=3100"}],"wp:term":[{"taxonomy":"product_brand","embeddable":true,"href":"https:\/\/keemplesklep.pl\/en\/wp-json\/wp\/v2\/product_brand?post=3100"},{"taxonomy":"product_cat","embeddable":true,"href":"https:\/\/keemplesklep.pl\/en\/wp-json\/wp\/v2\/product_cat?post=3100"},{"taxonomy":"product_tag","embeddable":true,"href":"https:\/\/keemplesklep.pl\/en\/wp-json\/wp\/v2\/product_tag?post=3100"}],"curies":[{"name":"wp","href":"https:\/\/api.w.org\/{rel}","templated":true}]}}