{"id":3099,"date":"2022-09-29T13:50:47","date_gmt":"2024-03-20T13:54:34","guid":{"rendered":"https:\/\/keemplesklep.pl\/?post_type=product&#038;p=3099"},"modified":"2026-03-06T17:00:35","modified_gmt":"2026-03-06T16:00:34","slug":"inteligentne-gniazdko1","status":"publish","type":"product","link":"https:\/\/keemplesklep.pl\/en\/produkt\/inteligentne-gniazdko1\/","title":{"rendered":"Inteligentne gniazdko"},"content":{"rendered":"<h4>Smart socket<\/h4>\n<p>The smart 230V electrical socket, with its compact and economical design and remote control option, is a very practical solution. It makes it possible to control energy consumption, it is easy to use and install, and its greatest advantage is that it can be moved to any location. Using this product, domestic electrical appliances, can be switched on and off remotely, which definitely increases security and comfort in any home. Thanks to the smart socket, it is also possible to check whether a specific appliance, connected to it at any given time, is switched on.<\/p>\n<p><img loading=\"lazy\" decoding=\"async\" class=\"aligncenter wp-image-731 size-full\" src=\"https:\/\/keemplesklep.pl\/wp-content\/uploads\/2022\/09\/inteligent-gniazdko.jpg\" alt=\"Keemple smart socket used at home.\" width=\"850\" height=\"567\" \/><\/p>\n<h4>Smart socket &#8211; how does it work?<\/h4>\n<p>Once the socket has been selected, you can install our device and then connect the electronic equipment of your choice to it. Next, after adding the smart socket to our free Keemple 2.0 app, you can remotely switch on or off the devices connected to it, and track your power consumption. The maximum load it can handle is up to 2,500 watts. Our socket communicates over a <a href=\"https:\/\/keemplesklep.pl\/en\/why-do-we-choose-z-wave\/\"><strong>Z-Wave<\/strong><\/a><!--1--> network. Although the <a href=\"https:\/\/keemplesklep.pl\/en\/why-do-we-choose-z-wave\/\"><strong>Z-Wave<\/strong><\/a><!--2--> network is optimised for energy saving, it is able to transmit data quickly. This minimises the time it takes to transmit information and allows the automation system to respond quickly. For more information on <strong>Z-Wave<\/strong> technology, please visit our <a href=\"https:\/\/keemplesklep.pl\/en\/why-do-we-choose-z-wave\/\"><strong>blog<\/strong><\/a>.<\/p>\n<p><img loading=\"lazy\" decoding=\"async\" class=\"aligncenter wp-image-3619 size-large\" src=\"https:\/\/keemplesklep.pl\/wp-content\/uploads\/2022\/09\/Obszar-roboczy-1-kopia-4-1024x768.webp\" alt=\"\" width=\"980\" height=\"735\" srcset=\"https:\/\/keemplesklep.pl\/wp-content\/uploads\/2022\/09\/Obszar-roboczy-1-kopia-4-1024x768.webp 1024w, https:\/\/keemplesklep.pl\/wp-content\/uploads\/2022\/09\/Obszar-roboczy-1-kopia-4-300x225.webp 300w, https:\/\/keemplesklep.pl\/wp-content\/uploads\/2022\/09\/Obszar-roboczy-1-kopia-4-768x576.webp 768w, https:\/\/keemplesklep.pl\/wp-content\/uploads\/2022\/09\/Obszar-roboczy-1-kopia-4-1536x1152.webp 1536w, https:\/\/keemplesklep.pl\/wp-content\/uploads\/2022\/09\/Obszar-roboczy-1-kopia-4-2048x1537.webp 2048w, https:\/\/keemplesklep.pl\/wp-content\/uploads\/2022\/09\/Obszar-roboczy-1-kopia-4-324x243.webp 324w, https:\/\/keemplesklep.pl\/wp-content\/uploads\/2022\/09\/Obszar-roboczy-1-kopia-4-416x312.webp 416w\" sizes=\"auto, (max-width: 980px) 100vw, 980px\" \/><\/p>\n<h4>What can the smart socket be used for?<\/h4>\n<p>It is perfect for switching on or off devices connected to the plug. This makes it very easy to remotely turn on and off a radio, humidifier or iron. The socket can also be one of the components of a smart lighting system by plugging in, for example, lights or luminous decorations. When connected to the Keemple 2.0 app, the socket also allows remote device management and scenario creation. It is the scenarios and schedules that allow the equipment to operate more <a href=\"https:\/\/keemplesklep.pl\/en\/saving-with-a-smart-home-system\/\">economically<\/a><!--1--> and safely.<\/p>\n<p><strong>The smart socket can be added to the Keemple KP-GW-07 Gateway and can be used to its full potential using the Keemple 2.0 app.<\/strong><\/p>\n<div class=\"gsp_post_data\" \r\n\t            data-post_type=\"product\" \r\n\t            data-cat=\"\" \r\n\t            data-modified=\"120\"\r\n\t            data-created=\"1664459447\"\r\n\t            data-title=\"Inteligentne gniazdko\" \r\n\t            data-home=\"https:\/\/keemplesklep.pl\/en\/\"><\/div>","protected":false},"excerpt":{"rendered":"<p>Keemple&#8217;s carefully developed Smart Home technology allows you to freely start up and switch off electrical appliances connected to the smart socket. In addition, it allows you to control your energy consumption, providing you with a real-time overview of these parameters. Concerns about electronic equipment left on are over. Using the Keemple 2.0 app on your mobile device, you are able to switch them off remotely. The smart socket will bring your home to a higher level of technology and efficiency. Our socket works via a <a href=\"https:\/\/keemplesklep.pl\/en\/why-do-we-choose-z-wave\/\"><strong>Z-Wave<\/strong><\/a><!--1--> network!<\/p>\n","protected":false},"featured_media":2929,"comment_status":"closed","ping_status":"closed","template":"","meta":{"_acf_changed":false},"product_brand":[],"product_cat":[195,195],"product_tag":[151,178,154,155,172,176],"class_list":{"0":"post-3099","1":"product","2":"type-product","3":"status-publish","4":"has-post-thumbnail","6":"product_cat-smart-socket","8":"product_tag-electrical-outlet","9":"product_tag-remote-control","10":"product_tag-smart-control","11":"product_tag-smart-home-en","12":"product_tag-smart-home-en-2","13":"product_tag-smart-plug","15":"first","16":"instock","17":"taxable","18":"shipping-taxable","19":"purchasable","20":"product-type-simple"},"acf":[],"yoast_head":"<!-- This site is optimized with the Yoast SEO plugin v27.4 - https:\/\/yoast.com\/product\/yoast-seo-wordpress\/ -->\n<title>Inteligentne gniazdko - Keemple<\/title>\n<meta name=\"description\" content=\"Keemple - Inteligentne gniazdko - a device that will allow you to rationally manage energy consumption. Start saving today!\" \/>\n<meta name=\"robots\" content=\"index, follow, max-snippet:-1, max-image-preview:large, max-video-preview:-1\" \/>\n<link rel=\"canonical\" href=\"https:\/\/keemplesklep.pl\/en\/produkt\/z-wave-smart-home-socket\/\" \/>\n<meta property=\"og:locale\" content=\"en_US\" \/>\n<meta property=\"og:type\" content=\"article\" \/>\n<meta property=\"og:title\" content=\"Inteligentne gniazdko - Keemple\" \/>\n<meta property=\"og:description\" content=\"Keemple - Inteligentne gniazdko - a device that will allow you to rationally manage energy consumption. Start saving today!\" \/>\n<meta property=\"og:url\" content=\"https:\/\/keemplesklep.pl\/en\/produkt\/z-wave-smart-home-socket\/\" \/>\n<meta property=\"og:site_name\" content=\"Keemple\" \/>\n<meta property=\"article:modified_time\" content=\"2026-03-06T16:00:34+00:00\" \/>\n<meta property=\"og:image\" content=\"https:\/\/keemplesklep.pl\/wp-content\/uploads\/2022\/09\/wtyczkaGNIAZDKO-1024x768.png\" \/>\n\t<meta property=\"og:image:width\" content=\"1024\" \/>\n\t<meta property=\"og:image:height\" content=\"768\" \/>\n\t<meta property=\"og:image:type\" content=\"image\/png\" \/>\n<meta name=\"twitter:card\" content=\"summary_large_image\" \/>\n<meta name=\"twitter:label1\" content=\"Est. reading time\" \/>\n\t<meta name=\"twitter:data1\" content=\"3 minutes\" \/>\n<script type=\"application\/ld+json\" class=\"yoast-schema-graph\">{\"@context\":\"https:\\\/\\\/schema.org\",\"@graph\":[{\"@type\":\"WebPage\",\"@id\":\"https:\\\/\\\/keemplesklep.pl\\\/en\\\/produkt\\\/z-wave-smart-home-socket\\\/\",\"url\":\"https:\\\/\\\/keemplesklep.pl\\\/en\\\/produkt\\\/z-wave-smart-home-socket\\\/\",\"name\":\"Inteligentne gniazdko - Keemple\",\"isPartOf\":{\"@id\":\"https:\\\/\\\/keemplesklep.pl\\\/#website\"},\"primaryImageOfPage\":{\"@id\":\"https:\\\/\\\/keemplesklep.pl\\\/en\\\/produkt\\\/z-wave-smart-home-socket\\\/#primaryimage\"},\"image\":{\"@id\":\"https:\\\/\\\/keemplesklep.pl\\\/en\\\/produkt\\\/z-wave-smart-home-socket\\\/#primaryimage\"},\"thumbnailUrl\":\"https:\\\/\\\/keemplesklep.pl\\\/wp-content\\\/uploads\\\/2022\\\/09\\\/wtyczkaGNIAZDKO.png\",\"datePublished\":\"2024-03-20T13:54:34+00:00\",\"dateModified\":\"2026-03-06T16:00:34+00:00\",\"description\":\"Keemple - Inteligentne gniazdko - a device that will allow you to rationally manage energy consumption. Start saving today!\",\"breadcrumb\":{\"@id\":\"https:\\\/\\\/keemplesklep.pl\\\/en\\\/produkt\\\/z-wave-smart-home-socket\\\/#breadcrumb\"},\"inLanguage\":\"en-US\",\"potentialAction\":[{\"@type\":\"ReadAction\",\"target\":[\"https:\\\/\\\/keemplesklep.pl\\\/en\\\/produkt\\\/z-wave-smart-home-socket\\\/\"]}]},{\"@type\":\"ImageObject\",\"inLanguage\":\"en-US\",\"@id\":\"https:\\\/\\\/keemplesklep.pl\\\/en\\\/produkt\\\/z-wave-smart-home-socket\\\/#primaryimage\",\"url\":\"https:\\\/\\\/keemplesklep.pl\\\/wp-content\\\/uploads\\\/2022\\\/09\\\/wtyczkaGNIAZDKO.png\",\"contentUrl\":\"https:\\\/\\\/keemplesklep.pl\\\/wp-content\\\/uploads\\\/2022\\\/09\\\/wtyczkaGNIAZDKO.png\",\"width\":4000,\"height\":3000,\"caption\":\"Inteligentne gniazdko\"},{\"@type\":\"BreadcrumbList\",\"@id\":\"https:\\\/\\\/keemplesklep.pl\\\/en\\\/produkt\\\/z-wave-smart-home-socket\\\/#breadcrumb\",\"itemListElement\":[{\"@type\":\"ListItem\",\"position\":1,\"name\":\"Strona g\u0142\u00f3wna\",\"item\":\"https:\\\/\\\/keemplesklep.pl\\\/en\\\/\"},{\"@type\":\"ListItem\",\"position\":2,\"name\":\"Smart home sklep\",\"item\":\"https:\\\/\\\/keemplesklep.pl\\\/sklep\\\/\"},{\"@type\":\"ListItem\",\"position\":3,\"name\":\"Z-wave Smart Home socket\"}]},{\"@type\":\"WebSite\",\"@id\":\"https:\\\/\\\/keemplesklep.pl\\\/#website\",\"url\":\"https:\\\/\\\/keemplesklep.pl\\\/\",\"name\":\"Keemple\",\"description\":\"Inteligentny dom - urz\u0105d\u017a smart home z inteligentnymi urz\u0105dzeniami\",\"publisher\":{\"@id\":\"https:\\\/\\\/keemplesklep.pl\\\/#organization\"},\"potentialAction\":[{\"@type\":\"SearchAction\",\"target\":{\"@type\":\"EntryPoint\",\"urlTemplate\":\"https:\\\/\\\/keemplesklep.pl\\\/?s={search_term_string}\"},\"query-input\":{\"@type\":\"PropertyValueSpecification\",\"valueRequired\":true,\"valueName\":\"search_term_string\"}}],\"inLanguage\":\"en-US\"},{\"@type\":\"Organization\",\"@id\":\"https:\\\/\\\/keemplesklep.pl\\\/#organization\",\"name\":\"Keemple\",\"url\":\"https:\\\/\\\/keemplesklep.pl\\\/\",\"logo\":{\"@type\":\"ImageObject\",\"inLanguage\":\"en-US\",\"@id\":\"https:\\\/\\\/keemplesklep.pl\\\/#\\\/schema\\\/logo\\\/image\\\/\",\"url\":\"https:\\\/\\\/keemplesklep.pl\\\/wp-content\\\/uploads\\\/2023\\\/03\\\/cropped-logonew.png\",\"contentUrl\":\"https:\\\/\\\/keemplesklep.pl\\\/wp-content\\\/uploads\\\/2023\\\/03\\\/cropped-logonew.png\",\"width\":367,\"height\":163,\"caption\":\"Keemple\"},\"image\":{\"@id\":\"https:\\\/\\\/keemplesklep.pl\\\/#\\\/schema\\\/logo\\\/image\\\/\"}}]}<\/script>\n<!-- \/ Yoast SEO plugin. -->","yoast_head_json":{"title":"Inteligentne gniazdko - Keemple","description":"Keemple - Inteligentne gniazdko - a device that will allow you to rationally manage energy consumption. Start saving today!","robots":{"index":"index","follow":"follow","max-snippet":"max-snippet:-1","max-image-preview":"max-image-preview:large","max-video-preview":"max-video-preview:-1"},"canonical":"https:\/\/keemplesklep.pl\/en\/produkt\/z-wave-smart-home-socket\/","og_locale":"en_US","og_type":"article","og_title":"Inteligentne gniazdko - Keemple","og_description":"Keemple - Inteligentne gniazdko - a device that will allow you to rationally manage energy consumption. Start saving today!","og_url":"https:\/\/keemplesklep.pl\/en\/produkt\/z-wave-smart-home-socket\/","og_site_name":"Keemple","article_modified_time":"2026-03-06T16:00:34+00:00","og_image":[{"width":1024,"height":768,"url":"https:\/\/keemplesklep.pl\/wp-content\/uploads\/2022\/09\/wtyczkaGNIAZDKO-1024x768.png","type":"image\/png"}],"twitter_card":"summary_large_image","twitter_misc":{"Est. reading time":"3 minutes"},"schema":{"@context":"https:\/\/schema.org","@graph":[{"@type":"WebPage","@id":"https:\/\/keemplesklep.pl\/en\/produkt\/z-wave-smart-home-socket\/","url":"https:\/\/keemplesklep.pl\/en\/produkt\/z-wave-smart-home-socket\/","name":"Inteligentne gniazdko - Keemple","isPartOf":{"@id":"https:\/\/keemplesklep.pl\/#website"},"primaryImageOfPage":{"@id":"https:\/\/keemplesklep.pl\/en\/produkt\/z-wave-smart-home-socket\/#primaryimage"},"image":{"@id":"https:\/\/keemplesklep.pl\/en\/produkt\/z-wave-smart-home-socket\/#primaryimage"},"thumbnailUrl":"https:\/\/keemplesklep.pl\/wp-content\/uploads\/2022\/09\/wtyczkaGNIAZDKO.png","datePublished":"2024-03-20T13:54:34+00:00","dateModified":"2026-03-06T16:00:34+00:00","description":"Keemple - Inteligentne gniazdko - a device that will allow you to rationally manage energy consumption. Start saving today!","breadcrumb":{"@id":"https:\/\/keemplesklep.pl\/en\/produkt\/z-wave-smart-home-socket\/#breadcrumb"},"inLanguage":"en-US","potentialAction":[{"@type":"ReadAction","target":["https:\/\/keemplesklep.pl\/en\/produkt\/z-wave-smart-home-socket\/"]}]},{"@type":"ImageObject","inLanguage":"en-US","@id":"https:\/\/keemplesklep.pl\/en\/produkt\/z-wave-smart-home-socket\/#primaryimage","url":"https:\/\/keemplesklep.pl\/wp-content\/uploads\/2022\/09\/wtyczkaGNIAZDKO.png","contentUrl":"https:\/\/keemplesklep.pl\/wp-content\/uploads\/2022\/09\/wtyczkaGNIAZDKO.png","width":4000,"height":3000,"caption":"Inteligentne gniazdko"},{"@type":"BreadcrumbList","@id":"https:\/\/keemplesklep.pl\/en\/produkt\/z-wave-smart-home-socket\/#breadcrumb","itemListElement":[{"@type":"ListItem","position":1,"name":"Strona g\u0142\u00f3wna","item":"https:\/\/keemplesklep.pl\/en\/"},{"@type":"ListItem","position":2,"name":"Smart home sklep","item":"https:\/\/keemplesklep.pl\/sklep\/"},{"@type":"ListItem","position":3,"name":"Z-wave Smart Home socket"}]},{"@type":"WebSite","@id":"https:\/\/keemplesklep.pl\/#website","url":"https:\/\/keemplesklep.pl\/","name":"Keemple","description":"Inteligentny dom - urz\u0105d\u017a smart home z inteligentnymi urz\u0105dzeniami","publisher":{"@id":"https:\/\/keemplesklep.pl\/#organization"},"potentialAction":[{"@type":"SearchAction","target":{"@type":"EntryPoint","urlTemplate":"https:\/\/keemplesklep.pl\/?s={search_term_string}"},"query-input":{"@type":"PropertyValueSpecification","valueRequired":true,"valueName":"search_term_string"}}],"inLanguage":"en-US"},{"@type":"Organization","@id":"https:\/\/keemplesklep.pl\/#organization","name":"Keemple","url":"https:\/\/keemplesklep.pl\/","logo":{"@type":"ImageObject","inLanguage":"en-US","@id":"https:\/\/keemplesklep.pl\/#\/schema\/logo\/image\/","url":"https:\/\/keemplesklep.pl\/wp-content\/uploads\/2023\/03\/cropped-logonew.png","contentUrl":"https:\/\/keemplesklep.pl\/wp-content\/uploads\/2023\/03\/cropped-logonew.png","width":367,"height":163,"caption":"Keemple"},"image":{"@id":"https:\/\/keemplesklep.pl\/#\/schema\/logo\/image\/"}}]}},"_links":{"self":[{"href":"https:\/\/keemplesklep.pl\/en\/wp-json\/wp\/v2\/product\/3099","targetHints":{"allow":["GET"]}}],"collection":[{"href":"https:\/\/keemplesklep.pl\/en\/wp-json\/wp\/v2\/product"}],"about":[{"href":"https:\/\/keemplesklep.pl\/en\/wp-json\/wp\/v2\/types\/product"}],"replies":[{"embeddable":true,"href":"https:\/\/keemplesklep.pl\/en\/wp-json\/wp\/v2\/comments?post=3099"}],"wp:featuredmedia":[{"embeddable":true,"href":"https:\/\/keemplesklep.pl\/en\/wp-json\/wp\/v2\/media\/2929"}],"wp:attachment":[{"href":"https:\/\/keemplesklep.pl\/en\/wp-json\/wp\/v2\/media?parent=3099"}],"wp:term":[{"taxonomy":"product_brand","embeddable":true,"href":"https:\/\/keemplesklep.pl\/en\/wp-json\/wp\/v2\/product_brand?post=3099"},{"taxonomy":"product_cat","embeddable":true,"href":"https:\/\/keemplesklep.pl\/en\/wp-json\/wp\/v2\/product_cat?post=3099"},{"taxonomy":"product_tag","embeddable":true,"href":"https:\/\/keemplesklep.pl\/en\/wp-json\/wp\/v2\/product_tag?post=3099"}],"curies":[{"name":"wp","href":"https:\/\/api.w.org\/{rel}","templated":true}]}}