{"id":3097,"date":"2022-09-29T13:50:47","date_gmt":"2024-03-20T13:44:30","guid":{"rendered":"https:\/\/keemplesklep.pl\/produkt\/keemple-z-wave-smart-home-flood-detector\/"},"modified":"2026-03-02T02:26:08","modified_gmt":"2026-03-02T01:26:08","slug":"keemple-z-wave-smart-home-flood-detector","status":"publish","type":"product","link":"https:\/\/keemplesklep.pl\/en\/produkt\/keemple-z-wave-smart-home-flood-detector\/","title":{"rendered":"Keemple Z-wave Smart Home Water Sensor"},"content":{"rendered":"<h4>Security for your home<\/h4>\n<p>This smart device can protect your home from the danger of flooding. Mount them in the areas that are most vulnerable to this type of risk, e.g. near the washing machine or dishwasher, and in the event of a leak, you will be alerted by an audible signal and a notification in the Keemple 2.0 app that water has been detected.<\/p>\n<p><img loading=\"lazy\" decoding=\"async\" class=\"aligncenter wp-image-692 size-full\" src=\"https:\/\/keemplesklep.pl\/wp-content\/uploads\/2022\/09\/czujnik_zalania.jpg\" alt=\"Washing machine in the bathroom, a place where water may flood the house.\" width=\"850\" height=\"567\" \/><\/p>\n<h4>Flood Detector<\/h4>\n<p>The device makes sure that the risk of flooding in the house is minimised. When the device detects water, it emits an audible signal and informs you of the relevant risk. Relevant information is transmitted via the Keemple 2.0 app, so you can react quickly and notify the services, even when you are far away from your home. Where to install a flood detector? A good choice is to install it near the washing machine, in the bathroom or in the kitchen next to the dishwasher. The detector has a small external sensor attached. As a result, it can even be placed in narrow spaces that are inaccessible to us on a daily basis. This device can also be configured for use in a scenario with our Keemple Siren.<\/p>\n<p><img loading=\"lazy\" decoding=\"async\" class=\"aligncenter wp-image-3626 size-large\" src=\"https:\/\/keemplesklep.pl\/wp-content\/uploads\/2022\/09\/Obszar-roboczy-1-kopia-8.webp\" alt=\"\" width=\"980\" height=\"735\" srcset=\"https:\/\/keemplesklep.pl\/wp-content\/uploads\/2022\/09\/Obszar-roboczy-1-kopia-8.webp 2363w, https:\/\/keemplesklep.pl\/wp-content\/uploads\/2022\/09\/Obszar-roboczy-1-kopia-8-300x225.webp 300w, https:\/\/keemplesklep.pl\/wp-content\/uploads\/2022\/09\/Obszar-roboczy-1-kopia-8-1024x768.webp 1024w, https:\/\/keemplesklep.pl\/wp-content\/uploads\/2022\/09\/Obszar-roboczy-1-kopia-8-768x576.webp 768w, https:\/\/keemplesklep.pl\/wp-content\/uploads\/2022\/09\/Obszar-roboczy-1-kopia-8-1536x1152.webp 1536w, https:\/\/keemplesklep.pl\/wp-content\/uploads\/2022\/09\/Obszar-roboczy-1-kopia-8-2048x1537.webp 2048w, https:\/\/keemplesklep.pl\/wp-content\/uploads\/2022\/09\/Obszar-roboczy-1-kopia-8-324x243.webp 324w, https:\/\/keemplesklep.pl\/wp-content\/uploads\/2022\/09\/Obszar-roboczy-1-kopia-8-416x312.webp 416w\" sizes=\"auto, (max-width: 980px) 100vw, 980px\" \/><\/p>\n<p>The Keemple flood detector communicates with the Keemple gateway via the <a href=\"https:\/\/keemplesklep.pl\/en\/why-do-we-choose-z-wave\/\"><strong>Z-Wave<\/strong><\/a><!--1--> protocol. In this way, the devices are optimised for energy saving, allowing the batteries to last for a long time. In addition, the <strong>Z-Wave<\/strong> network operates on radio waves, eliminating the need to run special cables to the devices. This further increases the mobility of the flood detector and allows for it to be placed in a convenient location.<\/p>\n<p>To fully ensure the security of your home, learn more about the features of our Keemple Smart Home devices from our <a href=\"https:\/\/keemplesklep.pl\/wszystko-co-warto-wiedziec-o-inteligentnym-monitoringu-domu\/\">blog<\/a><!--1-->.<\/p>\n<p><strong>The flood detector can be added to the Keemple KP-GW-07 Gateway and can be used to its full potential using the Keemple 2.0 app.<\/strong><\/p>\n<div class=\"gsp_post_data\" \r\n\t            data-post_type=\"product\" \r\n\t            data-cat=\"\" \r\n\t            data-modified=\"120\"\r\n\t            data-created=\"1664459447\"\r\n\t            data-title=\"Keemple Z-wave Smart Home Water Sensor\" \r\n\t            data-home=\"https:\/\/keemplesklep.pl\/en\/\"><\/div>","protected":false},"excerpt":{"rendered":"<p>The flood sensor is a device that allows you to control every room with access to water. Thanks to its connection to the Keemple 2.0 app and its audible alarm, it will inform you in time of a water leak and the risk of flooding, allowing you to react early enough to avoid losses. Our Keemple flood detector communicates with the gateway via <strong>Z-Wave<\/strong> protocol.<\/p>\n","protected":false},"featured_media":2910,"comment_status":"closed","ping_status":"closed","template":"","meta":{"_acf_changed":false},"product_brand":[],"product_cat":[194],"product_tag":[160,149,138,172,155,177],"class_list":{"0":"post-3097","1":"product","2":"type-product","3":"status-publish","4":"has-post-thumbnail","6":"product_cat-smart-sensors","7":"product_tag-comfort","8":"product_tag-flood-sensor","9":"product_tag-security","10":"product_tag-smart-home-en-2","11":"product_tag-smart-home-en","12":"product_tag-z-wave-en","14":"first","15":"instock","16":"featured","17":"taxable","18":"shipping-taxable","19":"purchasable","20":"product-type-simple"},"acf":[],"yoast_head":"<!-- This site is optimized with the Yoast SEO plugin v27.4 - https:\/\/yoast.com\/product\/yoast-seo-wordpress\/ -->\n<title>Intelligent flood sensor - Keemple<\/title>\n<meta name=\"description\" content=\"Keemple - Keemple Z-wave Smart Home Water Sensor - a flood sensor helps keep your home safe.\" \/>\n<meta name=\"robots\" content=\"index, follow, max-snippet:-1, max-image-preview:large, max-video-preview:-1\" \/>\n<link rel=\"canonical\" href=\"https:\/\/keemplesklep.pl\/en\/produkt\/keemple-z-wave-smart-home-flood-detector\/\" \/>\n<meta property=\"og:locale\" content=\"en_US\" \/>\n<meta property=\"og:type\" content=\"article\" \/>\n<meta property=\"og:title\" content=\"Intelligent flood sensor - Keemple\" \/>\n<meta property=\"og:description\" content=\"Keemple - Keemple Z-wave Smart Home Water Sensor - a flood sensor helps keep your home safe.\" \/>\n<meta property=\"og:url\" content=\"https:\/\/keemplesklep.pl\/en\/produkt\/keemple-z-wave-smart-home-flood-detector\/\" \/>\n<meta property=\"og:site_name\" content=\"Keemple\" \/>\n<meta property=\"article:modified_time\" content=\"2026-03-02T01:26:08+00:00\" \/>\n<meta property=\"og:image\" content=\"https:\/\/keemplesklep.pl\/wp-content\/uploads\/2022\/09\/20230104-KPL67-Water-Front.134-1.png\" \/>\n\t<meta property=\"og:image:width\" content=\"2158\" \/>\n\t<meta property=\"og:image:height\" content=\"1618\" \/>\n\t<meta property=\"og:image:type\" content=\"image\/png\" \/>\n<meta name=\"twitter:card\" content=\"summary_large_image\" \/>\n<meta name=\"twitter:label1\" content=\"Est. reading time\" \/>\n\t<meta name=\"twitter:data1\" content=\"3 minutes\" \/>\n<script type=\"application\/ld+json\" class=\"yoast-schema-graph\">{\"@context\":\"https:\\\/\\\/schema.org\",\"@graph\":[{\"@type\":\"WebPage\",\"@id\":\"https:\\\/\\\/keemplesklep.pl\\\/en\\\/produkt\\\/keemple-z-wave-smart-home-flood-detector\\\/\",\"url\":\"https:\\\/\\\/keemplesklep.pl\\\/en\\\/produkt\\\/keemple-z-wave-smart-home-flood-detector\\\/\",\"name\":\"Intelligent flood sensor - Keemple\",\"isPartOf\":{\"@id\":\"https:\\\/\\\/keemplesklep.pl\\\/#website\"},\"primaryImageOfPage\":{\"@id\":\"https:\\\/\\\/keemplesklep.pl\\\/en\\\/produkt\\\/keemple-z-wave-smart-home-flood-detector\\\/#primaryimage\"},\"image\":{\"@id\":\"https:\\\/\\\/keemplesklep.pl\\\/en\\\/produkt\\\/keemple-z-wave-smart-home-flood-detector\\\/#primaryimage\"},\"thumbnailUrl\":\"https:\\\/\\\/keemplesklep.pl\\\/wp-content\\\/uploads\\\/2022\\\/09\\\/20230104-KPL67-Water-Front.134-1.png\",\"datePublished\":\"2024-03-20T13:44:30+00:00\",\"dateModified\":\"2026-03-02T01:26:08+00:00\",\"description\":\"Keemple - Keemple Z-wave Smart Home Water Sensor - a flood sensor helps keep your home safe.\",\"breadcrumb\":{\"@id\":\"https:\\\/\\\/keemplesklep.pl\\\/en\\\/produkt\\\/keemple-z-wave-smart-home-flood-detector\\\/#breadcrumb\"},\"inLanguage\":\"en-US\",\"potentialAction\":[{\"@type\":\"ReadAction\",\"target\":[\"https:\\\/\\\/keemplesklep.pl\\\/en\\\/produkt\\\/keemple-z-wave-smart-home-flood-detector\\\/\"]}]},{\"@type\":\"ImageObject\",\"inLanguage\":\"en-US\",\"@id\":\"https:\\\/\\\/keemplesklep.pl\\\/en\\\/produkt\\\/keemple-z-wave-smart-home-flood-detector\\\/#primaryimage\",\"url\":\"https:\\\/\\\/keemplesklep.pl\\\/wp-content\\\/uploads\\\/2022\\\/09\\\/20230104-KPL67-Water-Front.134-1.png\",\"contentUrl\":\"https:\\\/\\\/keemplesklep.pl\\\/wp-content\\\/uploads\\\/2022\\\/09\\\/20230104-KPL67-Water-Front.134-1.png\",\"width\":2158,\"height\":1618,\"caption\":\"Czujnik zalania Keemple\"},{\"@type\":\"BreadcrumbList\",\"@id\":\"https:\\\/\\\/keemplesklep.pl\\\/en\\\/produkt\\\/keemple-z-wave-smart-home-flood-detector\\\/#breadcrumb\",\"itemListElement\":[{\"@type\":\"ListItem\",\"position\":1,\"name\":\"Strona g\u0142\u00f3wna\",\"item\":\"https:\\\/\\\/keemplesklep.pl\\\/en\\\/\"},{\"@type\":\"ListItem\",\"position\":2,\"name\":\"Smart home sklep\",\"item\":\"https:\\\/\\\/keemplesklep.pl\\\/sklep\\\/\"},{\"@type\":\"ListItem\",\"position\":3,\"name\":\"Keemple Z-wave Smart Home Water Sensor\"}]},{\"@type\":\"WebSite\",\"@id\":\"https:\\\/\\\/keemplesklep.pl\\\/#website\",\"url\":\"https:\\\/\\\/keemplesklep.pl\\\/\",\"name\":\"Keemple\",\"description\":\"Inteligentny dom - urz\u0105d\u017a smart home z inteligentnymi urz\u0105dzeniami\",\"publisher\":{\"@id\":\"https:\\\/\\\/keemplesklep.pl\\\/#organization\"},\"potentialAction\":[{\"@type\":\"SearchAction\",\"target\":{\"@type\":\"EntryPoint\",\"urlTemplate\":\"https:\\\/\\\/keemplesklep.pl\\\/?s={search_term_string}\"},\"query-input\":{\"@type\":\"PropertyValueSpecification\",\"valueRequired\":true,\"valueName\":\"search_term_string\"}}],\"inLanguage\":\"en-US\"},{\"@type\":\"Organization\",\"@id\":\"https:\\\/\\\/keemplesklep.pl\\\/#organization\",\"name\":\"Keemple\",\"url\":\"https:\\\/\\\/keemplesklep.pl\\\/\",\"logo\":{\"@type\":\"ImageObject\",\"inLanguage\":\"en-US\",\"@id\":\"https:\\\/\\\/keemplesklep.pl\\\/#\\\/schema\\\/logo\\\/image\\\/\",\"url\":\"https:\\\/\\\/keemplesklep.pl\\\/wp-content\\\/uploads\\\/2023\\\/03\\\/cropped-logonew.png\",\"contentUrl\":\"https:\\\/\\\/keemplesklep.pl\\\/wp-content\\\/uploads\\\/2023\\\/03\\\/cropped-logonew.png\",\"width\":367,\"height\":163,\"caption\":\"Keemple\"},\"image\":{\"@id\":\"https:\\\/\\\/keemplesklep.pl\\\/#\\\/schema\\\/logo\\\/image\\\/\"}}]}<\/script>\n<!-- \/ Yoast SEO plugin. -->","yoast_head_json":{"title":"Intelligent flood sensor - Keemple","description":"Keemple - Keemple Z-wave Smart Home Water Sensor - a flood sensor helps keep your home safe.","robots":{"index":"index","follow":"follow","max-snippet":"max-snippet:-1","max-image-preview":"max-image-preview:large","max-video-preview":"max-video-preview:-1"},"canonical":"https:\/\/keemplesklep.pl\/en\/produkt\/keemple-z-wave-smart-home-flood-detector\/","og_locale":"en_US","og_type":"article","og_title":"Intelligent flood sensor - Keemple","og_description":"Keemple - Keemple Z-wave Smart Home Water Sensor - a flood sensor helps keep your home safe.","og_url":"https:\/\/keemplesklep.pl\/en\/produkt\/keemple-z-wave-smart-home-flood-detector\/","og_site_name":"Keemple","article_modified_time":"2026-03-02T01:26:08+00:00","og_image":[{"width":2158,"height":1618,"url":"https:\/\/keemplesklep.pl\/wp-content\/uploads\/2022\/09\/20230104-KPL67-Water-Front.134-1.png","type":"image\/png"}],"twitter_card":"summary_large_image","twitter_misc":{"Est. reading time":"3 minutes"},"schema":{"@context":"https:\/\/schema.org","@graph":[{"@type":"WebPage","@id":"https:\/\/keemplesklep.pl\/en\/produkt\/keemple-z-wave-smart-home-flood-detector\/","url":"https:\/\/keemplesklep.pl\/en\/produkt\/keemple-z-wave-smart-home-flood-detector\/","name":"Intelligent flood sensor - Keemple","isPartOf":{"@id":"https:\/\/keemplesklep.pl\/#website"},"primaryImageOfPage":{"@id":"https:\/\/keemplesklep.pl\/en\/produkt\/keemple-z-wave-smart-home-flood-detector\/#primaryimage"},"image":{"@id":"https:\/\/keemplesklep.pl\/en\/produkt\/keemple-z-wave-smart-home-flood-detector\/#primaryimage"},"thumbnailUrl":"https:\/\/keemplesklep.pl\/wp-content\/uploads\/2022\/09\/20230104-KPL67-Water-Front.134-1.png","datePublished":"2024-03-20T13:44:30+00:00","dateModified":"2026-03-02T01:26:08+00:00","description":"Keemple - Keemple Z-wave Smart Home Water Sensor - a flood sensor helps keep your home safe.","breadcrumb":{"@id":"https:\/\/keemplesklep.pl\/en\/produkt\/keemple-z-wave-smart-home-flood-detector\/#breadcrumb"},"inLanguage":"en-US","potentialAction":[{"@type":"ReadAction","target":["https:\/\/keemplesklep.pl\/en\/produkt\/keemple-z-wave-smart-home-flood-detector\/"]}]},{"@type":"ImageObject","inLanguage":"en-US","@id":"https:\/\/keemplesklep.pl\/en\/produkt\/keemple-z-wave-smart-home-flood-detector\/#primaryimage","url":"https:\/\/keemplesklep.pl\/wp-content\/uploads\/2022\/09\/20230104-KPL67-Water-Front.134-1.png","contentUrl":"https:\/\/keemplesklep.pl\/wp-content\/uploads\/2022\/09\/20230104-KPL67-Water-Front.134-1.png","width":2158,"height":1618,"caption":"Czujnik zalania Keemple"},{"@type":"BreadcrumbList","@id":"https:\/\/keemplesklep.pl\/en\/produkt\/keemple-z-wave-smart-home-flood-detector\/#breadcrumb","itemListElement":[{"@type":"ListItem","position":1,"name":"Strona g\u0142\u00f3wna","item":"https:\/\/keemplesklep.pl\/en\/"},{"@type":"ListItem","position":2,"name":"Smart home sklep","item":"https:\/\/keemplesklep.pl\/sklep\/"},{"@type":"ListItem","position":3,"name":"Keemple Z-wave Smart Home Water Sensor"}]},{"@type":"WebSite","@id":"https:\/\/keemplesklep.pl\/#website","url":"https:\/\/keemplesklep.pl\/","name":"Keemple","description":"Inteligentny dom - urz\u0105d\u017a smart home z inteligentnymi urz\u0105dzeniami","publisher":{"@id":"https:\/\/keemplesklep.pl\/#organization"},"potentialAction":[{"@type":"SearchAction","target":{"@type":"EntryPoint","urlTemplate":"https:\/\/keemplesklep.pl\/?s={search_term_string}"},"query-input":{"@type":"PropertyValueSpecification","valueRequired":true,"valueName":"search_term_string"}}],"inLanguage":"en-US"},{"@type":"Organization","@id":"https:\/\/keemplesklep.pl\/#organization","name":"Keemple","url":"https:\/\/keemplesklep.pl\/","logo":{"@type":"ImageObject","inLanguage":"en-US","@id":"https:\/\/keemplesklep.pl\/#\/schema\/logo\/image\/","url":"https:\/\/keemplesklep.pl\/wp-content\/uploads\/2023\/03\/cropped-logonew.png","contentUrl":"https:\/\/keemplesklep.pl\/wp-content\/uploads\/2023\/03\/cropped-logonew.png","width":367,"height":163,"caption":"Keemple"},"image":{"@id":"https:\/\/keemplesklep.pl\/#\/schema\/logo\/image\/"}}]}},"_links":{"self":[{"href":"https:\/\/keemplesklep.pl\/en\/wp-json\/wp\/v2\/product\/3097","targetHints":{"allow":["GET"]}}],"collection":[{"href":"https:\/\/keemplesklep.pl\/en\/wp-json\/wp\/v2\/product"}],"about":[{"href":"https:\/\/keemplesklep.pl\/en\/wp-json\/wp\/v2\/types\/product"}],"replies":[{"embeddable":true,"href":"https:\/\/keemplesklep.pl\/en\/wp-json\/wp\/v2\/comments?post=3097"}],"wp:featuredmedia":[{"embeddable":true,"href":"https:\/\/keemplesklep.pl\/en\/wp-json\/wp\/v2\/media\/2910"}],"wp:attachment":[{"href":"https:\/\/keemplesklep.pl\/en\/wp-json\/wp\/v2\/media?parent=3097"}],"wp:term":[{"taxonomy":"product_brand","embeddable":true,"href":"https:\/\/keemplesklep.pl\/en\/wp-json\/wp\/v2\/product_brand?post=3097"},{"taxonomy":"product_cat","embeddable":true,"href":"https:\/\/keemplesklep.pl\/en\/wp-json\/wp\/v2\/product_cat?post=3097"},{"taxonomy":"product_tag","embeddable":true,"href":"https:\/\/keemplesklep.pl\/en\/wp-json\/wp\/v2\/product_tag?post=3097"}],"curies":[{"name":"wp","href":"https:\/\/api.w.org\/{rel}","templated":true}]}}