{"id":3095,"date":"2022-09-29T13:50:48","date_gmt":"2024-03-20T13:38:16","guid":{"rendered":"https:\/\/keemplesklep.pl\/produkt\/keemple-smart-home-remote-control\/"},"modified":"2025-12-22T11:46:51","modified_gmt":"2025-12-22T10:46:51","slug":"keemple-smart-home-remote-control","status":"publish","type":"product","link":"https:\/\/keemplesklep.pl\/en\/produkt\/keemple-smart-home-remote-control\/","title":{"rendered":"Keemple Smart Home Remote Control"},"content":{"rendered":"<h4>Keemple remote control &#8211; comfort and design in one<\/h4>\n<p>The Keemple remote control is an innovative device that makes it easy to control the smart home. It allows you to easily run a scenario previously created in the Keemple 2.0 app, tailored to your needs, at the touch of a button. This single device, will allow you to manage various parameters in your home just with a single tap. Use the app to create scenarios that best suit your diurnal rhythm, attach the remote control to a place you often pass by or leave it as a mobile remote control. Take care of your convenience and comfort!<\/p>\n<p><img loading=\"lazy\" decoding=\"async\" class=\"aligncenter wp-image-700 size-full\" src=\"https:\/\/keemplesklep.pl\/wp-content\/uploads\/2022\/09\/pilot-keemple.jpg\" alt=\"Living room in the house, the light from the windows falls on the furniture and decorations in the apartment, the living room may have a smart home system, a Keemple remote control can be placed in it.\" width=\"850\" height=\"510\" srcset=\"https:\/\/keemplesklep.pl\/wp-content\/uploads\/2022\/09\/pilot-keemple.jpg 850w, https:\/\/keemplesklep.pl\/wp-content\/uploads\/2022\/09\/pilot-keemple-324x194.jpg 324w, https:\/\/keemplesklep.pl\/wp-content\/uploads\/2022\/09\/pilot-keemple-416x250.jpg 416w, https:\/\/keemplesklep.pl\/wp-content\/uploads\/2022\/09\/pilot-keemple-300x180.jpg 300w, https:\/\/keemplesklep.pl\/wp-content\/uploads\/2022\/09\/pilot-keemple-768x461.jpg 768w\" sizes=\"auto, (max-width: 850px) 100vw, 850px\" \/><\/p>\n<h4>How does the Keemple remote control work?<\/h4>\n<p>Using four buttons, you can easily run a scenario shaped to your needs. The wireless scenario remote control can be added and used via a <a href=\"https:\/\/keemplesklep.pl\/en\/why-do-we-choose-z-wave\/\"><strong>Z-Wave<\/strong><\/a><!--1--> network. It is the <a href=\"https:\/\/keemplesklep.pl\/en\/why-do-we-choose-z-wave\/\"><strong>Z-Wave<\/strong><\/a><!--1--> network, which was created specifically for smart homes, that allows the control of different types of devices in the home. This gives you the option to control, among other things, <a href=\"https:\/\/keemplesklep.pl\/en\/product-category\/smart-lighting\/\">lighting<\/a><!--1-->, thermostats, blinds or motion sensors. This allows you to fully automate your home. The remote control can be moved around the home or fixed permanently in a location of your choice. If you want to learn more about <strong>Z-Wave<\/strong> technology, visit our <a href=\"https:\/\/keemplesklep.pl\/en\/why-do-we-choose-z-wave\/\">blog<\/a><!--1-->.<\/p>\n<p><img loading=\"lazy\" decoding=\"async\" class=\"aligncenter wp-image-3624 size-large\" src=\"https:\/\/keemplesklep.pl\/wp-content\/uploads\/2022\/09\/Obszar-roboczy-1-kopia-6.webp\" alt=\"\" width=\"980\" height=\"735\" srcset=\"https:\/\/keemplesklep.pl\/wp-content\/uploads\/2022\/09\/Obszar-roboczy-1-kopia-6.webp 2363w, https:\/\/keemplesklep.pl\/wp-content\/uploads\/2022\/09\/Obszar-roboczy-1-kopia-6-300x225.webp 300w, https:\/\/keemplesklep.pl\/wp-content\/uploads\/2022\/09\/Obszar-roboczy-1-kopia-6-1024x768.webp 1024w, https:\/\/keemplesklep.pl\/wp-content\/uploads\/2022\/09\/Obszar-roboczy-1-kopia-6-768x576.webp 768w, https:\/\/keemplesklep.pl\/wp-content\/uploads\/2022\/09\/Obszar-roboczy-1-kopia-6-1536x1152.webp 1536w, https:\/\/keemplesklep.pl\/wp-content\/uploads\/2022\/09\/Obszar-roboczy-1-kopia-6-2048x1537.webp 2048w, https:\/\/keemplesklep.pl\/wp-content\/uploads\/2022\/09\/Obszar-roboczy-1-kopia-6-324x243.webp 324w, https:\/\/keemplesklep.pl\/wp-content\/uploads\/2022\/09\/Obszar-roboczy-1-kopia-6-416x312.webp 416w\" sizes=\"auto, (max-width: 980px) 100vw, 980px\" \/><\/p>\n<p><strong>The Keemple remote control can be added to the Keemple KP-GW-07 Gateway and can be used to its full potential using the Keemple 2.0 app.<\/strong><\/p>\n<div class=\"gsp_post_data\" \r\n\t            data-post_type=\"product\" \r\n\t            data-cat=\"\" \r\n\t            data-modified=\"120\"\r\n\t            data-created=\"1664459448\"\r\n\t            data-title=\"Keemple Smart Home Remote Control\" \r\n\t            data-home=\"https:\/\/keemplesklep.pl\/en\/\"><\/div>","protected":false},"excerpt":{"rendered":"<p>The Keemple remote control allows you to control all Keemple Smart Home devices. It is equipped with four buttons that can be freely configured. You can use one device to lower the temperature in a room, close a blind or control the lighting in your home. The Keemple remote control works by communicating with other devices via the <a href=\"https:\/\/keemplesklep.pl\/en\/why-do-we-choose-z-wave\/\"><strong>Z-Wave<\/strong><\/a><!--1--> network.<\/p>\n","protected":false},"featured_media":2792,"comment_status":"closed","ping_status":"closed","template":"","meta":{"_acf_changed":false},"product_brand":[],"product_cat":[200],"product_tag":[177],"class_list":{"0":"post-3095","1":"product","2":"type-product","3":"status-publish","4":"has-post-thumbnail","6":"product_cat-keemple-remote-control","7":"product_tag-z-wave-en","9":"first","10":"instock","11":"taxable","12":"shipping-taxable","13":"purchasable","14":"product-type-simple"},"acf":[],"yoast_head":"<!-- This site is optimized with the Yoast SEO plugin v27.4 - https:\/\/yoast.com\/product\/yoast-seo-wordpress\/ -->\n<title>Keemple smart remote control - Keemple<\/title>\n<meta name=\"description\" content=\"Keemple - Keemple Smart Home Remote Control - one remote control to control your entire smart system Many possibilities that will allow you to manage your home comfortably.\" \/>\n<meta name=\"robots\" content=\"index, follow, max-snippet:-1, max-image-preview:large, max-video-preview:-1\" \/>\n<link rel=\"canonical\" href=\"https:\/\/keemplesklep.pl\/en\/produkt\/keemple-smart-home-remote-control\/\" \/>\n<meta property=\"og:locale\" content=\"en_US\" \/>\n<meta property=\"og:type\" content=\"article\" \/>\n<meta property=\"og:title\" content=\"Keemple smart remote control - Keemple\" \/>\n<meta property=\"og:description\" content=\"Keemple - Keemple Smart Home Remote Control - one remote control to control your entire smart system Many possibilities that will allow you to manage your home comfortably.\" \/>\n<meta property=\"og:url\" content=\"https:\/\/keemplesklep.pl\/en\/produkt\/keemple-smart-home-remote-control\/\" \/>\n<meta property=\"og:site_name\" content=\"Keemple\" \/>\n<meta property=\"article:modified_time\" content=\"2025-12-22T10:46:51+00:00\" \/>\n<meta property=\"og:image\" content=\"https:\/\/keemplesklep.pl\/wp-content\/uploads\/2022\/09\/Scenario-Front.126-1.webp\" \/>\n\t<meta property=\"og:image:width\" content=\"1000\" \/>\n\t<meta property=\"og:image:height\" content=\"800\" \/>\n\t<meta property=\"og:image:type\" content=\"image\/webp\" \/>\n<meta name=\"twitter:card\" content=\"summary_large_image\" \/>\n<meta name=\"twitter:label1\" content=\"Est. reading time\" \/>\n\t<meta name=\"twitter:data1\" content=\"3 minutes\" \/>\n<script type=\"application\/ld+json\" class=\"yoast-schema-graph\">{\"@context\":\"https:\\\/\\\/schema.org\",\"@graph\":[{\"@type\":\"WebPage\",\"@id\":\"https:\\\/\\\/keemplesklep.pl\\\/en\\\/produkt\\\/keemple-smart-home-remote-control\\\/\",\"url\":\"https:\\\/\\\/keemplesklep.pl\\\/en\\\/produkt\\\/keemple-smart-home-remote-control\\\/\",\"name\":\"Keemple smart remote control - Keemple\",\"isPartOf\":{\"@id\":\"https:\\\/\\\/keemplesklep.pl\\\/#website\"},\"primaryImageOfPage\":{\"@id\":\"https:\\\/\\\/keemplesklep.pl\\\/en\\\/produkt\\\/keemple-smart-home-remote-control\\\/#primaryimage\"},\"image\":{\"@id\":\"https:\\\/\\\/keemplesklep.pl\\\/en\\\/produkt\\\/keemple-smart-home-remote-control\\\/#primaryimage\"},\"thumbnailUrl\":\"https:\\\/\\\/keemplesklep.pl\\\/wp-content\\\/uploads\\\/2022\\\/09\\\/Scenario-Front.126-1.webp\",\"datePublished\":\"2024-03-20T13:38:16+00:00\",\"dateModified\":\"2025-12-22T10:46:51+00:00\",\"description\":\"Keemple - Keemple Smart Home Remote Control - one remote control to control your entire smart system Many possibilities that will allow you to manage your home comfortably.\",\"breadcrumb\":{\"@id\":\"https:\\\/\\\/keemplesklep.pl\\\/en\\\/produkt\\\/keemple-smart-home-remote-control\\\/#breadcrumb\"},\"inLanguage\":\"en-US\",\"potentialAction\":[{\"@type\":\"ReadAction\",\"target\":[\"https:\\\/\\\/keemplesklep.pl\\\/en\\\/produkt\\\/keemple-smart-home-remote-control\\\/\"]}]},{\"@type\":\"ImageObject\",\"inLanguage\":\"en-US\",\"@id\":\"https:\\\/\\\/keemplesklep.pl\\\/en\\\/produkt\\\/keemple-smart-home-remote-control\\\/#primaryimage\",\"url\":\"https:\\\/\\\/keemplesklep.pl\\\/wp-content\\\/uploads\\\/2022\\\/09\\\/Scenario-Front.126-1.webp\",\"contentUrl\":\"https:\\\/\\\/keemplesklep.pl\\\/wp-content\\\/uploads\\\/2022\\\/09\\\/Scenario-Front.126-1.webp\",\"width\":1000,\"height\":800,\"caption\":\"Inteligentny pilot Keemple Z-Wave\"},{\"@type\":\"BreadcrumbList\",\"@id\":\"https:\\\/\\\/keemplesklep.pl\\\/en\\\/produkt\\\/keemple-smart-home-remote-control\\\/#breadcrumb\",\"itemListElement\":[{\"@type\":\"ListItem\",\"position\":1,\"name\":\"Strona g\u0142\u00f3wna\",\"item\":\"https:\\\/\\\/keemplesklep.pl\\\/en\\\/\"},{\"@type\":\"ListItem\",\"position\":2,\"name\":\"Smart home sklep\",\"item\":\"https:\\\/\\\/keemplesklep.pl\\\/sklep\\\/\"},{\"@type\":\"ListItem\",\"position\":3,\"name\":\"Keemple Smart Home Remote Control\"}]},{\"@type\":\"WebSite\",\"@id\":\"https:\\\/\\\/keemplesklep.pl\\\/#website\",\"url\":\"https:\\\/\\\/keemplesklep.pl\\\/\",\"name\":\"Keemple\",\"description\":\"Inteligentny dom - urz\u0105d\u017a smart home z inteligentnymi urz\u0105dzeniami\",\"publisher\":{\"@id\":\"https:\\\/\\\/keemplesklep.pl\\\/#organization\"},\"potentialAction\":[{\"@type\":\"SearchAction\",\"target\":{\"@type\":\"EntryPoint\",\"urlTemplate\":\"https:\\\/\\\/keemplesklep.pl\\\/?s={search_term_string}\"},\"query-input\":{\"@type\":\"PropertyValueSpecification\",\"valueRequired\":true,\"valueName\":\"search_term_string\"}}],\"inLanguage\":\"en-US\"},{\"@type\":\"Organization\",\"@id\":\"https:\\\/\\\/keemplesklep.pl\\\/#organization\",\"name\":\"Keemple\",\"url\":\"https:\\\/\\\/keemplesklep.pl\\\/\",\"logo\":{\"@type\":\"ImageObject\",\"inLanguage\":\"en-US\",\"@id\":\"https:\\\/\\\/keemplesklep.pl\\\/#\\\/schema\\\/logo\\\/image\\\/\",\"url\":\"https:\\\/\\\/keemplesklep.pl\\\/wp-content\\\/uploads\\\/2023\\\/03\\\/cropped-logonew.png\",\"contentUrl\":\"https:\\\/\\\/keemplesklep.pl\\\/wp-content\\\/uploads\\\/2023\\\/03\\\/cropped-logonew.png\",\"width\":367,\"height\":163,\"caption\":\"Keemple\"},\"image\":{\"@id\":\"https:\\\/\\\/keemplesklep.pl\\\/#\\\/schema\\\/logo\\\/image\\\/\"}}]}<\/script>\n<!-- \/ Yoast SEO plugin. -->","yoast_head_json":{"title":"Keemple smart remote control - Keemple","description":"Keemple - Keemple Smart Home Remote Control - one remote control to control your entire smart system Many possibilities that will allow you to manage your home comfortably.","robots":{"index":"index","follow":"follow","max-snippet":"max-snippet:-1","max-image-preview":"max-image-preview:large","max-video-preview":"max-video-preview:-1"},"canonical":"https:\/\/keemplesklep.pl\/en\/produkt\/keemple-smart-home-remote-control\/","og_locale":"en_US","og_type":"article","og_title":"Keemple smart remote control - Keemple","og_description":"Keemple - Keemple Smart Home Remote Control - one remote control to control your entire smart system Many possibilities that will allow you to manage your home comfortably.","og_url":"https:\/\/keemplesklep.pl\/en\/produkt\/keemple-smart-home-remote-control\/","og_site_name":"Keemple","article_modified_time":"2025-12-22T10:46:51+00:00","og_image":[{"width":1000,"height":800,"url":"https:\/\/keemplesklep.pl\/wp-content\/uploads\/2022\/09\/Scenario-Front.126-1.webp","type":"image\/webp"}],"twitter_card":"summary_large_image","twitter_misc":{"Est. reading time":"3 minutes"},"schema":{"@context":"https:\/\/schema.org","@graph":[{"@type":"WebPage","@id":"https:\/\/keemplesklep.pl\/en\/produkt\/keemple-smart-home-remote-control\/","url":"https:\/\/keemplesklep.pl\/en\/produkt\/keemple-smart-home-remote-control\/","name":"Keemple smart remote control - Keemple","isPartOf":{"@id":"https:\/\/keemplesklep.pl\/#website"},"primaryImageOfPage":{"@id":"https:\/\/keemplesklep.pl\/en\/produkt\/keemple-smart-home-remote-control\/#primaryimage"},"image":{"@id":"https:\/\/keemplesklep.pl\/en\/produkt\/keemple-smart-home-remote-control\/#primaryimage"},"thumbnailUrl":"https:\/\/keemplesklep.pl\/wp-content\/uploads\/2022\/09\/Scenario-Front.126-1.webp","datePublished":"2024-03-20T13:38:16+00:00","dateModified":"2025-12-22T10:46:51+00:00","description":"Keemple - Keemple Smart Home Remote Control - one remote control to control your entire smart system Many possibilities that will allow you to manage your home comfortably.","breadcrumb":{"@id":"https:\/\/keemplesklep.pl\/en\/produkt\/keemple-smart-home-remote-control\/#breadcrumb"},"inLanguage":"en-US","potentialAction":[{"@type":"ReadAction","target":["https:\/\/keemplesklep.pl\/en\/produkt\/keemple-smart-home-remote-control\/"]}]},{"@type":"ImageObject","inLanguage":"en-US","@id":"https:\/\/keemplesklep.pl\/en\/produkt\/keemple-smart-home-remote-control\/#primaryimage","url":"https:\/\/keemplesklep.pl\/wp-content\/uploads\/2022\/09\/Scenario-Front.126-1.webp","contentUrl":"https:\/\/keemplesklep.pl\/wp-content\/uploads\/2022\/09\/Scenario-Front.126-1.webp","width":1000,"height":800,"caption":"Inteligentny pilot Keemple Z-Wave"},{"@type":"BreadcrumbList","@id":"https:\/\/keemplesklep.pl\/en\/produkt\/keemple-smart-home-remote-control\/#breadcrumb","itemListElement":[{"@type":"ListItem","position":1,"name":"Strona g\u0142\u00f3wna","item":"https:\/\/keemplesklep.pl\/en\/"},{"@type":"ListItem","position":2,"name":"Smart home sklep","item":"https:\/\/keemplesklep.pl\/sklep\/"},{"@type":"ListItem","position":3,"name":"Keemple Smart Home Remote Control"}]},{"@type":"WebSite","@id":"https:\/\/keemplesklep.pl\/#website","url":"https:\/\/keemplesklep.pl\/","name":"Keemple","description":"Inteligentny dom - urz\u0105d\u017a smart home z inteligentnymi urz\u0105dzeniami","publisher":{"@id":"https:\/\/keemplesklep.pl\/#organization"},"potentialAction":[{"@type":"SearchAction","target":{"@type":"EntryPoint","urlTemplate":"https:\/\/keemplesklep.pl\/?s={search_term_string}"},"query-input":{"@type":"PropertyValueSpecification","valueRequired":true,"valueName":"search_term_string"}}],"inLanguage":"en-US"},{"@type":"Organization","@id":"https:\/\/keemplesklep.pl\/#organization","name":"Keemple","url":"https:\/\/keemplesklep.pl\/","logo":{"@type":"ImageObject","inLanguage":"en-US","@id":"https:\/\/keemplesklep.pl\/#\/schema\/logo\/image\/","url":"https:\/\/keemplesklep.pl\/wp-content\/uploads\/2023\/03\/cropped-logonew.png","contentUrl":"https:\/\/keemplesklep.pl\/wp-content\/uploads\/2023\/03\/cropped-logonew.png","width":367,"height":163,"caption":"Keemple"},"image":{"@id":"https:\/\/keemplesklep.pl\/#\/schema\/logo\/image\/"}}]}},"_links":{"self":[{"href":"https:\/\/keemplesklep.pl\/en\/wp-json\/wp\/v2\/product\/3095","targetHints":{"allow":["GET"]}}],"collection":[{"href":"https:\/\/keemplesklep.pl\/en\/wp-json\/wp\/v2\/product"}],"about":[{"href":"https:\/\/keemplesklep.pl\/en\/wp-json\/wp\/v2\/types\/product"}],"replies":[{"embeddable":true,"href":"https:\/\/keemplesklep.pl\/en\/wp-json\/wp\/v2\/comments?post=3095"}],"wp:featuredmedia":[{"embeddable":true,"href":"https:\/\/keemplesklep.pl\/en\/wp-json\/wp\/v2\/media\/2792"}],"wp:attachment":[{"href":"https:\/\/keemplesklep.pl\/en\/wp-json\/wp\/v2\/media?parent=3095"}],"wp:term":[{"taxonomy":"product_brand","embeddable":true,"href":"https:\/\/keemplesklep.pl\/en\/wp-json\/wp\/v2\/product_brand?post=3095"},{"taxonomy":"product_cat","embeddable":true,"href":"https:\/\/keemplesklep.pl\/en\/wp-json\/wp\/v2\/product_cat?post=3095"},{"taxonomy":"product_tag","embeddable":true,"href":"https:\/\/keemplesklep.pl\/en\/wp-json\/wp\/v2\/product_tag?post=3095"}],"curies":[{"name":"wp","href":"https:\/\/api.w.org\/{rel}","templated":true}]}}