{"id":3094,"date":"2022-09-29T13:50:48","date_gmt":"2024-03-20T13:26:29","guid":{"rendered":"https:\/\/keemplesklep.pl\/produkt\/intelligent-single-z-wave-smart-home-light-switch\/"},"modified":"2025-12-22T11:46:08","modified_gmt":"2025-12-22T10:46:08","slug":"intelligent-single-z-wave-smart-home-light-switch","status":"publish","type":"product","link":"https:\/\/keemplesklep.pl\/en\/produkt\/intelligent-single-z-wave-smart-home-light-switch\/","title":{"rendered":"Intelligent single Z-wave Smart Home light switch"},"content":{"rendered":"<h4>Intelligent light switch &#8211; comfort and saving in one!<\/h4>\n<p>Smart lighting, of which the smart light switch is a component, is developed in line with the latest technologies available on the market. Thanks to the Keemple 2.0 app, the switch can also be controlled remotely. Therefore, it is possible to switch the lighting on and off without touching it. However, the smart switch has also retained its traditional characteristics and can be operated manually.<\/p>\n<p><img loading=\"lazy\" decoding=\"async\" class=\"aligncenter wp-image-712 size-full\" src=\"https:\/\/keemplesklep.pl\/wp-content\/uploads\/2022\/09\/wl-swiatla-poj.jpg\" alt=\"Bedroom with lighting controlled by an intelligent switch.\" width=\"850\" height=\"708\" srcset=\"https:\/\/keemplesklep.pl\/wp-content\/uploads\/2022\/09\/wl-swiatla-poj.jpg 850w, https:\/\/keemplesklep.pl\/wp-content\/uploads\/2022\/09\/wl-swiatla-poj-324x270.jpg 324w, https:\/\/keemplesklep.pl\/wp-content\/uploads\/2022\/09\/wl-swiatla-poj-416x347.jpg 416w, https:\/\/keemplesklep.pl\/wp-content\/uploads\/2022\/09\/wl-swiatla-poj-300x250.jpg 300w, https:\/\/keemplesklep.pl\/wp-content\/uploads\/2022\/09\/wl-swiatla-poj-768x640.jpg 768w\" sizes=\"auto, (max-width: 850px) 100vw, 850px\" \/><\/p>\n<h4>How does the Keemple smart lighting system work?<\/h4>\n<p>Keemple switches can be remotely programmed to an individual operating mode that corresponds to your lifestyle. This allows the light to switch itself on at the appropriate times. This is an extremely practical solution which eliminates the need to switch the light on and off frequently, especially in connecting rooms. For such areas, create scenarios using the Keemple motion sensor.<\/p>\n<p>Our switches operate in the <a href=\"https:\/\/keemplesklep.pl\/en\/why-do-we-choose-z-wave\/\"><strong>Z-Wave<\/strong><\/a> network. It is considered secure mainly due to the use of advanced security measures in its architecture and communications. In addition, the <strong>Z-Wave<\/strong> network enables smart management, including the scheduling of communications to optimise energy savings. What is important, devices within the network can control when and how they transmit or receive data to avoid excessive energy consumption. Therefore, when choosing smart lighting, it is worth opting for devices that communicate over the <strong>Z-Wave<\/strong> network.<\/p>\n<p><img loading=\"lazy\" decoding=\"async\" class=\"aligncenter wp-image-3634 size-large\" src=\"https:\/\/keemplesklep.pl\/wp-content\/uploads\/2022\/09\/Obszar-roboczy-1-kopia-11.webp\" alt=\"\" width=\"980\" height=\"735\" srcset=\"https:\/\/keemplesklep.pl\/wp-content\/uploads\/2022\/09\/Obszar-roboczy-1-kopia-11.webp 2363w, https:\/\/keemplesklep.pl\/wp-content\/uploads\/2022\/09\/Obszar-roboczy-1-kopia-11-300x225.webp 300w, https:\/\/keemplesklep.pl\/wp-content\/uploads\/2022\/09\/Obszar-roboczy-1-kopia-11-1024x768.webp 1024w, https:\/\/keemplesklep.pl\/wp-content\/uploads\/2022\/09\/Obszar-roboczy-1-kopia-11-768x576.webp 768w, https:\/\/keemplesklep.pl\/wp-content\/uploads\/2022\/09\/Obszar-roboczy-1-kopia-11-1536x1152.webp 1536w, https:\/\/keemplesklep.pl\/wp-content\/uploads\/2022\/09\/Obszar-roboczy-1-kopia-11-2048x1537.webp 2048w, https:\/\/keemplesklep.pl\/wp-content\/uploads\/2022\/09\/Obszar-roboczy-1-kopia-11-324x243.webp 324w, https:\/\/keemplesklep.pl\/wp-content\/uploads\/2022\/09\/Obszar-roboczy-1-kopia-11-416x312.webp 416w\" sizes=\"auto, (max-width: 980px) 100vw, 980px\" \/><\/p>\n<h4>How do I install smart lighting?<\/h4>\n<p>If you are wondering how to plan smart lighting, visit our <a href=\"https:\/\/keemplesklep.pl\/jak-zaprojektowac-swoje-inteligentne-oswietlenie\/\">blog<\/a><!--1--> where you will find all the information you need on planning and installing lighting. Before selecting equipment, it is also important to read the technical requirements available on our <a href=\"https:\/\/keemplesklep.pl\/en\/technical-requirements\/\">website<\/a><!--1-->.<\/p>\n<p><iframe loading=\"lazy\" title=\"Instrukcja monta\u017cu pojedynczego w\u0142\u0105cznika \u015bwiat\u0142a - Jak zainstalowa\u0107 w\u0142\u0105cznik Keemple?\" width=\"980\" height=\"551\" src=\"https:\/\/www.youtube.com\/embed\/0oF-gYEBpY0?feature=oembed&#038;enablejsapi=1&#038;origin=https:\/\/keemplesklep.pl\" frameborder=\"0\" allow=\"accelerometer; autoplay; clipboard-write; encrypted-media; gyroscope; picture-in-picture; web-share\" referrerpolicy=\"strict-origin-when-cross-origin\" allowfullscreen><\/iframe><\/p>\n<h4>Smart four-way and two-way switches<\/h4>\n<p>With the Keemple 2.0 app, our devices can be used as four-way and two-way switches. The whole process is carried out &#8220;virtually&#8221; via our app and no electrical installation as with standard electrical two-way and four-way installations is required.<\/p>\n<p><strong>The light switch can be added to the Keemple KP-GW-07 Gateway and can be used to its full potential using the Keemple 2.0 app.<\/strong><\/p>\n<div class=\"gsp_post_data\" \r\n\t            data-post_type=\"product\" \r\n\t            data-cat=\"\" \r\n\t            data-modified=\"120\"\r\n\t            data-created=\"1664459448\"\r\n\t            data-title=\"Intelligent single Z-wave Smart Home light switch\" \r\n\t            data-home=\"https:\/\/keemplesklep.pl\/en\/\"><\/div>","protected":false},"excerpt":{"rendered":"<p>The light switch not only allows manual control of the lighting, but, using the Keemple 2.0 app, provides control of the lighting from any location. With the right configuration, you can create a customised lighting schedule tailored to your needs and in line with your routine. The Keemple Smart Home system provides comfort, saves time and reduces energy bills. Our switches operate on a <strong>Z-Wave<\/strong> network, allowing the signal to be transmitted across several devices, eliminating the need for direct communication over long distances. This significantly reduces the energy consumption that would otherwise be needed to cover greater distances.<\/p>\n","protected":false},"featured_media":2846,"comment_status":"closed","ping_status":"closed","template":"","meta":{"_acf_changed":false},"product_brand":[],"product_cat":[199],"product_tag":[172,155,173,177],"class_list":{"0":"post-3094","1":"product","2":"type-product","3":"status-publish","4":"has-post-thumbnail","6":"product_cat-smart-lighting","7":"product_tag-smart-home-en-2","8":"product_tag-smart-home-en","9":"product_tag-smart-lighting-en","10":"product_tag-z-wave-en","12":"first","13":"instock","14":"taxable","15":"shipping-taxable","16":"purchasable","17":"product-type-simple"},"acf":[],"yoast_head":"<!-- This site is optimized with the Yoast SEO plugin v27.4 - https:\/\/yoast.com\/product\/yoast-seo-wordpress\/ -->\n<title>Single intelligent light switch - Keemple<\/title>\n<meta name=\"description\" content=\"Keemple - Intelligent single Z-wave Smart Home light switch - remote control of lighting at home, comfort and savings provided by Smart Home Keeper.\" \/>\n<meta name=\"robots\" content=\"index, follow, max-snippet:-1, max-image-preview:large, max-video-preview:-1\" \/>\n<link rel=\"canonical\" href=\"https:\/\/keemplesklep.pl\/en\/produkt\/intelligent-single-z-wave-smart-home-light-switch\/\" \/>\n<meta property=\"og:locale\" content=\"en_US\" \/>\n<meta property=\"og:type\" content=\"article\" \/>\n<meta property=\"og:title\" content=\"Single intelligent light switch - Keemple\" \/>\n<meta property=\"og:description\" content=\"Keemple - Intelligent single Z-wave Smart Home light switch - remote control of lighting at home, comfort and savings provided by Smart Home Keeper.\" \/>\n<meta property=\"og:url\" content=\"https:\/\/keemplesklep.pl\/en\/produkt\/intelligent-single-z-wave-smart-home-light-switch\/\" \/>\n<meta property=\"og:site_name\" content=\"Keemple\" \/>\n<meta property=\"article:modified_time\" content=\"2025-12-22T10:46:08+00:00\" \/>\n<meta property=\"og:image\" content=\"https:\/\/keemplesklep.pl\/wp-content\/uploads\/2022\/09\/EU-Single-Front.117-v1.webp\" \/>\n\t<meta property=\"og:image:width\" content=\"1000\" \/>\n\t<meta property=\"og:image:height\" content=\"800\" \/>\n\t<meta property=\"og:image:type\" content=\"image\/webp\" \/>\n<meta name=\"twitter:card\" content=\"summary_large_image\" \/>\n<meta name=\"twitter:label1\" content=\"Est. reading time\" \/>\n\t<meta name=\"twitter:data1\" content=\"3 minutes\" \/>\n<script type=\"application\/ld+json\" class=\"yoast-schema-graph\">{\"@context\":\"https:\\\/\\\/schema.org\",\"@graph\":[{\"@type\":\"WebPage\",\"@id\":\"https:\\\/\\\/keemplesklep.pl\\\/en\\\/produkt\\\/intelligent-single-z-wave-smart-home-light-switch\\\/\",\"url\":\"https:\\\/\\\/keemplesklep.pl\\\/en\\\/produkt\\\/intelligent-single-z-wave-smart-home-light-switch\\\/\",\"name\":\"Single intelligent light switch - Keemple\",\"isPartOf\":{\"@id\":\"https:\\\/\\\/keemplesklep.pl\\\/#website\"},\"primaryImageOfPage\":{\"@id\":\"https:\\\/\\\/keemplesklep.pl\\\/en\\\/produkt\\\/intelligent-single-z-wave-smart-home-light-switch\\\/#primaryimage\"},\"image\":{\"@id\":\"https:\\\/\\\/keemplesklep.pl\\\/en\\\/produkt\\\/intelligent-single-z-wave-smart-home-light-switch\\\/#primaryimage\"},\"thumbnailUrl\":\"https:\\\/\\\/keemplesklep.pl\\\/wp-content\\\/uploads\\\/2022\\\/09\\\/EU-Single-Front.117-v1.webp\",\"datePublished\":\"2024-03-20T13:26:29+00:00\",\"dateModified\":\"2025-12-22T10:46:08+00:00\",\"description\":\"Keemple - Intelligent single Z-wave Smart Home light switch - remote control of lighting at home, comfort and savings provided by Smart Home Keeper.\",\"breadcrumb\":{\"@id\":\"https:\\\/\\\/keemplesklep.pl\\\/en\\\/produkt\\\/intelligent-single-z-wave-smart-home-light-switch\\\/#breadcrumb\"},\"inLanguage\":\"en-US\",\"potentialAction\":[{\"@type\":\"ReadAction\",\"target\":[\"https:\\\/\\\/keemplesklep.pl\\\/en\\\/produkt\\\/intelligent-single-z-wave-smart-home-light-switch\\\/\"]}]},{\"@type\":\"ImageObject\",\"inLanguage\":\"en-US\",\"@id\":\"https:\\\/\\\/keemplesklep.pl\\\/en\\\/produkt\\\/intelligent-single-z-wave-smart-home-light-switch\\\/#primaryimage\",\"url\":\"https:\\\/\\\/keemplesklep.pl\\\/wp-content\\\/uploads\\\/2022\\\/09\\\/EU-Single-Front.117-v1.webp\",\"contentUrl\":\"https:\\\/\\\/keemplesklep.pl\\\/wp-content\\\/uploads\\\/2022\\\/09\\\/EU-Single-Front.117-v1.webp\",\"width\":1000,\"height\":800,\"caption\":\"Inteligentny w\u0142\u0105cznik Keemple pojedynczy\"},{\"@type\":\"BreadcrumbList\",\"@id\":\"https:\\\/\\\/keemplesklep.pl\\\/en\\\/produkt\\\/intelligent-single-z-wave-smart-home-light-switch\\\/#breadcrumb\",\"itemListElement\":[{\"@type\":\"ListItem\",\"position\":1,\"name\":\"Strona g\u0142\u00f3wna\",\"item\":\"https:\\\/\\\/keemplesklep.pl\\\/en\\\/\"},{\"@type\":\"ListItem\",\"position\":2,\"name\":\"Smart home sklep\",\"item\":\"https:\\\/\\\/keemplesklep.pl\\\/sklep\\\/\"},{\"@type\":\"ListItem\",\"position\":3,\"name\":\"Intelligent single Z-wave Smart Home light switch\"}]},{\"@type\":\"WebSite\",\"@id\":\"https:\\\/\\\/keemplesklep.pl\\\/#website\",\"url\":\"https:\\\/\\\/keemplesklep.pl\\\/\",\"name\":\"Keemple\",\"description\":\"Inteligentny dom - urz\u0105d\u017a smart home z inteligentnymi urz\u0105dzeniami\",\"publisher\":{\"@id\":\"https:\\\/\\\/keemplesklep.pl\\\/#organization\"},\"potentialAction\":[{\"@type\":\"SearchAction\",\"target\":{\"@type\":\"EntryPoint\",\"urlTemplate\":\"https:\\\/\\\/keemplesklep.pl\\\/?s={search_term_string}\"},\"query-input\":{\"@type\":\"PropertyValueSpecification\",\"valueRequired\":true,\"valueName\":\"search_term_string\"}}],\"inLanguage\":\"en-US\"},{\"@type\":\"Organization\",\"@id\":\"https:\\\/\\\/keemplesklep.pl\\\/#organization\",\"name\":\"Keemple\",\"url\":\"https:\\\/\\\/keemplesklep.pl\\\/\",\"logo\":{\"@type\":\"ImageObject\",\"inLanguage\":\"en-US\",\"@id\":\"https:\\\/\\\/keemplesklep.pl\\\/#\\\/schema\\\/logo\\\/image\\\/\",\"url\":\"https:\\\/\\\/keemplesklep.pl\\\/wp-content\\\/uploads\\\/2023\\\/03\\\/cropped-logonew.png\",\"contentUrl\":\"https:\\\/\\\/keemplesklep.pl\\\/wp-content\\\/uploads\\\/2023\\\/03\\\/cropped-logonew.png\",\"width\":367,\"height\":163,\"caption\":\"Keemple\"},\"image\":{\"@id\":\"https:\\\/\\\/keemplesklep.pl\\\/#\\\/schema\\\/logo\\\/image\\\/\"}}]}<\/script>\n<!-- \/ Yoast SEO plugin. -->","yoast_head_json":{"title":"Single intelligent light switch - Keemple","description":"Keemple - Intelligent single Z-wave Smart Home light switch - remote control of lighting at home, comfort and savings provided by Smart Home Keeper.","robots":{"index":"index","follow":"follow","max-snippet":"max-snippet:-1","max-image-preview":"max-image-preview:large","max-video-preview":"max-video-preview:-1"},"canonical":"https:\/\/keemplesklep.pl\/en\/produkt\/intelligent-single-z-wave-smart-home-light-switch\/","og_locale":"en_US","og_type":"article","og_title":"Single intelligent light switch - Keemple","og_description":"Keemple - Intelligent single Z-wave Smart Home light switch - remote control of lighting at home, comfort and savings provided by Smart Home Keeper.","og_url":"https:\/\/keemplesklep.pl\/en\/produkt\/intelligent-single-z-wave-smart-home-light-switch\/","og_site_name":"Keemple","article_modified_time":"2025-12-22T10:46:08+00:00","og_image":[{"width":1000,"height":800,"url":"https:\/\/keemplesklep.pl\/wp-content\/uploads\/2022\/09\/EU-Single-Front.117-v1.webp","type":"image\/webp"}],"twitter_card":"summary_large_image","twitter_misc":{"Est. reading time":"3 minutes"},"schema":{"@context":"https:\/\/schema.org","@graph":[{"@type":"WebPage","@id":"https:\/\/keemplesklep.pl\/en\/produkt\/intelligent-single-z-wave-smart-home-light-switch\/","url":"https:\/\/keemplesklep.pl\/en\/produkt\/intelligent-single-z-wave-smart-home-light-switch\/","name":"Single intelligent light switch - Keemple","isPartOf":{"@id":"https:\/\/keemplesklep.pl\/#website"},"primaryImageOfPage":{"@id":"https:\/\/keemplesklep.pl\/en\/produkt\/intelligent-single-z-wave-smart-home-light-switch\/#primaryimage"},"image":{"@id":"https:\/\/keemplesklep.pl\/en\/produkt\/intelligent-single-z-wave-smart-home-light-switch\/#primaryimage"},"thumbnailUrl":"https:\/\/keemplesklep.pl\/wp-content\/uploads\/2022\/09\/EU-Single-Front.117-v1.webp","datePublished":"2024-03-20T13:26:29+00:00","dateModified":"2025-12-22T10:46:08+00:00","description":"Keemple - Intelligent single Z-wave Smart Home light switch - remote control of lighting at home, comfort and savings provided by Smart Home Keeper.","breadcrumb":{"@id":"https:\/\/keemplesklep.pl\/en\/produkt\/intelligent-single-z-wave-smart-home-light-switch\/#breadcrumb"},"inLanguage":"en-US","potentialAction":[{"@type":"ReadAction","target":["https:\/\/keemplesklep.pl\/en\/produkt\/intelligent-single-z-wave-smart-home-light-switch\/"]}]},{"@type":"ImageObject","inLanguage":"en-US","@id":"https:\/\/keemplesklep.pl\/en\/produkt\/intelligent-single-z-wave-smart-home-light-switch\/#primaryimage","url":"https:\/\/keemplesklep.pl\/wp-content\/uploads\/2022\/09\/EU-Single-Front.117-v1.webp","contentUrl":"https:\/\/keemplesklep.pl\/wp-content\/uploads\/2022\/09\/EU-Single-Front.117-v1.webp","width":1000,"height":800,"caption":"Inteligentny w\u0142\u0105cznik Keemple pojedynczy"},{"@type":"BreadcrumbList","@id":"https:\/\/keemplesklep.pl\/en\/produkt\/intelligent-single-z-wave-smart-home-light-switch\/#breadcrumb","itemListElement":[{"@type":"ListItem","position":1,"name":"Strona g\u0142\u00f3wna","item":"https:\/\/keemplesklep.pl\/en\/"},{"@type":"ListItem","position":2,"name":"Smart home sklep","item":"https:\/\/keemplesklep.pl\/sklep\/"},{"@type":"ListItem","position":3,"name":"Intelligent single Z-wave Smart Home light switch"}]},{"@type":"WebSite","@id":"https:\/\/keemplesklep.pl\/#website","url":"https:\/\/keemplesklep.pl\/","name":"Keemple","description":"Inteligentny dom - urz\u0105d\u017a smart home z inteligentnymi urz\u0105dzeniami","publisher":{"@id":"https:\/\/keemplesklep.pl\/#organization"},"potentialAction":[{"@type":"SearchAction","target":{"@type":"EntryPoint","urlTemplate":"https:\/\/keemplesklep.pl\/?s={search_term_string}"},"query-input":{"@type":"PropertyValueSpecification","valueRequired":true,"valueName":"search_term_string"}}],"inLanguage":"en-US"},{"@type":"Organization","@id":"https:\/\/keemplesklep.pl\/#organization","name":"Keemple","url":"https:\/\/keemplesklep.pl\/","logo":{"@type":"ImageObject","inLanguage":"en-US","@id":"https:\/\/keemplesklep.pl\/#\/schema\/logo\/image\/","url":"https:\/\/keemplesklep.pl\/wp-content\/uploads\/2023\/03\/cropped-logonew.png","contentUrl":"https:\/\/keemplesklep.pl\/wp-content\/uploads\/2023\/03\/cropped-logonew.png","width":367,"height":163,"caption":"Keemple"},"image":{"@id":"https:\/\/keemplesklep.pl\/#\/schema\/logo\/image\/"}}]}},"_links":{"self":[{"href":"https:\/\/keemplesklep.pl\/en\/wp-json\/wp\/v2\/product\/3094","targetHints":{"allow":["GET"]}}],"collection":[{"href":"https:\/\/keemplesklep.pl\/en\/wp-json\/wp\/v2\/product"}],"about":[{"href":"https:\/\/keemplesklep.pl\/en\/wp-json\/wp\/v2\/types\/product"}],"replies":[{"embeddable":true,"href":"https:\/\/keemplesklep.pl\/en\/wp-json\/wp\/v2\/comments?post=3094"}],"wp:featuredmedia":[{"embeddable":true,"href":"https:\/\/keemplesklep.pl\/en\/wp-json\/wp\/v2\/media\/2846"}],"wp:attachment":[{"href":"https:\/\/keemplesklep.pl\/en\/wp-json\/wp\/v2\/media?parent=3094"}],"wp:term":[{"taxonomy":"product_brand","embeddable":true,"href":"https:\/\/keemplesklep.pl\/en\/wp-json\/wp\/v2\/product_brand?post=3094"},{"taxonomy":"product_cat","embeddable":true,"href":"https:\/\/keemplesklep.pl\/en\/wp-json\/wp\/v2\/product_cat?post=3094"},{"taxonomy":"product_tag","embeddable":true,"href":"https:\/\/keemplesklep.pl\/en\/wp-json\/wp\/v2\/product_tag?post=3094"}],"curies":[{"name":"wp","href":"https:\/\/api.w.org\/{rel}","templated":true}]}}