{"id":3091,"date":"2022-09-29T13:50:48","date_gmt":"2024-03-20T13:15:20","guid":{"rendered":"https:\/\/keemplesklep.pl\/produkt\/z-wave-smart-home-intelligent-roller-shutter-controller\/"},"modified":"2025-12-22T11:47:23","modified_gmt":"2025-12-22T10:47:23","slug":"z-wave-smart-home-intelligent-roller-shutter-controller","status":"publish","type":"product","link":"https:\/\/keemplesklep.pl\/en\/produkt\/z-wave-smart-home-intelligent-roller-shutter-controller\/","title":{"rendered":"Z-wave Smart Home intelligent roller shutter controller"},"content":{"rendered":"<h4>Smart blind controller and its possibilities<\/h4>\n<p>The smart blind controller allows you to control your blinds remotely using your smartphone or tablet with the free Keemple 2.0 app installed. You can easily raise or lower your blinds even when you are away from home, which is extremely convenient. In addition, you can integrate them with other Keemple Smart Home devices in scenarios so that you can better adapt their operation to your needs. Program the blinds to automatically raise and lower, simulating the presence of household members and deterring potential intruders.<\/p>\n<p><img loading=\"lazy\" decoding=\"async\" class=\"aligncenter wp-image-709 size-full\" src=\"https:\/\/keemplesklep.pl\/wp-content\/uploads\/2022\/09\/sterownik-rolet.jpg\" alt=\"The sun is shining into the living room, blinds are visible in the window, which can be covered remotely with an intelligent blind controller.\" width=\"850\" height=\"567\" \/><\/p>\n<p>A smart blind controller is a device that replaces a standard switch designed for control. The operation of the device applies, for example, to external curtains and blinds or other devices that have a maximum motor power of 400 W and are operated at 230 V. The controller allows not only the manual control of blinds, but by connecting the device via the free Keemple 2.0 application, you can do this remotely. The controller makes the management of the indicated equipment easier and more convenient. Keemple contributes to making life more comfortable for everyone in the house.<\/p>\n<p>The device allows the blinds to be programmed to close when the sun shines most intensely. This can help protect furniture and objects from fading and regulate the indoor temperature. This will reduce the need for air conditioning. This joint operation of Keemple&#8217;s Smart Home devices, not only increases comfort, but also improves the management of energy consumption.<\/p>\n<p><img loading=\"lazy\" decoding=\"async\" class=\"aligncenter wp-image-1986 size-large\" src=\"https:\/\/keemplesklep.pl\/wp-content\/uploads\/2022\/09\/inteligentny-sterownik-rolet-webp.webp\" alt=\"Roller shutter controller, functions of the intelligent roller shutter controller, description\" width=\"980\" height=\"735\" srcset=\"https:\/\/keemplesklep.pl\/wp-content\/uploads\/2022\/09\/inteligentny-sterownik-rolet-webp.webp 1025w, https:\/\/keemplesklep.pl\/wp-content\/uploads\/2022\/09\/inteligentny-sterownik-rolet-webp-300x225.webp 300w, https:\/\/keemplesklep.pl\/wp-content\/uploads\/2022\/09\/inteligentny-sterownik-rolet-webp-768x576.webp 768w, https:\/\/keemplesklep.pl\/wp-content\/uploads\/2022\/09\/inteligentny-sterownik-rolet-webp-324x243.webp 324w, https:\/\/keemplesklep.pl\/wp-content\/uploads\/2022\/09\/inteligentny-sterownik-rolet-webp-416x312.webp 416w\" sizes=\"auto, (max-width: 980px) 100vw, 980px\" \/><\/p>\n<p>Our smart blind controllers operate on a <a href=\"https:\/\/keemplesklep.pl\/en\/why-do-we-choose-z-wave\/\"><strong>Z-Wave<\/strong><\/a><!--1--> network. This enables smart management of the network, including scheduling communications in an optimal way to save energy. Devices within the network can control when and how they transmit or receive data to avoid excessive energy consumption. Designed to take care of your home!<\/p>\n<p><strong>The blind controller can be added to the Keemple KP-GW-07 Gateway and can be used to its full potential using the Keemple 2.0 app.<\/strong><\/p>\n<div class=\"gsp_post_data\" \r\n\t            data-post_type=\"product\" \r\n\t            data-cat=\"\" \r\n\t            data-modified=\"120\"\r\n\t            data-created=\"1664459448\"\r\n\t            data-title=\"Z-wave Smart Home intelligent roller shutter controller\" \r\n\t            data-home=\"https:\/\/keemplesklep.pl\/en\/\"><\/div>","protected":false},"excerpt":{"rendered":"<p>The blind controller allows remote and manual control of the blinds and curtains in your home. Using a special application, you are able to create a scenario in which the windows open at a time of your choosing, so that the sun shining on your computer screen is no longer a problem. You can cover the windows with blinds at the touch of a button, without interrupting your work. The smart blinds controller communicates with other devices on the <strong>Z-Wave<\/strong> network.<\/p>\n","protected":false},"featured_media":2849,"comment_status":"closed","ping_status":"closed","template":"","meta":{"_acf_changed":false},"product_brand":[],"product_cat":[202],"product_tag":[136,179,178,155,172,177,136,179],"class_list":{"0":"post-3091","1":"product","2":"type-product","3":"status-publish","4":"has-post-thumbnail","6":"product_cat-smart-blinds","7":"product_tag-z-wave-blind-controller","8":"product_tag-remote-control-en","9":"product_tag-remote-control","10":"product_tag-smart-home-en","11":"product_tag-smart-home-en-2","12":"product_tag-z-wave-en","16":"first","17":"instock","18":"taxable","19":"shipping-taxable","20":"purchasable","21":"product-type-simple"},"acf":[],"yoast_head":"<!-- This site is optimized with the Yoast SEO plugin v27.4 - https:\/\/yoast.com\/product\/yoast-seo-wordpress\/ -->\n<title>Intelligent roller shutter controller - Keemple<\/title>\n<meta name=\"description\" content=\"Keemple - Z-wave Smart Home intelligent roller shutter controller - a device that allows remote control of external roller blinds. Take care of your comfort and safety!\" \/>\n<meta name=\"robots\" content=\"index, follow, max-snippet:-1, max-image-preview:large, max-video-preview:-1\" \/>\n<link rel=\"canonical\" href=\"https:\/\/keemplesklep.pl\/en\/produkt\/z-wave-smart-home-intelligent-roller-shutter-controller\/\" \/>\n<meta property=\"og:locale\" content=\"en_US\" \/>\n<meta property=\"og:type\" content=\"article\" \/>\n<meta property=\"og:title\" content=\"Intelligent roller shutter controller - Keemple\" \/>\n<meta property=\"og:description\" content=\"Keemple - Z-wave Smart Home intelligent roller shutter controller - a device that allows remote control of external roller blinds. Take care of your comfort and safety!\" \/>\n<meta property=\"og:url\" content=\"https:\/\/keemplesklep.pl\/en\/produkt\/z-wave-smart-home-intelligent-roller-shutter-controller\/\" \/>\n<meta property=\"og:site_name\" content=\"Keemple\" \/>\n<meta property=\"article:modified_time\" content=\"2025-12-22T10:47:23+00:00\" \/>\n<meta property=\"og:image\" content=\"https:\/\/keemplesklep.pl\/wp-content\/uploads\/2022\/09\/EU-Curtain-Front.114-v1.webp\" \/>\n\t<meta property=\"og:image:width\" content=\"1000\" \/>\n\t<meta property=\"og:image:height\" content=\"800\" \/>\n\t<meta property=\"og:image:type\" content=\"image\/webp\" \/>\n<meta name=\"twitter:card\" content=\"summary_large_image\" \/>\n<meta name=\"twitter:label1\" content=\"Est. reading time\" \/>\n\t<meta name=\"twitter:data1\" content=\"3 minutes\" \/>\n<script type=\"application\/ld+json\" class=\"yoast-schema-graph\">{\"@context\":\"https:\\\/\\\/schema.org\",\"@graph\":[{\"@type\":\"WebPage\",\"@id\":\"https:\\\/\\\/keemplesklep.pl\\\/en\\\/produkt\\\/z-wave-smart-home-intelligent-roller-shutter-controller\\\/\",\"url\":\"https:\\\/\\\/keemplesklep.pl\\\/en\\\/produkt\\\/z-wave-smart-home-intelligent-roller-shutter-controller\\\/\",\"name\":\"Intelligent roller shutter controller - Keemple\",\"isPartOf\":{\"@id\":\"https:\\\/\\\/keemplesklep.pl\\\/#website\"},\"primaryImageOfPage\":{\"@id\":\"https:\\\/\\\/keemplesklep.pl\\\/en\\\/produkt\\\/z-wave-smart-home-intelligent-roller-shutter-controller\\\/#primaryimage\"},\"image\":{\"@id\":\"https:\\\/\\\/keemplesklep.pl\\\/en\\\/produkt\\\/z-wave-smart-home-intelligent-roller-shutter-controller\\\/#primaryimage\"},\"thumbnailUrl\":\"https:\\\/\\\/keemplesklep.pl\\\/wp-content\\\/uploads\\\/2022\\\/09\\\/EU-Curtain-Front.114-v1.webp\",\"datePublished\":\"2024-03-20T13:15:20+00:00\",\"dateModified\":\"2025-12-22T10:47:23+00:00\",\"description\":\"Keemple - Z-wave Smart Home intelligent roller shutter controller - a device that allows remote control of external roller blinds. Take care of your comfort and safety!\",\"breadcrumb\":{\"@id\":\"https:\\\/\\\/keemplesklep.pl\\\/en\\\/produkt\\\/z-wave-smart-home-intelligent-roller-shutter-controller\\\/#breadcrumb\"},\"inLanguage\":\"en-US\",\"potentialAction\":[{\"@type\":\"ReadAction\",\"target\":[\"https:\\\/\\\/keemplesklep.pl\\\/en\\\/produkt\\\/z-wave-smart-home-intelligent-roller-shutter-controller\\\/\"]}]},{\"@type\":\"ImageObject\",\"inLanguage\":\"en-US\",\"@id\":\"https:\\\/\\\/keemplesklep.pl\\\/en\\\/produkt\\\/z-wave-smart-home-intelligent-roller-shutter-controller\\\/#primaryimage\",\"url\":\"https:\\\/\\\/keemplesklep.pl\\\/wp-content\\\/uploads\\\/2022\\\/09\\\/EU-Curtain-Front.114-v1.webp\",\"contentUrl\":\"https:\\\/\\\/keemplesklep.pl\\\/wp-content\\\/uploads\\\/2022\\\/09\\\/EU-Curtain-Front.114-v1.webp\",\"width\":1000,\"height\":800,\"caption\":\"Inteligentny sterownik rolet Keemple\"},{\"@type\":\"BreadcrumbList\",\"@id\":\"https:\\\/\\\/keemplesklep.pl\\\/en\\\/produkt\\\/z-wave-smart-home-intelligent-roller-shutter-controller\\\/#breadcrumb\",\"itemListElement\":[{\"@type\":\"ListItem\",\"position\":1,\"name\":\"Strona g\u0142\u00f3wna\",\"item\":\"https:\\\/\\\/keemplesklep.pl\\\/en\\\/\"},{\"@type\":\"ListItem\",\"position\":2,\"name\":\"Smart home sklep\",\"item\":\"https:\\\/\\\/keemplesklep.pl\\\/sklep\\\/\"},{\"@type\":\"ListItem\",\"position\":3,\"name\":\"Z-wave Smart Home intelligent roller shutter controller\"}]},{\"@type\":\"WebSite\",\"@id\":\"https:\\\/\\\/keemplesklep.pl\\\/#website\",\"url\":\"https:\\\/\\\/keemplesklep.pl\\\/\",\"name\":\"Keemple\",\"description\":\"Inteligentny dom - urz\u0105d\u017a smart home z inteligentnymi urz\u0105dzeniami\",\"publisher\":{\"@id\":\"https:\\\/\\\/keemplesklep.pl\\\/#organization\"},\"potentialAction\":[{\"@type\":\"SearchAction\",\"target\":{\"@type\":\"EntryPoint\",\"urlTemplate\":\"https:\\\/\\\/keemplesklep.pl\\\/?s={search_term_string}\"},\"query-input\":{\"@type\":\"PropertyValueSpecification\",\"valueRequired\":true,\"valueName\":\"search_term_string\"}}],\"inLanguage\":\"en-US\"},{\"@type\":\"Organization\",\"@id\":\"https:\\\/\\\/keemplesklep.pl\\\/#organization\",\"name\":\"Keemple\",\"url\":\"https:\\\/\\\/keemplesklep.pl\\\/\",\"logo\":{\"@type\":\"ImageObject\",\"inLanguage\":\"en-US\",\"@id\":\"https:\\\/\\\/keemplesklep.pl\\\/#\\\/schema\\\/logo\\\/image\\\/\",\"url\":\"https:\\\/\\\/keemplesklep.pl\\\/wp-content\\\/uploads\\\/2023\\\/03\\\/cropped-logonew.png\",\"contentUrl\":\"https:\\\/\\\/keemplesklep.pl\\\/wp-content\\\/uploads\\\/2023\\\/03\\\/cropped-logonew.png\",\"width\":367,\"height\":163,\"caption\":\"Keemple\"},\"image\":{\"@id\":\"https:\\\/\\\/keemplesklep.pl\\\/#\\\/schema\\\/logo\\\/image\\\/\"}}]}<\/script>\n<!-- \/ Yoast SEO plugin. -->","yoast_head_json":{"title":"Intelligent roller shutter controller - Keemple","description":"Keemple - Z-wave Smart Home intelligent roller shutter controller - a device that allows remote control of external roller blinds. Take care of your comfort and safety!","robots":{"index":"index","follow":"follow","max-snippet":"max-snippet:-1","max-image-preview":"max-image-preview:large","max-video-preview":"max-video-preview:-1"},"canonical":"https:\/\/keemplesklep.pl\/en\/produkt\/z-wave-smart-home-intelligent-roller-shutter-controller\/","og_locale":"en_US","og_type":"article","og_title":"Intelligent roller shutter controller - Keemple","og_description":"Keemple - Z-wave Smart Home intelligent roller shutter controller - a device that allows remote control of external roller blinds. Take care of your comfort and safety!","og_url":"https:\/\/keemplesklep.pl\/en\/produkt\/z-wave-smart-home-intelligent-roller-shutter-controller\/","og_site_name":"Keemple","article_modified_time":"2025-12-22T10:47:23+00:00","og_image":[{"width":1000,"height":800,"url":"https:\/\/keemplesklep.pl\/wp-content\/uploads\/2022\/09\/EU-Curtain-Front.114-v1.webp","type":"image\/webp"}],"twitter_card":"summary_large_image","twitter_misc":{"Est. reading time":"3 minutes"},"schema":{"@context":"https:\/\/schema.org","@graph":[{"@type":"WebPage","@id":"https:\/\/keemplesklep.pl\/en\/produkt\/z-wave-smart-home-intelligent-roller-shutter-controller\/","url":"https:\/\/keemplesklep.pl\/en\/produkt\/z-wave-smart-home-intelligent-roller-shutter-controller\/","name":"Intelligent roller shutter controller - Keemple","isPartOf":{"@id":"https:\/\/keemplesklep.pl\/#website"},"primaryImageOfPage":{"@id":"https:\/\/keemplesklep.pl\/en\/produkt\/z-wave-smart-home-intelligent-roller-shutter-controller\/#primaryimage"},"image":{"@id":"https:\/\/keemplesklep.pl\/en\/produkt\/z-wave-smart-home-intelligent-roller-shutter-controller\/#primaryimage"},"thumbnailUrl":"https:\/\/keemplesklep.pl\/wp-content\/uploads\/2022\/09\/EU-Curtain-Front.114-v1.webp","datePublished":"2024-03-20T13:15:20+00:00","dateModified":"2025-12-22T10:47:23+00:00","description":"Keemple - Z-wave Smart Home intelligent roller shutter controller - a device that allows remote control of external roller blinds. Take care of your comfort and safety!","breadcrumb":{"@id":"https:\/\/keemplesklep.pl\/en\/produkt\/z-wave-smart-home-intelligent-roller-shutter-controller\/#breadcrumb"},"inLanguage":"en-US","potentialAction":[{"@type":"ReadAction","target":["https:\/\/keemplesklep.pl\/en\/produkt\/z-wave-smart-home-intelligent-roller-shutter-controller\/"]}]},{"@type":"ImageObject","inLanguage":"en-US","@id":"https:\/\/keemplesklep.pl\/en\/produkt\/z-wave-smart-home-intelligent-roller-shutter-controller\/#primaryimage","url":"https:\/\/keemplesklep.pl\/wp-content\/uploads\/2022\/09\/EU-Curtain-Front.114-v1.webp","contentUrl":"https:\/\/keemplesklep.pl\/wp-content\/uploads\/2022\/09\/EU-Curtain-Front.114-v1.webp","width":1000,"height":800,"caption":"Inteligentny sterownik rolet Keemple"},{"@type":"BreadcrumbList","@id":"https:\/\/keemplesklep.pl\/en\/produkt\/z-wave-smart-home-intelligent-roller-shutter-controller\/#breadcrumb","itemListElement":[{"@type":"ListItem","position":1,"name":"Strona g\u0142\u00f3wna","item":"https:\/\/keemplesklep.pl\/en\/"},{"@type":"ListItem","position":2,"name":"Smart home sklep","item":"https:\/\/keemplesklep.pl\/sklep\/"},{"@type":"ListItem","position":3,"name":"Z-wave Smart Home intelligent roller shutter controller"}]},{"@type":"WebSite","@id":"https:\/\/keemplesklep.pl\/#website","url":"https:\/\/keemplesklep.pl\/","name":"Keemple","description":"Inteligentny dom - urz\u0105d\u017a smart home z inteligentnymi urz\u0105dzeniami","publisher":{"@id":"https:\/\/keemplesklep.pl\/#organization"},"potentialAction":[{"@type":"SearchAction","target":{"@type":"EntryPoint","urlTemplate":"https:\/\/keemplesklep.pl\/?s={search_term_string}"},"query-input":{"@type":"PropertyValueSpecification","valueRequired":true,"valueName":"search_term_string"}}],"inLanguage":"en-US"},{"@type":"Organization","@id":"https:\/\/keemplesklep.pl\/#organization","name":"Keemple","url":"https:\/\/keemplesklep.pl\/","logo":{"@type":"ImageObject","inLanguage":"en-US","@id":"https:\/\/keemplesklep.pl\/#\/schema\/logo\/image\/","url":"https:\/\/keemplesklep.pl\/wp-content\/uploads\/2023\/03\/cropped-logonew.png","contentUrl":"https:\/\/keemplesklep.pl\/wp-content\/uploads\/2023\/03\/cropped-logonew.png","width":367,"height":163,"caption":"Keemple"},"image":{"@id":"https:\/\/keemplesklep.pl\/#\/schema\/logo\/image\/"}}]}},"_links":{"self":[{"href":"https:\/\/keemplesklep.pl\/en\/wp-json\/wp\/v2\/product\/3091","targetHints":{"allow":["GET"]}}],"collection":[{"href":"https:\/\/keemplesklep.pl\/en\/wp-json\/wp\/v2\/product"}],"about":[{"href":"https:\/\/keemplesklep.pl\/en\/wp-json\/wp\/v2\/types\/product"}],"replies":[{"embeddable":true,"href":"https:\/\/keemplesklep.pl\/en\/wp-json\/wp\/v2\/comments?post=3091"}],"wp:featuredmedia":[{"embeddable":true,"href":"https:\/\/keemplesklep.pl\/en\/wp-json\/wp\/v2\/media\/2849"}],"wp:attachment":[{"href":"https:\/\/keemplesklep.pl\/en\/wp-json\/wp\/v2\/media?parent=3091"}],"wp:term":[{"taxonomy":"product_brand","embeddable":true,"href":"https:\/\/keemplesklep.pl\/en\/wp-json\/wp\/v2\/product_brand?post=3091"},{"taxonomy":"product_cat","embeddable":true,"href":"https:\/\/keemplesklep.pl\/en\/wp-json\/wp\/v2\/product_cat?post=3091"},{"taxonomy":"product_tag","embeddable":true,"href":"https:\/\/keemplesklep.pl\/en\/wp-json\/wp\/v2\/product_tag?post=3091"}],"curies":[{"name":"wp","href":"https:\/\/api.w.org\/{rel}","templated":true}]}}