{"id":3088,"date":"2022-09-29T13:50:48","date_gmt":"2024-03-20T12:48:11","guid":{"rendered":"https:\/\/keemplesklep.pl\/produkt\/keemple-smart-home-double-horizontal-frame-22\/"},"modified":"2024-03-22T14:36:57","modified_gmt":"2024-03-22T13:36:57","slug":"keemple-smart-home-double-horizontal-frame-22","status":"publish","type":"product","link":"https:\/\/keemplesklep.pl\/en\/produkt\/keemple-smart-home-double-horizontal-frame-22\/","title":{"rendered":"Keemple Smart Home double horizontal frame 2+2"},"content":{"rendered":"<p>The unique double horizontal plate is our answer to your aesthetic and functional needs. Its reliability is based on a robust material that ensures durability for years to come. The white colour brightens up interiors while creating a great background for the advanced technology hiding underneath. Installation is easy, so you can quickly and stress-free enhance the aesthetics and practicality of your smart home. It&#8217;s important to note that white Keemple Smart Home double switch plate is an indispensable element for those who appreciate modern interiors. Its carefully thought-out design fits in perfectly with current interior design trends, adding elegance and functionality.<\/p>\n<p><img loading=\"lazy\" decoding=\"async\" class=\"aligncenter wp-image-708 size-full\" src=\"https:\/\/keemplesklep.pl\/wp-content\/uploads\/2022\/09\/ramka-podwojna-pozioma-22.jpg\" alt=\"The modern kitchen in wood and marble fits perfectly into the Keemple horizontal frame.\" width=\"850\" height=\"657\" srcset=\"https:\/\/keemplesklep.pl\/wp-content\/uploads\/2022\/09\/ramka-podwojna-pozioma-22.jpg 850w, https:\/\/keemplesklep.pl\/wp-content\/uploads\/2022\/09\/ramka-podwojna-pozioma-22-324x250.jpg 324w, https:\/\/keemplesklep.pl\/wp-content\/uploads\/2022\/09\/ramka-podwojna-pozioma-22-416x322.jpg 416w, https:\/\/keemplesklep.pl\/wp-content\/uploads\/2022\/09\/ramka-podwojna-pozioma-22-300x232.jpg 300w, https:\/\/keemplesklep.pl\/wp-content\/uploads\/2022\/09\/ramka-podwojna-pozioma-22-768x594.jpg 768w\" sizes=\"auto, (max-width: 850px) 100vw, 850px\" \/><\/p>\n<p>The horizontal arrangement of the switches can help save space on the wall, especially where space is limited. It provides you with more flexibility in the placement of devices in your smart home. By choosing the horizontal plate, you adapt the configuration of the switches to your own preferences. You have the option to choose between different arrangements and configurations to respond to the specific needs of your home. Keemple&#8217;s Smart Home switches are designed with advanced features in mind, and the horizontal plate can facilitate access to these functions. It allows more intuitive control of lighting, devices or scenarios. Altogether, the installation of the <a href=\"https:\/\/keemplesklep.pl\/en\/kategoria-produktu\/smart-lighting\/\">Keemple Smart Home<\/a> horizontal double switch plate<!--1--> can contribute to the aesthetic and functional enhancement of your smart home, creating a coherent and convenient control system.<\/p>\n<div class=\"gsp_post_data\" \r\n\t            data-post_type=\"product\" \r\n\t            data-cat=\"\" \r\n\t            data-modified=\"120\"\r\n\t            data-created=\"1664459448\"\r\n\t            data-title=\"Keemple Smart Home double horizontal frame 2+2\" \r\n\t            data-home=\"https:\/\/keemplesklep.pl\/en\/\"><\/div>","protected":false},"excerpt":{"rendered":"<p>The double frame allows you to install two switches for the G 2.0 system at a short distance from each other. It fits into a standard double electrical box mounted horizontally. Horizontal plate in the following configuration: double switch and double switch.<\/p>\n<p>&nbsp;<\/p>\n","protected":false},"featured_media":2852,"comment_status":"closed","ping_status":"closed","template":"","meta":{"_acf_changed":false},"product_brand":[],"product_cat":[201],"product_tag":[157,172,139],"class_list":{"0":"post-3088","1":"product","2":"type-product","3":"status-publish","4":"has-post-thumbnail","6":"product_cat-keemple-frames-and-panels","7":"product_tag-keemple-en","8":"product_tag-smart-home-en-2","9":"product_tag-white-frame","11":"first","12":"instock","13":"taxable","14":"shipping-taxable","15":"purchasable","16":"product-type-simple"},"acf":[],"yoast_head":"<!-- This site is optimized with the Yoast SEO plugin v27.4 - https:\/\/yoast.com\/product\/yoast-seo-wordpress\/ -->\n<title>Intelligent 2+2 horizontal double frame - Keemple<\/title>\n<meta name=\"description\" content=\"Keemple - Keemple Smart Home double horizontal frame 2+2 - Keemple horizontal frame is an important decorative and functional element of a smart home.\" \/>\n<meta name=\"robots\" content=\"index, follow, max-snippet:-1, max-image-preview:large, max-video-preview:-1\" \/>\n<link rel=\"canonical\" href=\"https:\/\/keemplesklep.pl\/produkt\/ramka-podwojna-pozioma-22\/\" \/>\n<meta property=\"og:locale\" content=\"en_US\" \/>\n<meta property=\"og:type\" content=\"article\" \/>\n<meta property=\"og:title\" content=\"Intelligent 2+2 horizontal double frame - Keemple\" \/>\n<meta property=\"og:description\" content=\"Keemple - Keemple Smart Home double horizontal frame 2+2 - Keemple horizontal frame is an important decorative and functional element of a smart home.\" \/>\n<meta property=\"og:url\" content=\"https:\/\/keemplesklep.pl\/produkt\/ramka-podwojna-pozioma-22\/\" \/>\n<meta property=\"og:site_name\" content=\"Keemple\" \/>\n<meta property=\"article:modified_time\" content=\"2024-03-22T13:36:57+00:00\" \/>\n<meta property=\"og:image\" content=\"https:\/\/i0.wp.com\/keemplesklep.pl\/wp-content\/uploads\/2022\/09\/Double-Panel-White-2-2V-v1.webp?fit=1000%2C800&ssl=1\" \/>\n\t<meta property=\"og:image:width\" content=\"1000\" \/>\n\t<meta property=\"og:image:height\" content=\"800\" \/>\n\t<meta property=\"og:image:type\" content=\"image\/webp\" \/>\n<meta name=\"twitter:card\" content=\"summary_large_image\" \/>\n<meta name=\"twitter:label1\" content=\"Est. reading time\" \/>\n\t<meta name=\"twitter:data1\" content=\"2 minutes\" \/>\n<script type=\"application\/ld+json\" class=\"yoast-schema-graph\">{\"@context\":\"https:\\\/\\\/schema.org\",\"@graph\":[{\"@type\":\"WebPage\",\"@id\":\"https:\\\/\\\/keemplesklep.pl\\\/produkt\\\/ramka-podwojna-pozioma-22\\\/\",\"url\":\"https:\\\/\\\/keemplesklep.pl\\\/produkt\\\/ramka-podwojna-pozioma-22\\\/\",\"name\":\"Intelligent 2+2 horizontal double frame - Keemple\",\"isPartOf\":{\"@id\":\"https:\\\/\\\/keemplesklep.pl\\\/#website\"},\"primaryImageOfPage\":{\"@id\":\"https:\\\/\\\/keemplesklep.pl\\\/produkt\\\/ramka-podwojna-pozioma-22\\\/#primaryimage\"},\"image\":{\"@id\":\"https:\\\/\\\/keemplesklep.pl\\\/produkt\\\/ramka-podwojna-pozioma-22\\\/#primaryimage\"},\"thumbnailUrl\":\"https:\\\/\\\/keemplesklep.pl\\\/wp-content\\\/uploads\\\/2022\\\/09\\\/Double-Panel-White-2-2V-v1.webp\",\"datePublished\":\"2024-03-20T12:48:11+00:00\",\"dateModified\":\"2024-03-22T13:36:57+00:00\",\"description\":\"Keemple - Keemple Smart Home double horizontal frame 2+2 - Keemple horizontal frame is an important decorative and functional element of a smart home.\",\"breadcrumb\":{\"@id\":\"https:\\\/\\\/keemplesklep.pl\\\/produkt\\\/ramka-podwojna-pozioma-22\\\/#breadcrumb\"},\"inLanguage\":\"en-US\",\"potentialAction\":[{\"@type\":\"ReadAction\",\"target\":[\"https:\\\/\\\/keemplesklep.pl\\\/produkt\\\/ramka-podwojna-pozioma-22\\\/\"]}]},{\"@type\":\"ImageObject\",\"inLanguage\":\"en-US\",\"@id\":\"https:\\\/\\\/keemplesklep.pl\\\/produkt\\\/ramka-podwojna-pozioma-22\\\/#primaryimage\",\"url\":\"https:\\\/\\\/keemplesklep.pl\\\/wp-content\\\/uploads\\\/2022\\\/09\\\/Double-Panel-White-2-2V-v1.webp\",\"contentUrl\":\"https:\\\/\\\/keemplesklep.pl\\\/wp-content\\\/uploads\\\/2022\\\/09\\\/Double-Panel-White-2-2V-v1.webp\",\"width\":1000,\"height\":800,\"caption\":\"Ramka podw\u00f3jna pozioma 2+2\"},{\"@type\":\"BreadcrumbList\",\"@id\":\"https:\\\/\\\/keemplesklep.pl\\\/produkt\\\/ramka-podwojna-pozioma-22\\\/#breadcrumb\",\"itemListElement\":[{\"@type\":\"ListItem\",\"position\":1,\"name\":\"Strona g\u0142\u00f3wna\",\"item\":\"https:\\\/\\\/keemplesklep.pl\\\/en\\\/\"},{\"@type\":\"ListItem\",\"position\":2,\"name\":\"Smart home sklep\",\"item\":\"https:\\\/\\\/keemplesklep.pl\\\/sklep\\\/\"},{\"@type\":\"ListItem\",\"position\":3,\"name\":\"Keemple Smart Home double horizontal frame 2+2\"}]},{\"@type\":\"WebSite\",\"@id\":\"https:\\\/\\\/keemplesklep.pl\\\/#website\",\"url\":\"https:\\\/\\\/keemplesklep.pl\\\/\",\"name\":\"Keemple\",\"description\":\"Inteligentny dom - urz\u0105d\u017a smart home z inteligentnymi urz\u0105dzeniami\",\"publisher\":{\"@id\":\"https:\\\/\\\/keemplesklep.pl\\\/#organization\"},\"potentialAction\":[{\"@type\":\"SearchAction\",\"target\":{\"@type\":\"EntryPoint\",\"urlTemplate\":\"https:\\\/\\\/keemplesklep.pl\\\/?s={search_term_string}\"},\"query-input\":{\"@type\":\"PropertyValueSpecification\",\"valueRequired\":true,\"valueName\":\"search_term_string\"}}],\"inLanguage\":\"en-US\"},{\"@type\":\"Organization\",\"@id\":\"https:\\\/\\\/keemplesklep.pl\\\/#organization\",\"name\":\"Keemple\",\"url\":\"https:\\\/\\\/keemplesklep.pl\\\/\",\"logo\":{\"@type\":\"ImageObject\",\"inLanguage\":\"en-US\",\"@id\":\"https:\\\/\\\/keemplesklep.pl\\\/#\\\/schema\\\/logo\\\/image\\\/\",\"url\":\"https:\\\/\\\/keemplesklep.pl\\\/wp-content\\\/uploads\\\/2023\\\/03\\\/cropped-logonew.png\",\"contentUrl\":\"https:\\\/\\\/keemplesklep.pl\\\/wp-content\\\/uploads\\\/2023\\\/03\\\/cropped-logonew.png\",\"width\":367,\"height\":163,\"caption\":\"Keemple\"},\"image\":{\"@id\":\"https:\\\/\\\/keemplesklep.pl\\\/#\\\/schema\\\/logo\\\/image\\\/\"}}]}<\/script>\n<!-- \/ Yoast SEO plugin. -->","yoast_head_json":{"title":"Intelligent 2+2 horizontal double frame - Keemple","description":"Keemple - Keemple Smart Home double horizontal frame 2+2 - Keemple horizontal frame is an important decorative and functional element of a smart home.","robots":{"index":"index","follow":"follow","max-snippet":"max-snippet:-1","max-image-preview":"max-image-preview:large","max-video-preview":"max-video-preview:-1"},"canonical":"https:\/\/keemplesklep.pl\/produkt\/ramka-podwojna-pozioma-22\/","og_locale":"en_US","og_type":"article","og_title":"Intelligent 2+2 horizontal double frame - Keemple","og_description":"Keemple - Keemple Smart Home double horizontal frame 2+2 - Keemple horizontal frame is an important decorative and functional element of a smart home.","og_url":"https:\/\/keemplesklep.pl\/produkt\/ramka-podwojna-pozioma-22\/","og_site_name":"Keemple","article_modified_time":"2024-03-22T13:36:57+00:00","og_image":[{"width":1000,"height":800,"url":"https:\/\/i0.wp.com\/keemplesklep.pl\/wp-content\/uploads\/2022\/09\/Double-Panel-White-2-2V-v1.webp?fit=1000%2C800&ssl=1","type":"image\/webp"}],"twitter_card":"summary_large_image","twitter_misc":{"Est. reading time":"2 minutes"},"schema":{"@context":"https:\/\/schema.org","@graph":[{"@type":"WebPage","@id":"https:\/\/keemplesklep.pl\/produkt\/ramka-podwojna-pozioma-22\/","url":"https:\/\/keemplesklep.pl\/produkt\/ramka-podwojna-pozioma-22\/","name":"Intelligent 2+2 horizontal double frame - Keemple","isPartOf":{"@id":"https:\/\/keemplesklep.pl\/#website"},"primaryImageOfPage":{"@id":"https:\/\/keemplesklep.pl\/produkt\/ramka-podwojna-pozioma-22\/#primaryimage"},"image":{"@id":"https:\/\/keemplesklep.pl\/produkt\/ramka-podwojna-pozioma-22\/#primaryimage"},"thumbnailUrl":"https:\/\/keemplesklep.pl\/wp-content\/uploads\/2022\/09\/Double-Panel-White-2-2V-v1.webp","datePublished":"2024-03-20T12:48:11+00:00","dateModified":"2024-03-22T13:36:57+00:00","description":"Keemple - Keemple Smart Home double horizontal frame 2+2 - Keemple horizontal frame is an important decorative and functional element of a smart home.","breadcrumb":{"@id":"https:\/\/keemplesklep.pl\/produkt\/ramka-podwojna-pozioma-22\/#breadcrumb"},"inLanguage":"en-US","potentialAction":[{"@type":"ReadAction","target":["https:\/\/keemplesklep.pl\/produkt\/ramka-podwojna-pozioma-22\/"]}]},{"@type":"ImageObject","inLanguage":"en-US","@id":"https:\/\/keemplesklep.pl\/produkt\/ramka-podwojna-pozioma-22\/#primaryimage","url":"https:\/\/keemplesklep.pl\/wp-content\/uploads\/2022\/09\/Double-Panel-White-2-2V-v1.webp","contentUrl":"https:\/\/keemplesklep.pl\/wp-content\/uploads\/2022\/09\/Double-Panel-White-2-2V-v1.webp","width":1000,"height":800,"caption":"Ramka podw\u00f3jna pozioma 2+2"},{"@type":"BreadcrumbList","@id":"https:\/\/keemplesklep.pl\/produkt\/ramka-podwojna-pozioma-22\/#breadcrumb","itemListElement":[{"@type":"ListItem","position":1,"name":"Strona g\u0142\u00f3wna","item":"https:\/\/keemplesklep.pl\/en\/"},{"@type":"ListItem","position":2,"name":"Smart home sklep","item":"https:\/\/keemplesklep.pl\/sklep\/"},{"@type":"ListItem","position":3,"name":"Keemple Smart Home double horizontal frame 2+2"}]},{"@type":"WebSite","@id":"https:\/\/keemplesklep.pl\/#website","url":"https:\/\/keemplesklep.pl\/","name":"Keemple","description":"Inteligentny dom - urz\u0105d\u017a smart home z inteligentnymi urz\u0105dzeniami","publisher":{"@id":"https:\/\/keemplesklep.pl\/#organization"},"potentialAction":[{"@type":"SearchAction","target":{"@type":"EntryPoint","urlTemplate":"https:\/\/keemplesklep.pl\/?s={search_term_string}"},"query-input":{"@type":"PropertyValueSpecification","valueRequired":true,"valueName":"search_term_string"}}],"inLanguage":"en-US"},{"@type":"Organization","@id":"https:\/\/keemplesklep.pl\/#organization","name":"Keemple","url":"https:\/\/keemplesklep.pl\/","logo":{"@type":"ImageObject","inLanguage":"en-US","@id":"https:\/\/keemplesklep.pl\/#\/schema\/logo\/image\/","url":"https:\/\/keemplesklep.pl\/wp-content\/uploads\/2023\/03\/cropped-logonew.png","contentUrl":"https:\/\/keemplesklep.pl\/wp-content\/uploads\/2023\/03\/cropped-logonew.png","width":367,"height":163,"caption":"Keemple"},"image":{"@id":"https:\/\/keemplesklep.pl\/#\/schema\/logo\/image\/"}}]}},"_links":{"self":[{"href":"https:\/\/keemplesklep.pl\/en\/wp-json\/wp\/v2\/product\/3088","targetHints":{"allow":["GET"]}}],"collection":[{"href":"https:\/\/keemplesklep.pl\/en\/wp-json\/wp\/v2\/product"}],"about":[{"href":"https:\/\/keemplesklep.pl\/en\/wp-json\/wp\/v2\/types\/product"}],"replies":[{"embeddable":true,"href":"https:\/\/keemplesklep.pl\/en\/wp-json\/wp\/v2\/comments?post=3088"}],"wp:featuredmedia":[{"embeddable":true,"href":"https:\/\/keemplesklep.pl\/en\/wp-json\/wp\/v2\/media\/2852"}],"wp:attachment":[{"href":"https:\/\/keemplesklep.pl\/en\/wp-json\/wp\/v2\/media?parent=3088"}],"wp:term":[{"taxonomy":"product_brand","embeddable":true,"href":"https:\/\/keemplesklep.pl\/en\/wp-json\/wp\/v2\/product_brand?post=3088"},{"taxonomy":"product_cat","embeddable":true,"href":"https:\/\/keemplesklep.pl\/en\/wp-json\/wp\/v2\/product_cat?post=3088"},{"taxonomy":"product_tag","embeddable":true,"href":"https:\/\/keemplesklep.pl\/en\/wp-json\/wp\/v2\/product_tag?post=3088"}],"curies":[{"name":"wp","href":"https:\/\/api.w.org\/{rel}","templated":true}]}}