{"id":3086,"date":"2022-09-29T13:50:49","date_gmt":"2024-03-20T12:38:00","guid":{"rendered":"https:\/\/keemplesklep.pl\/produkt\/keemple-smart-home-vertical-double-plate-11\/"},"modified":"2024-03-22T14:23:36","modified_gmt":"2024-03-22T13:23:36","slug":"keemple-smart-home-vertical-double-plate-11","status":"publish","type":"product","link":"https:\/\/keemplesklep.pl\/en\/produkt\/keemple-smart-home-vertical-double-plate-11\/","title":{"rendered":"Keemple Smart Home Vertical Double Plate 1+1"},"content":{"rendered":"<p>The Keemple double plate allows you to place any two Keemple devices with touch panels, such as a light switch, dimmer or blind controller, side by side. You can choose between horizontal and vertical configuration. Choosing a vertical configuration for switches can be beneficial, especially if you have limited wall space. This saves space and allows flexibility in the arrangement of devices in the smart home. In some cases, a vertical configuration may be more intuitive to use, allowing you to easily distinguish between individual buttons.<\/p>\n<p>It is worth noting that the white Keemple Smart Home double switch plate is an indispensable element for those who appreciate modern interiors. Its carefully thought-out design fits in perfectly with current interior design trends, adding elegance and functionality.<\/p>\n<p><img loading=\"lazy\" decoding=\"async\" class=\"alignnone wp-image-701 size-full\" src=\"https:\/\/keemplesklep.pl\/wp-content\/uploads\/2022\/09\/ramka-podwojna-pionowa-11.jpg\" alt=\"A table with a marble top in a modern, glamorous living room against the background of a wall with a Keemple vertical frame for double-box switches,\" width=\"850\" height=\"623\" srcset=\"https:\/\/keemplesklep.pl\/wp-content\/uploads\/2022\/09\/ramka-podwojna-pionowa-11.jpg 850w, https:\/\/keemplesklep.pl\/wp-content\/uploads\/2022\/09\/ramka-podwojna-pionowa-11-324x237.jpg 324w, https:\/\/keemplesklep.pl\/wp-content\/uploads\/2022\/09\/ramka-podwojna-pionowa-11-416x305.jpg 416w, https:\/\/keemplesklep.pl\/wp-content\/uploads\/2022\/09\/ramka-podwojna-pionowa-11-300x220.jpg 300w, https:\/\/keemplesklep.pl\/wp-content\/uploads\/2022\/09\/ramka-podwojna-pionowa-11-768x563.jpg 768w\" sizes=\"auto, (max-width: 850px) 100vw, 850px\" \/><\/p>\n<p>Keemple&#8217;s double vertical plate is certainly an eye-catcher. Its material with a durable structure guarantees not only exceptional durability, but also reliability over a long period of use. The white colour is not only neutral, but also energetic and enlivens any interior, while providing a harmonious background for the modern technologies hiding beneath its surface. Thanks to its extremely simple installation, the element allows you to transform your smart home in a short time, adding a new dimension of aesthetics and functionality. It is worth noting that white Keemple Smart Home double <a href=\"https:\/\/keemplesklep.pl\/en\/produkt\/wlacznik-swiatla-pojedynczy\/\">switch<\/a> plate is a priceless addition to your smart home. Its carefully thought-out design fits perfectly into modern interiors, adding both elegance and practicality.<\/p>\n<p><iframe loading=\"lazy\" title=\"Instalacja ramki podw\u00f3jnej Keemple - Jak zamontowa\u0107 ramk\u0119?\" width=\"980\" height=\"551\" src=\"https:\/\/www.youtube.com\/embed\/0zM1zeYo_k8?feature=oembed&#038;enablejsapi=1&#038;origin=https:\/\/keemplesklep.pl\" frameborder=\"0\" allow=\"accelerometer; autoplay; clipboard-write; encrypted-media; gyroscope; picture-in-picture; web-share\" allowfullscreen><\/iframe><\/p>\n<div class=\"gsp_post_data\" \r\n\t            data-post_type=\"product\" \r\n\t            data-cat=\"\" \r\n\t            data-modified=\"120\"\r\n\t            data-created=\"1664459449\"\r\n\t            data-title=\"Keemple Smart Home Vertical Double Plate 1+1\" \r\n\t            data-home=\"https:\/\/keemplesklep.pl\/en\/\"><\/div>","protected":false},"excerpt":{"rendered":"<p>The double frame allows you to install two switches for the G 2.0 system at a short distance from each other. Fits a standard double electrical box mounted vertically. Vertical plate in the following configuration: single switch and single switch.<\/p>\n","protected":false},"featured_media":2841,"comment_status":"closed","ping_status":"closed","template":"","meta":{"_acf_changed":false},"product_brand":[],"product_cat":[201],"product_tag":[168,167,171],"class_list":{"0":"post-3086","1":"product","2":"type-product","3":"status-publish","4":"has-post-thumbnail","6":"product_cat-keemple-frames-and-panels","7":"product_tag-double-frame-en","8":"product_tag-frame-keemple","9":"product_tag-smarthome-en","11":"first","12":"instock","13":"taxable","14":"shipping-taxable","15":"purchasable","16":"product-type-simple"},"acf":[],"yoast_head":"<!-- This site is optimized with the Yoast SEO plugin v27.3 - https:\/\/yoast.com\/product\/yoast-seo-wordpress\/ -->\n<title>Intelligent 1+1 vertical double frame - Keemple<\/title>\n<meta name=\"description\" content=\"Keemple - Keemple Smart Home Vertical Double Plate 1+1 - The vertical frame is an intuitive solution for Keemple intelligent switches in a double junction box.\" \/>\n<meta name=\"robots\" content=\"index, follow, max-snippet:-1, max-image-preview:large, max-video-preview:-1\" \/>\n<link rel=\"canonical\" href=\"https:\/\/keemplesklep.pl\/produkt\/ramka-podwojna-pionowa-11\/\" \/>\n<meta property=\"og:locale\" content=\"en_US\" \/>\n<meta property=\"og:type\" content=\"article\" \/>\n<meta property=\"og:title\" content=\"Intelligent 1+1 vertical double frame - Keemple\" \/>\n<meta property=\"og:description\" content=\"Keemple - Keemple Smart Home Vertical Double Plate 1+1 - The vertical frame is an intuitive solution for Keemple intelligent switches in a double junction box.\" \/>\n<meta property=\"og:url\" content=\"https:\/\/keemplesklep.pl\/produkt\/ramka-podwojna-pionowa-11\/\" \/>\n<meta property=\"og:site_name\" content=\"Keemple\" \/>\n<meta property=\"article:modified_time\" content=\"2024-03-22T13:23:36+00:00\" \/>\n<meta property=\"og:image\" content=\"https:\/\/i0.wp.com\/keemplesklep.pl\/wp-content\/uploads\/2022\/09\/Double-Panel-White-1-1H-v1.webp?fit=1000%2C800&ssl=1\" \/>\n\t<meta property=\"og:image:width\" content=\"1000\" \/>\n\t<meta property=\"og:image:height\" content=\"800\" \/>\n\t<meta property=\"og:image:type\" content=\"image\/webp\" \/>\n<meta name=\"twitter:card\" content=\"summary_large_image\" \/>\n<meta name=\"twitter:label1\" content=\"Est. reading time\" \/>\n\t<meta name=\"twitter:data1\" content=\"2 minutes\" \/>\n<script type=\"application\/ld+json\" class=\"yoast-schema-graph\">{\"@context\":\"https:\\\/\\\/schema.org\",\"@graph\":[{\"@type\":\"WebPage\",\"@id\":\"https:\\\/\\\/keemplesklep.pl\\\/produkt\\\/ramka-podwojna-pionowa-11\\\/\",\"url\":\"https:\\\/\\\/keemplesklep.pl\\\/produkt\\\/ramka-podwojna-pionowa-11\\\/\",\"name\":\"Intelligent 1+1 vertical double frame - Keemple\",\"isPartOf\":{\"@id\":\"https:\\\/\\\/keemplesklep.pl\\\/#website\"},\"primaryImageOfPage\":{\"@id\":\"https:\\\/\\\/keemplesklep.pl\\\/produkt\\\/ramka-podwojna-pionowa-11\\\/#primaryimage\"},\"image\":{\"@id\":\"https:\\\/\\\/keemplesklep.pl\\\/produkt\\\/ramka-podwojna-pionowa-11\\\/#primaryimage\"},\"thumbnailUrl\":\"https:\\\/\\\/keemplesklep.pl\\\/wp-content\\\/uploads\\\/2022\\\/09\\\/Double-Panel-White-1-1H-v1.webp\",\"datePublished\":\"2024-03-20T12:38:00+00:00\",\"dateModified\":\"2024-03-22T13:23:36+00:00\",\"description\":\"Keemple - Keemple Smart Home Vertical Double Plate 1+1 - The vertical frame is an intuitive solution for Keemple intelligent switches in a double junction box.\",\"breadcrumb\":{\"@id\":\"https:\\\/\\\/keemplesklep.pl\\\/produkt\\\/ramka-podwojna-pionowa-11\\\/#breadcrumb\"},\"inLanguage\":\"en-US\",\"potentialAction\":[{\"@type\":\"ReadAction\",\"target\":[\"https:\\\/\\\/keemplesklep.pl\\\/produkt\\\/ramka-podwojna-pionowa-11\\\/\"]}]},{\"@type\":\"ImageObject\",\"inLanguage\":\"en-US\",\"@id\":\"https:\\\/\\\/keemplesklep.pl\\\/produkt\\\/ramka-podwojna-pionowa-11\\\/#primaryimage\",\"url\":\"https:\\\/\\\/keemplesklep.pl\\\/wp-content\\\/uploads\\\/2022\\\/09\\\/Double-Panel-White-1-1H-v1.webp\",\"contentUrl\":\"https:\\\/\\\/keemplesklep.pl\\\/wp-content\\\/uploads\\\/2022\\\/09\\\/Double-Panel-White-1-1H-v1.webp\",\"width\":1000,\"height\":800,\"caption\":\"Ramka podw\u00f3jna pionowa 1+1\"},{\"@type\":\"BreadcrumbList\",\"@id\":\"https:\\\/\\\/keemplesklep.pl\\\/produkt\\\/ramka-podwojna-pionowa-11\\\/#breadcrumb\",\"itemListElement\":[{\"@type\":\"ListItem\",\"position\":1,\"name\":\"Strona g\u0142\u00f3wna\",\"item\":\"https:\\\/\\\/keemplesklep.pl\\\/en\\\/\"},{\"@type\":\"ListItem\",\"position\":2,\"name\":\"Smart home sklep\",\"item\":\"https:\\\/\\\/keemplesklep.pl\\\/sklep\\\/\"},{\"@type\":\"ListItem\",\"position\":3,\"name\":\"Keemple Smart Home Vertical Double Plate 1+1\"}]},{\"@type\":\"WebSite\",\"@id\":\"https:\\\/\\\/keemplesklep.pl\\\/#website\",\"url\":\"https:\\\/\\\/keemplesklep.pl\\\/\",\"name\":\"Keemple\",\"description\":\"Inteligentny dom - urz\u0105d\u017a smart home z inteligentnymi urz\u0105dzeniami\",\"publisher\":{\"@id\":\"https:\\\/\\\/keemplesklep.pl\\\/#organization\"},\"potentialAction\":[{\"@type\":\"SearchAction\",\"target\":{\"@type\":\"EntryPoint\",\"urlTemplate\":\"https:\\\/\\\/keemplesklep.pl\\\/?s={search_term_string}\"},\"query-input\":{\"@type\":\"PropertyValueSpecification\",\"valueRequired\":true,\"valueName\":\"search_term_string\"}}],\"inLanguage\":\"en-US\"},{\"@type\":\"Organization\",\"@id\":\"https:\\\/\\\/keemplesklep.pl\\\/#organization\",\"name\":\"Keemple\",\"url\":\"https:\\\/\\\/keemplesklep.pl\\\/\",\"logo\":{\"@type\":\"ImageObject\",\"inLanguage\":\"en-US\",\"@id\":\"https:\\\/\\\/keemplesklep.pl\\\/#\\\/schema\\\/logo\\\/image\\\/\",\"url\":\"https:\\\/\\\/keemplesklep.pl\\\/wp-content\\\/uploads\\\/2023\\\/03\\\/cropped-logonew.png\",\"contentUrl\":\"https:\\\/\\\/keemplesklep.pl\\\/wp-content\\\/uploads\\\/2023\\\/03\\\/cropped-logonew.png\",\"width\":367,\"height\":163,\"caption\":\"Keemple\"},\"image\":{\"@id\":\"https:\\\/\\\/keemplesklep.pl\\\/#\\\/schema\\\/logo\\\/image\\\/\"}}]}<\/script>\n<!-- \/ Yoast SEO plugin. -->","yoast_head_json":{"title":"Intelligent 1+1 vertical double frame - Keemple","description":"Keemple - Keemple Smart Home Vertical Double Plate 1+1 - The vertical frame is an intuitive solution for Keemple intelligent switches in a double junction box.","robots":{"index":"index","follow":"follow","max-snippet":"max-snippet:-1","max-image-preview":"max-image-preview:large","max-video-preview":"max-video-preview:-1"},"canonical":"https:\/\/keemplesklep.pl\/produkt\/ramka-podwojna-pionowa-11\/","og_locale":"en_US","og_type":"article","og_title":"Intelligent 1+1 vertical double frame - Keemple","og_description":"Keemple - Keemple Smart Home Vertical Double Plate 1+1 - The vertical frame is an intuitive solution for Keemple intelligent switches in a double junction box.","og_url":"https:\/\/keemplesklep.pl\/produkt\/ramka-podwojna-pionowa-11\/","og_site_name":"Keemple","article_modified_time":"2024-03-22T13:23:36+00:00","og_image":[{"width":1000,"height":800,"url":"https:\/\/i0.wp.com\/keemplesklep.pl\/wp-content\/uploads\/2022\/09\/Double-Panel-White-1-1H-v1.webp?fit=1000%2C800&ssl=1","type":"image\/webp"}],"twitter_card":"summary_large_image","twitter_misc":{"Est. reading time":"2 minutes"},"schema":{"@context":"https:\/\/schema.org","@graph":[{"@type":"WebPage","@id":"https:\/\/keemplesklep.pl\/produkt\/ramka-podwojna-pionowa-11\/","url":"https:\/\/keemplesklep.pl\/produkt\/ramka-podwojna-pionowa-11\/","name":"Intelligent 1+1 vertical double frame - Keemple","isPartOf":{"@id":"https:\/\/keemplesklep.pl\/#website"},"primaryImageOfPage":{"@id":"https:\/\/keemplesklep.pl\/produkt\/ramka-podwojna-pionowa-11\/#primaryimage"},"image":{"@id":"https:\/\/keemplesklep.pl\/produkt\/ramka-podwojna-pionowa-11\/#primaryimage"},"thumbnailUrl":"https:\/\/keemplesklep.pl\/wp-content\/uploads\/2022\/09\/Double-Panel-White-1-1H-v1.webp","datePublished":"2024-03-20T12:38:00+00:00","dateModified":"2024-03-22T13:23:36+00:00","description":"Keemple - Keemple Smart Home Vertical Double Plate 1+1 - The vertical frame is an intuitive solution for Keemple intelligent switches in a double junction box.","breadcrumb":{"@id":"https:\/\/keemplesklep.pl\/produkt\/ramka-podwojna-pionowa-11\/#breadcrumb"},"inLanguage":"en-US","potentialAction":[{"@type":"ReadAction","target":["https:\/\/keemplesklep.pl\/produkt\/ramka-podwojna-pionowa-11\/"]}]},{"@type":"ImageObject","inLanguage":"en-US","@id":"https:\/\/keemplesklep.pl\/produkt\/ramka-podwojna-pionowa-11\/#primaryimage","url":"https:\/\/keemplesklep.pl\/wp-content\/uploads\/2022\/09\/Double-Panel-White-1-1H-v1.webp","contentUrl":"https:\/\/keemplesklep.pl\/wp-content\/uploads\/2022\/09\/Double-Panel-White-1-1H-v1.webp","width":1000,"height":800,"caption":"Ramka podw\u00f3jna pionowa 1+1"},{"@type":"BreadcrumbList","@id":"https:\/\/keemplesklep.pl\/produkt\/ramka-podwojna-pionowa-11\/#breadcrumb","itemListElement":[{"@type":"ListItem","position":1,"name":"Strona g\u0142\u00f3wna","item":"https:\/\/keemplesklep.pl\/en\/"},{"@type":"ListItem","position":2,"name":"Smart home sklep","item":"https:\/\/keemplesklep.pl\/sklep\/"},{"@type":"ListItem","position":3,"name":"Keemple Smart Home Vertical Double Plate 1+1"}]},{"@type":"WebSite","@id":"https:\/\/keemplesklep.pl\/#website","url":"https:\/\/keemplesklep.pl\/","name":"Keemple","description":"Inteligentny dom - urz\u0105d\u017a smart home z inteligentnymi urz\u0105dzeniami","publisher":{"@id":"https:\/\/keemplesklep.pl\/#organization"},"potentialAction":[{"@type":"SearchAction","target":{"@type":"EntryPoint","urlTemplate":"https:\/\/keemplesklep.pl\/?s={search_term_string}"},"query-input":{"@type":"PropertyValueSpecification","valueRequired":true,"valueName":"search_term_string"}}],"inLanguage":"en-US"},{"@type":"Organization","@id":"https:\/\/keemplesklep.pl\/#organization","name":"Keemple","url":"https:\/\/keemplesklep.pl\/","logo":{"@type":"ImageObject","inLanguage":"en-US","@id":"https:\/\/keemplesklep.pl\/#\/schema\/logo\/image\/","url":"https:\/\/keemplesklep.pl\/wp-content\/uploads\/2023\/03\/cropped-logonew.png","contentUrl":"https:\/\/keemplesklep.pl\/wp-content\/uploads\/2023\/03\/cropped-logonew.png","width":367,"height":163,"caption":"Keemple"},"image":{"@id":"https:\/\/keemplesklep.pl\/#\/schema\/logo\/image\/"}}]}},"_links":{"self":[{"href":"https:\/\/keemplesklep.pl\/en\/wp-json\/wp\/v2\/product\/3086","targetHints":{"allow":["GET"]}}],"collection":[{"href":"https:\/\/keemplesklep.pl\/en\/wp-json\/wp\/v2\/product"}],"about":[{"href":"https:\/\/keemplesklep.pl\/en\/wp-json\/wp\/v2\/types\/product"}],"replies":[{"embeddable":true,"href":"https:\/\/keemplesklep.pl\/en\/wp-json\/wp\/v2\/comments?post=3086"}],"wp:featuredmedia":[{"embeddable":true,"href":"https:\/\/keemplesklep.pl\/en\/wp-json\/wp\/v2\/media\/2841"}],"wp:attachment":[{"href":"https:\/\/keemplesklep.pl\/en\/wp-json\/wp\/v2\/media?parent=3086"}],"wp:term":[{"taxonomy":"product_brand","embeddable":true,"href":"https:\/\/keemplesklep.pl\/en\/wp-json\/wp\/v2\/product_brand?post=3086"},{"taxonomy":"product_cat","embeddable":true,"href":"https:\/\/keemplesklep.pl\/en\/wp-json\/wp\/v2\/product_cat?post=3086"},{"taxonomy":"product_tag","embeddable":true,"href":"https:\/\/keemplesklep.pl\/en\/wp-json\/wp\/v2\/product_tag?post=3086"}],"curies":[{"name":"wp","href":"https:\/\/api.w.org\/{rel}","templated":true}]}}