{"id":3084,"date":"2022-09-29T13:50:49","date_gmt":"2024-03-20T12:32:35","guid":{"rendered":"https:\/\/keemplesklep.pl\/produkt\/double-vertical-frame-22-keemple\/"},"modified":"2024-03-22T14:23:48","modified_gmt":"2024-03-22T13:23:48","slug":"double-vertical-frame-22-keemple","status":"publish","type":"product","link":"https:\/\/keemplesklep.pl\/en\/produkt\/double-vertical-frame-22-keemple\/","title":{"rendered":"Double vertical frame 2+2 Keemple"},"content":{"rendered":"<p>The vertical double plate allows any two Keemple devices with a touch panel (<a href=\"https:\/\/keemplesklep.pl\/en\/produkt\/sciemniacz\/\">light switch<\/a><!--1-->, dimmer, blind controller) to be placed next to each other. This white plate has been designed to blend harmoniously with the wall and the Keemple Smart Home switches. Its subtle design creates a cohesive aesthetic, while the precision-crafted holes allow for smooth placement of the switches. This unique plate not only adds functionality but also aesthetics to your environment.<\/p>\n<p><img loading=\"lazy\" decoding=\"async\" class=\"alignnone wp-image-703 size-full\" src=\"https:\/\/keemplesklep.pl\/wp-content\/uploads\/2022\/09\/ramka-podwojna-pionowa-22.jpg\" alt=\"A living room arranged in a boho style with lighting that can be controlled using the Smart Home system and a double frame.\" width=\"850\" height=\"567\" srcset=\"https:\/\/keemplesklep.pl\/wp-content\/uploads\/2022\/09\/ramka-podwojna-pionowa-22.jpg 850w, https:\/\/keemplesklep.pl\/wp-content\/uploads\/2022\/09\/ramka-podwojna-pionowa-22-324x216.jpg 324w, https:\/\/keemplesklep.pl\/wp-content\/uploads\/2022\/09\/ramka-podwojna-pionowa-22-416x277.jpg 416w, https:\/\/keemplesklep.pl\/wp-content\/uploads\/2022\/09\/ramka-podwojna-pionowa-22-300x200.jpg 300w, https:\/\/keemplesklep.pl\/wp-content\/uploads\/2022\/09\/ramka-podwojna-pionowa-22-768x512.jpg 768w\" sizes=\"auto, (max-width: 850px) 100vw, 850px\" \/><\/p>\n<p>The vertical double plate is made of durable material, guaranteeing long-lasting strength and reliability. The white colour brightens up interiors while creating a great background for the advanced technology hiding underneath. Importantly, its installation is extremely simple, allowing you to quickly and seamlessly add a new level of aesthetics and functionality to your smart home. It is worth noting that white Keemple Smart Home double switch plate is a perfect addition to your smart home. Its carefully developed design fits perfectly into modern interiors, adding elegance and functionality.<\/p>\n<p>The vertical plate ensures visual coherence between the different switches and panels in your smart home. This makes the whole system appear as a coherent unit, which emphasises the professional character. By choosing the vertical plate, you adapt the configuration of the switches to your own preferences. Therefore, you have the option to choose between different arrangements and configurations to respond to the specific needs of your home. Keemple Smart Home switches are designed with advanced features in mind, and the vertical plate can facilitate access to these functions, enabling more intuitive control of lighting, devices or scenarios.<\/p>\n<div class=\"gsp_post_data\" \r\n\t            data-post_type=\"product\" \r\n\t            data-cat=\"\" \r\n\t            data-modified=\"120\"\r\n\t            data-created=\"1664459449\"\r\n\t            data-title=\"Double vertical frame 2+2 Keemple\" \r\n\t            data-home=\"https:\/\/keemplesklep.pl\/en\/\"><\/div>","protected":false},"excerpt":{"rendered":"<p>The double frame allows you to install two switches for the G 2.0 system at a short distance from each other. Fits a standard double electrical box mounted vertically. Vertical plate in the following configuration: double switch and double switch.<\/p>\n","protected":false},"featured_media":2843,"comment_status":"closed","ping_status":"closed","template":"","meta":{"_acf_changed":false},"product_brand":[],"product_cat":[201],"product_tag":[166,226,225,157],"class_list":{"0":"post-3084","1":"product","2":"type-product","3":"status-publish","4":"has-post-thumbnail","6":"product_cat-keemple-frames-and-panels","7":"product_tag-frame","8":"product_tag-glass-panel","9":"product_tag-intelligent-lighting","10":"product_tag-keemple-en","12":"first","13":"instock","14":"taxable","15":"shipping-taxable","16":"purchasable","17":"product-type-simple"},"acf":[],"yoast_head":"<!-- This site is optimized with the Yoast SEO plugin v27.4 - https:\/\/yoast.com\/product\/yoast-seo-wordpress\/ -->\n<title>Intelligent 2+2 vertical double frame - Keemple<\/title>\n<meta name=\"description\" content=\"Keemple - Double vertical frame 2+2 Keemple - The double vertical frame is a practical and stylish solution for switches in a double box.\" \/>\n<meta name=\"robots\" content=\"index, follow, max-snippet:-1, max-image-preview:large, max-video-preview:-1\" \/>\n<link rel=\"canonical\" href=\"https:\/\/keemplesklep.pl\/produkt\/ramka-podwojna-pionowa-22\/\" \/>\n<meta property=\"og:locale\" content=\"en_US\" \/>\n<meta property=\"og:type\" content=\"article\" \/>\n<meta property=\"og:title\" content=\"Intelligent 2+2 vertical double frame - Keemple\" \/>\n<meta property=\"og:description\" content=\"Keemple - Double vertical frame 2+2 Keemple - The double vertical frame is a practical and stylish solution for switches in a double box.\" \/>\n<meta property=\"og:url\" content=\"https:\/\/keemplesklep.pl\/produkt\/ramka-podwojna-pionowa-22\/\" \/>\n<meta property=\"og:site_name\" content=\"Keemple\" \/>\n<meta property=\"article:modified_time\" content=\"2024-03-22T13:23:48+00:00\" \/>\n<meta property=\"og:image\" content=\"https:\/\/i0.wp.com\/keemplesklep.pl\/wp-content\/uploads\/2022\/09\/Double-Panel-White-2-2H-v1.webp?fit=1000%2C800&ssl=1\" \/>\n\t<meta property=\"og:image:width\" content=\"1000\" \/>\n\t<meta property=\"og:image:height\" content=\"800\" \/>\n\t<meta property=\"og:image:type\" content=\"image\/webp\" \/>\n<meta name=\"twitter:card\" content=\"summary_large_image\" \/>\n<meta name=\"twitter:label1\" content=\"Est. reading time\" \/>\n\t<meta name=\"twitter:data1\" content=\"2 minutes\" \/>\n<script type=\"application\/ld+json\" class=\"yoast-schema-graph\">{\"@context\":\"https:\\\/\\\/schema.org\",\"@graph\":[{\"@type\":\"WebPage\",\"@id\":\"https:\\\/\\\/keemplesklep.pl\\\/produkt\\\/ramka-podwojna-pionowa-22\\\/\",\"url\":\"https:\\\/\\\/keemplesklep.pl\\\/produkt\\\/ramka-podwojna-pionowa-22\\\/\",\"name\":\"Intelligent 2+2 vertical double frame - Keemple\",\"isPartOf\":{\"@id\":\"https:\\\/\\\/keemplesklep.pl\\\/#website\"},\"primaryImageOfPage\":{\"@id\":\"https:\\\/\\\/keemplesklep.pl\\\/produkt\\\/ramka-podwojna-pionowa-22\\\/#primaryimage\"},\"image\":{\"@id\":\"https:\\\/\\\/keemplesklep.pl\\\/produkt\\\/ramka-podwojna-pionowa-22\\\/#primaryimage\"},\"thumbnailUrl\":\"https:\\\/\\\/keemplesklep.pl\\\/wp-content\\\/uploads\\\/2022\\\/09\\\/Double-Panel-White-2-2H-v1.webp\",\"datePublished\":\"2024-03-20T12:32:35+00:00\",\"dateModified\":\"2024-03-22T13:23:48+00:00\",\"description\":\"Keemple - Double vertical frame 2+2 Keemple - The double vertical frame is a practical and stylish solution for switches in a double box.\",\"breadcrumb\":{\"@id\":\"https:\\\/\\\/keemplesklep.pl\\\/produkt\\\/ramka-podwojna-pionowa-22\\\/#breadcrumb\"},\"inLanguage\":\"en-US\",\"potentialAction\":[{\"@type\":\"ReadAction\",\"target\":[\"https:\\\/\\\/keemplesklep.pl\\\/produkt\\\/ramka-podwojna-pionowa-22\\\/\"]}]},{\"@type\":\"ImageObject\",\"inLanguage\":\"en-US\",\"@id\":\"https:\\\/\\\/keemplesklep.pl\\\/produkt\\\/ramka-podwojna-pionowa-22\\\/#primaryimage\",\"url\":\"https:\\\/\\\/keemplesklep.pl\\\/wp-content\\\/uploads\\\/2022\\\/09\\\/Double-Panel-White-2-2H-v1.webp\",\"contentUrl\":\"https:\\\/\\\/keemplesklep.pl\\\/wp-content\\\/uploads\\\/2022\\\/09\\\/Double-Panel-White-2-2H-v1.webp\",\"width\":1000,\"height\":800,\"caption\":\"Ramka podw\u00f3jna pionowa 2+2\"},{\"@type\":\"BreadcrumbList\",\"@id\":\"https:\\\/\\\/keemplesklep.pl\\\/produkt\\\/ramka-podwojna-pionowa-22\\\/#breadcrumb\",\"itemListElement\":[{\"@type\":\"ListItem\",\"position\":1,\"name\":\"Strona g\u0142\u00f3wna\",\"item\":\"https:\\\/\\\/keemplesklep.pl\\\/en\\\/\"},{\"@type\":\"ListItem\",\"position\":2,\"name\":\"Smart home sklep\",\"item\":\"https:\\\/\\\/keemplesklep.pl\\\/sklep\\\/\"},{\"@type\":\"ListItem\",\"position\":3,\"name\":\"Double vertical frame 2+2 Keemple\"}]},{\"@type\":\"WebSite\",\"@id\":\"https:\\\/\\\/keemplesklep.pl\\\/#website\",\"url\":\"https:\\\/\\\/keemplesklep.pl\\\/\",\"name\":\"Keemple\",\"description\":\"Inteligentny dom - urz\u0105d\u017a smart home z inteligentnymi urz\u0105dzeniami\",\"publisher\":{\"@id\":\"https:\\\/\\\/keemplesklep.pl\\\/#organization\"},\"potentialAction\":[{\"@type\":\"SearchAction\",\"target\":{\"@type\":\"EntryPoint\",\"urlTemplate\":\"https:\\\/\\\/keemplesklep.pl\\\/?s={search_term_string}\"},\"query-input\":{\"@type\":\"PropertyValueSpecification\",\"valueRequired\":true,\"valueName\":\"search_term_string\"}}],\"inLanguage\":\"en-US\"},{\"@type\":\"Organization\",\"@id\":\"https:\\\/\\\/keemplesklep.pl\\\/#organization\",\"name\":\"Keemple\",\"url\":\"https:\\\/\\\/keemplesklep.pl\\\/\",\"logo\":{\"@type\":\"ImageObject\",\"inLanguage\":\"en-US\",\"@id\":\"https:\\\/\\\/keemplesklep.pl\\\/#\\\/schema\\\/logo\\\/image\\\/\",\"url\":\"https:\\\/\\\/keemplesklep.pl\\\/wp-content\\\/uploads\\\/2023\\\/03\\\/cropped-logonew.png\",\"contentUrl\":\"https:\\\/\\\/keemplesklep.pl\\\/wp-content\\\/uploads\\\/2023\\\/03\\\/cropped-logonew.png\",\"width\":367,\"height\":163,\"caption\":\"Keemple\"},\"image\":{\"@id\":\"https:\\\/\\\/keemplesklep.pl\\\/#\\\/schema\\\/logo\\\/image\\\/\"}}]}<\/script>\n<!-- \/ Yoast SEO plugin. -->","yoast_head_json":{"title":"Intelligent 2+2 vertical double frame - Keemple","description":"Keemple - Double vertical frame 2+2 Keemple - The double vertical frame is a practical and stylish solution for switches in a double box.","robots":{"index":"index","follow":"follow","max-snippet":"max-snippet:-1","max-image-preview":"max-image-preview:large","max-video-preview":"max-video-preview:-1"},"canonical":"https:\/\/keemplesklep.pl\/produkt\/ramka-podwojna-pionowa-22\/","og_locale":"en_US","og_type":"article","og_title":"Intelligent 2+2 vertical double frame - Keemple","og_description":"Keemple - Double vertical frame 2+2 Keemple - The double vertical frame is a practical and stylish solution for switches in a double box.","og_url":"https:\/\/keemplesklep.pl\/produkt\/ramka-podwojna-pionowa-22\/","og_site_name":"Keemple","article_modified_time":"2024-03-22T13:23:48+00:00","og_image":[{"width":1000,"height":800,"url":"https:\/\/i0.wp.com\/keemplesklep.pl\/wp-content\/uploads\/2022\/09\/Double-Panel-White-2-2H-v1.webp?fit=1000%2C800&ssl=1","type":"image\/webp"}],"twitter_card":"summary_large_image","twitter_misc":{"Est. reading time":"2 minutes"},"schema":{"@context":"https:\/\/schema.org","@graph":[{"@type":"WebPage","@id":"https:\/\/keemplesklep.pl\/produkt\/ramka-podwojna-pionowa-22\/","url":"https:\/\/keemplesklep.pl\/produkt\/ramka-podwojna-pionowa-22\/","name":"Intelligent 2+2 vertical double frame - Keemple","isPartOf":{"@id":"https:\/\/keemplesklep.pl\/#website"},"primaryImageOfPage":{"@id":"https:\/\/keemplesklep.pl\/produkt\/ramka-podwojna-pionowa-22\/#primaryimage"},"image":{"@id":"https:\/\/keemplesklep.pl\/produkt\/ramka-podwojna-pionowa-22\/#primaryimage"},"thumbnailUrl":"https:\/\/keemplesklep.pl\/wp-content\/uploads\/2022\/09\/Double-Panel-White-2-2H-v1.webp","datePublished":"2024-03-20T12:32:35+00:00","dateModified":"2024-03-22T13:23:48+00:00","description":"Keemple - Double vertical frame 2+2 Keemple - The double vertical frame is a practical and stylish solution for switches in a double box.","breadcrumb":{"@id":"https:\/\/keemplesklep.pl\/produkt\/ramka-podwojna-pionowa-22\/#breadcrumb"},"inLanguage":"en-US","potentialAction":[{"@type":"ReadAction","target":["https:\/\/keemplesklep.pl\/produkt\/ramka-podwojna-pionowa-22\/"]}]},{"@type":"ImageObject","inLanguage":"en-US","@id":"https:\/\/keemplesklep.pl\/produkt\/ramka-podwojna-pionowa-22\/#primaryimage","url":"https:\/\/keemplesklep.pl\/wp-content\/uploads\/2022\/09\/Double-Panel-White-2-2H-v1.webp","contentUrl":"https:\/\/keemplesklep.pl\/wp-content\/uploads\/2022\/09\/Double-Panel-White-2-2H-v1.webp","width":1000,"height":800,"caption":"Ramka podw\u00f3jna pionowa 2+2"},{"@type":"BreadcrumbList","@id":"https:\/\/keemplesklep.pl\/produkt\/ramka-podwojna-pionowa-22\/#breadcrumb","itemListElement":[{"@type":"ListItem","position":1,"name":"Strona g\u0142\u00f3wna","item":"https:\/\/keemplesklep.pl\/en\/"},{"@type":"ListItem","position":2,"name":"Smart home sklep","item":"https:\/\/keemplesklep.pl\/sklep\/"},{"@type":"ListItem","position":3,"name":"Double vertical frame 2+2 Keemple"}]},{"@type":"WebSite","@id":"https:\/\/keemplesklep.pl\/#website","url":"https:\/\/keemplesklep.pl\/","name":"Keemple","description":"Inteligentny dom - urz\u0105d\u017a smart home z inteligentnymi urz\u0105dzeniami","publisher":{"@id":"https:\/\/keemplesklep.pl\/#organization"},"potentialAction":[{"@type":"SearchAction","target":{"@type":"EntryPoint","urlTemplate":"https:\/\/keemplesklep.pl\/?s={search_term_string}"},"query-input":{"@type":"PropertyValueSpecification","valueRequired":true,"valueName":"search_term_string"}}],"inLanguage":"en-US"},{"@type":"Organization","@id":"https:\/\/keemplesklep.pl\/#organization","name":"Keemple","url":"https:\/\/keemplesklep.pl\/","logo":{"@type":"ImageObject","inLanguage":"en-US","@id":"https:\/\/keemplesklep.pl\/#\/schema\/logo\/image\/","url":"https:\/\/keemplesklep.pl\/wp-content\/uploads\/2023\/03\/cropped-logonew.png","contentUrl":"https:\/\/keemplesklep.pl\/wp-content\/uploads\/2023\/03\/cropped-logonew.png","width":367,"height":163,"caption":"Keemple"},"image":{"@id":"https:\/\/keemplesklep.pl\/#\/schema\/logo\/image\/"}}]}},"_links":{"self":[{"href":"https:\/\/keemplesklep.pl\/en\/wp-json\/wp\/v2\/product\/3084","targetHints":{"allow":["GET"]}}],"collection":[{"href":"https:\/\/keemplesklep.pl\/en\/wp-json\/wp\/v2\/product"}],"about":[{"href":"https:\/\/keemplesklep.pl\/en\/wp-json\/wp\/v2\/types\/product"}],"replies":[{"embeddable":true,"href":"https:\/\/keemplesklep.pl\/en\/wp-json\/wp\/v2\/comments?post=3084"}],"wp:featuredmedia":[{"embeddable":true,"href":"https:\/\/keemplesklep.pl\/en\/wp-json\/wp\/v2\/media\/2843"}],"wp:attachment":[{"href":"https:\/\/keemplesklep.pl\/en\/wp-json\/wp\/v2\/media?parent=3084"}],"wp:term":[{"taxonomy":"product_brand","embeddable":true,"href":"https:\/\/keemplesklep.pl\/en\/wp-json\/wp\/v2\/product_brand?post=3084"},{"taxonomy":"product_cat","embeddable":true,"href":"https:\/\/keemplesklep.pl\/en\/wp-json\/wp\/v2\/product_cat?post=3084"},{"taxonomy":"product_tag","embeddable":true,"href":"https:\/\/keemplesklep.pl\/en\/wp-json\/wp\/v2\/product_tag?post=3084"}],"curies":[{"name":"wp","href":"https:\/\/api.w.org\/{rel}","templated":true}]}}