{"id":3083,"date":"2022-09-29T13:50:49","date_gmt":"2024-03-20T12:32:34","guid":{"rendered":"https:\/\/keemplesklep.pl\/?post_type=product&#038;p=3083"},"modified":"2026-03-06T17:00:26","modified_gmt":"2026-03-06T16:00:26","slug":"ramka-podwojna-pionowa-2-1-keemple","status":"publish","type":"product","link":"https:\/\/keemplesklep.pl\/en\/produkt\/ramka-podwojna-pionowa-2-1-keemple\/","title":{"rendered":"Ramka podw\u00f3jna pionowa 2+1 Keemple"},"content":{"rendered":"<p>The Keemple vertical double frame allows you to place any two Keemple devices with a touch panel (<a href=\"https:\/\/keemplesklep.pl\/en\/produkt\/wlacznik-swiatla-pojedynczy\/\">light switch,<\/a> dimmer, roller shutter controller) next to each other. Available in both horizontal and vertical configurations. The vertical plate ensures visual coherence between the different switches and panels in your smart home. This makes the whole system appear as a coherent unit, which emphasises the professional character. By choosing the vertical plate, you adapt the configuration of the switches to your own preferences. Therefore, you have the option to choose between different arrangements and configurations to respond to the specific needs of your home. <img loading=\"lazy\" decoding=\"async\" class=\"alignnone wp-image-704 size-full\" src=\"https:\/\/keemplesklep.pl\/wp-content\/uploads\/2022\/09\/ramka-podwojna-pionowa-21.jpg\" alt=\"Wall in the living room with a Keemple vertical frame for smart switches.\" width=\"850\" height=\"623\" srcset=\"https:\/\/keemplesklep.pl\/wp-content\/uploads\/2022\/09\/ramka-podwojna-pionowa-21.jpg 850w, https:\/\/keemplesklep.pl\/wp-content\/uploads\/2022\/09\/ramka-podwojna-pionowa-21-324x237.jpg 324w, https:\/\/keemplesklep.pl\/wp-content\/uploads\/2022\/09\/ramka-podwojna-pionowa-21-416x305.jpg 416w, https:\/\/keemplesklep.pl\/wp-content\/uploads\/2022\/09\/ramka-podwojna-pionowa-21-300x220.jpg 300w, https:\/\/keemplesklep.pl\/wp-content\/uploads\/2022\/09\/ramka-podwojna-pionowa-21-768x563.jpg 768w\" sizes=\"auto, (max-width: 850px) 100vw, 850px\" \/><\/p>\n<p>The unique Keemple double vertical plate is our answer to your aesthetic and functional needs. Its reliability is based on a robust material that ensures durability for years to come. The white colour brightens up interiors while creating a great background for the advanced technology hiding underneath. Installation is easy, so you can quickly and stress-free enhance the aesthetics and practicality of your smart home. It&#8217;s important to note that white Keemple Smart Home double switch plate is an indispensable element for those who appreciate modern interiors. Its carefully thought-out design fits in perfectly with current interior design trends, adding elegance and functionality.<\/p>\n<div class=\"gsp_post_data\" \r\n\t            data-post_type=\"product\" \r\n\t            data-cat=\"\" \r\n\t            data-modified=\"120\"\r\n\t            data-created=\"1664459449\"\r\n\t            data-title=\"Ramka podw\u00f3jna pionowa 2+1 Keemple\" \r\n\t            data-home=\"https:\/\/keemplesklep.pl\/en\/\"><\/div>","protected":false},"excerpt":{"rendered":"<p>The double frame allows you to install two switches for the G 2.0 system at a short distance from each other. Fits a standard double electrical box mounted vertically. Vertical frame in the following configuration: double switch and single switch.<\/p>\n","protected":false},"featured_media":2876,"comment_status":"closed","ping_status":"closed","template":"","meta":{"_acf_changed":false},"product_brand":[],"product_cat":[201,201],"product_tag":[169,157],"class_list":{"0":"post-3083","1":"product","2":"type-product","3":"status-publish","4":"has-post-thumbnail","6":"product_cat-keemple-frames-and-panels","8":"product_tag-double-frame-smart-home","9":"product_tag-keemple-en","11":"first","12":"instock","13":"taxable","14":"shipping-taxable","15":"purchasable","16":"product-type-simple"},"acf":[],"yoast_head":"<!-- This site is optimized with the Yoast SEO plugin v27.4 - https:\/\/yoast.com\/product\/yoast-seo-wordpress\/ -->\n<title>Intelligent 2+1 vertical double frame - Keemple<\/title>\n<meta name=\"description\" content=\"Keemple - Ramka podw\u00f3jna pionowa 2+1 Keemple - Keemple vertical frame is a functional solution that will allow for freedom in your home.\" \/>\n<meta name=\"robots\" content=\"index, follow, max-snippet:-1, max-image-preview:large, max-video-preview:-1\" \/>\n<link rel=\"canonical\" href=\"https:\/\/keemplesklep.pl\/produkt\/ramka-podwojna-pionowa-21\/\" \/>\n<meta property=\"og:locale\" content=\"en_US\" \/>\n<meta property=\"og:type\" content=\"article\" \/>\n<meta property=\"og:title\" content=\"Intelligent 2+1 vertical double frame - Keemple\" \/>\n<meta property=\"og:description\" content=\"Keemple - Ramka podw\u00f3jna pionowa 2+1 Keemple - Keemple vertical frame is a functional solution that will allow for freedom in your home.\" \/>\n<meta property=\"og:url\" content=\"https:\/\/keemplesklep.pl\/produkt\/ramka-podwojna-pionowa-21\/\" \/>\n<meta property=\"og:site_name\" content=\"Keemple\" \/>\n<meta property=\"article:modified_time\" content=\"2026-03-06T16:00:26+00:00\" \/>\n<meta property=\"og:image\" content=\"https:\/\/i0.wp.com\/keemplesklep.pl\/wp-content\/uploads\/2022\/09\/Double-Panel-White-2-1H-v2.webp?fit=1000%2C800&ssl=1\" \/>\n\t<meta property=\"og:image:width\" content=\"1000\" \/>\n\t<meta property=\"og:image:height\" content=\"800\" \/>\n\t<meta property=\"og:image:type\" content=\"image\/webp\" \/>\n<meta name=\"twitter:card\" content=\"summary_large_image\" \/>\n<meta name=\"twitter:label1\" content=\"Est. reading time\" \/>\n\t<meta name=\"twitter:data1\" content=\"2 minutes\" \/>\n<script type=\"application\/ld+json\" class=\"yoast-schema-graph\">{\"@context\":\"https:\\\/\\\/schema.org\",\"@graph\":[{\"@type\":\"WebPage\",\"@id\":\"https:\\\/\\\/keemplesklep.pl\\\/produkt\\\/ramka-podwojna-pionowa-21\\\/\",\"url\":\"https:\\\/\\\/keemplesklep.pl\\\/produkt\\\/ramka-podwojna-pionowa-21\\\/\",\"name\":\"Intelligent 2+1 vertical double frame - Keemple\",\"isPartOf\":{\"@id\":\"https:\\\/\\\/keemplesklep.pl\\\/#website\"},\"primaryImageOfPage\":{\"@id\":\"https:\\\/\\\/keemplesklep.pl\\\/produkt\\\/ramka-podwojna-pionowa-21\\\/#primaryimage\"},\"image\":{\"@id\":\"https:\\\/\\\/keemplesklep.pl\\\/produkt\\\/ramka-podwojna-pionowa-21\\\/#primaryimage\"},\"thumbnailUrl\":\"https:\\\/\\\/keemplesklep.pl\\\/wp-content\\\/uploads\\\/2022\\\/09\\\/Double-Panel-White-2-1H-v2.webp\",\"datePublished\":\"2024-03-20T12:32:34+00:00\",\"dateModified\":\"2026-03-06T16:00:26+00:00\",\"description\":\"Keemple - Ramka podw\u00f3jna pionowa 2+1 Keemple - Keemple vertical frame is a functional solution that will allow for freedom in your home.\",\"breadcrumb\":{\"@id\":\"https:\\\/\\\/keemplesklep.pl\\\/produkt\\\/ramka-podwojna-pionowa-21\\\/#breadcrumb\"},\"inLanguage\":\"en-US\",\"potentialAction\":[{\"@type\":\"ReadAction\",\"target\":[\"https:\\\/\\\/keemplesklep.pl\\\/produkt\\\/ramka-podwojna-pionowa-21\\\/\"]}]},{\"@type\":\"ImageObject\",\"inLanguage\":\"en-US\",\"@id\":\"https:\\\/\\\/keemplesklep.pl\\\/produkt\\\/ramka-podwojna-pionowa-21\\\/#primaryimage\",\"url\":\"https:\\\/\\\/keemplesklep.pl\\\/wp-content\\\/uploads\\\/2022\\\/09\\\/Double-Panel-White-2-1H-v2.webp\",\"contentUrl\":\"https:\\\/\\\/keemplesklep.pl\\\/wp-content\\\/uploads\\\/2022\\\/09\\\/Double-Panel-White-2-1H-v2.webp\",\"width\":1000,\"height\":800,\"caption\":\"Ramka podw\u00f3jna pionowa 2+1\"},{\"@type\":\"BreadcrumbList\",\"@id\":\"https:\\\/\\\/keemplesklep.pl\\\/produkt\\\/ramka-podwojna-pionowa-21\\\/#breadcrumb\",\"itemListElement\":[{\"@type\":\"ListItem\",\"position\":1,\"name\":\"Strona g\u0142\u00f3wna\",\"item\":\"https:\\\/\\\/keemplesklep.pl\\\/en\\\/\"},{\"@type\":\"ListItem\",\"position\":2,\"name\":\"Smart home sklep\",\"item\":\"https:\\\/\\\/keemplesklep.pl\\\/sklep\\\/\"},{\"@type\":\"ListItem\",\"position\":3,\"name\":\"Keemple Smart Home Vertical Double Plate 2+1\"}]},{\"@type\":\"WebSite\",\"@id\":\"https:\\\/\\\/keemplesklep.pl\\\/#website\",\"url\":\"https:\\\/\\\/keemplesklep.pl\\\/\",\"name\":\"Keemple\",\"description\":\"Inteligentny dom - urz\u0105d\u017a smart home z inteligentnymi urz\u0105dzeniami\",\"publisher\":{\"@id\":\"https:\\\/\\\/keemplesklep.pl\\\/#organization\"},\"potentialAction\":[{\"@type\":\"SearchAction\",\"target\":{\"@type\":\"EntryPoint\",\"urlTemplate\":\"https:\\\/\\\/keemplesklep.pl\\\/?s={search_term_string}\"},\"query-input\":{\"@type\":\"PropertyValueSpecification\",\"valueRequired\":true,\"valueName\":\"search_term_string\"}}],\"inLanguage\":\"en-US\"},{\"@type\":\"Organization\",\"@id\":\"https:\\\/\\\/keemplesklep.pl\\\/#organization\",\"name\":\"Keemple\",\"url\":\"https:\\\/\\\/keemplesklep.pl\\\/\",\"logo\":{\"@type\":\"ImageObject\",\"inLanguage\":\"en-US\",\"@id\":\"https:\\\/\\\/keemplesklep.pl\\\/#\\\/schema\\\/logo\\\/image\\\/\",\"url\":\"https:\\\/\\\/keemplesklep.pl\\\/wp-content\\\/uploads\\\/2023\\\/03\\\/cropped-logonew.png\",\"contentUrl\":\"https:\\\/\\\/keemplesklep.pl\\\/wp-content\\\/uploads\\\/2023\\\/03\\\/cropped-logonew.png\",\"width\":367,\"height\":163,\"caption\":\"Keemple\"},\"image\":{\"@id\":\"https:\\\/\\\/keemplesklep.pl\\\/#\\\/schema\\\/logo\\\/image\\\/\"}}]}<\/script>\n<!-- \/ Yoast SEO plugin. -->","yoast_head_json":{"title":"Intelligent 2+1 vertical double frame - Keemple","description":"Keemple - Ramka podw\u00f3jna pionowa 2+1 Keemple - Keemple vertical frame is a functional solution that will allow for freedom in your home.","robots":{"index":"index","follow":"follow","max-snippet":"max-snippet:-1","max-image-preview":"max-image-preview:large","max-video-preview":"max-video-preview:-1"},"canonical":"https:\/\/keemplesklep.pl\/produkt\/ramka-podwojna-pionowa-21\/","og_locale":"en_US","og_type":"article","og_title":"Intelligent 2+1 vertical double frame - Keemple","og_description":"Keemple - Ramka podw\u00f3jna pionowa 2+1 Keemple - Keemple vertical frame is a functional solution that will allow for freedom in your home.","og_url":"https:\/\/keemplesklep.pl\/produkt\/ramka-podwojna-pionowa-21\/","og_site_name":"Keemple","article_modified_time":"2026-03-06T16:00:26+00:00","og_image":[{"width":1000,"height":800,"url":"https:\/\/i0.wp.com\/keemplesklep.pl\/wp-content\/uploads\/2022\/09\/Double-Panel-White-2-1H-v2.webp?fit=1000%2C800&ssl=1","type":"image\/webp"}],"twitter_card":"summary_large_image","twitter_misc":{"Est. reading time":"2 minutes"},"schema":{"@context":"https:\/\/schema.org","@graph":[{"@type":"WebPage","@id":"https:\/\/keemplesklep.pl\/produkt\/ramka-podwojna-pionowa-21\/","url":"https:\/\/keemplesklep.pl\/produkt\/ramka-podwojna-pionowa-21\/","name":"Intelligent 2+1 vertical double frame - Keemple","isPartOf":{"@id":"https:\/\/keemplesklep.pl\/#website"},"primaryImageOfPage":{"@id":"https:\/\/keemplesklep.pl\/produkt\/ramka-podwojna-pionowa-21\/#primaryimage"},"image":{"@id":"https:\/\/keemplesklep.pl\/produkt\/ramka-podwojna-pionowa-21\/#primaryimage"},"thumbnailUrl":"https:\/\/keemplesklep.pl\/wp-content\/uploads\/2022\/09\/Double-Panel-White-2-1H-v2.webp","datePublished":"2024-03-20T12:32:34+00:00","dateModified":"2026-03-06T16:00:26+00:00","description":"Keemple - Ramka podw\u00f3jna pionowa 2+1 Keemple - Keemple vertical frame is a functional solution that will allow for freedom in your home.","breadcrumb":{"@id":"https:\/\/keemplesklep.pl\/produkt\/ramka-podwojna-pionowa-21\/#breadcrumb"},"inLanguage":"en-US","potentialAction":[{"@type":"ReadAction","target":["https:\/\/keemplesklep.pl\/produkt\/ramka-podwojna-pionowa-21\/"]}]},{"@type":"ImageObject","inLanguage":"en-US","@id":"https:\/\/keemplesklep.pl\/produkt\/ramka-podwojna-pionowa-21\/#primaryimage","url":"https:\/\/keemplesklep.pl\/wp-content\/uploads\/2022\/09\/Double-Panel-White-2-1H-v2.webp","contentUrl":"https:\/\/keemplesklep.pl\/wp-content\/uploads\/2022\/09\/Double-Panel-White-2-1H-v2.webp","width":1000,"height":800,"caption":"Ramka podw\u00f3jna pionowa 2+1"},{"@type":"BreadcrumbList","@id":"https:\/\/keemplesklep.pl\/produkt\/ramka-podwojna-pionowa-21\/#breadcrumb","itemListElement":[{"@type":"ListItem","position":1,"name":"Strona g\u0142\u00f3wna","item":"https:\/\/keemplesklep.pl\/en\/"},{"@type":"ListItem","position":2,"name":"Smart home sklep","item":"https:\/\/keemplesklep.pl\/sklep\/"},{"@type":"ListItem","position":3,"name":"Keemple Smart Home Vertical Double Plate 2+1"}]},{"@type":"WebSite","@id":"https:\/\/keemplesklep.pl\/#website","url":"https:\/\/keemplesklep.pl\/","name":"Keemple","description":"Inteligentny dom - urz\u0105d\u017a smart home z inteligentnymi urz\u0105dzeniami","publisher":{"@id":"https:\/\/keemplesklep.pl\/#organization"},"potentialAction":[{"@type":"SearchAction","target":{"@type":"EntryPoint","urlTemplate":"https:\/\/keemplesklep.pl\/?s={search_term_string}"},"query-input":{"@type":"PropertyValueSpecification","valueRequired":true,"valueName":"search_term_string"}}],"inLanguage":"en-US"},{"@type":"Organization","@id":"https:\/\/keemplesklep.pl\/#organization","name":"Keemple","url":"https:\/\/keemplesklep.pl\/","logo":{"@type":"ImageObject","inLanguage":"en-US","@id":"https:\/\/keemplesklep.pl\/#\/schema\/logo\/image\/","url":"https:\/\/keemplesklep.pl\/wp-content\/uploads\/2023\/03\/cropped-logonew.png","contentUrl":"https:\/\/keemplesklep.pl\/wp-content\/uploads\/2023\/03\/cropped-logonew.png","width":367,"height":163,"caption":"Keemple"},"image":{"@id":"https:\/\/keemplesklep.pl\/#\/schema\/logo\/image\/"}}]}},"_links":{"self":[{"href":"https:\/\/keemplesklep.pl\/en\/wp-json\/wp\/v2\/product\/3083","targetHints":{"allow":["GET"]}}],"collection":[{"href":"https:\/\/keemplesklep.pl\/en\/wp-json\/wp\/v2\/product"}],"about":[{"href":"https:\/\/keemplesklep.pl\/en\/wp-json\/wp\/v2\/types\/product"}],"replies":[{"embeddable":true,"href":"https:\/\/keemplesklep.pl\/en\/wp-json\/wp\/v2\/comments?post=3083"}],"wp:featuredmedia":[{"embeddable":true,"href":"https:\/\/keemplesklep.pl\/en\/wp-json\/wp\/v2\/media\/2876"}],"wp:attachment":[{"href":"https:\/\/keemplesklep.pl\/en\/wp-json\/wp\/v2\/media?parent=3083"}],"wp:term":[{"taxonomy":"product_brand","embeddable":true,"href":"https:\/\/keemplesklep.pl\/en\/wp-json\/wp\/v2\/product_brand?post=3083"},{"taxonomy":"product_cat","embeddable":true,"href":"https:\/\/keemplesklep.pl\/en\/wp-json\/wp\/v2\/product_cat?post=3083"},{"taxonomy":"product_tag","embeddable":true,"href":"https:\/\/keemplesklep.pl\/en\/wp-json\/wp\/v2\/product_tag?post=3083"}],"curies":[{"name":"wp","href":"https:\/\/api.w.org\/{rel}","templated":true}]}}