{"id":3081,"date":"2022-10-03T13:07:58","date_gmt":"2024-03-20T12:25:06","guid":{"rendered":"https:\/\/keemplesklep.pl\/produkt\/z-wave-smart-home-starter-kit\/"},"modified":"2025-12-22T11:38:59","modified_gmt":"2025-12-22T10:38:59","slug":"z-wave-smart-home-starter-kit","status":"publish","type":"product","link":"https:\/\/keemplesklep.pl\/en\/produkt\/z-wave-smart-home-starter-kit\/","title":{"rendered":"Z-Wave Smart Home Starter Kit"},"content":{"rendered":"<h4>For whom was the SMART HOME Starter Kit created?<\/h4>\n<p>Keemple&#8217;s Smart Home Starter Kit is the perfect option for people who want to get started with their smart home. It offers an easy and affordable way to introduce basic smart home features into your environment. Although it is a starter kit it can be expanded in the future. Users can gradually add new devices and features W miar\u0119 jak ro\u015bnie ich zrozumienie i potrzeby zwi\u0105zane z inteligentnym domem. Undoubtedly, this is a perfect option for those who want to test how smart devices can improve their daily lives.<\/p>\n<h4>The kit includes:<\/h4>\n<p><strong>Gateway<\/strong> &#8211; connects all devices. The device allows up to 232 devices to be added using Z-Wave technology and controlled via the Keemple 2.0 app, available for Android and iOS.<\/p>\n<p><img loading=\"lazy\" decoding=\"async\" class=\"alignnone size-medium wp-image-1325\" src=\"https:\/\/keemplesklep.pl\/wp-content\/uploads\/2022\/10\/20230104-KPL39-Gateway-Side-2.169-300x190.png\" alt=\"\" width=\"300\" height=\"190\" srcset=\"https:\/\/keemplesklep.pl\/wp-content\/uploads\/2022\/10\/20230104-KPL39-Gateway-Side-2.169-300x190.png 300w, https:\/\/keemplesklep.pl\/wp-content\/uploads\/2022\/10\/20230104-KPL39-Gateway-Side-2.169-1024x648.png 1024w, https:\/\/keemplesklep.pl\/wp-content\/uploads\/2022\/10\/20230104-KPL39-Gateway-Side-2.169-768x486.png 768w, https:\/\/keemplesklep.pl\/wp-content\/uploads\/2022\/10\/20230104-KPL39-Gateway-Side-2.169-1536x972.png 1536w, https:\/\/keemplesklep.pl\/wp-content\/uploads\/2022\/10\/20230104-KPL39-Gateway-Side-2.169-2048x1296.png 2048w, https:\/\/keemplesklep.pl\/wp-content\/uploads\/2022\/10\/20230104-KPL39-Gateway-Side-2.169-324x205.png 324w, https:\/\/keemplesklep.pl\/wp-content\/uploads\/2022\/10\/20230104-KPL39-Gateway-Side-2.169-416x263.png 416w\" sizes=\"auto, (max-width: 300px) 100vw, 300px\" \/><\/p>\n<p><strong>Door\/window sensor<\/strong> &#8211; when added to the Keemple 2.0 app, the user receives a notification when windows and doors are opened while the user is away from the building.<\/p>\n<p><img loading=\"lazy\" decoding=\"async\" class=\"alignnone size-medium wp-image-1327\" src=\"https:\/\/keemplesklep.pl\/wp-content\/uploads\/2022\/10\/20230104-KPL07-Door-Sensor-Front.161-300x190.png\" alt=\"\" width=\"300\" height=\"190\" srcset=\"https:\/\/keemplesklep.pl\/wp-content\/uploads\/2022\/10\/20230104-KPL07-Door-Sensor-Front.161-300x190.png 300w, https:\/\/keemplesklep.pl\/wp-content\/uploads\/2022\/10\/20230104-KPL07-Door-Sensor-Front.161-1024x648.png 1024w, https:\/\/keemplesklep.pl\/wp-content\/uploads\/2022\/10\/20230104-KPL07-Door-Sensor-Front.161-768x486.png 768w, https:\/\/keemplesklep.pl\/wp-content\/uploads\/2022\/10\/20230104-KPL07-Door-Sensor-Front.161-1536x972.png 1536w, https:\/\/keemplesklep.pl\/wp-content\/uploads\/2022\/10\/20230104-KPL07-Door-Sensor-Front.161-2048x1296.png 2048w, https:\/\/keemplesklep.pl\/wp-content\/uploads\/2022\/10\/20230104-KPL07-Door-Sensor-Front.161-324x205.png 324w, https:\/\/keemplesklep.pl\/wp-content\/uploads\/2022\/10\/20230104-KPL07-Door-Sensor-Front.161-416x263.png 416w\" sizes=\"auto, (max-width: 300px) 100vw, 300px\" \/><\/p>\n<p><strong>Motion sensor<\/strong> &#8211; a device that detects movement and, based on this, triggers a specific reaction. The action can include either turning the lights on or off, or even opening the curtains, depending on what scenario is designed in the app.<\/p>\n<p><img loading=\"lazy\" decoding=\"async\" class=\"alignnone size-medium wp-image-1326\" src=\"https:\/\/keemplesklep.pl\/wp-content\/uploads\/2022\/10\/20230104-KPL44-Motion-Side-2.173-300x190.png\" alt=\"\" width=\"300\" height=\"190\" srcset=\"https:\/\/keemplesklep.pl\/wp-content\/uploads\/2022\/10\/20230104-KPL44-Motion-Side-2.173-300x190.png 300w, https:\/\/keemplesklep.pl\/wp-content\/uploads\/2022\/10\/20230104-KPL44-Motion-Side-2.173-1024x648.png 1024w, https:\/\/keemplesklep.pl\/wp-content\/uploads\/2022\/10\/20230104-KPL44-Motion-Side-2.173-768x486.png 768w, https:\/\/keemplesklep.pl\/wp-content\/uploads\/2022\/10\/20230104-KPL44-Motion-Side-2.173-1536x972.png 1536w, https:\/\/keemplesklep.pl\/wp-content\/uploads\/2022\/10\/20230104-KPL44-Motion-Side-2.173-2048x1296.png 2048w, https:\/\/keemplesklep.pl\/wp-content\/uploads\/2022\/10\/20230104-KPL44-Motion-Side-2.173-324x205.png 324w, https:\/\/keemplesklep.pl\/wp-content\/uploads\/2022\/10\/20230104-KPL44-Motion-Side-2.173-416x263.png 416w\" sizes=\"auto, (max-width: 300px) 100vw, 300px\" \/><\/p>\n<p>&nbsp;<\/p>\n<p><strong>Smart socket<\/strong> &#8211; allows you to switch a device on and off remotely using the Keemple app. Regardless of the time of day or night, you can decide whether the indicated socket should be active. In addition, they also measure the level of energy consumption.<\/p>\n<p><img loading=\"lazy\" decoding=\"async\" class=\"alignnone size-medium wp-image-815\" src=\"https:\/\/keemplesklep.pl\/wp-content\/uploads\/2022\/09\/Plug-Side.155-1-300x240.webp\" alt=\"\" width=\"300\" height=\"240\" srcset=\"https:\/\/keemplesklep.pl\/wp-content\/uploads\/2022\/09\/Plug-Side.155-1-300x240.webp 300w, https:\/\/keemplesklep.pl\/wp-content\/uploads\/2022\/09\/Plug-Side.155-1-324x259.webp 324w, https:\/\/keemplesklep.pl\/wp-content\/uploads\/2022\/09\/Plug-Side.155-1-416x333.webp 416w, https:\/\/keemplesklep.pl\/wp-content\/uploads\/2022\/09\/Plug-Side.155-1-768x614.webp 768w, https:\/\/keemplesklep.pl\/wp-content\/uploads\/2022\/09\/Plug-Side.155-1.webp 1000w\" sizes=\"auto, (max-width: 300px) 100vw, 300px\" \/><\/p>\n<p>The starter kit is designed to make configuration easy and intuitive, even for people with no previous experience. In addition, the modular Keemple system means that you can always expand it by adding further devices. This allows you to create a kit to suit your individual needs yourself. The product also allows the testing of devices operating in a <a href=\"https:\/\/keemplesklep.pl\/en\/why-do-we-choose-z-wave\/\"><strong>Z-Wave<\/strong><\/a><!--1--> network, which are characterised by exceptional energy efficiency. Compared to other protocols, <strong>Z-Wave<\/strong> offers smooth and reliable operation.<\/p>\n<p>All in all, the SMART HOME Starter Kit is an ideal option for people who want to start their adventure with the smart home. Its affordability, ease of set-up and ability to gradually develop the system make it the perfect solution for beginners.<\/p>\n<div class=\"gsp_post_data\" \r\n\t            data-post_type=\"product\" \r\n\t            data-cat=\"\" \r\n\t            data-modified=\"120\"\r\n\t            data-created=\"1664802478\"\r\n\t            data-title=\"Z-Wave Smart Home Starter Kit\" \r\n\t            data-home=\"https:\/\/keemplesklep.pl\/en\/\"><\/div>","protected":false},"excerpt":{"rendered":"<p>The Smart Home Starter Kit allows you to control more than 232 devices using the included gateway, which can be connected to the Keemple 2.0 app available on both Android and iOS. The kit includes a door\/window sensor, which allows you to receive information about open doors or windows in a room, a motion sensor, which reports the detection of a moving object and a smart socket, which allows you to remotely switch a device on or off and monitor its electricity consumption. The kit can be customised to create complete Smart Home solutions.<\/p>\n","protected":false},"featured_media":2856,"comment_status":"closed","ping_status":"closed","template":"","meta":{"_acf_changed":false},"product_brand":[],"product_cat":[206,203],"product_tag":[159,180,172,155,172,175],"class_list":{"0":"post-3081","1":"product","2":"type-product","3":"status-publish","4":"has-post-thumbnail","6":"product_cat-smart-home-starter-kit","7":"product_cat-smart-sets","8":"product_tag-kit-en","9":"product_tag-set","10":"product_tag-smart-home-en-2","11":"product_tag-smart-home-en","13":"product_tag-z-wave-technology","15":"first","16":"instock","17":"taxable","18":"shipping-taxable","19":"purchasable","20":"product-type-simple"},"acf":[],"yoast_head":"<!-- This site is optimized with the Yoast SEO plugin v27.4 - https:\/\/yoast.com\/product\/yoast-seo-wordpress\/ -->\n<title>Z-Wave Smart Home Starter Kit - Keemple<\/title>\n<meta name=\"description\" content=\"Keemple - Z-Wave Smart Home Starter Kit - choose a starter kit and start your adventure with the Smart Home Keep system today.\" \/>\n<meta name=\"robots\" content=\"index, follow, max-snippet:-1, max-image-preview:large, max-video-preview:-1\" \/>\n<link rel=\"canonical\" href=\"https:\/\/keemplesklep.pl\/en\/produkt\/z-wave-smart-home-starter-kit\/\" \/>\n<meta property=\"og:locale\" content=\"en_US\" \/>\n<meta property=\"og:type\" content=\"article\" \/>\n<meta property=\"og:title\" content=\"Z-Wave Smart Home Starter Kit - Keemple\" \/>\n<meta property=\"og:description\" content=\"Keemple - Z-Wave Smart Home Starter Kit - choose a starter kit and start your adventure with the Smart Home Keep system today.\" \/>\n<meta property=\"og:url\" content=\"https:\/\/keemplesklep.pl\/en\/produkt\/z-wave-smart-home-starter-kit\/\" \/>\n<meta property=\"og:site_name\" content=\"Keemple\" \/>\n<meta property=\"article:modified_time\" content=\"2025-12-22T10:38:59+00:00\" \/>\n<meta property=\"og:image\" content=\"https:\/\/keemplesklep.pl\/wp-content\/uploads\/2022\/10\/Comfort-Back2.1951.webp\" \/>\n\t<meta property=\"og:image:width\" content=\"1000\" \/>\n\t<meta property=\"og:image:height\" content=\"800\" \/>\n\t<meta property=\"og:image:type\" content=\"image\/webp\" \/>\n<meta name=\"twitter:card\" content=\"summary_large_image\" \/>\n<meta name=\"twitter:label1\" content=\"Est. reading time\" \/>\n\t<meta name=\"twitter:data1\" content=\"4 minutes\" \/>\n<script type=\"application\/ld+json\" class=\"yoast-schema-graph\">{\"@context\":\"https:\\\/\\\/schema.org\",\"@graph\":[{\"@type\":\"WebPage\",\"@id\":\"https:\\\/\\\/keemplesklep.pl\\\/en\\\/produkt\\\/z-wave-smart-home-starter-kit\\\/\",\"url\":\"https:\\\/\\\/keemplesklep.pl\\\/en\\\/produkt\\\/z-wave-smart-home-starter-kit\\\/\",\"name\":\"Z-Wave Smart Home Starter Kit - Keemple\",\"isPartOf\":{\"@id\":\"https:\\\/\\\/keemplesklep.pl\\\/#website\"},\"primaryImageOfPage\":{\"@id\":\"https:\\\/\\\/keemplesklep.pl\\\/en\\\/produkt\\\/z-wave-smart-home-starter-kit\\\/#primaryimage\"},\"image\":{\"@id\":\"https:\\\/\\\/keemplesklep.pl\\\/en\\\/produkt\\\/z-wave-smart-home-starter-kit\\\/#primaryimage\"},\"thumbnailUrl\":\"https:\\\/\\\/keemplesklep.pl\\\/wp-content\\\/uploads\\\/2022\\\/10\\\/Comfort-Back2.1951.webp\",\"datePublished\":\"2024-03-20T12:25:06+00:00\",\"dateModified\":\"2025-12-22T10:38:59+00:00\",\"description\":\"Keemple - Z-Wave Smart Home Starter Kit - choose a starter kit and start your adventure with the Smart Home Keep system today.\",\"breadcrumb\":{\"@id\":\"https:\\\/\\\/keemplesklep.pl\\\/en\\\/produkt\\\/z-wave-smart-home-starter-kit\\\/#breadcrumb\"},\"inLanguage\":\"en-US\",\"potentialAction\":[{\"@type\":\"ReadAction\",\"target\":[\"https:\\\/\\\/keemplesklep.pl\\\/en\\\/produkt\\\/z-wave-smart-home-starter-kit\\\/\"]}]},{\"@type\":\"ImageObject\",\"inLanguage\":\"en-US\",\"@id\":\"https:\\\/\\\/keemplesklep.pl\\\/en\\\/produkt\\\/z-wave-smart-home-starter-kit\\\/#primaryimage\",\"url\":\"https:\\\/\\\/keemplesklep.pl\\\/wp-content\\\/uploads\\\/2022\\\/10\\\/Comfort-Back2.1951.webp\",\"contentUrl\":\"https:\\\/\\\/keemplesklep.pl\\\/wp-content\\\/uploads\\\/2022\\\/10\\\/Comfort-Back2.1951.webp\",\"width\":1000,\"height\":800,\"caption\":\"Zestaw startowy SMART HOME\"},{\"@type\":\"BreadcrumbList\",\"@id\":\"https:\\\/\\\/keemplesklep.pl\\\/en\\\/produkt\\\/z-wave-smart-home-starter-kit\\\/#breadcrumb\",\"itemListElement\":[{\"@type\":\"ListItem\",\"position\":1,\"name\":\"Strona g\u0142\u00f3wna\",\"item\":\"https:\\\/\\\/keemplesklep.pl\\\/en\\\/\"},{\"@type\":\"ListItem\",\"position\":2,\"name\":\"Smart home sklep\",\"item\":\"https:\\\/\\\/keemplesklep.pl\\\/sklep\\\/\"},{\"@type\":\"ListItem\",\"position\":3,\"name\":\"Z-Wave Smart Home Starter Kit\"}]},{\"@type\":\"WebSite\",\"@id\":\"https:\\\/\\\/keemplesklep.pl\\\/#website\",\"url\":\"https:\\\/\\\/keemplesklep.pl\\\/\",\"name\":\"Keemple\",\"description\":\"Inteligentny dom - urz\u0105d\u017a smart home z inteligentnymi urz\u0105dzeniami\",\"publisher\":{\"@id\":\"https:\\\/\\\/keemplesklep.pl\\\/#organization\"},\"potentialAction\":[{\"@type\":\"SearchAction\",\"target\":{\"@type\":\"EntryPoint\",\"urlTemplate\":\"https:\\\/\\\/keemplesklep.pl\\\/?s={search_term_string}\"},\"query-input\":{\"@type\":\"PropertyValueSpecification\",\"valueRequired\":true,\"valueName\":\"search_term_string\"}}],\"inLanguage\":\"en-US\"},{\"@type\":\"Organization\",\"@id\":\"https:\\\/\\\/keemplesklep.pl\\\/#organization\",\"name\":\"Keemple\",\"url\":\"https:\\\/\\\/keemplesklep.pl\\\/\",\"logo\":{\"@type\":\"ImageObject\",\"inLanguage\":\"en-US\",\"@id\":\"https:\\\/\\\/keemplesklep.pl\\\/#\\\/schema\\\/logo\\\/image\\\/\",\"url\":\"https:\\\/\\\/keemplesklep.pl\\\/wp-content\\\/uploads\\\/2023\\\/03\\\/cropped-logonew.png\",\"contentUrl\":\"https:\\\/\\\/keemplesklep.pl\\\/wp-content\\\/uploads\\\/2023\\\/03\\\/cropped-logonew.png\",\"width\":367,\"height\":163,\"caption\":\"Keemple\"},\"image\":{\"@id\":\"https:\\\/\\\/keemplesklep.pl\\\/#\\\/schema\\\/logo\\\/image\\\/\"}}]}<\/script>\n<!-- \/ Yoast SEO plugin. -->","yoast_head_json":{"title":"Z-Wave Smart Home Starter Kit - Keemple","description":"Keemple - Z-Wave Smart Home Starter Kit - choose a starter kit and start your adventure with the Smart Home Keep system today.","robots":{"index":"index","follow":"follow","max-snippet":"max-snippet:-1","max-image-preview":"max-image-preview:large","max-video-preview":"max-video-preview:-1"},"canonical":"https:\/\/keemplesklep.pl\/en\/produkt\/z-wave-smart-home-starter-kit\/","og_locale":"en_US","og_type":"article","og_title":"Z-Wave Smart Home Starter Kit - Keemple","og_description":"Keemple - Z-Wave Smart Home Starter Kit - choose a starter kit and start your adventure with the Smart Home Keep system today.","og_url":"https:\/\/keemplesklep.pl\/en\/produkt\/z-wave-smart-home-starter-kit\/","og_site_name":"Keemple","article_modified_time":"2025-12-22T10:38:59+00:00","og_image":[{"width":1000,"height":800,"url":"https:\/\/keemplesklep.pl\/wp-content\/uploads\/2022\/10\/Comfort-Back2.1951.webp","type":"image\/webp"}],"twitter_card":"summary_large_image","twitter_misc":{"Est. reading time":"4 minutes"},"schema":{"@context":"https:\/\/schema.org","@graph":[{"@type":"WebPage","@id":"https:\/\/keemplesklep.pl\/en\/produkt\/z-wave-smart-home-starter-kit\/","url":"https:\/\/keemplesklep.pl\/en\/produkt\/z-wave-smart-home-starter-kit\/","name":"Z-Wave Smart Home Starter Kit - Keemple","isPartOf":{"@id":"https:\/\/keemplesklep.pl\/#website"},"primaryImageOfPage":{"@id":"https:\/\/keemplesklep.pl\/en\/produkt\/z-wave-smart-home-starter-kit\/#primaryimage"},"image":{"@id":"https:\/\/keemplesklep.pl\/en\/produkt\/z-wave-smart-home-starter-kit\/#primaryimage"},"thumbnailUrl":"https:\/\/keemplesklep.pl\/wp-content\/uploads\/2022\/10\/Comfort-Back2.1951.webp","datePublished":"2024-03-20T12:25:06+00:00","dateModified":"2025-12-22T10:38:59+00:00","description":"Keemple - Z-Wave Smart Home Starter Kit - choose a starter kit and start your adventure with the Smart Home Keep system today.","breadcrumb":{"@id":"https:\/\/keemplesklep.pl\/en\/produkt\/z-wave-smart-home-starter-kit\/#breadcrumb"},"inLanguage":"en-US","potentialAction":[{"@type":"ReadAction","target":["https:\/\/keemplesklep.pl\/en\/produkt\/z-wave-smart-home-starter-kit\/"]}]},{"@type":"ImageObject","inLanguage":"en-US","@id":"https:\/\/keemplesklep.pl\/en\/produkt\/z-wave-smart-home-starter-kit\/#primaryimage","url":"https:\/\/keemplesklep.pl\/wp-content\/uploads\/2022\/10\/Comfort-Back2.1951.webp","contentUrl":"https:\/\/keemplesklep.pl\/wp-content\/uploads\/2022\/10\/Comfort-Back2.1951.webp","width":1000,"height":800,"caption":"Zestaw startowy SMART HOME"},{"@type":"BreadcrumbList","@id":"https:\/\/keemplesklep.pl\/en\/produkt\/z-wave-smart-home-starter-kit\/#breadcrumb","itemListElement":[{"@type":"ListItem","position":1,"name":"Strona g\u0142\u00f3wna","item":"https:\/\/keemplesklep.pl\/en\/"},{"@type":"ListItem","position":2,"name":"Smart home sklep","item":"https:\/\/keemplesklep.pl\/sklep\/"},{"@type":"ListItem","position":3,"name":"Z-Wave Smart Home Starter Kit"}]},{"@type":"WebSite","@id":"https:\/\/keemplesklep.pl\/#website","url":"https:\/\/keemplesklep.pl\/","name":"Keemple","description":"Inteligentny dom - urz\u0105d\u017a smart home z inteligentnymi urz\u0105dzeniami","publisher":{"@id":"https:\/\/keemplesklep.pl\/#organization"},"potentialAction":[{"@type":"SearchAction","target":{"@type":"EntryPoint","urlTemplate":"https:\/\/keemplesklep.pl\/?s={search_term_string}"},"query-input":{"@type":"PropertyValueSpecification","valueRequired":true,"valueName":"search_term_string"}}],"inLanguage":"en-US"},{"@type":"Organization","@id":"https:\/\/keemplesklep.pl\/#organization","name":"Keemple","url":"https:\/\/keemplesklep.pl\/","logo":{"@type":"ImageObject","inLanguage":"en-US","@id":"https:\/\/keemplesklep.pl\/#\/schema\/logo\/image\/","url":"https:\/\/keemplesklep.pl\/wp-content\/uploads\/2023\/03\/cropped-logonew.png","contentUrl":"https:\/\/keemplesklep.pl\/wp-content\/uploads\/2023\/03\/cropped-logonew.png","width":367,"height":163,"caption":"Keemple"},"image":{"@id":"https:\/\/keemplesklep.pl\/#\/schema\/logo\/image\/"}}]}},"_links":{"self":[{"href":"https:\/\/keemplesklep.pl\/en\/wp-json\/wp\/v2\/product\/3081","targetHints":{"allow":["GET"]}}],"collection":[{"href":"https:\/\/keemplesklep.pl\/en\/wp-json\/wp\/v2\/product"}],"about":[{"href":"https:\/\/keemplesklep.pl\/en\/wp-json\/wp\/v2\/types\/product"}],"replies":[{"embeddable":true,"href":"https:\/\/keemplesklep.pl\/en\/wp-json\/wp\/v2\/comments?post=3081"}],"wp:featuredmedia":[{"embeddable":true,"href":"https:\/\/keemplesklep.pl\/en\/wp-json\/wp\/v2\/media\/2856"}],"wp:attachment":[{"href":"https:\/\/keemplesklep.pl\/en\/wp-json\/wp\/v2\/media?parent=3081"}],"wp:term":[{"taxonomy":"product_brand","embeddable":true,"href":"https:\/\/keemplesklep.pl\/en\/wp-json\/wp\/v2\/product_brand?post=3081"},{"taxonomy":"product_cat","embeddable":true,"href":"https:\/\/keemplesklep.pl\/en\/wp-json\/wp\/v2\/product_cat?post=3081"},{"taxonomy":"product_tag","embeddable":true,"href":"https:\/\/keemplesklep.pl\/en\/wp-json\/wp\/v2\/product_tag?post=3081"}],"curies":[{"name":"wp","href":"https:\/\/api.w.org\/{rel}","templated":true}]}}