{"id":3080,"date":"2022-10-04T13:15:38","date_gmt":"2024-03-20T12:20:39","guid":{"rendered":"https:\/\/keemplesklep.pl\/produkt\/smart-home-z-wave-comfort-kit\/"},"modified":"2025-12-22T11:38:54","modified_gmt":"2025-12-22T10:38:54","slug":"smart-home-z-wave-comfort-kit","status":"publish","type":"product","link":"https:\/\/keemplesklep.pl\/en\/produkt\/smart-home-z-wave-comfort-kit\/","title":{"rendered":"SMART HOME Z- Wave Comfort Kit"},"content":{"rendered":"<h4>Why choose the SMART HOME comfort kit?<\/h4>\n<p>The Keemple SMART HOME comfort kit is an investment that offers many benefits, especially for those who want to enjoy the convenience and control of their home through smart solutions. By remotely controlling devices, users can effectively manage energy. The free Keemple 2.0 app and intuitive interface make operating the kit easy and enjoyable. Undoubtedly, this is a solution primarily for people who value convenience and high quality in their everyday life. If you are enthusiastic about new technological solutions and want to introduce smart devices into your home this Keemple kit is for you.<\/p>\n<h4>The kit includes:<\/h4>\n<p><strong>Gateway<\/strong> &#8211; connects all devices. You can add up to 232 devices with <a href=\"https:\/\/keemplesklep.pl\/en\/why-do-we-choose-z-wave\/\"><strong>Z-Wave<\/strong><\/a><!--1--> technology and control them via the Keemple 2.0 app. The app is available for iOS and Android.<\/p>\n<p><img loading=\"lazy\" decoding=\"async\" class=\"alignnone size-medium wp-image-1325\" src=\"https:\/\/keemplesklep.pl\/wp-content\/uploads\/2022\/10\/20230104-KPL39-Gateway-Side-2.169-300x190.png\" alt=\"\" width=\"300\" height=\"190\" srcset=\"https:\/\/keemplesklep.pl\/wp-content\/uploads\/2022\/10\/20230104-KPL39-Gateway-Side-2.169-300x190.png 300w, https:\/\/keemplesklep.pl\/wp-content\/uploads\/2022\/10\/20230104-KPL39-Gateway-Side-2.169-1024x648.png 1024w, https:\/\/keemplesklep.pl\/wp-content\/uploads\/2022\/10\/20230104-KPL39-Gateway-Side-2.169-768x486.png 768w, https:\/\/keemplesklep.pl\/wp-content\/uploads\/2022\/10\/20230104-KPL39-Gateway-Side-2.169-1536x972.png 1536w, https:\/\/keemplesklep.pl\/wp-content\/uploads\/2022\/10\/20230104-KPL39-Gateway-Side-2.169-2048x1296.png 2048w, https:\/\/keemplesklep.pl\/wp-content\/uploads\/2022\/10\/20230104-KPL39-Gateway-Side-2.169-324x205.png 324w, https:\/\/keemplesklep.pl\/wp-content\/uploads\/2022\/10\/20230104-KPL39-Gateway-Side-2.169-416x263.png 416w\" sizes=\"auto, (max-width: 300px) 100vw, 300px\" \/><\/p>\n<p><strong>Smart thermostat<\/strong> &#8211; this device allows you to control the temperature in your home. When the thermostat is added to the Keemple app, you can control it remotely.<br \/>\n<img loading=\"lazy\" decoding=\"async\" class=\"alignnone size-medium wp-image-818\" src=\"https:\/\/keemplesklep.pl\/wp-content\/uploads\/2022\/09\/Radiator-Side-2.160-1-300x240.webp\" alt=\"\" width=\"300\" height=\"240\" srcset=\"https:\/\/keemplesklep.pl\/wp-content\/uploads\/2022\/09\/Radiator-Side-2.160-1-300x240.webp 300w, https:\/\/keemplesklep.pl\/wp-content\/uploads\/2022\/09\/Radiator-Side-2.160-1-324x259.webp 324w, https:\/\/keemplesklep.pl\/wp-content\/uploads\/2022\/09\/Radiator-Side-2.160-1-416x333.webp 416w, https:\/\/keemplesklep.pl\/wp-content\/uploads\/2022\/09\/Radiator-Side-2.160-1-768x614.webp 768w, https:\/\/keemplesklep.pl\/wp-content\/uploads\/2022\/09\/Radiator-Side-2.160-1.webp 1000w\" sizes=\"auto, (max-width: 300px) 100vw, 300px\" \/><\/p>\n<p><strong>Door\/window sensor<\/strong> &#8211; when added to the Keemple 2.0 app, the user receives a notification when windows and doors are opened while the user is away from the building.<\/p>\n<p><img loading=\"lazy\" decoding=\"async\" class=\"alignnone size-medium wp-image-1320\" src=\"https:\/\/keemplesklep.pl\/wp-content\/uploads\/2022\/09\/20230104-KPL07-Door-Sensor-Front.161-300x225.png\" alt=\"\" width=\"300\" height=\"225\" srcset=\"https:\/\/keemplesklep.pl\/wp-content\/uploads\/2022\/09\/20230104-KPL07-Door-Sensor-Front.161-300x225.png 300w, https:\/\/keemplesklep.pl\/wp-content\/uploads\/2022\/09\/20230104-KPL07-Door-Sensor-Front.161-1024x768.png 1024w, https:\/\/keemplesklep.pl\/wp-content\/uploads\/2022\/09\/20230104-KPL07-Door-Sensor-Front.161-768x576.png 768w, https:\/\/keemplesklep.pl\/wp-content\/uploads\/2022\/09\/20230104-KPL07-Door-Sensor-Front.161-1536x1152.png 1536w, https:\/\/keemplesklep.pl\/wp-content\/uploads\/2022\/09\/20230104-KPL07-Door-Sensor-Front.161-2048x1536.png 2048w, https:\/\/keemplesklep.pl\/wp-content\/uploads\/2022\/09\/20230104-KPL07-Door-Sensor-Front.161-324x243.png 324w, https:\/\/keemplesklep.pl\/wp-content\/uploads\/2022\/09\/20230104-KPL07-Door-Sensor-Front.161-416x312.png 416w\" sizes=\"auto, (max-width: 300px) 100vw, 300px\" \/><\/p>\n<p><strong>Single\/double light switch<\/strong> &#8211; turns lights on and off. Management is carried out via the Keemple 2.0 application or manually. In addition to this, it features scenario triggering.<br \/>\n<img loading=\"lazy\" decoding=\"async\" class=\"alignnone size-medium wp-image-826\" src=\"https:\/\/keemplesklep.pl\/wp-content\/uploads\/2022\/09\/EU-Single-Front.117-1-300x240.webp\" alt=\"\" width=\"300\" height=\"240\" srcset=\"https:\/\/keemplesklep.pl\/wp-content\/uploads\/2022\/09\/EU-Single-Front.117-1-300x240.webp 300w, https:\/\/keemplesklep.pl\/wp-content\/uploads\/2022\/09\/EU-Single-Front.117-1-324x259.webp 324w, https:\/\/keemplesklep.pl\/wp-content\/uploads\/2022\/09\/EU-Single-Front.117-1-416x333.webp 416w, https:\/\/keemplesklep.pl\/wp-content\/uploads\/2022\/09\/EU-Single-Front.117-1-768x614.webp 768w, https:\/\/keemplesklep.pl\/wp-content\/uploads\/2022\/09\/EU-Single-Front.117-1.webp 1000w\" sizes=\"auto, (max-width: 300px) 100vw, 300px\" \/><img loading=\"lazy\" decoding=\"async\" class=\"alignnone size-medium wp-image-828\" src=\"https:\/\/keemplesklep.pl\/wp-content\/uploads\/2022\/09\/EU-Double-Front.116-300x240.webp\" alt=\"\" width=\"300\" height=\"240\" srcset=\"https:\/\/keemplesklep.pl\/wp-content\/uploads\/2022\/09\/EU-Double-Front.116-300x240.webp 300w, https:\/\/keemplesklep.pl\/wp-content\/uploads\/2022\/09\/EU-Double-Front.116-324x259.webp 324w, https:\/\/keemplesklep.pl\/wp-content\/uploads\/2022\/09\/EU-Double-Front.116-416x333.webp 416w, https:\/\/keemplesklep.pl\/wp-content\/uploads\/2022\/09\/EU-Double-Front.116-768x614.webp 768w, https:\/\/keemplesklep.pl\/wp-content\/uploads\/2022\/09\/EU-Double-Front.116.webp 1000w\" sizes=\"auto, (max-width: 300px) 100vw, 300px\" \/><\/p>\n<p>&nbsp;<\/p>\n<p>The SMART HOME comfort kit makes it possible to adapt the environment to the needs of different family members, which can make everyday life more comfortable. Particularly important is the fact that the Keemple system is modular. It can therefore be extended at any time to suit your expectations. All in all, it is the perfect solution for people who want to improve their quality of life and enjoy convenience with smart solutions.<\/p>\n<div class=\"gsp_post_data\" \r\n\t            data-post_type=\"product\" \r\n\t            data-cat=\"\" \r\n\t            data-modified=\"120\"\r\n\t            data-created=\"1664889338\"\r\n\t            data-title=\"SMART HOME Z- Wave Comfort Kit\" \r\n\t            data-home=\"https:\/\/keemplesklep.pl\/en\/\"><\/div>","protected":false},"excerpt":{"rendered":"<p><span data-sheets-value=\"{\" data-sheets-userformat=\"{\">The presented SECURITY KIT allows you to control up to 232 devices with <strong>Z-Wave<\/strong> technology &#8211; either manually or via the Keemple 2.0 app. In addition, smart home comfort kit allows you to connect all the devices in your home and provides you with convenient light switches, a door and window opening sensor and the possibility of convenient control of the temperature inside the building. The kit can be customised to create complete Smart Home solutions.<\/span><\/p>\n","protected":false},"featured_media":2854,"comment_status":"closed","ping_status":"closed","template":"","meta":{"_acf_changed":false},"product_brand":[],"product_cat":[205,203],"product_tag":[159,180,172,155,172,177],"class_list":{"0":"post-3080","1":"product","2":"type-product","3":"status-publish","4":"has-post-thumbnail","6":"product_cat-smart-home-comfort-kit","7":"product_cat-smart-sets","8":"product_tag-kit-en","9":"product_tag-set","10":"product_tag-smart-home-en-2","11":"product_tag-smart-home-en","13":"product_tag-z-wave-en","15":"first","16":"instock","17":"taxable","18":"shipping-taxable","19":"purchasable","20":"product-type-simple"},"acf":[],"yoast_head":"<!-- This site is optimized with the Yoast SEO plugin v27.4 - https:\/\/yoast.com\/product\/yoast-seo-wordpress\/ -->\n<title>SMART HOME Z- Wave Comfort Kit - Keemple<\/title>\n<meta name=\"description\" content=\"Keemple - SMART HOME Z- Wave Comfort Kit - build your comfort with our Smart Home Keeper system. Make your home comfortable!\" \/>\n<meta name=\"robots\" content=\"index, follow, max-snippet:-1, max-image-preview:large, max-video-preview:-1\" \/>\n<link rel=\"canonical\" href=\"https:\/\/keemplesklep.pl\/en\/produkt\/smart-home-z-wave-comfort-kit\/\" \/>\n<meta property=\"og:locale\" content=\"en_US\" \/>\n<meta property=\"og:type\" content=\"article\" \/>\n<meta property=\"og:title\" content=\"SMART HOME Z- Wave Comfort Kit - Keemple\" \/>\n<meta property=\"og:description\" content=\"Keemple - SMART HOME Z- Wave Comfort Kit - build your comfort with our Smart Home Keeper system. Make your home comfortable!\" \/>\n<meta property=\"og:url\" content=\"https:\/\/keemplesklep.pl\/en\/produkt\/smart-home-z-wave-comfort-kit\/\" \/>\n<meta property=\"og:site_name\" content=\"Keemple\" \/>\n<meta property=\"article:modified_time\" content=\"2025-12-22T10:38:54+00:00\" \/>\n<meta property=\"og:image\" content=\"https:\/\/keemplesklep.pl\/wp-content\/uploads\/2022\/10\/Comfort-Back2.198.webp\" \/>\n\t<meta property=\"og:image:width\" content=\"1000\" \/>\n\t<meta property=\"og:image:height\" content=\"800\" \/>\n\t<meta property=\"og:image:type\" content=\"image\/webp\" \/>\n<meta name=\"twitter:card\" content=\"summary_large_image\" \/>\n<meta name=\"twitter:label1\" content=\"Est. reading time\" \/>\n\t<meta name=\"twitter:data1\" content=\"3 minutes\" \/>\n<script type=\"application\/ld+json\" class=\"yoast-schema-graph\">{\"@context\":\"https:\\\/\\\/schema.org\",\"@graph\":[{\"@type\":\"WebPage\",\"@id\":\"https:\\\/\\\/keemplesklep.pl\\\/en\\\/produkt\\\/smart-home-z-wave-comfort-kit\\\/\",\"url\":\"https:\\\/\\\/keemplesklep.pl\\\/en\\\/produkt\\\/smart-home-z-wave-comfort-kit\\\/\",\"name\":\"SMART HOME Z- Wave Comfort Kit - Keemple\",\"isPartOf\":{\"@id\":\"https:\\\/\\\/keemplesklep.pl\\\/#website\"},\"primaryImageOfPage\":{\"@id\":\"https:\\\/\\\/keemplesklep.pl\\\/en\\\/produkt\\\/smart-home-z-wave-comfort-kit\\\/#primaryimage\"},\"image\":{\"@id\":\"https:\\\/\\\/keemplesklep.pl\\\/en\\\/produkt\\\/smart-home-z-wave-comfort-kit\\\/#primaryimage\"},\"thumbnailUrl\":\"https:\\\/\\\/keemplesklep.pl\\\/wp-content\\\/uploads\\\/2022\\\/10\\\/Comfort-Back2.198.webp\",\"datePublished\":\"2024-03-20T12:20:39+00:00\",\"dateModified\":\"2025-12-22T10:38:54+00:00\",\"description\":\"Keemple - SMART HOME Z- Wave Comfort Kit - build your comfort with our Smart Home Keeper system. Make your home comfortable!\",\"breadcrumb\":{\"@id\":\"https:\\\/\\\/keemplesklep.pl\\\/en\\\/produkt\\\/smart-home-z-wave-comfort-kit\\\/#breadcrumb\"},\"inLanguage\":\"en-US\",\"potentialAction\":[{\"@type\":\"ReadAction\",\"target\":[\"https:\\\/\\\/keemplesklep.pl\\\/en\\\/produkt\\\/smart-home-z-wave-comfort-kit\\\/\"]}]},{\"@type\":\"ImageObject\",\"inLanguage\":\"en-US\",\"@id\":\"https:\\\/\\\/keemplesklep.pl\\\/en\\\/produkt\\\/smart-home-z-wave-comfort-kit\\\/#primaryimage\",\"url\":\"https:\\\/\\\/keemplesklep.pl\\\/wp-content\\\/uploads\\\/2022\\\/10\\\/Comfort-Back2.198.webp\",\"contentUrl\":\"https:\\\/\\\/keemplesklep.pl\\\/wp-content\\\/uploads\\\/2022\\\/10\\\/Comfort-Back2.198.webp\",\"width\":1000,\"height\":800,\"caption\":\"Zestaw komfort SMART HOME\"},{\"@type\":\"BreadcrumbList\",\"@id\":\"https:\\\/\\\/keemplesklep.pl\\\/en\\\/produkt\\\/smart-home-z-wave-comfort-kit\\\/#breadcrumb\",\"itemListElement\":[{\"@type\":\"ListItem\",\"position\":1,\"name\":\"Strona g\u0142\u00f3wna\",\"item\":\"https:\\\/\\\/keemplesklep.pl\\\/en\\\/\"},{\"@type\":\"ListItem\",\"position\":2,\"name\":\"Smart home sklep\",\"item\":\"https:\\\/\\\/keemplesklep.pl\\\/sklep\\\/\"},{\"@type\":\"ListItem\",\"position\":3,\"name\":\"SMART HOME Z- Wave Comfort Kit\"}]},{\"@type\":\"WebSite\",\"@id\":\"https:\\\/\\\/keemplesklep.pl\\\/#website\",\"url\":\"https:\\\/\\\/keemplesklep.pl\\\/\",\"name\":\"Keemple\",\"description\":\"Inteligentny dom - urz\u0105d\u017a smart home z inteligentnymi urz\u0105dzeniami\",\"publisher\":{\"@id\":\"https:\\\/\\\/keemplesklep.pl\\\/#organization\"},\"potentialAction\":[{\"@type\":\"SearchAction\",\"target\":{\"@type\":\"EntryPoint\",\"urlTemplate\":\"https:\\\/\\\/keemplesklep.pl\\\/?s={search_term_string}\"},\"query-input\":{\"@type\":\"PropertyValueSpecification\",\"valueRequired\":true,\"valueName\":\"search_term_string\"}}],\"inLanguage\":\"en-US\"},{\"@type\":\"Organization\",\"@id\":\"https:\\\/\\\/keemplesklep.pl\\\/#organization\",\"name\":\"Keemple\",\"url\":\"https:\\\/\\\/keemplesklep.pl\\\/\",\"logo\":{\"@type\":\"ImageObject\",\"inLanguage\":\"en-US\",\"@id\":\"https:\\\/\\\/keemplesklep.pl\\\/#\\\/schema\\\/logo\\\/image\\\/\",\"url\":\"https:\\\/\\\/keemplesklep.pl\\\/wp-content\\\/uploads\\\/2023\\\/03\\\/cropped-logonew.png\",\"contentUrl\":\"https:\\\/\\\/keemplesklep.pl\\\/wp-content\\\/uploads\\\/2023\\\/03\\\/cropped-logonew.png\",\"width\":367,\"height\":163,\"caption\":\"Keemple\"},\"image\":{\"@id\":\"https:\\\/\\\/keemplesklep.pl\\\/#\\\/schema\\\/logo\\\/image\\\/\"}}]}<\/script>\n<!-- \/ Yoast SEO plugin. -->","yoast_head_json":{"title":"SMART HOME Z- Wave Comfort Kit - Keemple","description":"Keemple - SMART HOME Z- Wave Comfort Kit - build your comfort with our Smart Home Keeper system. Make your home comfortable!","robots":{"index":"index","follow":"follow","max-snippet":"max-snippet:-1","max-image-preview":"max-image-preview:large","max-video-preview":"max-video-preview:-1"},"canonical":"https:\/\/keemplesklep.pl\/en\/produkt\/smart-home-z-wave-comfort-kit\/","og_locale":"en_US","og_type":"article","og_title":"SMART HOME Z- Wave Comfort Kit - Keemple","og_description":"Keemple - SMART HOME Z- Wave Comfort Kit - build your comfort with our Smart Home Keeper system. Make your home comfortable!","og_url":"https:\/\/keemplesklep.pl\/en\/produkt\/smart-home-z-wave-comfort-kit\/","og_site_name":"Keemple","article_modified_time":"2025-12-22T10:38:54+00:00","og_image":[{"width":1000,"height":800,"url":"https:\/\/keemplesklep.pl\/wp-content\/uploads\/2022\/10\/Comfort-Back2.198.webp","type":"image\/webp"}],"twitter_card":"summary_large_image","twitter_misc":{"Est. reading time":"3 minutes"},"schema":{"@context":"https:\/\/schema.org","@graph":[{"@type":"WebPage","@id":"https:\/\/keemplesklep.pl\/en\/produkt\/smart-home-z-wave-comfort-kit\/","url":"https:\/\/keemplesklep.pl\/en\/produkt\/smart-home-z-wave-comfort-kit\/","name":"SMART HOME Z- Wave Comfort Kit - Keemple","isPartOf":{"@id":"https:\/\/keemplesklep.pl\/#website"},"primaryImageOfPage":{"@id":"https:\/\/keemplesklep.pl\/en\/produkt\/smart-home-z-wave-comfort-kit\/#primaryimage"},"image":{"@id":"https:\/\/keemplesklep.pl\/en\/produkt\/smart-home-z-wave-comfort-kit\/#primaryimage"},"thumbnailUrl":"https:\/\/keemplesklep.pl\/wp-content\/uploads\/2022\/10\/Comfort-Back2.198.webp","datePublished":"2024-03-20T12:20:39+00:00","dateModified":"2025-12-22T10:38:54+00:00","description":"Keemple - SMART HOME Z- Wave Comfort Kit - build your comfort with our Smart Home Keeper system. Make your home comfortable!","breadcrumb":{"@id":"https:\/\/keemplesklep.pl\/en\/produkt\/smart-home-z-wave-comfort-kit\/#breadcrumb"},"inLanguage":"en-US","potentialAction":[{"@type":"ReadAction","target":["https:\/\/keemplesklep.pl\/en\/produkt\/smart-home-z-wave-comfort-kit\/"]}]},{"@type":"ImageObject","inLanguage":"en-US","@id":"https:\/\/keemplesklep.pl\/en\/produkt\/smart-home-z-wave-comfort-kit\/#primaryimage","url":"https:\/\/keemplesklep.pl\/wp-content\/uploads\/2022\/10\/Comfort-Back2.198.webp","contentUrl":"https:\/\/keemplesklep.pl\/wp-content\/uploads\/2022\/10\/Comfort-Back2.198.webp","width":1000,"height":800,"caption":"Zestaw komfort SMART HOME"},{"@type":"BreadcrumbList","@id":"https:\/\/keemplesklep.pl\/en\/produkt\/smart-home-z-wave-comfort-kit\/#breadcrumb","itemListElement":[{"@type":"ListItem","position":1,"name":"Strona g\u0142\u00f3wna","item":"https:\/\/keemplesklep.pl\/en\/"},{"@type":"ListItem","position":2,"name":"Smart home sklep","item":"https:\/\/keemplesklep.pl\/sklep\/"},{"@type":"ListItem","position":3,"name":"SMART HOME Z- Wave Comfort Kit"}]},{"@type":"WebSite","@id":"https:\/\/keemplesklep.pl\/#website","url":"https:\/\/keemplesklep.pl\/","name":"Keemple","description":"Inteligentny dom - urz\u0105d\u017a smart home z inteligentnymi urz\u0105dzeniami","publisher":{"@id":"https:\/\/keemplesklep.pl\/#organization"},"potentialAction":[{"@type":"SearchAction","target":{"@type":"EntryPoint","urlTemplate":"https:\/\/keemplesklep.pl\/?s={search_term_string}"},"query-input":{"@type":"PropertyValueSpecification","valueRequired":true,"valueName":"search_term_string"}}],"inLanguage":"en-US"},{"@type":"Organization","@id":"https:\/\/keemplesklep.pl\/#organization","name":"Keemple","url":"https:\/\/keemplesklep.pl\/","logo":{"@type":"ImageObject","inLanguage":"en-US","@id":"https:\/\/keemplesklep.pl\/#\/schema\/logo\/image\/","url":"https:\/\/keemplesklep.pl\/wp-content\/uploads\/2023\/03\/cropped-logonew.png","contentUrl":"https:\/\/keemplesklep.pl\/wp-content\/uploads\/2023\/03\/cropped-logonew.png","width":367,"height":163,"caption":"Keemple"},"image":{"@id":"https:\/\/keemplesklep.pl\/#\/schema\/logo\/image\/"}}]}},"_links":{"self":[{"href":"https:\/\/keemplesklep.pl\/en\/wp-json\/wp\/v2\/product\/3080","targetHints":{"allow":["GET"]}}],"collection":[{"href":"https:\/\/keemplesklep.pl\/en\/wp-json\/wp\/v2\/product"}],"about":[{"href":"https:\/\/keemplesklep.pl\/en\/wp-json\/wp\/v2\/types\/product"}],"replies":[{"embeddable":true,"href":"https:\/\/keemplesklep.pl\/en\/wp-json\/wp\/v2\/comments?post=3080"}],"wp:featuredmedia":[{"embeddable":true,"href":"https:\/\/keemplesklep.pl\/en\/wp-json\/wp\/v2\/media\/2854"}],"wp:attachment":[{"href":"https:\/\/keemplesklep.pl\/en\/wp-json\/wp\/v2\/media?parent=3080"}],"wp:term":[{"taxonomy":"product_brand","embeddable":true,"href":"https:\/\/keemplesklep.pl\/en\/wp-json\/wp\/v2\/product_brand?post=3080"},{"taxonomy":"product_cat","embeddable":true,"href":"https:\/\/keemplesklep.pl\/en\/wp-json\/wp\/v2\/product_cat?post=3080"},{"taxonomy":"product_tag","embeddable":true,"href":"https:\/\/keemplesklep.pl\/en\/wp-json\/wp\/v2\/product_tag?post=3080"}],"curies":[{"name":"wp","href":"https:\/\/api.w.org\/{rel}","templated":true}]}}