{"id":3079,"date":"2022-10-04T13:16:50","date_gmt":"2024-03-20T12:04:07","guid":{"rendered":"https:\/\/keemplesklep.pl\/produkt\/z-wave-smart-home-security-kit\/"},"modified":"2025-11-01T00:24:06","modified_gmt":"2025-10-31T23:24:06","slug":"z-wave-smart-home-security-kit","status":"publish","type":"product","link":"https:\/\/keemplesklep.pl\/en\/produkt\/z-wave-smart-home-security-kit\/","title":{"rendered":"Z-Wave Smart Home Security Kit"},"content":{"rendered":"<h4>For whom was the SMART HOME Security Kit created?<\/h4>\n<p>This kit has been created especially for people who want to increase the security level of their flat or house using modern technology. It allows users to monitor their home in real time, both when they are at home and when they are away. Undoubtedly, this kit will be a good solution for those who appreciate simple and effective solutions. Security, comfort and peace of mind are the main objectives that this kit seeks to provide to its users.<\/p>\n<h4>The kit includes:<\/h4>\n<p><strong>Gateway<\/strong> &#8211; connects all devices. The device allows up to 232 devices to be added using Z-Wave technology and controlled via the Keemple 2.0 app, available for Android and iOS.<br \/>\n<img loading=\"lazy\" decoding=\"async\" class=\"alignnone size-medium wp-image-1325\" src=\"https:\/\/keemplesklep.pl\/wp-content\/uploads\/2022\/10\/20230104-KPL39-Gateway-Side-2.169-300x190.png\" alt=\"\" width=\"300\" height=\"190\" srcset=\"https:\/\/keemplesklep.pl\/wp-content\/uploads\/2022\/10\/20230104-KPL39-Gateway-Side-2.169-300x190.png 300w, https:\/\/keemplesklep.pl\/wp-content\/uploads\/2022\/10\/20230104-KPL39-Gateway-Side-2.169-1024x648.png 1024w, https:\/\/keemplesklep.pl\/wp-content\/uploads\/2022\/10\/20230104-KPL39-Gateway-Side-2.169-768x486.png 768w, https:\/\/keemplesklep.pl\/wp-content\/uploads\/2022\/10\/20230104-KPL39-Gateway-Side-2.169-1536x972.png 1536w, https:\/\/keemplesklep.pl\/wp-content\/uploads\/2022\/10\/20230104-KPL39-Gateway-Side-2.169-2048x1296.png 2048w, https:\/\/keemplesklep.pl\/wp-content\/uploads\/2022\/10\/20230104-KPL39-Gateway-Side-2.169-324x205.png 324w, https:\/\/keemplesklep.pl\/wp-content\/uploads\/2022\/10\/20230104-KPL39-Gateway-Side-2.169-416x263.png 416w\" sizes=\"auto, (max-width: 300px) 100vw, 300px\" \/><\/p>\n<p><strong>Door\/window sensor<\/strong> &#8211; when added to the Keemple 2.0 app, the user receives a notification when windows and doors are opened while the user is away from the building.<\/p>\n<p><img loading=\"lazy\" decoding=\"async\" class=\"alignnone size-medium wp-image-1320\" src=\"https:\/\/keemplesklep.pl\/wp-content\/uploads\/2022\/09\/20230104-KPL07-Door-Sensor-Front.161-300x225.png\" alt=\"\" width=\"300\" height=\"225\" srcset=\"https:\/\/keemplesklep.pl\/wp-content\/uploads\/2022\/09\/20230104-KPL07-Door-Sensor-Front.161-300x225.png 300w, https:\/\/keemplesklep.pl\/wp-content\/uploads\/2022\/09\/20230104-KPL07-Door-Sensor-Front.161-1024x768.png 1024w, https:\/\/keemplesklep.pl\/wp-content\/uploads\/2022\/09\/20230104-KPL07-Door-Sensor-Front.161-768x576.png 768w, https:\/\/keemplesklep.pl\/wp-content\/uploads\/2022\/09\/20230104-KPL07-Door-Sensor-Front.161-1536x1152.png 1536w, https:\/\/keemplesklep.pl\/wp-content\/uploads\/2022\/09\/20230104-KPL07-Door-Sensor-Front.161-2048x1536.png 2048w, https:\/\/keemplesklep.pl\/wp-content\/uploads\/2022\/09\/20230104-KPL07-Door-Sensor-Front.161-324x243.png 324w, https:\/\/keemplesklep.pl\/wp-content\/uploads\/2022\/09\/20230104-KPL07-Door-Sensor-Front.161-416x312.png 416w\" sizes=\"auto, (max-width: 300px) 100vw, 300px\" \/><\/p>\n<p><strong>Motion sensor<\/strong> &#8211; a device that detects movement and, based on this, triggers a specific reaction. The action can include either turning the lights on or off, or even opening the curtains, depending on what scenario is designed in the app.<\/p>\n<p><img loading=\"lazy\" decoding=\"async\" class=\"alignnone size-medium wp-image-1326\" src=\"https:\/\/keemplesklep.pl\/wp-content\/uploads\/2022\/10\/20230104-KPL44-Motion-Side-2.173-300x190.png\" alt=\"\" width=\"300\" height=\"190\" srcset=\"https:\/\/keemplesklep.pl\/wp-content\/uploads\/2022\/10\/20230104-KPL44-Motion-Side-2.173-300x190.png 300w, https:\/\/keemplesklep.pl\/wp-content\/uploads\/2022\/10\/20230104-KPL44-Motion-Side-2.173-1024x648.png 1024w, https:\/\/keemplesklep.pl\/wp-content\/uploads\/2022\/10\/20230104-KPL44-Motion-Side-2.173-768x486.png 768w, https:\/\/keemplesklep.pl\/wp-content\/uploads\/2022\/10\/20230104-KPL44-Motion-Side-2.173-1536x972.png 1536w, https:\/\/keemplesklep.pl\/wp-content\/uploads\/2022\/10\/20230104-KPL44-Motion-Side-2.173-2048x1296.png 2048w, https:\/\/keemplesklep.pl\/wp-content\/uploads\/2022\/10\/20230104-KPL44-Motion-Side-2.173-324x205.png 324w, https:\/\/keemplesklep.pl\/wp-content\/uploads\/2022\/10\/20230104-KPL44-Motion-Side-2.173-416x263.png 416w\" sizes=\"auto, (max-width: 300px) 100vw, 300px\" \/><\/p>\n<p><strong>Camera<\/strong> &#8211; a device that allows you to monitor what is happening in your home at any time. The device has a recording function and also allows you to communicate by voice with your household members when you are away from home.<\/p>\n<p><img loading=\"lazy\" decoding=\"async\" class=\"alignnone size-medium wp-image-810\" src=\"https:\/\/keemplesklep.pl\/wp-content\/uploads\/2022\/09\/Camera-Front.137-1-300x240.webp\" alt=\"\" width=\"300\" height=\"240\" srcset=\"https:\/\/keemplesklep.pl\/wp-content\/uploads\/2022\/09\/Camera-Front.137-1-300x240.webp 300w, https:\/\/keemplesklep.pl\/wp-content\/uploads\/2022\/09\/Camera-Front.137-1-324x259.webp 324w, https:\/\/keemplesklep.pl\/wp-content\/uploads\/2022\/09\/Camera-Front.137-1-416x333.webp 416w, https:\/\/keemplesklep.pl\/wp-content\/uploads\/2022\/09\/Camera-Front.137-1-768x614.webp 768w, https:\/\/keemplesklep.pl\/wp-content\/uploads\/2022\/09\/Camera-Front.137-1.webp 1000w\" sizes=\"auto, (max-width: 300px) 100vw, 300px\" \/><br \/>\n<strong>Smart socket<\/strong> &#8211; allows you to switch a device on and off remotely using the Keemple app. Regardless of the time of day or night, you can decide whether the indicated socket should be active. In addition, they also measure the level of energy consumption.<\/p>\n<p><img loading=\"lazy\" decoding=\"async\" class=\"alignnone size-medium wp-image-815\" src=\"https:\/\/keemplesklep.pl\/wp-content\/uploads\/2022\/09\/Plug-Side.155-1-300x240.webp\" alt=\"\" width=\"300\" height=\"240\" srcset=\"https:\/\/keemplesklep.pl\/wp-content\/uploads\/2022\/09\/Plug-Side.155-1-300x240.webp 300w, https:\/\/keemplesklep.pl\/wp-content\/uploads\/2022\/09\/Plug-Side.155-1-324x259.webp 324w, https:\/\/keemplesklep.pl\/wp-content\/uploads\/2022\/09\/Plug-Side.155-1-416x333.webp 416w, https:\/\/keemplesklep.pl\/wp-content\/uploads\/2022\/09\/Plug-Side.155-1-768x614.webp 768w, https:\/\/keemplesklep.pl\/wp-content\/uploads\/2022\/09\/Plug-Side.155-1.webp 1000w\" sizes=\"auto, (max-width: 300px) 100vw, 300px\" \/><\/p>\n<p><strong>Flood detector &#8211; a device that notifies you of a water leak.<\/strong> Thanks to an audible signal and\/or a notification from the Keemple 2.0 app, it is possible to be warned of flooding.<\/p>\n<p><img loading=\"lazy\" decoding=\"async\" class=\"alignnone size-medium wp-image-819\" src=\"https:\/\/keemplesklep.pl\/wp-content\/uploads\/2022\/09\/Water-Side.135-1-300x240.webp\" alt=\"\" width=\"300\" height=\"240\" srcset=\"https:\/\/keemplesklep.pl\/wp-content\/uploads\/2022\/09\/Water-Side.135-1-300x240.webp 300w, https:\/\/keemplesklep.pl\/wp-content\/uploads\/2022\/09\/Water-Side.135-1-324x259.webp 324w, https:\/\/keemplesklep.pl\/wp-content\/uploads\/2022\/09\/Water-Side.135-1-416x333.webp 416w, https:\/\/keemplesklep.pl\/wp-content\/uploads\/2022\/09\/Water-Side.135-1-768x614.webp 768w, https:\/\/keemplesklep.pl\/wp-content\/uploads\/2022\/09\/Water-Side.135-1.webp 1000w\" sizes=\"auto, (max-width: 300px) 100vw, 300px\" \/><\/p>\n<p><strong>Smoke detector<\/strong> &#8211; a device, thanks to the app and the built-in alarm, will immediately notify you of the danger.<\/p>\n<p><img loading=\"lazy\" decoding=\"async\" class=\"alignnone size-medium wp-image-814\" src=\"https:\/\/keemplesklep.pl\/wp-content\/uploads\/2022\/09\/Smoke-Front.132-1-300x240.webp\" alt=\"\" width=\"300\" height=\"240\" srcset=\"https:\/\/keemplesklep.pl\/wp-content\/uploads\/2022\/09\/Smoke-Front.132-1-300x240.webp 300w, https:\/\/keemplesklep.pl\/wp-content\/uploads\/2022\/09\/Smoke-Front.132-1-324x259.webp 324w, https:\/\/keemplesklep.pl\/wp-content\/uploads\/2022\/09\/Smoke-Front.132-1-416x333.webp 416w, https:\/\/keemplesklep.pl\/wp-content\/uploads\/2022\/09\/Smoke-Front.132-1-768x614.webp 768w, https:\/\/keemplesklep.pl\/wp-content\/uploads\/2022\/09\/Smoke-Front.132-1.webp 1000w\" sizes=\"auto, (max-width: 300px) 100vw, 300px\" \/><br \/>\nThe use of the modular design of the Keemple system allows you to adapt it to the needs of your family. What is additionally important is that the finished Keemple kit can be integrated with other smart home devices such as smart <a href=\"https:\/\/keemplesklep.pl\/en\/kategoria-produktu\/smart-lighting\/\">lighting<\/a> or thermostats. This allows us to create a coherent ecosystem of smart home solutions. Therefore, the SMART HOME security kit is a ready-made solution designed to meet your needs and requirements. In summary, this kit is the perfect solution for those who want to create a home that combines comfort with enhanced security. The kit provides a comprehensive approach to monitoring and protection that allows users to control their home at all times.<\/p>\n<p>&nbsp;<\/p>\n<div class=\"gsp_post_data\" \r\n\t            data-post_type=\"product\" \r\n\t            data-cat=\"\" \r\n\t            data-modified=\"120\"\r\n\t            data-created=\"1664889410\"\r\n\t            data-title=\"Z-Wave Smart Home Security Kit\" \r\n\t            data-home=\"https:\/\/keemplesklep.pl\/en\/\"><\/div>","protected":false},"excerpt":{"rendered":"<p>Smart home comfort kit &#8211; thanks to the kit, you gain the ability to control up to 232 devices with Z-Wave technology &#8211; either manually or via the Keemple 2.0 application. The kit includes a door\/window sensor, which allows you user to receive information about open doors or windows in a room, a motion sensor, which reports the detection of a moving object and a smart socket, which allows you to remotely switch a device on or off and monitor its electricity consumption. its electricity consumption, a camera that allows live monitoring. The kit also includes a flood detector and a smoke detector, which will notify you of dangers and unwanted events via the app or with an audible signal.<\/p>\n","protected":false},"featured_media":2836,"comment_status":"closed","ping_status":"closed","template":"","meta":{"_acf_changed":false},"product_brand":[],"product_cat":[204,203],"product_tag":[159,170,172,155,177],"class_list":{"0":"post-3079","1":"product","2":"type-product","3":"status-publish","4":"has-post-thumbnail","6":"product_cat-smart-home-security-kit","7":"product_cat-smart-sets","8":"product_tag-kit-en","9":"product_tag-smart-en","10":"product_tag-smart-home-en-2","11":"product_tag-smart-home-en","12":"product_tag-z-wave-en","14":"first","15":"instock","16":"taxable","17":"shipping-taxable","18":"purchasable","19":"product-type-simple"},"acf":[],"yoast_head":"<!-- This site is optimized with the Yoast SEO plugin v27.5 - https:\/\/yoast.com\/product\/yoast-seo-wordpress\/ -->\n<title>Z-Wave Smart Home Security Kit - Keemple<\/title>\n<meta name=\"description\" content=\"Keemple - Z-Wave Smart Home Security Kit - Our SMART HOME safety kit will take care of your home, even when you are away from it.\" \/>\n<meta name=\"robots\" content=\"index, follow, max-snippet:-1, max-image-preview:large, max-video-preview:-1\" \/>\n<link rel=\"canonical\" href=\"https:\/\/keemplesklep.pl\/en\/produkt\/z-wave-smart-home-security-kit\/\" \/>\n<meta property=\"og:locale\" content=\"en_US\" \/>\n<meta property=\"og:type\" content=\"article\" \/>\n<meta property=\"og:title\" content=\"Z-Wave Smart Home Security Kit - Keemple\" \/>\n<meta property=\"og:description\" content=\"Keemple - Z-Wave Smart Home Security Kit - Our SMART HOME safety kit will take care of your home, even when you are away from it.\" \/>\n<meta property=\"og:url\" content=\"https:\/\/keemplesklep.pl\/en\/produkt\/z-wave-smart-home-security-kit\/\" \/>\n<meta property=\"og:site_name\" content=\"Keemple\" \/>\n<meta property=\"article:modified_time\" content=\"2025-10-31T23:24:06+00:00\" \/>\n<meta property=\"og:image\" content=\"https:\/\/keemplesklep.pl\/wp-content\/uploads\/2022\/10\/Comfort-Back2.193.webp\" \/>\n\t<meta property=\"og:image:width\" content=\"1000\" \/>\n\t<meta property=\"og:image:height\" content=\"800\" \/>\n\t<meta property=\"og:image:type\" content=\"image\/webp\" \/>\n<meta name=\"twitter:card\" content=\"summary_large_image\" \/>\n<meta name=\"twitter:label1\" content=\"Est. reading time\" \/>\n\t<meta name=\"twitter:data1\" content=\"5 minutes\" \/>\n<script type=\"application\/ld+json\" class=\"yoast-schema-graph\">{\"@context\":\"https:\\\/\\\/schema.org\",\"@graph\":[{\"@type\":\"WebPage\",\"@id\":\"https:\\\/\\\/keemplesklep.pl\\\/en\\\/produkt\\\/z-wave-smart-home-security-kit\\\/\",\"url\":\"https:\\\/\\\/keemplesklep.pl\\\/en\\\/produkt\\\/z-wave-smart-home-security-kit\\\/\",\"name\":\"Z-Wave Smart Home Security Kit - Keemple\",\"isPartOf\":{\"@id\":\"https:\\\/\\\/keemplesklep.pl\\\/#website\"},\"primaryImageOfPage\":{\"@id\":\"https:\\\/\\\/keemplesklep.pl\\\/en\\\/produkt\\\/z-wave-smart-home-security-kit\\\/#primaryimage\"},\"image\":{\"@id\":\"https:\\\/\\\/keemplesklep.pl\\\/en\\\/produkt\\\/z-wave-smart-home-security-kit\\\/#primaryimage\"},\"thumbnailUrl\":\"https:\\\/\\\/keemplesklep.pl\\\/wp-content\\\/uploads\\\/2022\\\/10\\\/Comfort-Back2.193.webp\",\"datePublished\":\"2024-03-20T12:04:07+00:00\",\"dateModified\":\"2025-10-31T23:24:06+00:00\",\"description\":\"Keemple - Z-Wave Smart Home Security Kit - Our SMART HOME safety kit will take care of your home, even when you are away from it.\",\"breadcrumb\":{\"@id\":\"https:\\\/\\\/keemplesklep.pl\\\/en\\\/produkt\\\/z-wave-smart-home-security-kit\\\/#breadcrumb\"},\"inLanguage\":\"en-US\",\"potentialAction\":[{\"@type\":\"ReadAction\",\"target\":[\"https:\\\/\\\/keemplesklep.pl\\\/en\\\/produkt\\\/z-wave-smart-home-security-kit\\\/\"]}]},{\"@type\":\"ImageObject\",\"inLanguage\":\"en-US\",\"@id\":\"https:\\\/\\\/keemplesklep.pl\\\/en\\\/produkt\\\/z-wave-smart-home-security-kit\\\/#primaryimage\",\"url\":\"https:\\\/\\\/keemplesklep.pl\\\/wp-content\\\/uploads\\\/2022\\\/10\\\/Comfort-Back2.193.webp\",\"contentUrl\":\"https:\\\/\\\/keemplesklep.pl\\\/wp-content\\\/uploads\\\/2022\\\/10\\\/Comfort-Back2.193.webp\",\"width\":1000,\"height\":800,\"caption\":\"Zestaw bezpiecze\u0144stwo SMART HOME\"},{\"@type\":\"BreadcrumbList\",\"@id\":\"https:\\\/\\\/keemplesklep.pl\\\/en\\\/produkt\\\/z-wave-smart-home-security-kit\\\/#breadcrumb\",\"itemListElement\":[{\"@type\":\"ListItem\",\"position\":1,\"name\":\"Strona g\u0142\u00f3wna\",\"item\":\"https:\\\/\\\/keemplesklep.pl\\\/en\\\/\"},{\"@type\":\"ListItem\",\"position\":2,\"name\":\"Smart home sklep\",\"item\":\"https:\\\/\\\/keemplesklep.pl\\\/sklep\\\/\"},{\"@type\":\"ListItem\",\"position\":3,\"name\":\"Z-Wave Smart Home Security Kit\"}]},{\"@type\":\"WebSite\",\"@id\":\"https:\\\/\\\/keemplesklep.pl\\\/#website\",\"url\":\"https:\\\/\\\/keemplesklep.pl\\\/\",\"name\":\"Keemple\",\"description\":\"Inteligentny dom - urz\u0105d\u017a smart home z inteligentnymi urz\u0105dzeniami\",\"publisher\":{\"@id\":\"https:\\\/\\\/keemplesklep.pl\\\/#organization\"},\"potentialAction\":[{\"@type\":\"SearchAction\",\"target\":{\"@type\":\"EntryPoint\",\"urlTemplate\":\"https:\\\/\\\/keemplesklep.pl\\\/?s={search_term_string}\"},\"query-input\":{\"@type\":\"PropertyValueSpecification\",\"valueRequired\":true,\"valueName\":\"search_term_string\"}}],\"inLanguage\":\"en-US\"},{\"@type\":\"Organization\",\"@id\":\"https:\\\/\\\/keemplesklep.pl\\\/#organization\",\"name\":\"Keemple\",\"url\":\"https:\\\/\\\/keemplesklep.pl\\\/\",\"logo\":{\"@type\":\"ImageObject\",\"inLanguage\":\"en-US\",\"@id\":\"https:\\\/\\\/keemplesklep.pl\\\/#\\\/schema\\\/logo\\\/image\\\/\",\"url\":\"https:\\\/\\\/keemplesklep.pl\\\/wp-content\\\/uploads\\\/2023\\\/03\\\/cropped-logonew.png\",\"contentUrl\":\"https:\\\/\\\/keemplesklep.pl\\\/wp-content\\\/uploads\\\/2023\\\/03\\\/cropped-logonew.png\",\"width\":367,\"height\":163,\"caption\":\"Keemple\"},\"image\":{\"@id\":\"https:\\\/\\\/keemplesklep.pl\\\/#\\\/schema\\\/logo\\\/image\\\/\"}}]}<\/script>\n<!-- \/ Yoast SEO plugin. -->","yoast_head_json":{"title":"Z-Wave Smart Home Security Kit - Keemple","description":"Keemple - Z-Wave Smart Home Security Kit - Our SMART HOME safety kit will take care of your home, even when you are away from it.","robots":{"index":"index","follow":"follow","max-snippet":"max-snippet:-1","max-image-preview":"max-image-preview:large","max-video-preview":"max-video-preview:-1"},"canonical":"https:\/\/keemplesklep.pl\/en\/produkt\/z-wave-smart-home-security-kit\/","og_locale":"en_US","og_type":"article","og_title":"Z-Wave Smart Home Security Kit - Keemple","og_description":"Keemple - Z-Wave Smart Home Security Kit - Our SMART HOME safety kit will take care of your home, even when you are away from it.","og_url":"https:\/\/keemplesklep.pl\/en\/produkt\/z-wave-smart-home-security-kit\/","og_site_name":"Keemple","article_modified_time":"2025-10-31T23:24:06+00:00","og_image":[{"width":1000,"height":800,"url":"https:\/\/keemplesklep.pl\/wp-content\/uploads\/2022\/10\/Comfort-Back2.193.webp","type":"image\/webp"}],"twitter_card":"summary_large_image","twitter_misc":{"Est. reading time":"5 minutes"},"schema":{"@context":"https:\/\/schema.org","@graph":[{"@type":"WebPage","@id":"https:\/\/keemplesklep.pl\/en\/produkt\/z-wave-smart-home-security-kit\/","url":"https:\/\/keemplesklep.pl\/en\/produkt\/z-wave-smart-home-security-kit\/","name":"Z-Wave Smart Home Security Kit - Keemple","isPartOf":{"@id":"https:\/\/keemplesklep.pl\/#website"},"primaryImageOfPage":{"@id":"https:\/\/keemplesklep.pl\/en\/produkt\/z-wave-smart-home-security-kit\/#primaryimage"},"image":{"@id":"https:\/\/keemplesklep.pl\/en\/produkt\/z-wave-smart-home-security-kit\/#primaryimage"},"thumbnailUrl":"https:\/\/keemplesklep.pl\/wp-content\/uploads\/2022\/10\/Comfort-Back2.193.webp","datePublished":"2024-03-20T12:04:07+00:00","dateModified":"2025-10-31T23:24:06+00:00","description":"Keemple - Z-Wave Smart Home Security Kit - Our SMART HOME safety kit will take care of your home, even when you are away from it.","breadcrumb":{"@id":"https:\/\/keemplesklep.pl\/en\/produkt\/z-wave-smart-home-security-kit\/#breadcrumb"},"inLanguage":"en-US","potentialAction":[{"@type":"ReadAction","target":["https:\/\/keemplesklep.pl\/en\/produkt\/z-wave-smart-home-security-kit\/"]}]},{"@type":"ImageObject","inLanguage":"en-US","@id":"https:\/\/keemplesklep.pl\/en\/produkt\/z-wave-smart-home-security-kit\/#primaryimage","url":"https:\/\/keemplesklep.pl\/wp-content\/uploads\/2022\/10\/Comfort-Back2.193.webp","contentUrl":"https:\/\/keemplesklep.pl\/wp-content\/uploads\/2022\/10\/Comfort-Back2.193.webp","width":1000,"height":800,"caption":"Zestaw bezpiecze\u0144stwo SMART HOME"},{"@type":"BreadcrumbList","@id":"https:\/\/keemplesklep.pl\/en\/produkt\/z-wave-smart-home-security-kit\/#breadcrumb","itemListElement":[{"@type":"ListItem","position":1,"name":"Strona g\u0142\u00f3wna","item":"https:\/\/keemplesklep.pl\/en\/"},{"@type":"ListItem","position":2,"name":"Smart home sklep","item":"https:\/\/keemplesklep.pl\/sklep\/"},{"@type":"ListItem","position":3,"name":"Z-Wave Smart Home Security Kit"}]},{"@type":"WebSite","@id":"https:\/\/keemplesklep.pl\/#website","url":"https:\/\/keemplesklep.pl\/","name":"Keemple","description":"Inteligentny dom - urz\u0105d\u017a smart home z inteligentnymi urz\u0105dzeniami","publisher":{"@id":"https:\/\/keemplesklep.pl\/#organization"},"potentialAction":[{"@type":"SearchAction","target":{"@type":"EntryPoint","urlTemplate":"https:\/\/keemplesklep.pl\/?s={search_term_string}"},"query-input":{"@type":"PropertyValueSpecification","valueRequired":true,"valueName":"search_term_string"}}],"inLanguage":"en-US"},{"@type":"Organization","@id":"https:\/\/keemplesklep.pl\/#organization","name":"Keemple","url":"https:\/\/keemplesklep.pl\/","logo":{"@type":"ImageObject","inLanguage":"en-US","@id":"https:\/\/keemplesklep.pl\/#\/schema\/logo\/image\/","url":"https:\/\/keemplesklep.pl\/wp-content\/uploads\/2023\/03\/cropped-logonew.png","contentUrl":"https:\/\/keemplesklep.pl\/wp-content\/uploads\/2023\/03\/cropped-logonew.png","width":367,"height":163,"caption":"Keemple"},"image":{"@id":"https:\/\/keemplesklep.pl\/#\/schema\/logo\/image\/"}}]}},"_links":{"self":[{"href":"https:\/\/keemplesklep.pl\/en\/wp-json\/wp\/v2\/product\/3079","targetHints":{"allow":["GET"]}}],"collection":[{"href":"https:\/\/keemplesklep.pl\/en\/wp-json\/wp\/v2\/product"}],"about":[{"href":"https:\/\/keemplesklep.pl\/en\/wp-json\/wp\/v2\/types\/product"}],"replies":[{"embeddable":true,"href":"https:\/\/keemplesklep.pl\/en\/wp-json\/wp\/v2\/comments?post=3079"}],"wp:featuredmedia":[{"embeddable":true,"href":"https:\/\/keemplesklep.pl\/en\/wp-json\/wp\/v2\/media\/2836"}],"wp:attachment":[{"href":"https:\/\/keemplesklep.pl\/en\/wp-json\/wp\/v2\/media?parent=3079"}],"wp:term":[{"taxonomy":"product_brand","embeddable":true,"href":"https:\/\/keemplesklep.pl\/en\/wp-json\/wp\/v2\/product_brand?post=3079"},{"taxonomy":"product_cat","embeddable":true,"href":"https:\/\/keemplesklep.pl\/en\/wp-json\/wp\/v2\/product_cat?post=3079"},{"taxonomy":"product_tag","embeddable":true,"href":"https:\/\/keemplesklep.pl\/en\/wp-json\/wp\/v2\/product_tag?post=3079"}],"curies":[{"name":"wp","href":"https:\/\/api.w.org\/{rel}","templated":true}]}}