{"id":3065,"date":"2023-08-08T10:45:18","date_gmt":"2024-03-20T11:44:51","guid":{"rendered":"https:\/\/keemplesklep.pl\/produkt\/keemple-z-wave-smart-home-siren\/"},"modified":"2025-12-04T01:15:05","modified_gmt":"2025-12-04T00:15:05","slug":"keemple-z-wave-smart-home-siren","status":"publish","type":"product","link":"https:\/\/keemplesklep.pl\/en\/produkt\/keemple-z-wave-smart-home-siren\/","title":{"rendered":"Keemple Z-wave Smart Home Siren"},"content":{"rendered":"<p>The Keemple Smart Home Siren is an indispensable part of the Keemple Smart Home system, allowing you to fully control the security of your surroundings. The siren is an integral part of the system&#8217;s modular structure, connecting to the central gateway and other key components such as door\/window, smoke, flood and motion sensors and detectors. Create any connections you want using the free Keemple 2.0 app to ensure your comfort and <a href=\"https:\/\/keemplesklep.pl\/wszystko-co-warto-wiedziec-o-inteligentnym-monitoringu-domu\/\">security<\/a>.<!--1--><\/p>\n<p><img loading=\"lazy\" decoding=\"async\" class=\"alignnone wp-image-1776 size-full\" src=\"https:\/\/keemplesklep.pl\/wp-content\/uploads\/2023\/08\/syrena-1-1-1.webp\" alt=\"The Keemple siren in the home kitchen informs with an acoustic signal about a possible fire or flood threat.\" width=\"1200\" height=\"800\" srcset=\"https:\/\/keemplesklep.pl\/wp-content\/uploads\/2023\/08\/syrena-1-1-1.webp 1200w, https:\/\/keemplesklep.pl\/wp-content\/uploads\/2023\/08\/syrena-1-1-1-300x200.webp 300w, https:\/\/keemplesklep.pl\/wp-content\/uploads\/2023\/08\/syrena-1-1-1-1024x683.webp 1024w, https:\/\/keemplesklep.pl\/wp-content\/uploads\/2023\/08\/syrena-1-1-1-768x512.webp 768w, https:\/\/keemplesklep.pl\/wp-content\/uploads\/2023\/08\/syrena-1-1-1-324x216.webp 324w, https:\/\/keemplesklep.pl\/wp-content\/uploads\/2023\/08\/syrena-1-1-1-416x277.webp 416w\" sizes=\"auto, (max-width: 1200px) 100vw, 1200px\" \/><\/p>\n<p>In situations where the system detects a potential threat, this device immediately responds by triggering an audible alarm. You can customise the siren&#8217;s action by choosing from a variety of available alarm sounds and adjusting the volume level to meet your individual preferences and security needs. The siren acts effectively as a deterrent, driving away potential intruders and alerting householders to possible dangers.<\/p>\n<p><img loading=\"lazy\" decoding=\"async\" class=\"aligncenter wp-image-3637 size-large\" src=\"https:\/\/keemplesklep.pl\/wp-content\/uploads\/2023\/08\/Obszar-roboczy-1-kopia-12.webp\" alt=\"\" width=\"980\" height=\"735\" srcset=\"https:\/\/keemplesklep.pl\/wp-content\/uploads\/2023\/08\/Obszar-roboczy-1-kopia-12.webp 2362w, https:\/\/keemplesklep.pl\/wp-content\/uploads\/2023\/08\/Obszar-roboczy-1-kopia-12-300x225.webp 300w, https:\/\/keemplesklep.pl\/wp-content\/uploads\/2023\/08\/Obszar-roboczy-1-kopia-12-1024x768.webp 1024w, https:\/\/keemplesklep.pl\/wp-content\/uploads\/2023\/08\/Obszar-roboczy-1-kopia-12-768x576.webp 768w, https:\/\/keemplesklep.pl\/wp-content\/uploads\/2023\/08\/Obszar-roboczy-1-kopia-12-1536x1152.webp 1536w, https:\/\/keemplesklep.pl\/wp-content\/uploads\/2023\/08\/Obszar-roboczy-1-kopia-12-2048x1536.webp 2048w, https:\/\/keemplesklep.pl\/wp-content\/uploads\/2023\/08\/Obszar-roboczy-1-kopia-12-324x243.webp 324w, https:\/\/keemplesklep.pl\/wp-content\/uploads\/2023\/08\/Obszar-roboczy-1-kopia-12-416x312.webp 416w\" sizes=\"auto, (max-width: 980px) 100vw, 980px\" \/><\/p>\n<p>Through integration with other components of the Keemple Smart Home system, the siren creates a coherent and effective security network. It brings you peace of mind and reassurance that your home is under constant control. With Keemple&#8217;s Smart Home Siren, the security and comfort of your surroundings are at your fingertips. This device works by communicating with other appliances via the <a href=\"https:\/\/keemplesklep.pl\/en\/why-do-we-choose-z-wave\/\"><strong>Z-Wave<\/strong><\/a><!--1--> network. <strong>Z-Wave<\/strong> signals are transmitted at relatively low transmission powers. This allows the desired communication to be achieved with minimal energy consumption. It also increases the battery life of the siren. <strong>Z-Wave<\/strong> network encryption also ensures confidentiality of information. This is crucial for home automation systems.<\/p>\n<p><img loading=\"lazy\" decoding=\"async\" class=\"alignnone wp-image-1778 size-full\" src=\"https:\/\/keemplesklep.pl\/wp-content\/uploads\/2023\/08\/syrena.webp\" alt=\"Keemple siren used as a bell in the living room with kitchenette. It can inform about the entrance of guests or threats. The kitchen is bright and spacious, the modern interior design matches the Keemple Smart Home system.\" width=\"1200\" height=\"800\" srcset=\"https:\/\/keemplesklep.pl\/wp-content\/uploads\/2023\/08\/syrena.webp 1200w, https:\/\/keemplesklep.pl\/wp-content\/uploads\/2023\/08\/syrena-300x200.webp 300w, https:\/\/keemplesklep.pl\/wp-content\/uploads\/2023\/08\/syrena-1024x683.webp 1024w, https:\/\/keemplesklep.pl\/wp-content\/uploads\/2023\/08\/syrena-768x512.webp 768w, https:\/\/keemplesklep.pl\/wp-content\/uploads\/2023\/08\/syrena-324x216.webp 324w, https:\/\/keemplesklep.pl\/wp-content\/uploads\/2023\/08\/syrena-416x277.webp 416w\" sizes=\"auto, (max-width: 1200px) 100vw, 1200px\" \/><\/p>\n<div class=\"gsp_post_data\" \r\n\t            data-post_type=\"product\" \r\n\t            data-cat=\"\" \r\n\t            data-modified=\"120\"\r\n\t            data-created=\"1691491518\"\r\n\t            data-title=\"Keemple Z-wave Smart Home Siren\" \r\n\t            data-home=\"https:\/\/keemplesklep.pl\/en\/\"><\/div>","protected":false},"excerpt":{"rendered":"<p>The Keemple siren is an integral part of the modular system. It cooperates with the main gate and important components such as door\/window, smoke, flood and motion sensors and detectors. Communication with other devices via a <strong>Z-Wave<\/strong> network. The Keemple 2.0 application allows you to create any connection you wish to ensure your comfort and security.<\/p>\n","protected":false},"featured_media":2976,"comment_status":"open","ping_status":"closed","template":"","meta":{"_acf_changed":false},"product_brand":[],"product_cat":[208],"product_tag":[157,155,172],"class_list":{"0":"post-3065","1":"product","2":"type-product","3":"status-publish","4":"has-post-thumbnail","6":"product_cat-alarm-siren","7":"product_tag-keemple-en","8":"product_tag-smart-home-en","9":"product_tag-smart-home-en-2","11":"first","12":"instock","13":"taxable","14":"shipping-taxable","15":"purchasable","16":"product-type-simple"},"acf":[],"yoast_head":"<!-- This site is optimized with the Yoast SEO plugin v27.5 - https:\/\/yoast.com\/product\/yoast-seo-wordpress\/ -->\n<title>Keemple Z-wave Smart Home Siren - Keemple<\/title>\n<meta name=\"description\" content=\"Keemple - Keemple Z-wave Smart Home Siren - one device, various applications. Alarm siren, bell, security in your home thanks to Smart Home Keeper.\" \/>\n<meta name=\"robots\" content=\"index, follow, max-snippet:-1, max-image-preview:large, max-video-preview:-1\" \/>\n<link rel=\"canonical\" href=\"https:\/\/keemplesklep.pl\/en\/produkt\/keemple-z-wave-smart-home-siren\/\" \/>\n<meta property=\"og:locale\" content=\"en_US\" \/>\n<meta property=\"og:type\" content=\"article\" \/>\n<meta property=\"og:title\" content=\"Keemple Z-wave Smart Home Siren - Keemple\" \/>\n<meta property=\"og:description\" content=\"Keemple - Keemple Z-wave Smart Home Siren - one device, various applications. Alarm siren, bell, security in your home thanks to Smart Home Keeper.\" \/>\n<meta property=\"og:url\" content=\"https:\/\/keemplesklep.pl\/en\/produkt\/keemple-z-wave-smart-home-siren\/\" \/>\n<meta property=\"og:site_name\" content=\"Keemple\" \/>\n<meta property=\"article:modified_time\" content=\"2025-12-04T00:15:05+00:00\" \/>\n<meta property=\"og:image\" content=\"https:\/\/keemplesklep.pl\/wp-content\/uploads\/2023\/08\/syrena-srednio-biala.webp\" \/>\n\t<meta property=\"og:image:width\" content=\"1890\" \/>\n\t<meta property=\"og:image:height\" content=\"1417\" \/>\n\t<meta property=\"og:image:type\" content=\"image\/png\" \/>\n<meta name=\"twitter:card\" content=\"summary_large_image\" \/>\n<meta name=\"twitter:label1\" content=\"Est. reading time\" \/>\n\t<meta name=\"twitter:data1\" content=\"3 minutes\" \/>\n<script type=\"application\/ld+json\" class=\"yoast-schema-graph\">{\"@context\":\"https:\\\/\\\/schema.org\",\"@graph\":[{\"@type\":\"WebPage\",\"@id\":\"https:\\\/\\\/keemplesklep.pl\\\/en\\\/produkt\\\/keemple-z-wave-smart-home-siren\\\/\",\"url\":\"https:\\\/\\\/keemplesklep.pl\\\/en\\\/produkt\\\/keemple-z-wave-smart-home-siren\\\/\",\"name\":\"Keemple Z-wave Smart Home Siren - Keemple\",\"isPartOf\":{\"@id\":\"https:\\\/\\\/keemplesklep.pl\\\/#website\"},\"primaryImageOfPage\":{\"@id\":\"https:\\\/\\\/keemplesklep.pl\\\/en\\\/produkt\\\/keemple-z-wave-smart-home-siren\\\/#primaryimage\"},\"image\":{\"@id\":\"https:\\\/\\\/keemplesklep.pl\\\/en\\\/produkt\\\/keemple-z-wave-smart-home-siren\\\/#primaryimage\"},\"thumbnailUrl\":\"https:\\\/\\\/keemplesklep.pl\\\/wp-content\\\/uploads\\\/2023\\\/08\\\/syrena-srednio-biala.webp\",\"datePublished\":\"2024-03-20T11:44:51+00:00\",\"dateModified\":\"2025-12-04T00:15:05+00:00\",\"description\":\"Keemple - Keemple Z-wave Smart Home Siren - one device, various applications. Alarm siren, bell, security in your home thanks to Smart Home Keeper.\",\"breadcrumb\":{\"@id\":\"https:\\\/\\\/keemplesklep.pl\\\/en\\\/produkt\\\/keemple-z-wave-smart-home-siren\\\/#breadcrumb\"},\"inLanguage\":\"en-US\",\"potentialAction\":[{\"@type\":\"ReadAction\",\"target\":[\"https:\\\/\\\/keemplesklep.pl\\\/en\\\/produkt\\\/keemple-z-wave-smart-home-siren\\\/\"]}]},{\"@type\":\"ImageObject\",\"inLanguage\":\"en-US\",\"@id\":\"https:\\\/\\\/keemplesklep.pl\\\/en\\\/produkt\\\/keemple-z-wave-smart-home-siren\\\/#primaryimage\",\"url\":\"https:\\\/\\\/keemplesklep.pl\\\/wp-content\\\/uploads\\\/2023\\\/08\\\/syrena-srednio-biala.webp\",\"contentUrl\":\"https:\\\/\\\/keemplesklep.pl\\\/wp-content\\\/uploads\\\/2023\\\/08\\\/syrena-srednio-biala.webp\",\"width\":1890,\"height\":1417,\"caption\":\"Smart Syrena Keemple\"},{\"@type\":\"BreadcrumbList\",\"@id\":\"https:\\\/\\\/keemplesklep.pl\\\/en\\\/produkt\\\/keemple-z-wave-smart-home-siren\\\/#breadcrumb\",\"itemListElement\":[{\"@type\":\"ListItem\",\"position\":1,\"name\":\"Strona g\u0142\u00f3wna\",\"item\":\"https:\\\/\\\/keemplesklep.pl\\\/en\\\/\"},{\"@type\":\"ListItem\",\"position\":2,\"name\":\"Smart home sklep\",\"item\":\"https:\\\/\\\/keemplesklep.pl\\\/sklep\\\/\"},{\"@type\":\"ListItem\",\"position\":3,\"name\":\"Keemple Z-wave Smart Home Siren\"}]},{\"@type\":\"WebSite\",\"@id\":\"https:\\\/\\\/keemplesklep.pl\\\/#website\",\"url\":\"https:\\\/\\\/keemplesklep.pl\\\/\",\"name\":\"Keemple\",\"description\":\"Inteligentny dom - urz\u0105d\u017a smart home z inteligentnymi urz\u0105dzeniami\",\"publisher\":{\"@id\":\"https:\\\/\\\/keemplesklep.pl\\\/#organization\"},\"potentialAction\":[{\"@type\":\"SearchAction\",\"target\":{\"@type\":\"EntryPoint\",\"urlTemplate\":\"https:\\\/\\\/keemplesklep.pl\\\/?s={search_term_string}\"},\"query-input\":{\"@type\":\"PropertyValueSpecification\",\"valueRequired\":true,\"valueName\":\"search_term_string\"}}],\"inLanguage\":\"en-US\"},{\"@type\":\"Organization\",\"@id\":\"https:\\\/\\\/keemplesklep.pl\\\/#organization\",\"name\":\"Keemple\",\"url\":\"https:\\\/\\\/keemplesklep.pl\\\/\",\"logo\":{\"@type\":\"ImageObject\",\"inLanguage\":\"en-US\",\"@id\":\"https:\\\/\\\/keemplesklep.pl\\\/#\\\/schema\\\/logo\\\/image\\\/\",\"url\":\"https:\\\/\\\/keemplesklep.pl\\\/wp-content\\\/uploads\\\/2023\\\/03\\\/cropped-logonew.png\",\"contentUrl\":\"https:\\\/\\\/keemplesklep.pl\\\/wp-content\\\/uploads\\\/2023\\\/03\\\/cropped-logonew.png\",\"width\":367,\"height\":163,\"caption\":\"Keemple\"},\"image\":{\"@id\":\"https:\\\/\\\/keemplesklep.pl\\\/#\\\/schema\\\/logo\\\/image\\\/\"}}]}<\/script>\n<!-- \/ Yoast SEO plugin. -->","yoast_head_json":{"title":"Keemple Z-wave Smart Home Siren - Keemple","description":"Keemple - Keemple Z-wave Smart Home Siren - one device, various applications. Alarm siren, bell, security in your home thanks to Smart Home Keeper.","robots":{"index":"index","follow":"follow","max-snippet":"max-snippet:-1","max-image-preview":"max-image-preview:large","max-video-preview":"max-video-preview:-1"},"canonical":"https:\/\/keemplesklep.pl\/en\/produkt\/keemple-z-wave-smart-home-siren\/","og_locale":"en_US","og_type":"article","og_title":"Keemple Z-wave Smart Home Siren - Keemple","og_description":"Keemple - Keemple Z-wave Smart Home Siren - one device, various applications. Alarm siren, bell, security in your home thanks to Smart Home Keeper.","og_url":"https:\/\/keemplesklep.pl\/en\/produkt\/keemple-z-wave-smart-home-siren\/","og_site_name":"Keemple","article_modified_time":"2025-12-04T00:15:05+00:00","og_image":[{"width":1890,"height":1417,"url":"https:\/\/keemplesklep.pl\/wp-content\/uploads\/2023\/08\/syrena-srednio-biala.webp","type":"image\/png"}],"twitter_card":"summary_large_image","twitter_misc":{"Est. reading time":"3 minutes"},"schema":{"@context":"https:\/\/schema.org","@graph":[{"@type":"WebPage","@id":"https:\/\/keemplesklep.pl\/en\/produkt\/keemple-z-wave-smart-home-siren\/","url":"https:\/\/keemplesklep.pl\/en\/produkt\/keemple-z-wave-smart-home-siren\/","name":"Keemple Z-wave Smart Home Siren - Keemple","isPartOf":{"@id":"https:\/\/keemplesklep.pl\/#website"},"primaryImageOfPage":{"@id":"https:\/\/keemplesklep.pl\/en\/produkt\/keemple-z-wave-smart-home-siren\/#primaryimage"},"image":{"@id":"https:\/\/keemplesklep.pl\/en\/produkt\/keemple-z-wave-smart-home-siren\/#primaryimage"},"thumbnailUrl":"https:\/\/keemplesklep.pl\/wp-content\/uploads\/2023\/08\/syrena-srednio-biala.webp","datePublished":"2024-03-20T11:44:51+00:00","dateModified":"2025-12-04T00:15:05+00:00","description":"Keemple - Keemple Z-wave Smart Home Siren - one device, various applications. Alarm siren, bell, security in your home thanks to Smart Home Keeper.","breadcrumb":{"@id":"https:\/\/keemplesklep.pl\/en\/produkt\/keemple-z-wave-smart-home-siren\/#breadcrumb"},"inLanguage":"en-US","potentialAction":[{"@type":"ReadAction","target":["https:\/\/keemplesklep.pl\/en\/produkt\/keemple-z-wave-smart-home-siren\/"]}]},{"@type":"ImageObject","inLanguage":"en-US","@id":"https:\/\/keemplesklep.pl\/en\/produkt\/keemple-z-wave-smart-home-siren\/#primaryimage","url":"https:\/\/keemplesklep.pl\/wp-content\/uploads\/2023\/08\/syrena-srednio-biala.webp","contentUrl":"https:\/\/keemplesklep.pl\/wp-content\/uploads\/2023\/08\/syrena-srednio-biala.webp","width":1890,"height":1417,"caption":"Smart Syrena Keemple"},{"@type":"BreadcrumbList","@id":"https:\/\/keemplesklep.pl\/en\/produkt\/keemple-z-wave-smart-home-siren\/#breadcrumb","itemListElement":[{"@type":"ListItem","position":1,"name":"Strona g\u0142\u00f3wna","item":"https:\/\/keemplesklep.pl\/en\/"},{"@type":"ListItem","position":2,"name":"Smart home sklep","item":"https:\/\/keemplesklep.pl\/sklep\/"},{"@type":"ListItem","position":3,"name":"Keemple Z-wave Smart Home Siren"}]},{"@type":"WebSite","@id":"https:\/\/keemplesklep.pl\/#website","url":"https:\/\/keemplesklep.pl\/","name":"Keemple","description":"Inteligentny dom - urz\u0105d\u017a smart home z inteligentnymi urz\u0105dzeniami","publisher":{"@id":"https:\/\/keemplesklep.pl\/#organization"},"potentialAction":[{"@type":"SearchAction","target":{"@type":"EntryPoint","urlTemplate":"https:\/\/keemplesklep.pl\/?s={search_term_string}"},"query-input":{"@type":"PropertyValueSpecification","valueRequired":true,"valueName":"search_term_string"}}],"inLanguage":"en-US"},{"@type":"Organization","@id":"https:\/\/keemplesklep.pl\/#organization","name":"Keemple","url":"https:\/\/keemplesklep.pl\/","logo":{"@type":"ImageObject","inLanguage":"en-US","@id":"https:\/\/keemplesklep.pl\/#\/schema\/logo\/image\/","url":"https:\/\/keemplesklep.pl\/wp-content\/uploads\/2023\/03\/cropped-logonew.png","contentUrl":"https:\/\/keemplesklep.pl\/wp-content\/uploads\/2023\/03\/cropped-logonew.png","width":367,"height":163,"caption":"Keemple"},"image":{"@id":"https:\/\/keemplesklep.pl\/#\/schema\/logo\/image\/"}}]}},"_links":{"self":[{"href":"https:\/\/keemplesklep.pl\/en\/wp-json\/wp\/v2\/product\/3065","targetHints":{"allow":["GET"]}}],"collection":[{"href":"https:\/\/keemplesklep.pl\/en\/wp-json\/wp\/v2\/product"}],"about":[{"href":"https:\/\/keemplesklep.pl\/en\/wp-json\/wp\/v2\/types\/product"}],"replies":[{"embeddable":true,"href":"https:\/\/keemplesklep.pl\/en\/wp-json\/wp\/v2\/comments?post=3065"}],"wp:featuredmedia":[{"embeddable":true,"href":"https:\/\/keemplesklep.pl\/en\/wp-json\/wp\/v2\/media\/2976"}],"wp:attachment":[{"href":"https:\/\/keemplesklep.pl\/en\/wp-json\/wp\/v2\/media?parent=3065"}],"wp:term":[{"taxonomy":"product_brand","embeddable":true,"href":"https:\/\/keemplesklep.pl\/en\/wp-json\/wp\/v2\/product_brand?post=3065"},{"taxonomy":"product_cat","embeddable":true,"href":"https:\/\/keemplesklep.pl\/en\/wp-json\/wp\/v2\/product_cat?post=3065"},{"taxonomy":"product_tag","embeddable":true,"href":"https:\/\/keemplesklep.pl\/en\/wp-json\/wp\/v2\/product_tag?post=3065"}],"curies":[{"name":"wp","href":"https:\/\/api.w.org\/{rel}","templated":true}]}}