{"id":3059,"date":"2023-08-17T14:16:57","date_gmt":"2024-03-20T11:26:12","guid":{"rendered":"https:\/\/keemplesklep.pl\/produkt\/keemple-smart-home-black-vertical-double-plate-12\/"},"modified":"2024-12-01T00:01:50","modified_gmt":"2024-11-30T23:01:50","slug":"keemple-smart-home-black-vertical-double-plate-12","status":"publish","type":"product","link":"https:\/\/keemplesklep.pl\/en\/produkt\/keemple-smart-home-black-vertical-double-plate-12\/","title":{"rendered":"Keemple Smart Home Black Vertical Double Plate 1+2"},"content":{"rendered":"<p>The vertical plate will bring to your smart home a unique touch that is not only practical but also very stylish. These unique accessories combine functionality with aesthetics, adding modern style and a personal touch to interiors.<\/p>\n<p><img loading=\"lazy\" decoding=\"async\" class=\"alignnone wp-image-1868 size-full\" src=\"https:\/\/keemplesklep.pl\/wp-content\/uploads\/2023\/08\/ramka-czarna-podwojna.webp\" alt=\"Vertical frame as a decoration in a minimalist living room design.\" width=\"1200\" height=\"800\" srcset=\"https:\/\/keemplesklep.pl\/wp-content\/uploads\/2023\/08\/ramka-czarna-podwojna.webp 1200w, https:\/\/keemplesklep.pl\/wp-content\/uploads\/2023\/08\/ramka-czarna-podwojna-300x200.webp 300w, https:\/\/keemplesklep.pl\/wp-content\/uploads\/2023\/08\/ramka-czarna-podwojna-1024x683.webp 1024w, https:\/\/keemplesklep.pl\/wp-content\/uploads\/2023\/08\/ramka-czarna-podwojna-768x512.webp 768w, https:\/\/keemplesklep.pl\/wp-content\/uploads\/2023\/08\/ramka-czarna-podwojna-324x216.webp 324w, https:\/\/keemplesklep.pl\/wp-content\/uploads\/2023\/08\/ramka-czarna-podwojna-416x277.webp 416w\" sizes=\"auto, (max-width: 1200px) 100vw, 1200px\" \/><\/p>\n<p>Our black switch plates are the perfect solution for those aiming to personalise their smart home. Whether you prefer a minimalist style or a more modern design, these plates will blend in perfectly. The black colour gives them an elegant look and provides the perfect background for the innovative technology they hide.<\/p>\n<p>In addition to its appearance, the plates also have certain functions. They have been designed to fit perfectly into standard switches and electrical plates, ensuring a smooth and secure fit. This makes replacing old plates with the new black models simple and requires no specialist tools or skills.<\/p>\n<p><img loading=\"lazy\" decoding=\"async\" class=\"alignnone wp-image-1872 size-full\" src=\"https:\/\/keemplesklep.pl\/wp-content\/uploads\/2023\/08\/Lifestyle-ramka-pozioma-czarna-webp-1.webp\" alt=\"Vertical frame as a decoration in a minimalist living room design.\" width=\"1200\" height=\"800\" srcset=\"https:\/\/keemplesklep.pl\/wp-content\/uploads\/2023\/08\/Lifestyle-ramka-pozioma-czarna-webp-1.webp 1200w, https:\/\/keemplesklep.pl\/wp-content\/uploads\/2023\/08\/Lifestyle-ramka-pozioma-czarna-webp-1-300x200.webp 300w, https:\/\/keemplesklep.pl\/wp-content\/uploads\/2023\/08\/Lifestyle-ramka-pozioma-czarna-webp-1-1024x683.webp 1024w, https:\/\/keemplesklep.pl\/wp-content\/uploads\/2023\/08\/Lifestyle-ramka-pozioma-czarna-webp-1-768x512.webp 768w, https:\/\/keemplesklep.pl\/wp-content\/uploads\/2023\/08\/Lifestyle-ramka-pozioma-czarna-webp-1-324x216.webp 324w, https:\/\/keemplesklep.pl\/wp-content\/uploads\/2023\/08\/Lifestyle-ramka-pozioma-czarna-webp-1-416x277.webp 416w\" sizes=\"auto, (max-width: 1200px) 100vw, 1200px\" \/><\/p>\n<p>Smart Home switches are a central control point for the various functions of the home. Vertical plates perfectly complement this functionality, creating a coherent and aesthetically pleasing look for the entire system. Regardless of whether you plan to control <a href=\"https:\/\/keemplesklep.pl\/jak-zaprojektowac-swoje-inteligentne-oswietlenie\/\">lighting<\/a>, blinds or other devices, our frames will allow you to do it in a comfortable and stylish way.<\/p>\n<p><iframe loading=\"lazy\" title=\"Instalacja ramki podw\u00f3jnej Keemple - Jak zamontowa\u0107 ramk\u0119?\" width=\"980\" height=\"551\" src=\"https:\/\/www.youtube.com\/embed\/0zM1zeYo_k8?feature=oembed&#038;enablejsapi=1&#038;origin=https:\/\/keemplesklep.pl\" frameborder=\"0\" allow=\"accelerometer; autoplay; clipboard-write; encrypted-media; gyroscope; picture-in-picture; web-share\" allowfullscreen><\/iframe><\/p>\n<p>Order black switch plates from our online shop today and give your smart home a unique touch. Combine functionality with aesthetics and enjoy a comprehensive Smart Home experience with a new level of elegance.<\/p>\n<div class=\"gsp_post_data\" \r\n\t            data-post_type=\"product\" \r\n\t            data-cat=\"\" \r\n\t            data-modified=\"120\"\r\n\t            data-created=\"1692281817\"\r\n\t            data-title=\"Keemple Smart Home Black Vertical Double Plate 1+2\" \r\n\t            data-home=\"https:\/\/keemplesklep.pl\/en\/\"><\/div>","protected":false},"excerpt":{"rendered":"<p>Bring elegance and style to your smart home with our black switch plates available in our online shop. These unique accessories combine functionality with aesthetics, adding modern style and a personal touch to interiors.<\/p>\n","protected":false},"featured_media":2987,"comment_status":"open","ping_status":"closed","template":"","meta":{"_acf_changed":false},"product_brand":[],"product_cat":[201],"product_tag":[143,165,172],"class_list":{"0":"post-3059","1":"product","2":"type-product","3":"status-publish","4":"has-post-thumbnail","6":"product_cat-keemple-frames-and-panels","7":"product_tag-black-keemple-frame","8":"product_tag-double-frame","9":"product_tag-smart-home-en-2","11":"first","12":"instock","13":"taxable","14":"shipping-taxable","15":"purchasable","16":"product-type-simple"},"acf":[],"yoast_head":"<!-- This site is optimized with the Yoast SEO plugin v27.4 - https:\/\/yoast.com\/product\/yoast-seo-wordpress\/ -->\n<title>Keemple Smart Home Black Vertical Double Plate 1+2 - Keemple<\/title>\n<meta name=\"description\" content=\"Keemple - Keemple Smart Home Black Vertical Double Plate 1+2 - The vertical frame will perfectly decorate any interior and increase the comfort of using light switches.\" \/>\n<meta name=\"robots\" content=\"index, follow, max-snippet:-1, max-image-preview:large, max-video-preview:-1\" \/>\n<link rel=\"canonical\" href=\"https:\/\/keemplesklep.pl\/produkt\/ramka-podwojna-pionowa-12-czarna\/\" \/>\n<meta property=\"og:locale\" content=\"en_US\" \/>\n<meta property=\"og:type\" content=\"article\" \/>\n<meta property=\"og:title\" content=\"Keemple Smart Home Black Vertical Double Plate 1+2 - Keemple\" \/>\n<meta property=\"og:description\" content=\"Keemple - Keemple Smart Home Black Vertical Double Plate 1+2 - The vertical frame will perfectly decorate any interior and increase the comfort of using light switches.\" \/>\n<meta property=\"og:url\" content=\"https:\/\/keemplesklep.pl\/produkt\/ramka-podwojna-pionowa-12-czarna\/\" \/>\n<meta property=\"og:site_name\" content=\"Keemple\" \/>\n<meta property=\"article:modified_time\" content=\"2024-11-30T23:01:50+00:00\" \/>\n<meta property=\"og:image\" content=\"https:\/\/keemplesklep.pl\/wp-content\/uploads\/2023\/08\/Double-Panel-Black-1-2H.png\" \/>\n\t<meta property=\"og:image:width\" content=\"2735\" \/>\n\t<meta property=\"og:image:height\" content=\"1989\" \/>\n\t<meta property=\"og:image:type\" content=\"image\/png\" \/>\n<meta name=\"twitter:card\" content=\"summary_large_image\" \/>\n<meta name=\"twitter:label1\" content=\"Est. reading time\" \/>\n\t<meta name=\"twitter:data1\" content=\"2 minutes\" \/>\n<script type=\"application\/ld+json\" class=\"yoast-schema-graph\">{\"@context\":\"https:\\\/\\\/schema.org\",\"@graph\":[{\"@type\":\"WebPage\",\"@id\":\"https:\\\/\\\/keemplesklep.pl\\\/produkt\\\/ramka-podwojna-pionowa-12-czarna\\\/\",\"url\":\"https:\\\/\\\/keemplesklep.pl\\\/produkt\\\/ramka-podwojna-pionowa-12-czarna\\\/\",\"name\":\"Keemple Smart Home Black Vertical Double Plate 1+2 - Keemple\",\"isPartOf\":{\"@id\":\"https:\\\/\\\/keemplesklep.pl\\\/#website\"},\"primaryImageOfPage\":{\"@id\":\"https:\\\/\\\/keemplesklep.pl\\\/produkt\\\/ramka-podwojna-pionowa-12-czarna\\\/#primaryimage\"},\"image\":{\"@id\":\"https:\\\/\\\/keemplesklep.pl\\\/produkt\\\/ramka-podwojna-pionowa-12-czarna\\\/#primaryimage\"},\"thumbnailUrl\":\"https:\\\/\\\/keemplesklep.pl\\\/wp-content\\\/uploads\\\/2023\\\/08\\\/Double-Panel-Black-1-2H.png\",\"datePublished\":\"2024-03-20T11:26:12+00:00\",\"dateModified\":\"2024-11-30T23:01:50+00:00\",\"description\":\"Keemple - Keemple Smart Home Black Vertical Double Plate 1+2 - The vertical frame will perfectly decorate any interior and increase the comfort of using light switches.\",\"breadcrumb\":{\"@id\":\"https:\\\/\\\/keemplesklep.pl\\\/produkt\\\/ramka-podwojna-pionowa-12-czarna\\\/#breadcrumb\"},\"inLanguage\":\"en-US\",\"potentialAction\":[{\"@type\":\"ReadAction\",\"target\":[\"https:\\\/\\\/keemplesklep.pl\\\/produkt\\\/ramka-podwojna-pionowa-12-czarna\\\/\"]}]},{\"@type\":\"ImageObject\",\"inLanguage\":\"en-US\",\"@id\":\"https:\\\/\\\/keemplesklep.pl\\\/produkt\\\/ramka-podwojna-pionowa-12-czarna\\\/#primaryimage\",\"url\":\"https:\\\/\\\/keemplesklep.pl\\\/wp-content\\\/uploads\\\/2023\\\/08\\\/Double-Panel-Black-1-2H.png\",\"contentUrl\":\"https:\\\/\\\/keemplesklep.pl\\\/wp-content\\\/uploads\\\/2023\\\/08\\\/Double-Panel-Black-1-2H.png\",\"width\":2735,\"height\":1989,\"caption\":\"Ramka czarna podw\u00f3jna pionowa.\"},{\"@type\":\"BreadcrumbList\",\"@id\":\"https:\\\/\\\/keemplesklep.pl\\\/produkt\\\/ramka-podwojna-pionowa-12-czarna\\\/#breadcrumb\",\"itemListElement\":[{\"@type\":\"ListItem\",\"position\":1,\"name\":\"Strona g\u0142\u00f3wna\",\"item\":\"https:\\\/\\\/keemplesklep.pl\\\/en\\\/\"},{\"@type\":\"ListItem\",\"position\":2,\"name\":\"Smart home sklep\",\"item\":\"https:\\\/\\\/keemplesklep.pl\\\/sklep\\\/\"},{\"@type\":\"ListItem\",\"position\":3,\"name\":\"Keemple Smart Home Black Vertical Double Plate 1+2\"}]},{\"@type\":\"WebSite\",\"@id\":\"https:\\\/\\\/keemplesklep.pl\\\/#website\",\"url\":\"https:\\\/\\\/keemplesklep.pl\\\/\",\"name\":\"Keemple\",\"description\":\"Inteligentny dom - urz\u0105d\u017a smart home z inteligentnymi urz\u0105dzeniami\",\"publisher\":{\"@id\":\"https:\\\/\\\/keemplesklep.pl\\\/#organization\"},\"potentialAction\":[{\"@type\":\"SearchAction\",\"target\":{\"@type\":\"EntryPoint\",\"urlTemplate\":\"https:\\\/\\\/keemplesklep.pl\\\/?s={search_term_string}\"},\"query-input\":{\"@type\":\"PropertyValueSpecification\",\"valueRequired\":true,\"valueName\":\"search_term_string\"}}],\"inLanguage\":\"en-US\"},{\"@type\":\"Organization\",\"@id\":\"https:\\\/\\\/keemplesklep.pl\\\/#organization\",\"name\":\"Keemple\",\"url\":\"https:\\\/\\\/keemplesklep.pl\\\/\",\"logo\":{\"@type\":\"ImageObject\",\"inLanguage\":\"en-US\",\"@id\":\"https:\\\/\\\/keemplesklep.pl\\\/#\\\/schema\\\/logo\\\/image\\\/\",\"url\":\"https:\\\/\\\/keemplesklep.pl\\\/wp-content\\\/uploads\\\/2023\\\/03\\\/cropped-logonew.png\",\"contentUrl\":\"https:\\\/\\\/keemplesklep.pl\\\/wp-content\\\/uploads\\\/2023\\\/03\\\/cropped-logonew.png\",\"width\":367,\"height\":163,\"caption\":\"Keemple\"},\"image\":{\"@id\":\"https:\\\/\\\/keemplesklep.pl\\\/#\\\/schema\\\/logo\\\/image\\\/\"}}]}<\/script>\n<!-- \/ Yoast SEO plugin. -->","yoast_head_json":{"title":"Keemple Smart Home Black Vertical Double Plate 1+2 - Keemple","description":"Keemple - Keemple Smart Home Black Vertical Double Plate 1+2 - The vertical frame will perfectly decorate any interior and increase the comfort of using light switches.","robots":{"index":"index","follow":"follow","max-snippet":"max-snippet:-1","max-image-preview":"max-image-preview:large","max-video-preview":"max-video-preview:-1"},"canonical":"https:\/\/keemplesklep.pl\/produkt\/ramka-podwojna-pionowa-12-czarna\/","og_locale":"en_US","og_type":"article","og_title":"Keemple Smart Home Black Vertical Double Plate 1+2 - Keemple","og_description":"Keemple - Keemple Smart Home Black Vertical Double Plate 1+2 - The vertical frame will perfectly decorate any interior and increase the comfort of using light switches.","og_url":"https:\/\/keemplesklep.pl\/produkt\/ramka-podwojna-pionowa-12-czarna\/","og_site_name":"Keemple","article_modified_time":"2024-11-30T23:01:50+00:00","og_image":[{"width":2735,"height":1989,"url":"https:\/\/keemplesklep.pl\/wp-content\/uploads\/2023\/08\/Double-Panel-Black-1-2H.png","type":"image\/png"}],"twitter_card":"summary_large_image","twitter_misc":{"Est. reading time":"2 minutes"},"schema":{"@context":"https:\/\/schema.org","@graph":[{"@type":"WebPage","@id":"https:\/\/keemplesklep.pl\/produkt\/ramka-podwojna-pionowa-12-czarna\/","url":"https:\/\/keemplesklep.pl\/produkt\/ramka-podwojna-pionowa-12-czarna\/","name":"Keemple Smart Home Black Vertical Double Plate 1+2 - Keemple","isPartOf":{"@id":"https:\/\/keemplesklep.pl\/#website"},"primaryImageOfPage":{"@id":"https:\/\/keemplesklep.pl\/produkt\/ramka-podwojna-pionowa-12-czarna\/#primaryimage"},"image":{"@id":"https:\/\/keemplesklep.pl\/produkt\/ramka-podwojna-pionowa-12-czarna\/#primaryimage"},"thumbnailUrl":"https:\/\/keemplesklep.pl\/wp-content\/uploads\/2023\/08\/Double-Panel-Black-1-2H.png","datePublished":"2024-03-20T11:26:12+00:00","dateModified":"2024-11-30T23:01:50+00:00","description":"Keemple - Keemple Smart Home Black Vertical Double Plate 1+2 - The vertical frame will perfectly decorate any interior and increase the comfort of using light switches.","breadcrumb":{"@id":"https:\/\/keemplesklep.pl\/produkt\/ramka-podwojna-pionowa-12-czarna\/#breadcrumb"},"inLanguage":"en-US","potentialAction":[{"@type":"ReadAction","target":["https:\/\/keemplesklep.pl\/produkt\/ramka-podwojna-pionowa-12-czarna\/"]}]},{"@type":"ImageObject","inLanguage":"en-US","@id":"https:\/\/keemplesklep.pl\/produkt\/ramka-podwojna-pionowa-12-czarna\/#primaryimage","url":"https:\/\/keemplesklep.pl\/wp-content\/uploads\/2023\/08\/Double-Panel-Black-1-2H.png","contentUrl":"https:\/\/keemplesklep.pl\/wp-content\/uploads\/2023\/08\/Double-Panel-Black-1-2H.png","width":2735,"height":1989,"caption":"Ramka czarna podw\u00f3jna pionowa."},{"@type":"BreadcrumbList","@id":"https:\/\/keemplesklep.pl\/produkt\/ramka-podwojna-pionowa-12-czarna\/#breadcrumb","itemListElement":[{"@type":"ListItem","position":1,"name":"Strona g\u0142\u00f3wna","item":"https:\/\/keemplesklep.pl\/en\/"},{"@type":"ListItem","position":2,"name":"Smart home sklep","item":"https:\/\/keemplesklep.pl\/sklep\/"},{"@type":"ListItem","position":3,"name":"Keemple Smart Home Black Vertical Double Plate 1+2"}]},{"@type":"WebSite","@id":"https:\/\/keemplesklep.pl\/#website","url":"https:\/\/keemplesklep.pl\/","name":"Keemple","description":"Inteligentny dom - urz\u0105d\u017a smart home z inteligentnymi urz\u0105dzeniami","publisher":{"@id":"https:\/\/keemplesklep.pl\/#organization"},"potentialAction":[{"@type":"SearchAction","target":{"@type":"EntryPoint","urlTemplate":"https:\/\/keemplesklep.pl\/?s={search_term_string}"},"query-input":{"@type":"PropertyValueSpecification","valueRequired":true,"valueName":"search_term_string"}}],"inLanguage":"en-US"},{"@type":"Organization","@id":"https:\/\/keemplesklep.pl\/#organization","name":"Keemple","url":"https:\/\/keemplesklep.pl\/","logo":{"@type":"ImageObject","inLanguage":"en-US","@id":"https:\/\/keemplesklep.pl\/#\/schema\/logo\/image\/","url":"https:\/\/keemplesklep.pl\/wp-content\/uploads\/2023\/03\/cropped-logonew.png","contentUrl":"https:\/\/keemplesklep.pl\/wp-content\/uploads\/2023\/03\/cropped-logonew.png","width":367,"height":163,"caption":"Keemple"},"image":{"@id":"https:\/\/keemplesklep.pl\/#\/schema\/logo\/image\/"}}]}},"_links":{"self":[{"href":"https:\/\/keemplesklep.pl\/en\/wp-json\/wp\/v2\/product\/3059","targetHints":{"allow":["GET"]}}],"collection":[{"href":"https:\/\/keemplesklep.pl\/en\/wp-json\/wp\/v2\/product"}],"about":[{"href":"https:\/\/keemplesklep.pl\/en\/wp-json\/wp\/v2\/types\/product"}],"replies":[{"embeddable":true,"href":"https:\/\/keemplesklep.pl\/en\/wp-json\/wp\/v2\/comments?post=3059"}],"wp:featuredmedia":[{"embeddable":true,"href":"https:\/\/keemplesklep.pl\/en\/wp-json\/wp\/v2\/media\/2987"}],"wp:attachment":[{"href":"https:\/\/keemplesklep.pl\/en\/wp-json\/wp\/v2\/media?parent=3059"}],"wp:term":[{"taxonomy":"product_brand","embeddable":true,"href":"https:\/\/keemplesklep.pl\/en\/wp-json\/wp\/v2\/product_brand?post=3059"},{"taxonomy":"product_cat","embeddable":true,"href":"https:\/\/keemplesklep.pl\/en\/wp-json\/wp\/v2\/product_cat?post=3059"},{"taxonomy":"product_tag","embeddable":true,"href":"https:\/\/keemplesklep.pl\/en\/wp-json\/wp\/v2\/product_tag?post=3059"}],"curies":[{"name":"wp","href":"https:\/\/api.w.org\/{rel}","templated":true}]}}