{"id":3056,"date":"2023-08-17T14:28:36","date_gmt":"2024-03-20T11:17:12","guid":{"rendered":"https:\/\/keemplesklep.pl\/produkt\/keemple-smart-home-black-horizontal-double-plate-22\/"},"modified":"2024-12-01T00:01:50","modified_gmt":"2024-11-30T23:01:50","slug":"keemple-smart-home-black-horizontal-double-plate-22","status":"publish","type":"product","link":"https:\/\/keemplesklep.pl\/en\/produkt\/keemple-smart-home-black-horizontal-double-plate-22\/","title":{"rendered":"Keemple Smart Home Black Horizontal Double Plate 2+2"},"content":{"rendered":"<p>The horizontal plate combines functionality and aesthetics, adding modern style and a personal touch to spaces in your home. Choose our black switch plates available in our online shop. These unique accessories combine functionality with aesthetics, adding modern style and a personal touch to interiors.<\/p>\n<p><img loading=\"lazy\" decoding=\"async\" class=\"alignnone wp-image-1874 size-full\" src=\"https:\/\/keemplesklep.pl\/wp-content\/uploads\/2023\/08\/Lifestyle-czarna-ramka-pozioma-webp.webp\" alt=\"The horizontal frame fits minimalist, modern interior design. Living room with a wall imitating concrete.\" width=\"1200\" height=\"800\" srcset=\"https:\/\/keemplesklep.pl\/wp-content\/uploads\/2023\/08\/Lifestyle-czarna-ramka-pozioma-webp.webp 1200w, https:\/\/keemplesklep.pl\/wp-content\/uploads\/2023\/08\/Lifestyle-czarna-ramka-pozioma-webp-300x200.webp 300w, https:\/\/keemplesklep.pl\/wp-content\/uploads\/2023\/08\/Lifestyle-czarna-ramka-pozioma-webp-1024x683.webp 1024w, https:\/\/keemplesklep.pl\/wp-content\/uploads\/2023\/08\/Lifestyle-czarna-ramka-pozioma-webp-768x512.webp 768w, https:\/\/keemplesklep.pl\/wp-content\/uploads\/2023\/08\/Lifestyle-czarna-ramka-pozioma-webp-324x216.webp 324w, https:\/\/keemplesklep.pl\/wp-content\/uploads\/2023\/08\/Lifestyle-czarna-ramka-pozioma-webp-416x277.webp 416w\" sizes=\"auto, (max-width: 1200px) 100vw, 1200px\" \/><\/p>\n<p>Add a unique charm to your smart home with our black switch plates available in our online shop. These unique accessories combine functionality with aesthetics, adding modern style and a personal touch to interiors.<\/p>\n<p>In addition to its appearance, the horizontal plate also has certain functions. It has been designed to fit perfectly into standard switches and electrical plates, ensuring a smooth and secure fit. This makes replacing old plates with the new black models simple and requires no specialist tools or skills.<\/p>\n<p><img loading=\"lazy\" decoding=\"async\" class=\"alignnone wp-image-1866 size-full\" src=\"https:\/\/keemplesklep.pl\/wp-content\/uploads\/2023\/08\/Lifestyle-czarna-ramka-21-1.webp\" alt=\"The horizontal frame matches the dark wall in the living room. The sofa stands out against the dark interior design.\" width=\"1200\" height=\"800\" srcset=\"https:\/\/keemplesklep.pl\/wp-content\/uploads\/2023\/08\/Lifestyle-czarna-ramka-21-1.webp 1200w, https:\/\/keemplesklep.pl\/wp-content\/uploads\/2023\/08\/Lifestyle-czarna-ramka-21-1-300x200.webp 300w, https:\/\/keemplesklep.pl\/wp-content\/uploads\/2023\/08\/Lifestyle-czarna-ramka-21-1-1024x683.webp 1024w, https:\/\/keemplesklep.pl\/wp-content\/uploads\/2023\/08\/Lifestyle-czarna-ramka-21-1-768x512.webp 768w, https:\/\/keemplesklep.pl\/wp-content\/uploads\/2023\/08\/Lifestyle-czarna-ramka-21-1-324x216.webp 324w, https:\/\/keemplesklep.pl\/wp-content\/uploads\/2023\/08\/Lifestyle-czarna-ramka-21-1-416x277.webp 416w\" sizes=\"auto, (max-width: 1200px) 100vw, 1200px\" \/><\/p>\n<p>Smart Home switches are a central control point for the various functions of the home. Black switch plates perfectly complement this functionality, creating a coherent and aesthetically pleasing look for the entire system. Regardless of whether you plan to control <a href=\"https:\/\/keemplesklep.pl\/jak-zaprojektowac-swoje-inteligentne-oswietlenie\/\">lighting<\/a>, blinds or other devices, our frames will allow you to do it in a comfortable and stylish way.<\/p>\n<p><iframe loading=\"lazy\" title=\"Instalacja ramki podw\u00f3jnej Keemple - Jak zamontowa\u0107 ramk\u0119?\" width=\"980\" height=\"551\" src=\"https:\/\/www.youtube.com\/embed\/0zM1zeYo_k8?feature=oembed&#038;enablejsapi=1&#038;origin=https:\/\/keemplesklep.pl\" frameborder=\"0\" allow=\"accelerometer; autoplay; clipboard-write; encrypted-media; gyroscope; picture-in-picture; web-share\" allowfullscreen><\/iframe><\/p>\n<p>Order black switch plates from our online shop today and give your smart home a unique touch. Combine functionality with aesthetics and enjoy a comprehensive Smart Home experience with a new level of elegance.<\/p>\n<div class=\"gsp_post_data\" \r\n\t            data-post_type=\"product\" \r\n\t            data-cat=\"\" \r\n\t            data-modified=\"120\"\r\n\t            data-created=\"1692282516\"\r\n\t            data-title=\"Keemple Smart Home Black Horizontal Double Plate 2+2\" \r\n\t            data-home=\"https:\/\/keemplesklep.pl\/en\/\"><\/div>","protected":false},"excerpt":{"rendered":"<p>Add a unique touch and style to your smart home with our black switch plates available in the online shop. These unique accessories combine functionality with aesthetics, adding modern style and a personal touch to interiors.<\/p>\n","protected":false},"featured_media":2990,"comment_status":"open","ping_status":"closed","template":"","meta":{"_acf_changed":false},"product_brand":[],"product_cat":[201],"product_tag":[142,166,172],"class_list":{"0":"post-3056","1":"product","2":"type-product","3":"status-publish","4":"has-post-thumbnail","6":"product_cat-keemple-frames-and-panels","7":"product_tag-black-frame","8":"product_tag-frame","9":"product_tag-smart-home-en-2","11":"first","12":"instock","13":"taxable","14":"shipping-taxable","15":"purchasable","16":"product-type-simple"},"acf":[],"yoast_head":"<!-- This site is optimized with the Yoast SEO plugin v27.3 - https:\/\/yoast.com\/product\/yoast-seo-wordpress\/ -->\n<title>Keemple Smart Home Black Horizontal Double Plate 2+2 - Keemple<\/title>\n<meta name=\"description\" content=\"Keemple - Keemple Smart Home Black Horizontal Double Plate 2+2 - The horizontal frame is a practical solution for switches in double junction boxes.\" \/>\n<meta name=\"robots\" content=\"index, follow, max-snippet:-1, max-image-preview:large, max-video-preview:-1\" \/>\n<link rel=\"canonical\" href=\"https:\/\/keemplesklep.pl\/produkt\/ramka-podwojna-pozioma-22-czarna\/\" \/>\n<meta property=\"og:locale\" content=\"en_US\" \/>\n<meta property=\"og:type\" content=\"article\" \/>\n<meta property=\"og:title\" content=\"Keemple Smart Home Black Horizontal Double Plate 2+2 - Keemple\" \/>\n<meta property=\"og:description\" content=\"Keemple - Keemple Smart Home Black Horizontal Double Plate 2+2 - The horizontal frame is a practical solution for switches in double junction boxes.\" \/>\n<meta property=\"og:url\" content=\"https:\/\/keemplesklep.pl\/produkt\/ramka-podwojna-pozioma-22-czarna\/\" \/>\n<meta property=\"og:site_name\" content=\"Keemple\" \/>\n<meta property=\"article:modified_time\" content=\"2024-11-30T23:01:50+00:00\" \/>\n<meta property=\"og:image\" content=\"https:\/\/keemplesklep.pl\/wp-content\/uploads\/2023\/08\/Double-Panel-Black-2-2V.png\" \/>\n\t<meta property=\"og:image:width\" content=\"2735\" \/>\n\t<meta property=\"og:image:height\" content=\"1989\" \/>\n\t<meta property=\"og:image:type\" content=\"image\/png\" \/>\n<meta name=\"twitter:card\" content=\"summary_large_image\" \/>\n<meta name=\"twitter:label1\" content=\"Est. reading time\" \/>\n\t<meta name=\"twitter:data1\" content=\"2 minutes\" \/>\n<script type=\"application\/ld+json\" class=\"yoast-schema-graph\">{\"@context\":\"https:\\\/\\\/schema.org\",\"@graph\":[{\"@type\":\"WebPage\",\"@id\":\"https:\\\/\\\/keemplesklep.pl\\\/produkt\\\/ramka-podwojna-pozioma-22-czarna\\\/\",\"url\":\"https:\\\/\\\/keemplesklep.pl\\\/produkt\\\/ramka-podwojna-pozioma-22-czarna\\\/\",\"name\":\"Keemple Smart Home Black Horizontal Double Plate 2+2 - Keemple\",\"isPartOf\":{\"@id\":\"https:\\\/\\\/keemplesklep.pl\\\/#website\"},\"primaryImageOfPage\":{\"@id\":\"https:\\\/\\\/keemplesklep.pl\\\/produkt\\\/ramka-podwojna-pozioma-22-czarna\\\/#primaryimage\"},\"image\":{\"@id\":\"https:\\\/\\\/keemplesklep.pl\\\/produkt\\\/ramka-podwojna-pozioma-22-czarna\\\/#primaryimage\"},\"thumbnailUrl\":\"https:\\\/\\\/keemplesklep.pl\\\/wp-content\\\/uploads\\\/2023\\\/08\\\/Double-Panel-Black-2-2V.png\",\"datePublished\":\"2024-03-20T11:17:12+00:00\",\"dateModified\":\"2024-11-30T23:01:50+00:00\",\"description\":\"Keemple - Keemple Smart Home Black Horizontal Double Plate 2+2 - The horizontal frame is a practical solution for switches in double junction boxes.\",\"breadcrumb\":{\"@id\":\"https:\\\/\\\/keemplesklep.pl\\\/produkt\\\/ramka-podwojna-pozioma-22-czarna\\\/#breadcrumb\"},\"inLanguage\":\"en-US\",\"potentialAction\":[{\"@type\":\"ReadAction\",\"target\":[\"https:\\\/\\\/keemplesklep.pl\\\/produkt\\\/ramka-podwojna-pozioma-22-czarna\\\/\"]}]},{\"@type\":\"ImageObject\",\"inLanguage\":\"en-US\",\"@id\":\"https:\\\/\\\/keemplesklep.pl\\\/produkt\\\/ramka-podwojna-pozioma-22-czarna\\\/#primaryimage\",\"url\":\"https:\\\/\\\/keemplesklep.pl\\\/wp-content\\\/uploads\\\/2023\\\/08\\\/Double-Panel-Black-2-2V.png\",\"contentUrl\":\"https:\\\/\\\/keemplesklep.pl\\\/wp-content\\\/uploads\\\/2023\\\/08\\\/Double-Panel-Black-2-2V.png\",\"width\":2735,\"height\":1989,\"caption\":\"Ramka podw\u00f3jna pozioma czarna Keemple\"},{\"@type\":\"BreadcrumbList\",\"@id\":\"https:\\\/\\\/keemplesklep.pl\\\/produkt\\\/ramka-podwojna-pozioma-22-czarna\\\/#breadcrumb\",\"itemListElement\":[{\"@type\":\"ListItem\",\"position\":1,\"name\":\"Strona g\u0142\u00f3wna\",\"item\":\"https:\\\/\\\/keemplesklep.pl\\\/en\\\/\"},{\"@type\":\"ListItem\",\"position\":2,\"name\":\"Smart home sklep\",\"item\":\"https:\\\/\\\/keemplesklep.pl\\\/sklep\\\/\"},{\"@type\":\"ListItem\",\"position\":3,\"name\":\"Keemple Smart Home Black Horizontal Double Plate 2+2\"}]},{\"@type\":\"WebSite\",\"@id\":\"https:\\\/\\\/keemplesklep.pl\\\/#website\",\"url\":\"https:\\\/\\\/keemplesklep.pl\\\/\",\"name\":\"Keemple\",\"description\":\"Inteligentny dom - urz\u0105d\u017a smart home z inteligentnymi urz\u0105dzeniami\",\"publisher\":{\"@id\":\"https:\\\/\\\/keemplesklep.pl\\\/#organization\"},\"potentialAction\":[{\"@type\":\"SearchAction\",\"target\":{\"@type\":\"EntryPoint\",\"urlTemplate\":\"https:\\\/\\\/keemplesklep.pl\\\/?s={search_term_string}\"},\"query-input\":{\"@type\":\"PropertyValueSpecification\",\"valueRequired\":true,\"valueName\":\"search_term_string\"}}],\"inLanguage\":\"en-US\"},{\"@type\":\"Organization\",\"@id\":\"https:\\\/\\\/keemplesklep.pl\\\/#organization\",\"name\":\"Keemple\",\"url\":\"https:\\\/\\\/keemplesklep.pl\\\/\",\"logo\":{\"@type\":\"ImageObject\",\"inLanguage\":\"en-US\",\"@id\":\"https:\\\/\\\/keemplesklep.pl\\\/#\\\/schema\\\/logo\\\/image\\\/\",\"url\":\"https:\\\/\\\/keemplesklep.pl\\\/wp-content\\\/uploads\\\/2023\\\/03\\\/cropped-logonew.png\",\"contentUrl\":\"https:\\\/\\\/keemplesklep.pl\\\/wp-content\\\/uploads\\\/2023\\\/03\\\/cropped-logonew.png\",\"width\":367,\"height\":163,\"caption\":\"Keemple\"},\"image\":{\"@id\":\"https:\\\/\\\/keemplesklep.pl\\\/#\\\/schema\\\/logo\\\/image\\\/\"}}]}<\/script>\n<!-- \/ Yoast SEO plugin. -->","yoast_head_json":{"title":"Keemple Smart Home Black Horizontal Double Plate 2+2 - Keemple","description":"Keemple - Keemple Smart Home Black Horizontal Double Plate 2+2 - The horizontal frame is a practical solution for switches in double junction boxes.","robots":{"index":"index","follow":"follow","max-snippet":"max-snippet:-1","max-image-preview":"max-image-preview:large","max-video-preview":"max-video-preview:-1"},"canonical":"https:\/\/keemplesklep.pl\/produkt\/ramka-podwojna-pozioma-22-czarna\/","og_locale":"en_US","og_type":"article","og_title":"Keemple Smart Home Black Horizontal Double Plate 2+2 - Keemple","og_description":"Keemple - Keemple Smart Home Black Horizontal Double Plate 2+2 - The horizontal frame is a practical solution for switches in double junction boxes.","og_url":"https:\/\/keemplesklep.pl\/produkt\/ramka-podwojna-pozioma-22-czarna\/","og_site_name":"Keemple","article_modified_time":"2024-11-30T23:01:50+00:00","og_image":[{"width":2735,"height":1989,"url":"https:\/\/keemplesklep.pl\/wp-content\/uploads\/2023\/08\/Double-Panel-Black-2-2V.png","type":"image\/png"}],"twitter_card":"summary_large_image","twitter_misc":{"Est. reading time":"2 minutes"},"schema":{"@context":"https:\/\/schema.org","@graph":[{"@type":"WebPage","@id":"https:\/\/keemplesklep.pl\/produkt\/ramka-podwojna-pozioma-22-czarna\/","url":"https:\/\/keemplesklep.pl\/produkt\/ramka-podwojna-pozioma-22-czarna\/","name":"Keemple Smart Home Black Horizontal Double Plate 2+2 - Keemple","isPartOf":{"@id":"https:\/\/keemplesklep.pl\/#website"},"primaryImageOfPage":{"@id":"https:\/\/keemplesklep.pl\/produkt\/ramka-podwojna-pozioma-22-czarna\/#primaryimage"},"image":{"@id":"https:\/\/keemplesklep.pl\/produkt\/ramka-podwojna-pozioma-22-czarna\/#primaryimage"},"thumbnailUrl":"https:\/\/keemplesklep.pl\/wp-content\/uploads\/2023\/08\/Double-Panel-Black-2-2V.png","datePublished":"2024-03-20T11:17:12+00:00","dateModified":"2024-11-30T23:01:50+00:00","description":"Keemple - Keemple Smart Home Black Horizontal Double Plate 2+2 - The horizontal frame is a practical solution for switches in double junction boxes.","breadcrumb":{"@id":"https:\/\/keemplesklep.pl\/produkt\/ramka-podwojna-pozioma-22-czarna\/#breadcrumb"},"inLanguage":"en-US","potentialAction":[{"@type":"ReadAction","target":["https:\/\/keemplesklep.pl\/produkt\/ramka-podwojna-pozioma-22-czarna\/"]}]},{"@type":"ImageObject","inLanguage":"en-US","@id":"https:\/\/keemplesklep.pl\/produkt\/ramka-podwojna-pozioma-22-czarna\/#primaryimage","url":"https:\/\/keemplesklep.pl\/wp-content\/uploads\/2023\/08\/Double-Panel-Black-2-2V.png","contentUrl":"https:\/\/keemplesklep.pl\/wp-content\/uploads\/2023\/08\/Double-Panel-Black-2-2V.png","width":2735,"height":1989,"caption":"Ramka podw\u00f3jna pozioma czarna Keemple"},{"@type":"BreadcrumbList","@id":"https:\/\/keemplesklep.pl\/produkt\/ramka-podwojna-pozioma-22-czarna\/#breadcrumb","itemListElement":[{"@type":"ListItem","position":1,"name":"Strona g\u0142\u00f3wna","item":"https:\/\/keemplesklep.pl\/en\/"},{"@type":"ListItem","position":2,"name":"Smart home sklep","item":"https:\/\/keemplesklep.pl\/sklep\/"},{"@type":"ListItem","position":3,"name":"Keemple Smart Home Black Horizontal Double Plate 2+2"}]},{"@type":"WebSite","@id":"https:\/\/keemplesklep.pl\/#website","url":"https:\/\/keemplesklep.pl\/","name":"Keemple","description":"Inteligentny dom - urz\u0105d\u017a smart home z inteligentnymi urz\u0105dzeniami","publisher":{"@id":"https:\/\/keemplesklep.pl\/#organization"},"potentialAction":[{"@type":"SearchAction","target":{"@type":"EntryPoint","urlTemplate":"https:\/\/keemplesklep.pl\/?s={search_term_string}"},"query-input":{"@type":"PropertyValueSpecification","valueRequired":true,"valueName":"search_term_string"}}],"inLanguage":"en-US"},{"@type":"Organization","@id":"https:\/\/keemplesklep.pl\/#organization","name":"Keemple","url":"https:\/\/keemplesklep.pl\/","logo":{"@type":"ImageObject","inLanguage":"en-US","@id":"https:\/\/keemplesklep.pl\/#\/schema\/logo\/image\/","url":"https:\/\/keemplesklep.pl\/wp-content\/uploads\/2023\/03\/cropped-logonew.png","contentUrl":"https:\/\/keemplesklep.pl\/wp-content\/uploads\/2023\/03\/cropped-logonew.png","width":367,"height":163,"caption":"Keemple"},"image":{"@id":"https:\/\/keemplesklep.pl\/#\/schema\/logo\/image\/"}}]}},"_links":{"self":[{"href":"https:\/\/keemplesklep.pl\/en\/wp-json\/wp\/v2\/product\/3056","targetHints":{"allow":["GET"]}}],"collection":[{"href":"https:\/\/keemplesklep.pl\/en\/wp-json\/wp\/v2\/product"}],"about":[{"href":"https:\/\/keemplesklep.pl\/en\/wp-json\/wp\/v2\/types\/product"}],"replies":[{"embeddable":true,"href":"https:\/\/keemplesklep.pl\/en\/wp-json\/wp\/v2\/comments?post=3056"}],"wp:featuredmedia":[{"embeddable":true,"href":"https:\/\/keemplesklep.pl\/en\/wp-json\/wp\/v2\/media\/2990"}],"wp:attachment":[{"href":"https:\/\/keemplesklep.pl\/en\/wp-json\/wp\/v2\/media?parent=3056"}],"wp:term":[{"taxonomy":"product_brand","embeddable":true,"href":"https:\/\/keemplesklep.pl\/en\/wp-json\/wp\/v2\/product_brand?post=3056"},{"taxonomy":"product_cat","embeddable":true,"href":"https:\/\/keemplesklep.pl\/en\/wp-json\/wp\/v2\/product_cat?post=3056"},{"taxonomy":"product_tag","embeddable":true,"href":"https:\/\/keemplesklep.pl\/en\/wp-json\/wp\/v2\/product_tag?post=3056"}],"curies":[{"name":"wp","href":"https:\/\/api.w.org\/{rel}","templated":true}]}}