{"id":3055,"date":"2023-08-17T14:34:31","date_gmt":"2024-03-20T10:50:58","guid":{"rendered":"https:\/\/keemplesklep.pl\/produkt\/double-vertical-frame-22-black-keemple-smart-home\/"},"modified":"2024-12-01T00:01:49","modified_gmt":"2024-11-30T23:01:49","slug":"double-vertical-frame-22-black-keemple-smart-home","status":"publish","type":"product","link":"https:\/\/keemplesklep.pl\/en\/produkt\/double-vertical-frame-22-black-keemple-smart-home\/","title":{"rendered":"Double vertical frame 2+2 Black Keemple Smart Home"},"content":{"rendered":"<p>The black frame will enliven your smart home. These solutions will add unique style and elegance to any room. They are not only practical accessories, but also decorative elements that will bring a modern style and personal touch to the interior.<\/p>\n<p><img loading=\"lazy\" decoding=\"async\" class=\"alignnone wp-image-1868 size-full\" src=\"https:\/\/keemplesklep.pl\/wp-content\/uploads\/2023\/08\/ramka-czarna-podwojna.webp\" alt=\"Wall with a black frame on switches for the Keemple Smart Home intelligent lighting system!\" width=\"1200\" height=\"800\" srcset=\"https:\/\/keemplesklep.pl\/wp-content\/uploads\/2023\/08\/ramka-czarna-podwojna.webp 1200w, https:\/\/keemplesklep.pl\/wp-content\/uploads\/2023\/08\/ramka-czarna-podwojna-300x200.webp 300w, https:\/\/keemplesklep.pl\/wp-content\/uploads\/2023\/08\/ramka-czarna-podwojna-1024x683.webp 1024w, https:\/\/keemplesklep.pl\/wp-content\/uploads\/2023\/08\/ramka-czarna-podwojna-768x512.webp 768w, https:\/\/keemplesklep.pl\/wp-content\/uploads\/2023\/08\/ramka-czarna-podwojna-324x216.webp 324w, https:\/\/keemplesklep.pl\/wp-content\/uploads\/2023\/08\/ramka-czarna-podwojna-416x277.webp 416w\" sizes=\"auto, (max-width: 1200px) 100vw, 1200px\" \/><\/p>\n<p>Our black plate is the perfect solution for those aiming to personalise their smart home. Whether you prefer a minimalist style or a more modern design, these plates will blend in perfectly. The black colour gives them an elegant look and provides the perfect background for the innovative technology they hide.<\/p>\n<p>In addition to its appearance, the plates also have certain functions. The double plate has been designed to fit perfectly into standard switches and electrical plates, ensuring a smooth and secure fit. This makes replacing old plates with the new black models simple and requires no specialist tools or skills.<\/p>\n<p><img loading=\"lazy\" decoding=\"async\" class=\"alignnone wp-image-1871 size-full\" src=\"https:\/\/keemplesklep.pl\/wp-content\/uploads\/2023\/08\/ramka-czarna-podwojna-keemple-1.webp\" alt=\"Wall with a black frame on switches for the Keemple Smart Home intelligent lighting system!\" width=\"1200\" height=\"800\" srcset=\"https:\/\/keemplesklep.pl\/wp-content\/uploads\/2023\/08\/ramka-czarna-podwojna-keemple-1.webp 1200w, https:\/\/keemplesklep.pl\/wp-content\/uploads\/2023\/08\/ramka-czarna-podwojna-keemple-1-300x200.webp 300w, https:\/\/keemplesklep.pl\/wp-content\/uploads\/2023\/08\/ramka-czarna-podwojna-keemple-1-1024x683.webp 1024w, https:\/\/keemplesklep.pl\/wp-content\/uploads\/2023\/08\/ramka-czarna-podwojna-keemple-1-768x512.webp 768w, https:\/\/keemplesklep.pl\/wp-content\/uploads\/2023\/08\/ramka-czarna-podwojna-keemple-1-324x216.webp 324w, https:\/\/keemplesklep.pl\/wp-content\/uploads\/2023\/08\/ramka-czarna-podwojna-keemple-1-416x277.webp 416w\" sizes=\"auto, (max-width: 1200px) 100vw, 1200px\" \/><\/p>\n<p>Smart Home switches are a central control point for the various functions of the home. Black switch plates perfectly complement this functionality, creating a coherent and aesthetically pleasing look for the entire system. Whether you plan to control <a href=\"https:\/\/keemplesklep.pl\/en\/kategoria-produktu\/smart-lighting\/\">lighting<\/a><!--1-->, blinds or other devices, our panels allow you to do so conveniently and with style.<\/p>\n<p><iframe loading=\"lazy\" title=\"Instalacja ramki podw\u00f3jnej Keemple - Jak zamontowa\u0107 ramk\u0119?\" width=\"980\" height=\"551\" src=\"https:\/\/www.youtube.com\/embed\/0zM1zeYo_k8?feature=oembed&#038;enablejsapi=1&#038;origin=https:\/\/keemplesklep.pl\" frameborder=\"0\" allow=\"accelerometer; autoplay; clipboard-write; encrypted-media; gyroscope; picture-in-picture; web-share\" allowfullscreen><\/iframe><\/p>\n<p>Order black switch plates from our online shop today and give your smart home a unique touch. Combine functionality with aesthetics and enjoy a comprehensive Smart Home experience with a new level of elegance.<\/p>\n<div class=\"gsp_post_data\" \r\n\t            data-post_type=\"product\" \r\n\t            data-cat=\"\" \r\n\t            data-modified=\"120\"\r\n\t            data-created=\"1692282871\"\r\n\t            data-title=\"Double vertical frame 2+2 Black Keemple Smart Home\" \r\n\t            data-home=\"https:\/\/keemplesklep.pl\/en\/\"><\/div>","protected":false},"excerpt":{"rendered":"<p>Revitalise the look of your smart home with the stylish black switch plate available in our online shop. These modern plates provide not only functionality but also aesthetic appeal, fitting perfectly into a variety of interiors. Add a personal touch to your switches and integrate them into your Smart Home system in a classy way.<\/p>\n","protected":false},"featured_media":2991,"comment_status":"open","ping_status":"closed","template":"","meta":{"_acf_changed":false},"product_brand":[],"product_cat":[201],"product_tag":[168,166],"class_list":{"0":"post-3055","1":"product","2":"type-product","3":"status-publish","4":"has-post-thumbnail","6":"product_cat-keemple-frames-and-panels","7":"product_tag-double-frame-en","8":"product_tag-frame","10":"first","11":"instock","12":"taxable","13":"shipping-taxable","14":"purchasable","15":"product-type-simple"},"acf":[],"yoast_head":"<!-- This site is optimized with the Yoast SEO plugin v27.3 - https:\/\/yoast.com\/product\/yoast-seo-wordpress\/ -->\n<title>Double vertical frame 2+2 Black Keemple Smart Home - Keemple<\/title>\n<meta name=\"description\" content=\"Keemple - Double vertical frame 2+2 Black Keemple Smart Home - the perfect solution that will ensure functionality and aesthetics in your home. Choose Keemple double frame.\" \/>\n<meta name=\"robots\" content=\"index, follow, max-snippet:-1, max-image-preview:large, max-video-preview:-1\" \/>\n<link rel=\"canonical\" href=\"https:\/\/keemplesklep.pl\/produkt\/ramka-podwojna-pionowa-22-czarna\/\" \/>\n<meta property=\"og:locale\" content=\"en_US\" \/>\n<meta property=\"og:type\" content=\"article\" \/>\n<meta property=\"og:title\" content=\"Double vertical frame 2+2 Black Keemple Smart Home - Keemple\" \/>\n<meta property=\"og:description\" content=\"Keemple - Double vertical frame 2+2 Black Keemple Smart Home - the perfect solution that will ensure functionality and aesthetics in your home. Choose Keemple double frame.\" \/>\n<meta property=\"og:url\" content=\"https:\/\/keemplesklep.pl\/produkt\/ramka-podwojna-pionowa-22-czarna\/\" \/>\n<meta property=\"og:site_name\" content=\"Keemple\" \/>\n<meta property=\"article:modified_time\" content=\"2024-11-30T23:01:49+00:00\" \/>\n<meta property=\"og:image\" content=\"https:\/\/keemplesklep.pl\/wp-content\/uploads\/2023\/08\/Double-Panel-Black-2-2H.png\" \/>\n\t<meta property=\"og:image:width\" content=\"2735\" \/>\n\t<meta property=\"og:image:height\" content=\"1989\" \/>\n\t<meta property=\"og:image:type\" content=\"image\/png\" \/>\n<meta name=\"twitter:card\" content=\"summary_large_image\" \/>\n<meta name=\"twitter:label1\" content=\"Est. reading time\" \/>\n\t<meta name=\"twitter:data1\" content=\"2 minutes\" \/>\n<script type=\"application\/ld+json\" class=\"yoast-schema-graph\">{\"@context\":\"https:\\\/\\\/schema.org\",\"@graph\":[{\"@type\":\"WebPage\",\"@id\":\"https:\\\/\\\/keemplesklep.pl\\\/produkt\\\/ramka-podwojna-pionowa-22-czarna\\\/\",\"url\":\"https:\\\/\\\/keemplesklep.pl\\\/produkt\\\/ramka-podwojna-pionowa-22-czarna\\\/\",\"name\":\"Double vertical frame 2+2 Black Keemple Smart Home - Keemple\",\"isPartOf\":{\"@id\":\"https:\\\/\\\/keemplesklep.pl\\\/#website\"},\"primaryImageOfPage\":{\"@id\":\"https:\\\/\\\/keemplesklep.pl\\\/produkt\\\/ramka-podwojna-pionowa-22-czarna\\\/#primaryimage\"},\"image\":{\"@id\":\"https:\\\/\\\/keemplesklep.pl\\\/produkt\\\/ramka-podwojna-pionowa-22-czarna\\\/#primaryimage\"},\"thumbnailUrl\":\"https:\\\/\\\/keemplesklep.pl\\\/wp-content\\\/uploads\\\/2023\\\/08\\\/Double-Panel-Black-2-2H.png\",\"datePublished\":\"2024-03-20T10:50:58+00:00\",\"dateModified\":\"2024-11-30T23:01:49+00:00\",\"description\":\"Keemple - Double vertical frame 2+2 Black Keemple Smart Home - the perfect solution that will ensure functionality and aesthetics in your home. Choose Keemple double frame.\",\"breadcrumb\":{\"@id\":\"https:\\\/\\\/keemplesklep.pl\\\/produkt\\\/ramka-podwojna-pionowa-22-czarna\\\/#breadcrumb\"},\"inLanguage\":\"en-US\",\"potentialAction\":[{\"@type\":\"ReadAction\",\"target\":[\"https:\\\/\\\/keemplesklep.pl\\\/produkt\\\/ramka-podwojna-pionowa-22-czarna\\\/\"]}]},{\"@type\":\"ImageObject\",\"inLanguage\":\"en-US\",\"@id\":\"https:\\\/\\\/keemplesklep.pl\\\/produkt\\\/ramka-podwojna-pionowa-22-czarna\\\/#primaryimage\",\"url\":\"https:\\\/\\\/keemplesklep.pl\\\/wp-content\\\/uploads\\\/2023\\\/08\\\/Double-Panel-Black-2-2H.png\",\"contentUrl\":\"https:\\\/\\\/keemplesklep.pl\\\/wp-content\\\/uploads\\\/2023\\\/08\\\/Double-Panel-Black-2-2H.png\",\"width\":2735,\"height\":1989,\"caption\":\"ramka pionowa podw\u00f3jna\"},{\"@type\":\"BreadcrumbList\",\"@id\":\"https:\\\/\\\/keemplesklep.pl\\\/produkt\\\/ramka-podwojna-pionowa-22-czarna\\\/#breadcrumb\",\"itemListElement\":[{\"@type\":\"ListItem\",\"position\":1,\"name\":\"Strona g\u0142\u00f3wna\",\"item\":\"https:\\\/\\\/keemplesklep.pl\\\/en\\\/\"},{\"@type\":\"ListItem\",\"position\":2,\"name\":\"Smart home sklep\",\"item\":\"https:\\\/\\\/keemplesklep.pl\\\/sklep\\\/\"},{\"@type\":\"ListItem\",\"position\":3,\"name\":\"Double vertical frame 2+2 Black Keemple Smart Home\"}]},{\"@type\":\"WebSite\",\"@id\":\"https:\\\/\\\/keemplesklep.pl\\\/#website\",\"url\":\"https:\\\/\\\/keemplesklep.pl\\\/\",\"name\":\"Keemple\",\"description\":\"Inteligentny dom - urz\u0105d\u017a smart home z inteligentnymi urz\u0105dzeniami\",\"publisher\":{\"@id\":\"https:\\\/\\\/keemplesklep.pl\\\/#organization\"},\"potentialAction\":[{\"@type\":\"SearchAction\",\"target\":{\"@type\":\"EntryPoint\",\"urlTemplate\":\"https:\\\/\\\/keemplesklep.pl\\\/?s={search_term_string}\"},\"query-input\":{\"@type\":\"PropertyValueSpecification\",\"valueRequired\":true,\"valueName\":\"search_term_string\"}}],\"inLanguage\":\"en-US\"},{\"@type\":\"Organization\",\"@id\":\"https:\\\/\\\/keemplesklep.pl\\\/#organization\",\"name\":\"Keemple\",\"url\":\"https:\\\/\\\/keemplesklep.pl\\\/\",\"logo\":{\"@type\":\"ImageObject\",\"inLanguage\":\"en-US\",\"@id\":\"https:\\\/\\\/keemplesklep.pl\\\/#\\\/schema\\\/logo\\\/image\\\/\",\"url\":\"https:\\\/\\\/keemplesklep.pl\\\/wp-content\\\/uploads\\\/2023\\\/03\\\/cropped-logonew.png\",\"contentUrl\":\"https:\\\/\\\/keemplesklep.pl\\\/wp-content\\\/uploads\\\/2023\\\/03\\\/cropped-logonew.png\",\"width\":367,\"height\":163,\"caption\":\"Keemple\"},\"image\":{\"@id\":\"https:\\\/\\\/keemplesklep.pl\\\/#\\\/schema\\\/logo\\\/image\\\/\"}}]}<\/script>\n<!-- \/ Yoast SEO plugin. -->","yoast_head_json":{"title":"Double vertical frame 2+2 Black Keemple Smart Home - Keemple","description":"Keemple - Double vertical frame 2+2 Black Keemple Smart Home - the perfect solution that will ensure functionality and aesthetics in your home. Choose Keemple double frame.","robots":{"index":"index","follow":"follow","max-snippet":"max-snippet:-1","max-image-preview":"max-image-preview:large","max-video-preview":"max-video-preview:-1"},"canonical":"https:\/\/keemplesklep.pl\/produkt\/ramka-podwojna-pionowa-22-czarna\/","og_locale":"en_US","og_type":"article","og_title":"Double vertical frame 2+2 Black Keemple Smart Home - Keemple","og_description":"Keemple - Double vertical frame 2+2 Black Keemple Smart Home - the perfect solution that will ensure functionality and aesthetics in your home. Choose Keemple double frame.","og_url":"https:\/\/keemplesklep.pl\/produkt\/ramka-podwojna-pionowa-22-czarna\/","og_site_name":"Keemple","article_modified_time":"2024-11-30T23:01:49+00:00","og_image":[{"width":2735,"height":1989,"url":"https:\/\/keemplesklep.pl\/wp-content\/uploads\/2023\/08\/Double-Panel-Black-2-2H.png","type":"image\/png"}],"twitter_card":"summary_large_image","twitter_misc":{"Est. reading time":"2 minutes"},"schema":{"@context":"https:\/\/schema.org","@graph":[{"@type":"WebPage","@id":"https:\/\/keemplesklep.pl\/produkt\/ramka-podwojna-pionowa-22-czarna\/","url":"https:\/\/keemplesklep.pl\/produkt\/ramka-podwojna-pionowa-22-czarna\/","name":"Double vertical frame 2+2 Black Keemple Smart Home - Keemple","isPartOf":{"@id":"https:\/\/keemplesklep.pl\/#website"},"primaryImageOfPage":{"@id":"https:\/\/keemplesklep.pl\/produkt\/ramka-podwojna-pionowa-22-czarna\/#primaryimage"},"image":{"@id":"https:\/\/keemplesklep.pl\/produkt\/ramka-podwojna-pionowa-22-czarna\/#primaryimage"},"thumbnailUrl":"https:\/\/keemplesklep.pl\/wp-content\/uploads\/2023\/08\/Double-Panel-Black-2-2H.png","datePublished":"2024-03-20T10:50:58+00:00","dateModified":"2024-11-30T23:01:49+00:00","description":"Keemple - Double vertical frame 2+2 Black Keemple Smart Home - the perfect solution that will ensure functionality and aesthetics in your home. Choose Keemple double frame.","breadcrumb":{"@id":"https:\/\/keemplesklep.pl\/produkt\/ramka-podwojna-pionowa-22-czarna\/#breadcrumb"},"inLanguage":"en-US","potentialAction":[{"@type":"ReadAction","target":["https:\/\/keemplesklep.pl\/produkt\/ramka-podwojna-pionowa-22-czarna\/"]}]},{"@type":"ImageObject","inLanguage":"en-US","@id":"https:\/\/keemplesklep.pl\/produkt\/ramka-podwojna-pionowa-22-czarna\/#primaryimage","url":"https:\/\/keemplesklep.pl\/wp-content\/uploads\/2023\/08\/Double-Panel-Black-2-2H.png","contentUrl":"https:\/\/keemplesklep.pl\/wp-content\/uploads\/2023\/08\/Double-Panel-Black-2-2H.png","width":2735,"height":1989,"caption":"ramka pionowa podw\u00f3jna"},{"@type":"BreadcrumbList","@id":"https:\/\/keemplesklep.pl\/produkt\/ramka-podwojna-pionowa-22-czarna\/#breadcrumb","itemListElement":[{"@type":"ListItem","position":1,"name":"Strona g\u0142\u00f3wna","item":"https:\/\/keemplesklep.pl\/en\/"},{"@type":"ListItem","position":2,"name":"Smart home sklep","item":"https:\/\/keemplesklep.pl\/sklep\/"},{"@type":"ListItem","position":3,"name":"Double vertical frame 2+2 Black Keemple Smart Home"}]},{"@type":"WebSite","@id":"https:\/\/keemplesklep.pl\/#website","url":"https:\/\/keemplesklep.pl\/","name":"Keemple","description":"Inteligentny dom - urz\u0105d\u017a smart home z inteligentnymi urz\u0105dzeniami","publisher":{"@id":"https:\/\/keemplesklep.pl\/#organization"},"potentialAction":[{"@type":"SearchAction","target":{"@type":"EntryPoint","urlTemplate":"https:\/\/keemplesklep.pl\/?s={search_term_string}"},"query-input":{"@type":"PropertyValueSpecification","valueRequired":true,"valueName":"search_term_string"}}],"inLanguage":"en-US"},{"@type":"Organization","@id":"https:\/\/keemplesklep.pl\/#organization","name":"Keemple","url":"https:\/\/keemplesklep.pl\/","logo":{"@type":"ImageObject","inLanguage":"en-US","@id":"https:\/\/keemplesklep.pl\/#\/schema\/logo\/image\/","url":"https:\/\/keemplesklep.pl\/wp-content\/uploads\/2023\/03\/cropped-logonew.png","contentUrl":"https:\/\/keemplesklep.pl\/wp-content\/uploads\/2023\/03\/cropped-logonew.png","width":367,"height":163,"caption":"Keemple"},"image":{"@id":"https:\/\/keemplesklep.pl\/#\/schema\/logo\/image\/"}}]}},"_links":{"self":[{"href":"https:\/\/keemplesklep.pl\/en\/wp-json\/wp\/v2\/product\/3055","targetHints":{"allow":["GET"]}}],"collection":[{"href":"https:\/\/keemplesklep.pl\/en\/wp-json\/wp\/v2\/product"}],"about":[{"href":"https:\/\/keemplesklep.pl\/en\/wp-json\/wp\/v2\/types\/product"}],"replies":[{"embeddable":true,"href":"https:\/\/keemplesklep.pl\/en\/wp-json\/wp\/v2\/comments?post=3055"}],"wp:featuredmedia":[{"embeddable":true,"href":"https:\/\/keemplesklep.pl\/en\/wp-json\/wp\/v2\/media\/2991"}],"wp:attachment":[{"href":"https:\/\/keemplesklep.pl\/en\/wp-json\/wp\/v2\/media?parent=3055"}],"wp:term":[{"taxonomy":"product_brand","embeddable":true,"href":"https:\/\/keemplesklep.pl\/en\/wp-json\/wp\/v2\/product_brand?post=3055"},{"taxonomy":"product_cat","embeddable":true,"href":"https:\/\/keemplesklep.pl\/en\/wp-json\/wp\/v2\/product_cat?post=3055"},{"taxonomy":"product_tag","embeddable":true,"href":"https:\/\/keemplesklep.pl\/en\/wp-json\/wp\/v2\/product_tag?post=3055"}],"curies":[{"name":"wp","href":"https:\/\/api.w.org\/{rel}","templated":true}]}}