{"id":3226,"date":"2024-03-22T13:16:59","date_gmt":"2024-03-22T12:16:59","guid":{"rendered":"https:\/\/keemplesklep.pl\/?page_id=3226"},"modified":"2024-06-11T16:12:28","modified_gmt":"2024-06-11T14:12:28","slug":"returns-and-complaints","status":"publish","type":"page","link":"https:\/\/keemplesklep.pl\/en\/returns-and-complaints\/","title":{"rendered":"Returns and complaints"},"content":{"rendered":"\n<div style=\"height:30px\" aria-hidden=\"true\" class=\"wp-block-spacer\"><\/div>\n\n\n\n<p class=\"has-text-align-center\"><strong>RETURN<\/strong><\/p>\n\n\n\n<p class=\"has-text-align-left\">You may return the goods without stating a reason within 14 days of receipt. To do so, complete and sign the return form. FSend the form to the address of the company&#8217;s registered office or by e-mail to: <a href=\"mailto:wsparcie@keemple.pl\">support@keemple.pl<\/a>.<\/p>\n\n\n\n<p>DOWNLOAD FORM <a href=\"https:\/\/keemplesklep.pl\/wp-content\/uploads\/2024\/05\/FORMULARZ-ZWROTU-ENG.pdf\" target=\"_blank\" rel=\"noreferrer noopener\">HERE<\/a><\/p>\n\n\n\n<p>Send the goods together with the completed form to the following address: Keemple Polska Sp., ul. Sarmacka 12G\/30, 02-972 Warsaw. The cost of packaging and sending back the goods shall be borne by the Customer.<\/p>\n\n\n\n<div style=\"height:30px\" aria-hidden=\"true\" class=\"wp-block-spacer\"><\/div>\n\n\n\n<p class=\"has-text-align-center\"><strong>COMPLAINT<\/strong><\/p>\n\n\n\n<p>Please print, complete the complaint form and send it back to the address of the company&#8217;s registered office or by e-mail to: <a href=\"mailto:reklamacje@keemple.pl\">reklamacja@keemple.pl<\/a>. The complaint will be considered within 14 days of receipt of the completed form. We do not require the Goods to be sent along with the complaint form. In response to a complaint, we will inform you of the possible need to send the Goods.<\/p>\n\n\n\n<p>DOWNLOAD FORM <a href=\"https:\/\/keemplesklep.pl\/wp-content\/uploads\/2024\/05\/formularz-reklamacji-ENG.pdf\" target=\"_blank\" rel=\"noreferrer noopener\"><u>HERE<\/u><\/a><\/p>\n\n\n\n<p><u>Before making a complaint, we recommend contacting our customer service (tel. +48 22 295 18 34) to see if we can help you remotely.<\/u><\/p>\n<div class=\"gsp_post_data\" \r\n\t            data-post_type=\"page\" \r\n\t            data-cat=\"\" \r\n\t            data-modified=\"120\"\r\n\t            data-created=\"1711113419\"\r\n\t            data-title=\"Returns and complaints\" \r\n\t            data-home=\"https:\/\/keemplesklep.pl\/en\/\"><\/div>","protected":false},"excerpt":{"rendered":"<p>RETURN You may return the goods without stating a reason within 14 days of receipt. To do so, complete and sign the return form. [&hellip;]<\/p>\n","protected":false},"author":3,"featured_media":0,"parent":0,"menu_order":0,"comment_status":"closed","ping_status":"closed","template":"","meta":{"_acf_changed":false,"footnotes":""},"class_list":["post-3226","page","type-page","status-publish","hentry"],"acf":[],"yoast_head":"<!-- This site is optimized with the Yoast SEO plugin v27.5 - https:\/\/yoast.com\/product\/yoast-seo-wordpress\/ -->\n<title>Returns and complaints - Keemple<\/title>\n<meta name=\"description\" content=\"Keemple Returns and complaints\" \/>\n<meta name=\"robots\" content=\"index, follow, max-snippet:-1, max-image-preview:large, max-video-preview:-1\" \/>\n<link rel=\"canonical\" href=\"https:\/\/keemplesklep.pl\/en\/returns-and-complaints\/\" \/>\n<meta property=\"og:locale\" content=\"en_US\" \/>\n<meta property=\"og:type\" content=\"article\" \/>\n<meta property=\"og:title\" content=\"Returns and complaints - Keemple\" \/>\n<meta property=\"og:description\" content=\"Keemple Returns and complaints\" \/>\n<meta property=\"og:url\" content=\"https:\/\/keemplesklep.pl\/en\/returns-and-complaints\/\" \/>\n<meta property=\"og:site_name\" content=\"Keemple\" \/>\n<meta property=\"article:modified_time\" content=\"2024-06-11T14:12:28+00:00\" \/>\n<meta name=\"twitter:card\" content=\"summary_large_image\" \/>\n<meta name=\"twitter:label1\" content=\"Est. reading time\" \/>\n\t<meta name=\"twitter:data1\" content=\"2 minutes\" \/>\n<script type=\"application\/ld+json\" class=\"yoast-schema-graph\">{\"@context\":\"https:\\\/\\\/schema.org\",\"@graph\":[{\"@type\":\"WebPage\",\"@id\":\"https:\\\/\\\/keemplesklep.pl\\\/en\\\/returns-and-complaints\\\/\",\"url\":\"https:\\\/\\\/keemplesklep.pl\\\/en\\\/returns-and-complaints\\\/\",\"name\":\"Returns and complaints - Keemple\",\"isPartOf\":{\"@id\":\"https:\\\/\\\/keemplesklep.pl\\\/#website\"},\"datePublished\":\"2024-03-22T12:16:59+00:00\",\"dateModified\":\"2024-06-11T14:12:28+00:00\",\"description\":\"Keemple Returns and complaints\",\"breadcrumb\":{\"@id\":\"https:\\\/\\\/keemplesklep.pl\\\/en\\\/returns-and-complaints\\\/#breadcrumb\"},\"inLanguage\":\"en-US\",\"potentialAction\":[{\"@type\":\"ReadAction\",\"target\":[\"https:\\\/\\\/keemplesklep.pl\\\/en\\\/returns-and-complaints\\\/\"]}]},{\"@type\":\"BreadcrumbList\",\"@id\":\"https:\\\/\\\/keemplesklep.pl\\\/en\\\/returns-and-complaints\\\/#breadcrumb\",\"itemListElement\":[{\"@type\":\"ListItem\",\"position\":1,\"name\":\"Strona g\u0142\u00f3wna\",\"item\":\"https:\\\/\\\/keemplesklep.pl\\\/en\\\/\"},{\"@type\":\"ListItem\",\"position\":2,\"name\":\"Returns and complaints\"}]},{\"@type\":\"WebSite\",\"@id\":\"https:\\\/\\\/keemplesklep.pl\\\/#website\",\"url\":\"https:\\\/\\\/keemplesklep.pl\\\/\",\"name\":\"Keemple\",\"description\":\"Inteligentny dom - urz\u0105d\u017a smart home z inteligentnymi urz\u0105dzeniami\",\"publisher\":{\"@id\":\"https:\\\/\\\/keemplesklep.pl\\\/#organization\"},\"potentialAction\":[{\"@type\":\"SearchAction\",\"target\":{\"@type\":\"EntryPoint\",\"urlTemplate\":\"https:\\\/\\\/keemplesklep.pl\\\/?s={search_term_string}\"},\"query-input\":{\"@type\":\"PropertyValueSpecification\",\"valueRequired\":true,\"valueName\":\"search_term_string\"}}],\"inLanguage\":\"en-US\"},{\"@type\":\"Organization\",\"@id\":\"https:\\\/\\\/keemplesklep.pl\\\/#organization\",\"name\":\"Keemple\",\"url\":\"https:\\\/\\\/keemplesklep.pl\\\/\",\"logo\":{\"@type\":\"ImageObject\",\"inLanguage\":\"en-US\",\"@id\":\"https:\\\/\\\/keemplesklep.pl\\\/#\\\/schema\\\/logo\\\/image\\\/\",\"url\":\"https:\\\/\\\/keemplesklep.pl\\\/wp-content\\\/uploads\\\/2023\\\/03\\\/cropped-logonew.png\",\"contentUrl\":\"https:\\\/\\\/keemplesklep.pl\\\/wp-content\\\/uploads\\\/2023\\\/03\\\/cropped-logonew.png\",\"width\":367,\"height\":163,\"caption\":\"Keemple\"},\"image\":{\"@id\":\"https:\\\/\\\/keemplesklep.pl\\\/#\\\/schema\\\/logo\\\/image\\\/\"}}]}<\/script>\n<!-- \/ Yoast SEO plugin. -->","yoast_head_json":{"title":"Returns and complaints - Keemple","description":"Keemple Returns and complaints","robots":{"index":"index","follow":"follow","max-snippet":"max-snippet:-1","max-image-preview":"max-image-preview:large","max-video-preview":"max-video-preview:-1"},"canonical":"https:\/\/keemplesklep.pl\/en\/returns-and-complaints\/","og_locale":"en_US","og_type":"article","og_title":"Returns and complaints - Keemple","og_description":"Keemple Returns and complaints","og_url":"https:\/\/keemplesklep.pl\/en\/returns-and-complaints\/","og_site_name":"Keemple","article_modified_time":"2024-06-11T14:12:28+00:00","twitter_card":"summary_large_image","twitter_misc":{"Est. reading time":"2 minutes"},"schema":{"@context":"https:\/\/schema.org","@graph":[{"@type":"WebPage","@id":"https:\/\/keemplesklep.pl\/en\/returns-and-complaints\/","url":"https:\/\/keemplesklep.pl\/en\/returns-and-complaints\/","name":"Returns and complaints - Keemple","isPartOf":{"@id":"https:\/\/keemplesklep.pl\/#website"},"datePublished":"2024-03-22T12:16:59+00:00","dateModified":"2024-06-11T14:12:28+00:00","description":"Keemple Returns and complaints","breadcrumb":{"@id":"https:\/\/keemplesklep.pl\/en\/returns-and-complaints\/#breadcrumb"},"inLanguage":"en-US","potentialAction":[{"@type":"ReadAction","target":["https:\/\/keemplesklep.pl\/en\/returns-and-complaints\/"]}]},{"@type":"BreadcrumbList","@id":"https:\/\/keemplesklep.pl\/en\/returns-and-complaints\/#breadcrumb","itemListElement":[{"@type":"ListItem","position":1,"name":"Strona g\u0142\u00f3wna","item":"https:\/\/keemplesklep.pl\/en\/"},{"@type":"ListItem","position":2,"name":"Returns and complaints"}]},{"@type":"WebSite","@id":"https:\/\/keemplesklep.pl\/#website","url":"https:\/\/keemplesklep.pl\/","name":"Keemple","description":"Inteligentny dom - urz\u0105d\u017a smart home z inteligentnymi urz\u0105dzeniami","publisher":{"@id":"https:\/\/keemplesklep.pl\/#organization"},"potentialAction":[{"@type":"SearchAction","target":{"@type":"EntryPoint","urlTemplate":"https:\/\/keemplesklep.pl\/?s={search_term_string}"},"query-input":{"@type":"PropertyValueSpecification","valueRequired":true,"valueName":"search_term_string"}}],"inLanguage":"en-US"},{"@type":"Organization","@id":"https:\/\/keemplesklep.pl\/#organization","name":"Keemple","url":"https:\/\/keemplesklep.pl\/","logo":{"@type":"ImageObject","inLanguage":"en-US","@id":"https:\/\/keemplesklep.pl\/#\/schema\/logo\/image\/","url":"https:\/\/keemplesklep.pl\/wp-content\/uploads\/2023\/03\/cropped-logonew.png","contentUrl":"https:\/\/keemplesklep.pl\/wp-content\/uploads\/2023\/03\/cropped-logonew.png","width":367,"height":163,"caption":"Keemple"},"image":{"@id":"https:\/\/keemplesklep.pl\/#\/schema\/logo\/image\/"}}]}},"_links":{"self":[{"href":"https:\/\/keemplesklep.pl\/en\/wp-json\/wp\/v2\/pages\/3226","targetHints":{"allow":["GET"]}}],"collection":[{"href":"https:\/\/keemplesklep.pl\/en\/wp-json\/wp\/v2\/pages"}],"about":[{"href":"https:\/\/keemplesklep.pl\/en\/wp-json\/wp\/v2\/types\/page"}],"author":[{"embeddable":true,"href":"https:\/\/keemplesklep.pl\/en\/wp-json\/wp\/v2\/users\/3"}],"replies":[{"embeddable":true,"href":"https:\/\/keemplesklep.pl\/en\/wp-json\/wp\/v2\/comments?post=3226"}],"version-history":[{"count":4,"href":"https:\/\/keemplesklep.pl\/en\/wp-json\/wp\/v2\/pages\/3226\/revisions"}],"predecessor-version":[{"id":3748,"href":"https:\/\/keemplesklep.pl\/en\/wp-json\/wp\/v2\/pages\/3226\/revisions\/3748"}],"wp:attachment":[{"href":"https:\/\/keemplesklep.pl\/en\/wp-json\/wp\/v2\/media?parent=3226"}],"curies":[{"name":"wp","href":"https:\/\/api.w.org\/{rel}","templated":true}]}}