{"id":3214,"date":"2024-03-22T12:38:14","date_gmt":"2024-03-22T11:38:14","guid":{"rendered":"https:\/\/keemplesklep.pl\/privacy-policy\/"},"modified":"2024-05-22T12:32:54","modified_gmt":"2024-05-22T10:32:54","slug":"privacy-policy","status":"publish","type":"page","link":"https:\/\/keemplesklep.pl\/en\/privacy-policy\/","title":{"rendered":"Privacy policy"},"content":{"rendered":"<h3><strong>To read the privacy policy, <a href=\"https:\/\/keemplesklep.pl\/wp-content\/uploads\/2024\/05\/240411_Privacy_Policy_Keemple_EN.pdf\" target=\"_blank\" rel=\"noreferrer noopener\">click here<\/a><\/strong><\/h3>\n<div class=\"gsp_post_data\" \r\n\t            data-post_type=\"page\" \r\n\t            data-cat=\"\" \r\n\t            data-modified=\"120\"\r\n\t            data-created=\"1711111094\"\r\n\t            data-title=\"Privacy policy\" \r\n\t            data-home=\"https:\/\/keemplesklep.pl\/en\/\"><\/div>","protected":false},"excerpt":{"rendered":"<p>To read the privacy policy, click here<\/p>\n","protected":false},"author":1,"featured_media":0,"parent":0,"menu_order":0,"comment_status":"closed","ping_status":"closed","template":"","meta":{"_acf_changed":false,"footnotes":""},"class_list":["post-3214","page","type-page","status-publish","hentry"],"acf":[],"yoast_head":"<!-- This site is optimized with the Yoast SEO plugin v27.4 - https:\/\/yoast.com\/product\/yoast-seo-wordpress\/ -->\n<title>Privacy policy - Keemple<\/title>\n<meta name=\"description\" content=\"Keemple Privacy policy\" \/>\n<meta name=\"robots\" content=\"noindex, nofollow\" \/>\n<meta property=\"og:locale\" content=\"en_US\" \/>\n<meta property=\"og:type\" content=\"article\" \/>\n<meta property=\"og:title\" content=\"Privacy policy - Keemple\" \/>\n<meta property=\"og:description\" content=\"Keemple Privacy policy\" \/>\n<meta property=\"og:url\" content=\"https:\/\/keemplesklep.pl\/en\/privacy-policy\/\" \/>\n<meta property=\"og:site_name\" content=\"Keemple\" \/>\n<meta property=\"article:modified_time\" content=\"2024-05-22T10:32:54+00:00\" \/>\n<meta name=\"twitter:card\" content=\"summary_large_image\" \/>\n<meta name=\"twitter:label1\" content=\"Est. reading time\" \/>\n\t<meta name=\"twitter:data1\" content=\"1 minute\" \/>\n<script type=\"application\/ld+json\" class=\"yoast-schema-graph\">{\"@context\":\"https:\\\/\\\/schema.org\",\"@graph\":[{\"@type\":\"WebPage\",\"@id\":\"https:\\\/\\\/keemplesklep.pl\\\/en\\\/privacy-policy\\\/\",\"url\":\"https:\\\/\\\/keemplesklep.pl\\\/en\\\/privacy-policy\\\/\",\"name\":\"Privacy policy - Keemple\",\"isPartOf\":{\"@id\":\"https:\\\/\\\/keemplesklep.pl\\\/#website\"},\"datePublished\":\"2024-03-22T11:38:14+00:00\",\"dateModified\":\"2024-05-22T10:32:54+00:00\",\"description\":\"Keemple Privacy policy\",\"breadcrumb\":{\"@id\":\"https:\\\/\\\/keemplesklep.pl\\\/en\\\/privacy-policy\\\/#breadcrumb\"},\"inLanguage\":\"en-US\",\"potentialAction\":[{\"@type\":\"ReadAction\",\"target\":[\"https:\\\/\\\/keemplesklep.pl\\\/en\\\/privacy-policy\\\/\"]}]},{\"@type\":\"BreadcrumbList\",\"@id\":\"https:\\\/\\\/keemplesklep.pl\\\/en\\\/privacy-policy\\\/#breadcrumb\",\"itemListElement\":[{\"@type\":\"ListItem\",\"position\":1,\"name\":\"Strona g\u0142\u00f3wna\",\"item\":\"https:\\\/\\\/keemplesklep.pl\\\/en\\\/\"},{\"@type\":\"ListItem\",\"position\":2,\"name\":\"Privacy policy\"}]},{\"@type\":\"WebSite\",\"@id\":\"https:\\\/\\\/keemplesklep.pl\\\/#website\",\"url\":\"https:\\\/\\\/keemplesklep.pl\\\/\",\"name\":\"Keemple\",\"description\":\"Inteligentny dom - urz\u0105d\u017a smart home z inteligentnymi urz\u0105dzeniami\",\"publisher\":{\"@id\":\"https:\\\/\\\/keemplesklep.pl\\\/#organization\"},\"potentialAction\":[{\"@type\":\"SearchAction\",\"target\":{\"@type\":\"EntryPoint\",\"urlTemplate\":\"https:\\\/\\\/keemplesklep.pl\\\/?s={search_term_string}\"},\"query-input\":{\"@type\":\"PropertyValueSpecification\",\"valueRequired\":true,\"valueName\":\"search_term_string\"}}],\"inLanguage\":\"en-US\"},{\"@type\":\"Organization\",\"@id\":\"https:\\\/\\\/keemplesklep.pl\\\/#organization\",\"name\":\"Keemple\",\"url\":\"https:\\\/\\\/keemplesklep.pl\\\/\",\"logo\":{\"@type\":\"ImageObject\",\"inLanguage\":\"en-US\",\"@id\":\"https:\\\/\\\/keemplesklep.pl\\\/#\\\/schema\\\/logo\\\/image\\\/\",\"url\":\"https:\\\/\\\/keemplesklep.pl\\\/wp-content\\\/uploads\\\/2023\\\/03\\\/cropped-logonew.png\",\"contentUrl\":\"https:\\\/\\\/keemplesklep.pl\\\/wp-content\\\/uploads\\\/2023\\\/03\\\/cropped-logonew.png\",\"width\":367,\"height\":163,\"caption\":\"Keemple\"},\"image\":{\"@id\":\"https:\\\/\\\/keemplesklep.pl\\\/#\\\/schema\\\/logo\\\/image\\\/\"}}]}<\/script>\n<!-- \/ Yoast SEO plugin. -->","yoast_head_json":{"title":"Privacy policy - Keemple","description":"Keemple Privacy policy","robots":{"index":"noindex","follow":"nofollow"},"og_locale":"en_US","og_type":"article","og_title":"Privacy policy - Keemple","og_description":"Keemple Privacy policy","og_url":"https:\/\/keemplesklep.pl\/en\/privacy-policy\/","og_site_name":"Keemple","article_modified_time":"2024-05-22T10:32:54+00:00","twitter_card":"summary_large_image","twitter_misc":{"Est. reading time":"1 minute"},"schema":{"@context":"https:\/\/schema.org","@graph":[{"@type":"WebPage","@id":"https:\/\/keemplesklep.pl\/en\/privacy-policy\/","url":"https:\/\/keemplesklep.pl\/en\/privacy-policy\/","name":"Privacy policy - Keemple","isPartOf":{"@id":"https:\/\/keemplesklep.pl\/#website"},"datePublished":"2024-03-22T11:38:14+00:00","dateModified":"2024-05-22T10:32:54+00:00","description":"Keemple Privacy policy","breadcrumb":{"@id":"https:\/\/keemplesklep.pl\/en\/privacy-policy\/#breadcrumb"},"inLanguage":"en-US","potentialAction":[{"@type":"ReadAction","target":["https:\/\/keemplesklep.pl\/en\/privacy-policy\/"]}]},{"@type":"BreadcrumbList","@id":"https:\/\/keemplesklep.pl\/en\/privacy-policy\/#breadcrumb","itemListElement":[{"@type":"ListItem","position":1,"name":"Strona g\u0142\u00f3wna","item":"https:\/\/keemplesklep.pl\/en\/"},{"@type":"ListItem","position":2,"name":"Privacy policy"}]},{"@type":"WebSite","@id":"https:\/\/keemplesklep.pl\/#website","url":"https:\/\/keemplesklep.pl\/","name":"Keemple","description":"Inteligentny dom - urz\u0105d\u017a smart home z inteligentnymi urz\u0105dzeniami","publisher":{"@id":"https:\/\/keemplesklep.pl\/#organization"},"potentialAction":[{"@type":"SearchAction","target":{"@type":"EntryPoint","urlTemplate":"https:\/\/keemplesklep.pl\/?s={search_term_string}"},"query-input":{"@type":"PropertyValueSpecification","valueRequired":true,"valueName":"search_term_string"}}],"inLanguage":"en-US"},{"@type":"Organization","@id":"https:\/\/keemplesklep.pl\/#organization","name":"Keemple","url":"https:\/\/keemplesklep.pl\/","logo":{"@type":"ImageObject","inLanguage":"en-US","@id":"https:\/\/keemplesklep.pl\/#\/schema\/logo\/image\/","url":"https:\/\/keemplesklep.pl\/wp-content\/uploads\/2023\/03\/cropped-logonew.png","contentUrl":"https:\/\/keemplesklep.pl\/wp-content\/uploads\/2023\/03\/cropped-logonew.png","width":367,"height":163,"caption":"Keemple"},"image":{"@id":"https:\/\/keemplesklep.pl\/#\/schema\/logo\/image\/"}}]}},"_links":{"self":[{"href":"https:\/\/keemplesklep.pl\/en\/wp-json\/wp\/v2\/pages\/3214","targetHints":{"allow":["GET"]}}],"collection":[{"href":"https:\/\/keemplesklep.pl\/en\/wp-json\/wp\/v2\/pages"}],"about":[{"href":"https:\/\/keemplesklep.pl\/en\/wp-json\/wp\/v2\/types\/page"}],"author":[{"embeddable":true,"href":"https:\/\/keemplesklep.pl\/en\/wp-json\/wp\/v2\/users\/1"}],"replies":[{"embeddable":true,"href":"https:\/\/keemplesklep.pl\/en\/wp-json\/wp\/v2\/comments?post=3214"}],"version-history":[{"count":1,"href":"https:\/\/keemplesklep.pl\/en\/wp-json\/wp\/v2\/pages\/3214\/revisions"}],"predecessor-version":[{"id":3573,"href":"https:\/\/keemplesklep.pl\/en\/wp-json\/wp\/v2\/pages\/3214\/revisions\/3573"}],"wp:attachment":[{"href":"https:\/\/keemplesklep.pl\/en\/wp-json\/wp\/v2\/media?parent=3214"}],"curies":[{"name":"wp","href":"https:\/\/api.w.org\/{rel}","templated":true}]}}