{"id":3210,"date":"2024-03-22T12:32:08","date_gmt":"2024-03-22T11:32:08","guid":{"rendered":"https:\/\/keemplesklep.pl\/about-us\/"},"modified":"2024-03-22T12:32:08","modified_gmt":"2024-03-22T11:32:08","slug":"about-us","status":"publish","type":"page","link":"https:\/\/keemplesklep.pl\/en\/about-us\/","title":{"rendered":"About us"},"content":{"rendered":"<div class=\"lazyblock-hero-image-Z1JUP2O wp-block-lazyblock-hero-image\">\r\n<div class=\"hero-image wroclaw\">\r\n    <div class=\"image\">\r\n        <div class=\"img\">                <img decoding=\"async\" src=\"https:\/\/keemplesklep.pl\/wp-content\/uploads\/2022\/09\/smart-cameras.webp\" alt=\"Wygoda, komfort w domu. Nowoczesne mieszkanie, szcz\u0119\u015bliwa rodzina w mieszkaniu. Poranna herbata, rodzinne \u015bniadanie.\">\r\n            <\/div>\r\n        <div class=\"gradient\"><\/div>\r\n    <\/div>\r\n    <div class=\"content-wrapper\">\r\n        <div class=\"col-full\">\r\n            <div class=\"content\">\r\n                                            <h2>Do you have doubts?<\/h2>\r\n                        <p>Do you have any questions? Contact us by phone or send a message.<\/p>\r\n                         \r\n                    <p class=\"phonemail mail\"><a style=\"color: #383838;\" href=\"mailto:support@keemple.pl\">support@keemple.pl<\/a><\/p>\r\n\t\t\t\t\t<p class=\"phonemail phone\"><a style=\"color: #383838;\" href=\"tel:+48 22 295 18 34\">+48 22 295 18 34<\/a><\/p>\r\n\t\t\t\t\t\r\n                    <p class=\"time\">We are available from Monday to Friday from 9:00 a.m. to 5:00 p.m<\/p>\r\n                    <a class=\"button\" href=\"\/kontakt\/#formularz\">\r\n                                            Ask a question\r\n                                        <\/a>\r\n            <\/div>\r\n        <\/div>\r\n    <\/div>\r\n<\/div>\r\n\r\n<\/div>\n<div style=\"height:100px\" aria-hidden=\"true\" class=\"wp-block-spacer\"><\/div>\n\n<div class=\"wp-block-group col-full\"><div class=\"wp-block-group__inner-container is-layout-flow wp-block-group-is-layout-flow\">\n<div class=\"wp-block-media-text alignwide is-stacked-on-mobile is-vertically-aligned-top\" style=\"grid-template-columns:56% auto\"><figure class=\"wp-block-media-text__media\"><img loading=\"lazy\" decoding=\"async\" width=\"977\" height=\"681\" src=\"https:\/\/keemplesklep.pl\/wp-content\/uploads\/2022\/09\/o-nas.jpg\" alt=\"\" class=\"wp-image-155 size-full\" srcset=\"https:\/\/keemplesklep.pl\/wp-content\/uploads\/2022\/09\/o-nas.jpg 977w, https:\/\/keemplesklep.pl\/wp-content\/uploads\/2022\/09\/o-nas-324x226.jpg 324w, https:\/\/keemplesklep.pl\/wp-content\/uploads\/2022\/09\/o-nas-416x290.jpg 416w, https:\/\/keemplesklep.pl\/wp-content\/uploads\/2022\/09\/o-nas-300x209.jpg 300w, https:\/\/keemplesklep.pl\/wp-content\/uploads\/2022\/09\/o-nas-768x535.jpg 768w\" sizes=\"auto, (max-width: 977px) 100vw, 977px\" \/><\/figure><div class=\"wp-block-media-text__content\">\n<h4 class=\"wp-block-heading\"><strong>Innovative solutions for your flat<\/strong><\/h4>\n\n\n\n<p>We offer a wide range of innovative solutions for your flat that will make it a smart home. Keemple guarantees user-friendliness &#8211; all our devices are designed to be fully intuitive to operate. Our solutions are a bold glimpse into the future in terms of the interior industry. From now on, you don&#8217;t have to worry during longer trips. You can monitor all parameters, such as the temperature in the flat or the number of lights on, in real time via the app. This is possible even when you are in the other hemisphere!<\/p>\n<\/div><\/div>\n\n\n\n<div style=\"height:35px\" aria-hidden=\"true\" class=\"wp-block-spacer\"><\/div>\n\n\n\n<h4 class=\"wp-block-heading\"><strong>Guarantee of unprecedented security<\/strong><\/h4>\n\n\n\n<p>We are well aware that the safety of yourself and your loved ones is your priority. For this reason, we offer solutions to ensure the highest level of security in your smart home. We offer specialised monitoring systems, including both outdoor cameras and high-precision listening devices. Smoke, carbon monoxide and gas detectors, on the other hand, are extremely sensitive to even the slightest exceedance of the upper limit, ensuring that all members of the household are protected. By installing smart devices and systems in your home, you can also minimise the risk of emergencies, which include fires.<\/p>\n\n\n\n<h4 class=\"wp-block-heading\"><strong>Cost saving<\/strong><\/h4>\n\n\n\n<p>Our smart home systems provide huge cost savings. By investing in smart solutions for your own household, you are choosing lower electricity and water bills. Using a specially designed app, you can check how much energy is being used by the smart taps or light bulbs installed in your home. This way, you can act quickly if predetermined values are exceeded, for example by automatically reducing the intensity of the lighting.<\/p>\n<\/div><\/div>\n\n<div style=\"height:100px\" aria-hidden=\"true\" class=\"wp-block-spacer hidemobile\"><\/div>\n\n<p><\/p>\n<div class=\"lazyblock-zapytaj-eksperta-Z1E9WLH wp-block-lazyblock-zapytaj-eksperta\">\r\n<div class=\"ask-expert-wrapper\">\r\n    <div class=\"col-full\">\r\n        <div class=\"ask-expert\">\r\n            <div class=\"text\">\r\n                                        <h2>Do you have doubts?<\/h2>\r\n                        <p>Do you have any questions? Contact us by phone or send a message.<\/p>\r\n                     \r\n\t\t\t\t<br \/>\r\n                <p class=\"phonemail mail\"><a style=\"color: #383838;\" href=\"mailto:support@keemple.pl\">support@keemple.pl<\/a><\/p>\r\n\t\t\t\t<p class=\"phonemail phone\"><a style=\"color: #383838;\" href=\"tel:+48 22 295 18 34\">+48 22 295 18 34<\/a><\/p>\r\n\t\t\t\t\r\n\t\t\t\t<p class=\"time\">We are available from Monday to Friday from 9:00 a.m. to 5:00 p.m<\/p>\r\n                <a class=\"button\" href=\"https:\/\/keemplesklep.pl\/kontakt\/\">\r\n                                        Ask a question\r\n                                        <\/a>\r\n            <\/div>\r\n            <div class=\"photo\">                    <img decoding=\"async\" src=\"https:\/\/keemplesklep.pl\/wp-content\/uploads\/2022\/10\/ekspert2.jpg\" alt=\"Dzia\u0142 Obs\u0142ugi Klienta, pomoc techniczna, wsparcie klienta, kontakt z klientem. Porady eksperckie.\">\r\n            <\/div>\r\n        <\/div>\r\n    <\/div>\r\n<\/div><\/div><div class=\"gsp_post_data\" \r\n\t            data-post_type=\"page\" \r\n\t            data-cat=\"\" \r\n\t            data-modified=\"120\"\r\n\t            data-created=\"1711110728\"\r\n\t            data-title=\"About us\" \r\n\t            data-home=\"https:\/\/keemplesklep.pl\/en\/\"><\/div>","protected":false},"excerpt":{"rendered":"<p>Innovative solutions for your flat We offer a wide range of innovative solutions for your flat that will make it a smart home. Keemple [&hellip;]<\/p>\n","protected":false},"author":1,"featured_media":0,"parent":0,"menu_order":0,"comment_status":"closed","ping_status":"closed","template":"template-fullwidth.php","meta":{"_acf_changed":false,"footnotes":""},"class_list":["post-3210","page","type-page","status-publish","hentry"],"acf":[],"yoast_head":"<!-- This site is optimized with the Yoast SEO plugin v27.4 - https:\/\/yoast.com\/product\/yoast-seo-wordpress\/ -->\n<title>About us - Keemple<\/title>\n<meta name=\"description\" content=\"Keemple About us\" \/>\n<meta name=\"robots\" content=\"index, follow, max-snippet:-1, max-image-preview:large, max-video-preview:-1\" \/>\n<link rel=\"canonical\" href=\"https:\/\/keemplesklep.pl\/en\/about-us\/\" \/>\n<meta property=\"og:locale\" content=\"en_US\" \/>\n<meta property=\"og:type\" content=\"article\" \/>\n<meta property=\"og:title\" content=\"About us - Keemple\" \/>\n<meta property=\"og:description\" content=\"Keemple About us\" \/>\n<meta property=\"og:url\" content=\"https:\/\/keemplesklep.pl\/en\/about-us\/\" \/>\n<meta property=\"og:site_name\" content=\"Keemple\" \/>\n<meta property=\"og:image\" content=\"https:\/\/keemplesklep.pl\/wp-content\/uploads\/2022\/09\/o-nas.jpg\" \/>\n<meta name=\"twitter:card\" content=\"summary_large_image\" \/>\n<meta name=\"twitter:label1\" content=\"Est. reading time\" \/>\n\t<meta name=\"twitter:data1\" content=\"1 minute\" \/>\n<script type=\"application\/ld+json\" class=\"yoast-schema-graph\">{\"@context\":\"https:\\\/\\\/schema.org\",\"@graph\":[{\"@type\":\"WebPage\",\"@id\":\"https:\\\/\\\/keemplesklep.pl\\\/en\\\/about-us\\\/\",\"url\":\"https:\\\/\\\/keemplesklep.pl\\\/en\\\/about-us\\\/\",\"name\":\"About us - Keemple\",\"isPartOf\":{\"@id\":\"https:\\\/\\\/keemplesklep.pl\\\/#website\"},\"primaryImageOfPage\":{\"@id\":\"https:\\\/\\\/keemplesklep.pl\\\/en\\\/about-us\\\/#primaryimage\"},\"image\":{\"@id\":\"https:\\\/\\\/keemplesklep.pl\\\/en\\\/about-us\\\/#primaryimage\"},\"thumbnailUrl\":\"https:\\\/\\\/keemplesklep.pl\\\/wp-content\\\/uploads\\\/2022\\\/09\\\/o-nas.jpg\",\"datePublished\":\"2024-03-22T11:32:08+00:00\",\"description\":\"Keemple About us\",\"breadcrumb\":{\"@id\":\"https:\\\/\\\/keemplesklep.pl\\\/en\\\/about-us\\\/#breadcrumb\"},\"inLanguage\":\"en-US\",\"potentialAction\":[{\"@type\":\"ReadAction\",\"target\":[\"https:\\\/\\\/keemplesklep.pl\\\/en\\\/about-us\\\/\"]}]},{\"@type\":\"ImageObject\",\"inLanguage\":\"en-US\",\"@id\":\"https:\\\/\\\/keemplesklep.pl\\\/en\\\/about-us\\\/#primaryimage\",\"url\":\"https:\\\/\\\/keemplesklep.pl\\\/wp-content\\\/uploads\\\/2022\\\/09\\\/o-nas.jpg\",\"contentUrl\":\"https:\\\/\\\/keemplesklep.pl\\\/wp-content\\\/uploads\\\/2022\\\/09\\\/o-nas.jpg\"},{\"@type\":\"BreadcrumbList\",\"@id\":\"https:\\\/\\\/keemplesklep.pl\\\/en\\\/about-us\\\/#breadcrumb\",\"itemListElement\":[{\"@type\":\"ListItem\",\"position\":1,\"name\":\"Strona g\u0142\u00f3wna\",\"item\":\"https:\\\/\\\/keemplesklep.pl\\\/en\\\/\"},{\"@type\":\"ListItem\",\"position\":2,\"name\":\"About us\"}]},{\"@type\":\"WebSite\",\"@id\":\"https:\\\/\\\/keemplesklep.pl\\\/#website\",\"url\":\"https:\\\/\\\/keemplesklep.pl\\\/\",\"name\":\"Keemple\",\"description\":\"Inteligentny dom - urz\u0105d\u017a smart home z inteligentnymi urz\u0105dzeniami\",\"publisher\":{\"@id\":\"https:\\\/\\\/keemplesklep.pl\\\/#organization\"},\"potentialAction\":[{\"@type\":\"SearchAction\",\"target\":{\"@type\":\"EntryPoint\",\"urlTemplate\":\"https:\\\/\\\/keemplesklep.pl\\\/?s={search_term_string}\"},\"query-input\":{\"@type\":\"PropertyValueSpecification\",\"valueRequired\":true,\"valueName\":\"search_term_string\"}}],\"inLanguage\":\"en-US\"},{\"@type\":\"Organization\",\"@id\":\"https:\\\/\\\/keemplesklep.pl\\\/#organization\",\"name\":\"Keemple\",\"url\":\"https:\\\/\\\/keemplesklep.pl\\\/\",\"logo\":{\"@type\":\"ImageObject\",\"inLanguage\":\"en-US\",\"@id\":\"https:\\\/\\\/keemplesklep.pl\\\/#\\\/schema\\\/logo\\\/image\\\/\",\"url\":\"https:\\\/\\\/keemplesklep.pl\\\/wp-content\\\/uploads\\\/2023\\\/03\\\/cropped-logonew.png\",\"contentUrl\":\"https:\\\/\\\/keemplesklep.pl\\\/wp-content\\\/uploads\\\/2023\\\/03\\\/cropped-logonew.png\",\"width\":367,\"height\":163,\"caption\":\"Keemple\"},\"image\":{\"@id\":\"https:\\\/\\\/keemplesklep.pl\\\/#\\\/schema\\\/logo\\\/image\\\/\"}}]}<\/script>\n<!-- \/ Yoast SEO plugin. -->","yoast_head_json":{"title":"About us - Keemple","description":"Keemple About us","robots":{"index":"index","follow":"follow","max-snippet":"max-snippet:-1","max-image-preview":"max-image-preview:large","max-video-preview":"max-video-preview:-1"},"canonical":"https:\/\/keemplesklep.pl\/en\/about-us\/","og_locale":"en_US","og_type":"article","og_title":"About us - Keemple","og_description":"Keemple About us","og_url":"https:\/\/keemplesklep.pl\/en\/about-us\/","og_site_name":"Keemple","og_image":[{"url":"https:\/\/keemplesklep.pl\/wp-content\/uploads\/2022\/09\/o-nas.jpg","type":"","width":"","height":""}],"twitter_card":"summary_large_image","twitter_misc":{"Est. reading time":"1 minute"},"schema":{"@context":"https:\/\/schema.org","@graph":[{"@type":"WebPage","@id":"https:\/\/keemplesklep.pl\/en\/about-us\/","url":"https:\/\/keemplesklep.pl\/en\/about-us\/","name":"About us - Keemple","isPartOf":{"@id":"https:\/\/keemplesklep.pl\/#website"},"primaryImageOfPage":{"@id":"https:\/\/keemplesklep.pl\/en\/about-us\/#primaryimage"},"image":{"@id":"https:\/\/keemplesklep.pl\/en\/about-us\/#primaryimage"},"thumbnailUrl":"https:\/\/keemplesklep.pl\/wp-content\/uploads\/2022\/09\/o-nas.jpg","datePublished":"2024-03-22T11:32:08+00:00","description":"Keemple About us","breadcrumb":{"@id":"https:\/\/keemplesklep.pl\/en\/about-us\/#breadcrumb"},"inLanguage":"en-US","potentialAction":[{"@type":"ReadAction","target":["https:\/\/keemplesklep.pl\/en\/about-us\/"]}]},{"@type":"ImageObject","inLanguage":"en-US","@id":"https:\/\/keemplesklep.pl\/en\/about-us\/#primaryimage","url":"https:\/\/keemplesklep.pl\/wp-content\/uploads\/2022\/09\/o-nas.jpg","contentUrl":"https:\/\/keemplesklep.pl\/wp-content\/uploads\/2022\/09\/o-nas.jpg"},{"@type":"BreadcrumbList","@id":"https:\/\/keemplesklep.pl\/en\/about-us\/#breadcrumb","itemListElement":[{"@type":"ListItem","position":1,"name":"Strona g\u0142\u00f3wna","item":"https:\/\/keemplesklep.pl\/en\/"},{"@type":"ListItem","position":2,"name":"About us"}]},{"@type":"WebSite","@id":"https:\/\/keemplesklep.pl\/#website","url":"https:\/\/keemplesklep.pl\/","name":"Keemple","description":"Inteligentny dom - urz\u0105d\u017a smart home z inteligentnymi urz\u0105dzeniami","publisher":{"@id":"https:\/\/keemplesklep.pl\/#organization"},"potentialAction":[{"@type":"SearchAction","target":{"@type":"EntryPoint","urlTemplate":"https:\/\/keemplesklep.pl\/?s={search_term_string}"},"query-input":{"@type":"PropertyValueSpecification","valueRequired":true,"valueName":"search_term_string"}}],"inLanguage":"en-US"},{"@type":"Organization","@id":"https:\/\/keemplesklep.pl\/#organization","name":"Keemple","url":"https:\/\/keemplesklep.pl\/","logo":{"@type":"ImageObject","inLanguage":"en-US","@id":"https:\/\/keemplesklep.pl\/#\/schema\/logo\/image\/","url":"https:\/\/keemplesklep.pl\/wp-content\/uploads\/2023\/03\/cropped-logonew.png","contentUrl":"https:\/\/keemplesklep.pl\/wp-content\/uploads\/2023\/03\/cropped-logonew.png","width":367,"height":163,"caption":"Keemple"},"image":{"@id":"https:\/\/keemplesklep.pl\/#\/schema\/logo\/image\/"}}]}},"_links":{"self":[{"href":"https:\/\/keemplesklep.pl\/en\/wp-json\/wp\/v2\/pages\/3210","targetHints":{"allow":["GET"]}}],"collection":[{"href":"https:\/\/keemplesklep.pl\/en\/wp-json\/wp\/v2\/pages"}],"about":[{"href":"https:\/\/keemplesklep.pl\/en\/wp-json\/wp\/v2\/types\/page"}],"author":[{"embeddable":true,"href":"https:\/\/keemplesklep.pl\/en\/wp-json\/wp\/v2\/users\/1"}],"replies":[{"embeddable":true,"href":"https:\/\/keemplesklep.pl\/en\/wp-json\/wp\/v2\/comments?post=3210"}],"version-history":[{"count":1,"href":"https:\/\/keemplesklep.pl\/en\/wp-json\/wp\/v2\/pages\/3210\/revisions"}],"predecessor-version":[{"id":3211,"href":"https:\/\/keemplesklep.pl\/en\/wp-json\/wp\/v2\/pages\/3210\/revisions\/3211"}],"wp:attachment":[{"href":"https:\/\/keemplesklep.pl\/en\/wp-json\/wp\/v2\/media?parent=3210"}],"curies":[{"name":"wp","href":"https:\/\/api.w.org\/{rel}","templated":true}]}}