{"id":3199,"date":"2024-03-22T11:34:32","date_gmt":"2024-03-22T10:34:32","guid":{"rendered":"https:\/\/keemplesklep.pl\/?page_id=3199"},"modified":"2024-05-22T15:34:57","modified_gmt":"2024-05-22T13:34:57","slug":"contact","status":"publish","type":"page","link":"https:\/\/keemplesklep.pl\/en\/contact\/","title":{"rendered":"Contact"},"content":{"rendered":"<div class=\"lazyblock-hero-image-1HI7HB kontakt-hero wp-block-lazyblock-hero-image\">\r\n<div class=\"hero-image wroclaw\">\r\n    <div class=\"image\">\r\n        <div class=\"img\">                <img decoding=\"async\" src=\"https:\/\/keemplesklep.pl\/wp-content\/uploads\/2022\/10\/kontakt.jpg\" alt=\"Kontakt z dzia\u0142em obs\u0142ugi klienta Keemple. Pomoc i wsparcie techniczne u\u017cytkownik\u00f3w.\">\r\n            <\/div>\r\n        <div class=\"gradient\"><\/div>\r\n    <\/div>\r\n    <div class=\"content-wrapper\">\r\n        <div class=\"col-full\">\r\n            <div class=\"content\">\r\n                                            <h2>Do you have doubts?<\/h2>\r\n                        <p>Do you have any questions? Contact us by phone or send a message.<\/p>\r\n                         \r\n                    <p class=\"phonemail mail\"><a style=\"color: #383838;\" href=\"mailto:support@keemple.pl\">support@keemple.pl<\/a><\/p>\r\n\t\t\t\t\t<p class=\"phonemail phone\"><a style=\"color: #383838;\" href=\"tel:+48 22 295 18 34\">+48 22 295 18 34<\/a><\/p>\r\n\t\t\t\t\t\r\n                    <p class=\"time\">We are available from Monday to Friday from 9:00 a.m. to 5:00 p.m<\/p>\r\n                    <a class=\"button\" href=\"\/kontakt\/#formularz\">\r\n                                            Ask a question\r\n                                        <\/a>\r\n            <\/div>\r\n        <\/div>\r\n    <\/div>\r\n<\/div>\r\n\r\n<\/div>\n\n\n<div class=\"wp-block-group col-full\"><div class=\"wp-block-group__inner-container is-layout-flow wp-block-group-is-layout-flow\">\n<h2 class=\"wp-block-heading has-text-align-center\"><strong>Contact<\/strong><\/h2>\n\n\n\n<div class=\"wp-block-columns is-layout-flex wp-container-core-columns-is-layout-28f84493 wp-block-columns-is-layout-flex\" id=\"formularz\">\n<div class=\"wp-block-column kontakt-info is-layout-flow wp-block-column-is-layout-flow\">\n<h3 class=\"wp-block-heading\"><strong>Office<\/strong><\/h3>\n\n\n\n<hr class=\"wp-block-separator has-alpha-channel-opacity is-style-wide\"\/>\n\n\n\n<p><strong>Keemple Polska Sp. z o.o.<\/strong><br>Ul. Sarmacka 12G\/30<br>02-972 Warsaw Poland<br>email: <a href=\"mailto:support@keemple.pl\" target=\"_blank\" rel=\"noreferrer noopener\">support@keemple.pl<\/a><br>Mon-Fri: 9:00 &#8211; 17:00<\/p>\n<\/div>\n\n\n\n<div class=\"wp-block-column kontakt-formularz is-layout-flow wp-block-column-is-layout-flow\">\n<h3 class=\"wp-block-heading\"><strong>Contact form<\/strong><\/h3>\n\n\n\n<div class=\"wpcf7 no-js\" id=\"wpcf7-f3205-o1\" lang=\"pl-PL\" dir=\"ltr\" data-wpcf7-id=\"3205\">\n<div class=\"screen-reader-response\"><p role=\"status\" aria-live=\"polite\" aria-atomic=\"true\"><\/p> <ul><\/ul><\/div>\n<form action=\"\/en\/wp-json\/wp\/v2\/pages\/3199#wpcf7-f3205-o1\" method=\"post\" class=\"wpcf7-form init\" aria-label=\"Formularz kontaktowy\" novalidate=\"novalidate\" data-status=\"init\">\n<fieldset class=\"hidden-fields-container\"><input type=\"hidden\" name=\"_wpcf7\" value=\"3205\" \/><input type=\"hidden\" name=\"_wpcf7_version\" value=\"6.1.5\" \/><input type=\"hidden\" name=\"_wpcf7_locale\" value=\"pl_PL\" \/><input type=\"hidden\" name=\"_wpcf7_unit_tag\" value=\"wpcf7-f3205-o1\" \/><input type=\"hidden\" name=\"_wpcf7_container_post\" value=\"0\" \/><input type=\"hidden\" name=\"_wpcf7_posted_data_hash\" value=\"\" \/>\n<\/fieldset>\n<p><label> First name and last name * <span class=\"wpcf7-form-control-wrap\" data-name=\"your-name\"><input size=\"40\" maxlength=\"400\" class=\"wpcf7-form-control wpcf7-text wpcf7-validates-as-required\" aria-required=\"true\" aria-invalid=\"false\" placeholder=\"First name and last name\" value=\"\" type=\"text\" name=\"your-name\" \/><\/span> <\/label><label> E-mail * <span class=\"wpcf7-form-control-wrap\" data-name=\"your-email\"><input size=\"40\" maxlength=\"400\" class=\"wpcf7-form-control wpcf7-email wpcf7-validates-as-required wpcf7-text wpcf7-validates-as-email\" aria-required=\"true\" aria-invalid=\"false\" placeholder=\"E-mail\" value=\"\" type=\"email\" name=\"your-email\" \/><\/span> <\/label><label>Message Subject <span class=\"wpcf7-form-control-wrap\" data-name=\"menu-379\"><select class=\"wpcf7-form-control wpcf7-select\" aria-invalid=\"false\" name=\"menu-379\"><option value=\"Question about a product\">Question about a product<\/option><option value=\"Technical assistance\">Technical assistance<\/option><option value=\"Report a problem\/fault\">Report a problem\/fault<\/option><option value=\"Invoice\/Order\">Invoice\/Order<\/option><option value=\"Return\">Return<\/option><option value=\"Other\">Other<\/option><option value=\"Cooperation\">Cooperation<\/option><\/select><\/span><\/label><label> Message* <span class=\"wpcf7-form-control-wrap\" data-name=\"your-message\"><textarea cols=\"40\" rows=\"10\" maxlength=\"2000\" class=\"wpcf7-form-control wpcf7-textarea wpcf7-validates-as-required\" aria-required=\"true\" aria-invalid=\"false\" placeholder=\"Message content\" name=\"your-message\"><\/textarea><\/span> <\/label><span class=\"wpcf7-form-control-wrap\" data-name=\"zgoda\"><span class=\"wpcf7-form-control wpcf7-acceptance\"><span class=\"wpcf7-list-item\"><label><input type=\"checkbox\" name=\"zgoda\" value=\"1\" aria-invalid=\"false\" \/><span class=\"wpcf7-list-item-label\">I agree to the transfer of data in accordance with the <a target=\"_blank\" href=\"https:\/\/keemplesklep.pl\/en\/privacy-policy\/\">privacy policy<\/a><\/span><\/label><\/span><\/span><\/span><input class=\"wpcf7-form-control wpcf7-submit has-spinner button\" type=\"submit\" value=\"Send\" \/>\n<\/p><input type='hidden' class='wpcf7-pum' value='{\"closepopup\":false,\"closedelay\":0,\"openpopup\":false,\"openpopup_id\":0}' \/><div class=\"wpcf7-response-output\" aria-hidden=\"true\"><\/div>\n<\/form>\n<\/div>\n\n<\/div>\n<\/div>\n<\/div><\/div>\n<div class=\"gsp_post_data\" \r\n\t            data-post_type=\"page\" \r\n\t            data-cat=\"\" \r\n\t            data-modified=\"120\"\r\n\t            data-created=\"1711107272\"\r\n\t            data-title=\"Contact\" \r\n\t            data-home=\"https:\/\/keemplesklep.pl\/en\/\"><\/div>","protected":false},"excerpt":{"rendered":"<p>Contact Office Keemple Polska Sp. z o.o.Ul. Sarmacka 12G\/3002-972 Warsaw Polandemail: support@keemple.plMon-Fri: 9:00 &#8211; 17:00 Contact form<\/p>\n","protected":false},"author":3,"featured_media":0,"parent":0,"menu_order":0,"comment_status":"closed","ping_status":"closed","template":"template-fullwidth.php","meta":{"_acf_changed":false,"footnotes":""},"class_list":["post-3199","page","type-page","status-publish","hentry"],"acf":[],"yoast_head":"<!-- This site is optimized with the Yoast SEO plugin v27.4 - https:\/\/yoast.com\/product\/yoast-seo-wordpress\/ -->\n<title>Contact - Keemple<\/title>\n<meta name=\"description\" content=\"Keemple Contact\" \/>\n<meta name=\"robots\" content=\"index, follow, max-snippet:-1, max-image-preview:large, max-video-preview:-1\" \/>\n<link rel=\"canonical\" href=\"https:\/\/keemplesklep.pl\/en\/contact\/\" \/>\n<meta property=\"og:locale\" content=\"en_US\" \/>\n<meta property=\"og:type\" content=\"article\" \/>\n<meta property=\"og:title\" content=\"Contact - Keemple\" \/>\n<meta property=\"og:description\" content=\"Keemple Contact\" \/>\n<meta property=\"og:url\" content=\"https:\/\/keemplesklep.pl\/en\/contact\/\" \/>\n<meta property=\"og:site_name\" content=\"Keemple\" \/>\n<meta property=\"article:modified_time\" content=\"2024-05-22T13:34:57+00:00\" \/>\n<meta name=\"twitter:card\" content=\"summary_large_image\" \/>\n<meta name=\"twitter:label1\" content=\"Est. reading time\" \/>\n\t<meta name=\"twitter:data1\" content=\"1 minute\" \/>\n<script type=\"application\/ld+json\" class=\"yoast-schema-graph\">{\"@context\":\"https:\\\/\\\/schema.org\",\"@graph\":[{\"@type\":\"WebPage\",\"@id\":\"https:\\\/\\\/keemplesklep.pl\\\/en\\\/contact\\\/\",\"url\":\"https:\\\/\\\/keemplesklep.pl\\\/en\\\/contact\\\/\",\"name\":\"Contact - Keemple\",\"isPartOf\":{\"@id\":\"https:\\\/\\\/keemplesklep.pl\\\/#website\"},\"datePublished\":\"2024-03-22T10:34:32+00:00\",\"dateModified\":\"2024-05-22T13:34:57+00:00\",\"description\":\"Keemple Contact\",\"breadcrumb\":{\"@id\":\"https:\\\/\\\/keemplesklep.pl\\\/en\\\/contact\\\/#breadcrumb\"},\"inLanguage\":\"en-US\",\"potentialAction\":[{\"@type\":\"ReadAction\",\"target\":[\"https:\\\/\\\/keemplesklep.pl\\\/en\\\/contact\\\/\"]}]},{\"@type\":\"BreadcrumbList\",\"@id\":\"https:\\\/\\\/keemplesklep.pl\\\/en\\\/contact\\\/#breadcrumb\",\"itemListElement\":[{\"@type\":\"ListItem\",\"position\":1,\"name\":\"Strona g\u0142\u00f3wna\",\"item\":\"https:\\\/\\\/keemplesklep.pl\\\/en\\\/\"},{\"@type\":\"ListItem\",\"position\":2,\"name\":\"Contact\"}]},{\"@type\":\"WebSite\",\"@id\":\"https:\\\/\\\/keemplesklep.pl\\\/#website\",\"url\":\"https:\\\/\\\/keemplesklep.pl\\\/\",\"name\":\"Keemple\",\"description\":\"Inteligentny dom - urz\u0105d\u017a smart home z inteligentnymi urz\u0105dzeniami\",\"publisher\":{\"@id\":\"https:\\\/\\\/keemplesklep.pl\\\/#organization\"},\"potentialAction\":[{\"@type\":\"SearchAction\",\"target\":{\"@type\":\"EntryPoint\",\"urlTemplate\":\"https:\\\/\\\/keemplesklep.pl\\\/?s={search_term_string}\"},\"query-input\":{\"@type\":\"PropertyValueSpecification\",\"valueRequired\":true,\"valueName\":\"search_term_string\"}}],\"inLanguage\":\"en-US\"},{\"@type\":\"Organization\",\"@id\":\"https:\\\/\\\/keemplesklep.pl\\\/#organization\",\"name\":\"Keemple\",\"url\":\"https:\\\/\\\/keemplesklep.pl\\\/\",\"logo\":{\"@type\":\"ImageObject\",\"inLanguage\":\"en-US\",\"@id\":\"https:\\\/\\\/keemplesklep.pl\\\/#\\\/schema\\\/logo\\\/image\\\/\",\"url\":\"https:\\\/\\\/keemplesklep.pl\\\/wp-content\\\/uploads\\\/2023\\\/03\\\/cropped-logonew.png\",\"contentUrl\":\"https:\\\/\\\/keemplesklep.pl\\\/wp-content\\\/uploads\\\/2023\\\/03\\\/cropped-logonew.png\",\"width\":367,\"height\":163,\"caption\":\"Keemple\"},\"image\":{\"@id\":\"https:\\\/\\\/keemplesklep.pl\\\/#\\\/schema\\\/logo\\\/image\\\/\"}}]}<\/script>\n<!-- \/ Yoast SEO plugin. -->","yoast_head_json":{"title":"Contact - Keemple","description":"Keemple Contact","robots":{"index":"index","follow":"follow","max-snippet":"max-snippet:-1","max-image-preview":"max-image-preview:large","max-video-preview":"max-video-preview:-1"},"canonical":"https:\/\/keemplesklep.pl\/en\/contact\/","og_locale":"en_US","og_type":"article","og_title":"Contact - Keemple","og_description":"Keemple Contact","og_url":"https:\/\/keemplesklep.pl\/en\/contact\/","og_site_name":"Keemple","article_modified_time":"2024-05-22T13:34:57+00:00","twitter_card":"summary_large_image","twitter_misc":{"Est. reading time":"1 minute"},"schema":{"@context":"https:\/\/schema.org","@graph":[{"@type":"WebPage","@id":"https:\/\/keemplesklep.pl\/en\/contact\/","url":"https:\/\/keemplesklep.pl\/en\/contact\/","name":"Contact - Keemple","isPartOf":{"@id":"https:\/\/keemplesklep.pl\/#website"},"datePublished":"2024-03-22T10:34:32+00:00","dateModified":"2024-05-22T13:34:57+00:00","description":"Keemple Contact","breadcrumb":{"@id":"https:\/\/keemplesklep.pl\/en\/contact\/#breadcrumb"},"inLanguage":"en-US","potentialAction":[{"@type":"ReadAction","target":["https:\/\/keemplesklep.pl\/en\/contact\/"]}]},{"@type":"BreadcrumbList","@id":"https:\/\/keemplesklep.pl\/en\/contact\/#breadcrumb","itemListElement":[{"@type":"ListItem","position":1,"name":"Strona g\u0142\u00f3wna","item":"https:\/\/keemplesklep.pl\/en\/"},{"@type":"ListItem","position":2,"name":"Contact"}]},{"@type":"WebSite","@id":"https:\/\/keemplesklep.pl\/#website","url":"https:\/\/keemplesklep.pl\/","name":"Keemple","description":"Inteligentny dom - urz\u0105d\u017a smart home z inteligentnymi urz\u0105dzeniami","publisher":{"@id":"https:\/\/keemplesklep.pl\/#organization"},"potentialAction":[{"@type":"SearchAction","target":{"@type":"EntryPoint","urlTemplate":"https:\/\/keemplesklep.pl\/?s={search_term_string}"},"query-input":{"@type":"PropertyValueSpecification","valueRequired":true,"valueName":"search_term_string"}}],"inLanguage":"en-US"},{"@type":"Organization","@id":"https:\/\/keemplesklep.pl\/#organization","name":"Keemple","url":"https:\/\/keemplesklep.pl\/","logo":{"@type":"ImageObject","inLanguage":"en-US","@id":"https:\/\/keemplesklep.pl\/#\/schema\/logo\/image\/","url":"https:\/\/keemplesklep.pl\/wp-content\/uploads\/2023\/03\/cropped-logonew.png","contentUrl":"https:\/\/keemplesklep.pl\/wp-content\/uploads\/2023\/03\/cropped-logonew.png","width":367,"height":163,"caption":"Keemple"},"image":{"@id":"https:\/\/keemplesklep.pl\/#\/schema\/logo\/image\/"}}]}},"_links":{"self":[{"href":"https:\/\/keemplesklep.pl\/en\/wp-json\/wp\/v2\/pages\/3199","targetHints":{"allow":["GET"]}}],"collection":[{"href":"https:\/\/keemplesklep.pl\/en\/wp-json\/wp\/v2\/pages"}],"about":[{"href":"https:\/\/keemplesklep.pl\/en\/wp-json\/wp\/v2\/types\/page"}],"author":[{"embeddable":true,"href":"https:\/\/keemplesklep.pl\/en\/wp-json\/wp\/v2\/users\/3"}],"replies":[{"embeddable":true,"href":"https:\/\/keemplesklep.pl\/en\/wp-json\/wp\/v2\/comments?post=3199"}],"version-history":[{"count":8,"href":"https:\/\/keemplesklep.pl\/en\/wp-json\/wp\/v2\/pages\/3199\/revisions"}],"predecessor-version":[{"id":3662,"href":"https:\/\/keemplesklep.pl\/en\/wp-json\/wp\/v2\/pages\/3199\/revisions\/3662"}],"wp:attachment":[{"href":"https:\/\/keemplesklep.pl\/en\/wp-json\/wp\/v2\/media?parent=3199"}],"curies":[{"name":"wp","href":"https:\/\/api.w.org\/{rel}","templated":true}]}}