{"id":3176,"date":"2024-03-22T10:53:15","date_gmt":"2024-03-22T09:53:15","guid":{"rendered":"https:\/\/keemplesklep.pl\/delivery\/"},"modified":"2025-09-11T14:44:23","modified_gmt":"2025-09-11T12:44:23","slug":"delivery","status":"publish","type":"page","link":"https:\/\/keemplesklep.pl\/en\/delivery\/","title":{"rendered":"DELIVERY"},"content":{"rendered":"\n<div style=\"height:30px\" aria-hidden=\"true\" class=\"wp-block-spacer\"><\/div>\n\n\n\n<p class=\"has-text-align-center\"><strong>DELIVERY<\/strong><\/p>\n\n\n\n<p>Deliveries are made via DHL and INPOST 24\/7 parcel lockers. The parcel will be delivered within 3 working days of purchase. If you use the DHL service, please check the condition of the parcel in the presence of the courier. Orders are shipped free of charge.<\/p>\n\n\n\n<div class=\"wp-block-columns is-layout-flex wp-container-core-columns-is-layout-28f84493 wp-block-columns-is-layout-flex\">\n<div class=\"wp-block-column is-layout-flow wp-block-column-is-layout-flow\"><div class=\"wp-block-image\">\n<figure class=\"aligncenter size-full\"><img loading=\"lazy\" decoding=\"async\" width=\"177\" height=\"100\" src=\"https:\/\/keemplesklep.pl\/wp-content\/uploads\/2022\/11\/inpost_logotyp.jpg\" alt=\"\" class=\"wp-image-1139\"\/><\/figure>\n<\/div><\/div>\n\n\n\n<div class=\"wp-block-column is-layout-flow wp-block-column-is-layout-flow\"><div class=\"wp-block-image\">\n<figure class=\"aligncenter size-full\"><img loading=\"lazy\" decoding=\"async\" width=\"2560\" height=\"1440\" src=\"https:\/\/keemplesklep.pl\/wp-content\/uploads\/2025\/05\/FedEx-Logo-scaled.png\" alt=\"\" class=\"wp-image-5290\" srcset=\"https:\/\/keemplesklep.pl\/wp-content\/uploads\/2025\/05\/FedEx-Logo-scaled.png 2560w, https:\/\/keemplesklep.pl\/wp-content\/uploads\/2025\/05\/FedEx-Logo-300x169.png 300w, https:\/\/keemplesklep.pl\/wp-content\/uploads\/2025\/05\/FedEx-Logo-1024x576.png 1024w, https:\/\/keemplesklep.pl\/wp-content\/uploads\/2025\/05\/FedEx-Logo-768x432.png 768w, https:\/\/keemplesklep.pl\/wp-content\/uploads\/2025\/05\/FedEx-Logo-1536x864.png 1536w, https:\/\/keemplesklep.pl\/wp-content\/uploads\/2025\/05\/FedEx-Logo-2048x1152.png 2048w, https:\/\/keemplesklep.pl\/wp-content\/uploads\/2025\/05\/FedEx-Logo-324x182.png 324w, https:\/\/keemplesklep.pl\/wp-content\/uploads\/2025\/05\/FedEx-Logo-416x234.png 416w\" sizes=\"auto, (max-width: 2560px) 100vw, 2560px\" \/><\/figure>\n<\/div><\/div>\n<\/div>\n<div class=\"gsp_post_data\" \r\n\t            data-post_type=\"page\" \r\n\t            data-cat=\"\" \r\n\t            data-modified=\"120\"\r\n\t            data-created=\"1711104795\"\r\n\t            data-title=\"DELIVERY\" \r\n\t            data-home=\"https:\/\/keemplesklep.pl\/en\/\"><\/div>","protected":false},"excerpt":{"rendered":"<p>DELIVERY Deliveries are made via DHL and INPOST 24\/7 parcel lockers. The parcel will be delivered within 3 working days of purchase. If you [&hellip;]<\/p>\n","protected":false},"author":1,"featured_media":0,"parent":0,"menu_order":0,"comment_status":"closed","ping_status":"closed","template":"","meta":{"_acf_changed":false,"footnotes":""},"class_list":["post-3176","page","type-page","status-publish","hentry"],"acf":[],"yoast_head":"<!-- This site is optimized with the Yoast SEO plugin v27.3 - https:\/\/yoast.com\/product\/yoast-seo-wordpress\/ -->\n<title>DELIVERY - Keemple<\/title>\n<meta name=\"description\" content=\"Keemple DELIVERY\" \/>\n<meta name=\"robots\" content=\"index, follow, max-snippet:-1, max-image-preview:large, max-video-preview:-1\" \/>\n<link rel=\"canonical\" href=\"https:\/\/keemplesklep.pl\/en\/delivery\/\" \/>\n<meta property=\"og:locale\" content=\"en_US\" \/>\n<meta property=\"og:type\" content=\"article\" \/>\n<meta property=\"og:title\" content=\"DELIVERY - Keemple\" \/>\n<meta property=\"og:description\" content=\"Keemple DELIVERY\" \/>\n<meta property=\"og:url\" content=\"https:\/\/keemplesklep.pl\/en\/delivery\/\" \/>\n<meta property=\"og:site_name\" content=\"Keemple\" \/>\n<meta property=\"article:modified_time\" content=\"2025-09-11T12:44:23+00:00\" \/>\n<meta property=\"og:image\" content=\"https:\/\/keemplesklep.pl\/wp-content\/uploads\/2022\/11\/inpost_logotyp.jpg\" \/>\n\t<meta property=\"og:image:width\" content=\"177\" \/>\n\t<meta property=\"og:image:height\" content=\"100\" \/>\n\t<meta property=\"og:image:type\" content=\"image\/jpeg\" \/>\n<meta name=\"twitter:card\" content=\"summary_large_image\" \/>\n<meta name=\"twitter:label1\" content=\"Est. reading time\" \/>\n\t<meta name=\"twitter:data1\" content=\"1 minute\" \/>\n<script type=\"application\/ld+json\" class=\"yoast-schema-graph\">{\"@context\":\"https:\\\/\\\/schema.org\",\"@graph\":[{\"@type\":\"WebPage\",\"@id\":\"https:\\\/\\\/keemplesklep.pl\\\/en\\\/delivery\\\/\",\"url\":\"https:\\\/\\\/keemplesklep.pl\\\/en\\\/delivery\\\/\",\"name\":\"DELIVERY - Keemple\",\"isPartOf\":{\"@id\":\"https:\\\/\\\/keemplesklep.pl\\\/#website\"},\"primaryImageOfPage\":{\"@id\":\"https:\\\/\\\/keemplesklep.pl\\\/en\\\/delivery\\\/#primaryimage\"},\"image\":{\"@id\":\"https:\\\/\\\/keemplesklep.pl\\\/en\\\/delivery\\\/#primaryimage\"},\"thumbnailUrl\":\"https:\\\/\\\/keemplesklep.pl\\\/wp-content\\\/uploads\\\/2022\\\/11\\\/inpost_logotyp.jpg\",\"datePublished\":\"2024-03-22T09:53:15+00:00\",\"dateModified\":\"2025-09-11T12:44:23+00:00\",\"description\":\"Keemple DELIVERY\",\"breadcrumb\":{\"@id\":\"https:\\\/\\\/keemplesklep.pl\\\/en\\\/delivery\\\/#breadcrumb\"},\"inLanguage\":\"en-US\",\"potentialAction\":[{\"@type\":\"ReadAction\",\"target\":[\"https:\\\/\\\/keemplesklep.pl\\\/en\\\/delivery\\\/\"]}]},{\"@type\":\"ImageObject\",\"inLanguage\":\"en-US\",\"@id\":\"https:\\\/\\\/keemplesklep.pl\\\/en\\\/delivery\\\/#primaryimage\",\"url\":\"https:\\\/\\\/keemplesklep.pl\\\/wp-content\\\/uploads\\\/2022\\\/11\\\/inpost_logotyp.jpg\",\"contentUrl\":\"https:\\\/\\\/keemplesklep.pl\\\/wp-content\\\/uploads\\\/2022\\\/11\\\/inpost_logotyp.jpg\"},{\"@type\":\"BreadcrumbList\",\"@id\":\"https:\\\/\\\/keemplesklep.pl\\\/en\\\/delivery\\\/#breadcrumb\",\"itemListElement\":[{\"@type\":\"ListItem\",\"position\":1,\"name\":\"Strona g\u0142\u00f3wna\",\"item\":\"https:\\\/\\\/keemplesklep.pl\\\/en\\\/\"},{\"@type\":\"ListItem\",\"position\":2,\"name\":\"DELIVERY\"}]},{\"@type\":\"WebSite\",\"@id\":\"https:\\\/\\\/keemplesklep.pl\\\/#website\",\"url\":\"https:\\\/\\\/keemplesklep.pl\\\/\",\"name\":\"Keemple\",\"description\":\"Inteligentny dom - urz\u0105d\u017a smart home z inteligentnymi urz\u0105dzeniami\",\"publisher\":{\"@id\":\"https:\\\/\\\/keemplesklep.pl\\\/#organization\"},\"potentialAction\":[{\"@type\":\"SearchAction\",\"target\":{\"@type\":\"EntryPoint\",\"urlTemplate\":\"https:\\\/\\\/keemplesklep.pl\\\/?s={search_term_string}\"},\"query-input\":{\"@type\":\"PropertyValueSpecification\",\"valueRequired\":true,\"valueName\":\"search_term_string\"}}],\"inLanguage\":\"en-US\"},{\"@type\":\"Organization\",\"@id\":\"https:\\\/\\\/keemplesklep.pl\\\/#organization\",\"name\":\"Keemple\",\"url\":\"https:\\\/\\\/keemplesklep.pl\\\/\",\"logo\":{\"@type\":\"ImageObject\",\"inLanguage\":\"en-US\",\"@id\":\"https:\\\/\\\/keemplesklep.pl\\\/#\\\/schema\\\/logo\\\/image\\\/\",\"url\":\"https:\\\/\\\/keemplesklep.pl\\\/wp-content\\\/uploads\\\/2023\\\/03\\\/cropped-logonew.png\",\"contentUrl\":\"https:\\\/\\\/keemplesklep.pl\\\/wp-content\\\/uploads\\\/2023\\\/03\\\/cropped-logonew.png\",\"width\":367,\"height\":163,\"caption\":\"Keemple\"},\"image\":{\"@id\":\"https:\\\/\\\/keemplesklep.pl\\\/#\\\/schema\\\/logo\\\/image\\\/\"}}]}<\/script>\n<!-- \/ Yoast SEO plugin. -->","yoast_head_json":{"title":"DELIVERY - Keemple","description":"Keemple DELIVERY","robots":{"index":"index","follow":"follow","max-snippet":"max-snippet:-1","max-image-preview":"max-image-preview:large","max-video-preview":"max-video-preview:-1"},"canonical":"https:\/\/keemplesklep.pl\/en\/delivery\/","og_locale":"en_US","og_type":"article","og_title":"DELIVERY - Keemple","og_description":"Keemple DELIVERY","og_url":"https:\/\/keemplesklep.pl\/en\/delivery\/","og_site_name":"Keemple","article_modified_time":"2025-09-11T12:44:23+00:00","og_image":[{"width":177,"height":100,"url":"https:\/\/keemplesklep.pl\/wp-content\/uploads\/2022\/11\/inpost_logotyp.jpg","type":"image\/jpeg"}],"twitter_card":"summary_large_image","twitter_misc":{"Est. reading time":"1 minute"},"schema":{"@context":"https:\/\/schema.org","@graph":[{"@type":"WebPage","@id":"https:\/\/keemplesklep.pl\/en\/delivery\/","url":"https:\/\/keemplesklep.pl\/en\/delivery\/","name":"DELIVERY - Keemple","isPartOf":{"@id":"https:\/\/keemplesklep.pl\/#website"},"primaryImageOfPage":{"@id":"https:\/\/keemplesklep.pl\/en\/delivery\/#primaryimage"},"image":{"@id":"https:\/\/keemplesklep.pl\/en\/delivery\/#primaryimage"},"thumbnailUrl":"https:\/\/keemplesklep.pl\/wp-content\/uploads\/2022\/11\/inpost_logotyp.jpg","datePublished":"2024-03-22T09:53:15+00:00","dateModified":"2025-09-11T12:44:23+00:00","description":"Keemple DELIVERY","breadcrumb":{"@id":"https:\/\/keemplesklep.pl\/en\/delivery\/#breadcrumb"},"inLanguage":"en-US","potentialAction":[{"@type":"ReadAction","target":["https:\/\/keemplesklep.pl\/en\/delivery\/"]}]},{"@type":"ImageObject","inLanguage":"en-US","@id":"https:\/\/keemplesklep.pl\/en\/delivery\/#primaryimage","url":"https:\/\/keemplesklep.pl\/wp-content\/uploads\/2022\/11\/inpost_logotyp.jpg","contentUrl":"https:\/\/keemplesklep.pl\/wp-content\/uploads\/2022\/11\/inpost_logotyp.jpg"},{"@type":"BreadcrumbList","@id":"https:\/\/keemplesklep.pl\/en\/delivery\/#breadcrumb","itemListElement":[{"@type":"ListItem","position":1,"name":"Strona g\u0142\u00f3wna","item":"https:\/\/keemplesklep.pl\/en\/"},{"@type":"ListItem","position":2,"name":"DELIVERY"}]},{"@type":"WebSite","@id":"https:\/\/keemplesklep.pl\/#website","url":"https:\/\/keemplesklep.pl\/","name":"Keemple","description":"Inteligentny dom - urz\u0105d\u017a smart home z inteligentnymi urz\u0105dzeniami","publisher":{"@id":"https:\/\/keemplesklep.pl\/#organization"},"potentialAction":[{"@type":"SearchAction","target":{"@type":"EntryPoint","urlTemplate":"https:\/\/keemplesklep.pl\/?s={search_term_string}"},"query-input":{"@type":"PropertyValueSpecification","valueRequired":true,"valueName":"search_term_string"}}],"inLanguage":"en-US"},{"@type":"Organization","@id":"https:\/\/keemplesklep.pl\/#organization","name":"Keemple","url":"https:\/\/keemplesklep.pl\/","logo":{"@type":"ImageObject","inLanguage":"en-US","@id":"https:\/\/keemplesklep.pl\/#\/schema\/logo\/image\/","url":"https:\/\/keemplesklep.pl\/wp-content\/uploads\/2023\/03\/cropped-logonew.png","contentUrl":"https:\/\/keemplesklep.pl\/wp-content\/uploads\/2023\/03\/cropped-logonew.png","width":367,"height":163,"caption":"Keemple"},"image":{"@id":"https:\/\/keemplesklep.pl\/#\/schema\/logo\/image\/"}}]}},"_links":{"self":[{"href":"https:\/\/keemplesklep.pl\/en\/wp-json\/wp\/v2\/pages\/3176","targetHints":{"allow":["GET"]}}],"collection":[{"href":"https:\/\/keemplesklep.pl\/en\/wp-json\/wp\/v2\/pages"}],"about":[{"href":"https:\/\/keemplesklep.pl\/en\/wp-json\/wp\/v2\/types\/page"}],"author":[{"embeddable":true,"href":"https:\/\/keemplesklep.pl\/en\/wp-json\/wp\/v2\/users\/1"}],"replies":[{"embeddable":true,"href":"https:\/\/keemplesklep.pl\/en\/wp-json\/wp\/v2\/comments?post=3176"}],"version-history":[{"count":5,"href":"https:\/\/keemplesklep.pl\/en\/wp-json\/wp\/v2\/pages\/3176\/revisions"}],"predecessor-version":[{"id":5677,"href":"https:\/\/keemplesklep.pl\/en\/wp-json\/wp\/v2\/pages\/3176\/revisions\/5677"}],"wp:attachment":[{"href":"https:\/\/keemplesklep.pl\/en\/wp-json\/wp\/v2\/media?parent=3176"}],"curies":[{"name":"wp","href":"https:\/\/api.w.org\/{rel}","templated":true}]}}