{"id":3174,"date":"2024-03-22T10:51:04","date_gmt":"2024-03-22T09:51:04","guid":{"rendered":"https:\/\/keemplesklep.pl\/the-keemple-app\/"},"modified":"2024-03-22T10:51:04","modified_gmt":"2024-03-22T09:51:04","slug":"the-keemple-app","status":"publish","type":"page","link":"https:\/\/keemplesklep.pl\/en\/the-keemple-app\/","title":{"rendered":"The Keemple App"},"content":{"rendered":"\n<div id=\"sekcja-polecamy\" class=\"wp-block-group\"><div class=\"wp-block-group__inner-container is-layout-flow wp-block-group-is-layout-flow\">\n<div style=\"height:50px\" aria-hidden=\"true\" class=\"wp-block-spacer\"><\/div>\n\n\n\n<h1 class=\"wp-block-heading has-text-align-center\">The Keemple App<\/h1>\n\n\n\n<h3 class=\"wp-block-heading has-text-align-center\">intuitive, transparent, constantly developed<\/h3>\n\n\n\n<div style=\"height:50px\" aria-hidden=\"true\" class=\"wp-block-spacer\"><\/div>\n\n\n\n<h3 class=\"wp-block-heading has-text-align-center\"><strong>Download now<\/strong><\/h3>\n<\/div><\/div>\n\n<div class=\"wp-block-columns are-vertically-aligned-center is-layout-flex wp-container-core-columns-is-layout-28f84493 wp-block-columns-is-layout-flex\">\n<div class=\"wp-block-column is-vertically-aligned-center is-layout-flow wp-block-column-is-layout-flow\"><div class=\"wp-block-image\">\n<figure class=\"aligncenter size-full\"><a href=\"https:\/\/play.google.com\/store\/apps\/details?id=cn.com.isurpass.keemple.main&amp;gl=US\" target=\"_blank\" rel=\"noreferrer noopener\"><img loading=\"lazy\" decoding=\"async\" width=\"646\" height=\"250\" src=\"https:\/\/keemplesklep.pl\/wp-content\/uploads\/2022\/09\/google-play-badge.png\" alt=\"\" class=\"wp-image-38\" srcset=\"https:\/\/keemplesklep.pl\/wp-content\/uploads\/2022\/09\/google-play-badge.png 646w, https:\/\/keemplesklep.pl\/wp-content\/uploads\/2022\/09\/google-play-badge-324x125.png 324w, https:\/\/keemplesklep.pl\/wp-content\/uploads\/2022\/09\/google-play-badge-416x161.png 416w, https:\/\/keemplesklep.pl\/wp-content\/uploads\/2022\/09\/google-play-badge-300x116.png 300w\" sizes=\"auto, (max-width: 646px) 100vw, 646px\" \/><\/a><\/figure>\n<\/div><\/div>\n\n\n\n<div class=\"wp-block-column is-vertically-aligned-center is-layout-flow wp-block-column-is-layout-flow\"><div class=\"wp-block-image\">\n<figure class=\"aligncenter size-full\"><a href=\"https:\/\/apps.apple.com\/pl\/app\/keemple2-0\/id1360138934?l=pl\" target=\"_blank\" rel=\"noreferrer noopener\"><img loading=\"lazy\" decoding=\"async\" width=\"646\" height=\"216\" src=\"https:\/\/keemplesklep.pl\/wp-content\/uploads\/2022\/09\/download-on-the-app-store.png\" alt=\"\" class=\"wp-image-39\" srcset=\"https:\/\/keemplesklep.pl\/wp-content\/uploads\/2022\/09\/download-on-the-app-store.png 646w, https:\/\/keemplesklep.pl\/wp-content\/uploads\/2022\/09\/download-on-the-app-store-324x108.png 324w, https:\/\/keemplesklep.pl\/wp-content\/uploads\/2022\/09\/download-on-the-app-store-416x139.png 416w, https:\/\/keemplesklep.pl\/wp-content\/uploads\/2022\/09\/download-on-the-app-store-300x100.png 300w\" sizes=\"auto, (max-width: 646px) 100vw, 646px\" \/><\/a><\/figure>\n<\/div><\/div>\n<\/div>\n<div class=\"gsp_post_data\" \r\n\t            data-post_type=\"page\" \r\n\t            data-cat=\"\" \r\n\t            data-modified=\"120\"\r\n\t            data-created=\"1711104664\"\r\n\t            data-title=\"The Keemple App\" \r\n\t            data-home=\"https:\/\/keemplesklep.pl\/en\/\"><\/div>","protected":false},"excerpt":{"rendered":"<p>The Keemple App intuitive, transparent, constantly developed Download now<\/p>\n","protected":false},"author":3,"featured_media":0,"parent":0,"menu_order":0,"comment_status":"closed","ping_status":"closed","template":"","meta":{"_acf_changed":false,"footnotes":""},"class_list":["post-3174","page","type-page","status-publish","hentry"],"acf":[],"yoast_head":"<!-- This site is optimized with the Yoast SEO plugin v27.4 - https:\/\/yoast.com\/product\/yoast-seo-wordpress\/ -->\n<title>The Keemple App - Keemple<\/title>\n<meta name=\"description\" content=\"Keemple The Keemple App\" \/>\n<meta name=\"robots\" content=\"index, follow, max-snippet:-1, max-image-preview:large, max-video-preview:-1\" \/>\n<link rel=\"canonical\" href=\"https:\/\/keemplesklep.pl\/en\/the-keemple-app\/\" \/>\n<meta property=\"og:locale\" content=\"en_US\" \/>\n<meta property=\"og:type\" content=\"article\" \/>\n<meta property=\"og:title\" content=\"The Keemple App - Keemple\" \/>\n<meta property=\"og:description\" content=\"Keemple The Keemple App\" \/>\n<meta property=\"og:url\" content=\"https:\/\/keemplesklep.pl\/en\/the-keemple-app\/\" \/>\n<meta property=\"og:site_name\" content=\"Keemple\" \/>\n<meta property=\"og:image\" content=\"https:\/\/keemplesklep.pl\/wp-content\/uploads\/2022\/09\/google-play-badge.png\" \/>\n<meta name=\"twitter:card\" content=\"summary_large_image\" \/>\n<script type=\"application\/ld+json\" class=\"yoast-schema-graph\">{\"@context\":\"https:\\\/\\\/schema.org\",\"@graph\":[{\"@type\":\"WebPage\",\"@id\":\"https:\\\/\\\/keemplesklep.pl\\\/en\\\/the-keemple-app\\\/\",\"url\":\"https:\\\/\\\/keemplesklep.pl\\\/en\\\/the-keemple-app\\\/\",\"name\":\"The Keemple App - Keemple\",\"isPartOf\":{\"@id\":\"https:\\\/\\\/keemplesklep.pl\\\/#website\"},\"primaryImageOfPage\":{\"@id\":\"https:\\\/\\\/keemplesklep.pl\\\/en\\\/the-keemple-app\\\/#primaryimage\"},\"image\":{\"@id\":\"https:\\\/\\\/keemplesklep.pl\\\/en\\\/the-keemple-app\\\/#primaryimage\"},\"thumbnailUrl\":\"https:\\\/\\\/keemplesklep.pl\\\/wp-content\\\/uploads\\\/2022\\\/09\\\/google-play-badge.png\",\"datePublished\":\"2024-03-22T09:51:04+00:00\",\"description\":\"Keemple The Keemple App\",\"breadcrumb\":{\"@id\":\"https:\\\/\\\/keemplesklep.pl\\\/en\\\/the-keemple-app\\\/#breadcrumb\"},\"inLanguage\":\"en-US\",\"potentialAction\":[{\"@type\":\"ReadAction\",\"target\":[\"https:\\\/\\\/keemplesklep.pl\\\/en\\\/the-keemple-app\\\/\"]}]},{\"@type\":\"ImageObject\",\"inLanguage\":\"en-US\",\"@id\":\"https:\\\/\\\/keemplesklep.pl\\\/en\\\/the-keemple-app\\\/#primaryimage\",\"url\":\"https:\\\/\\\/keemplesklep.pl\\\/wp-content\\\/uploads\\\/2022\\\/09\\\/google-play-badge.png\",\"contentUrl\":\"https:\\\/\\\/keemplesklep.pl\\\/wp-content\\\/uploads\\\/2022\\\/09\\\/google-play-badge.png\"},{\"@type\":\"BreadcrumbList\",\"@id\":\"https:\\\/\\\/keemplesklep.pl\\\/en\\\/the-keemple-app\\\/#breadcrumb\",\"itemListElement\":[{\"@type\":\"ListItem\",\"position\":1,\"name\":\"Strona g\u0142\u00f3wna\",\"item\":\"https:\\\/\\\/keemplesklep.pl\\\/en\\\/\"},{\"@type\":\"ListItem\",\"position\":2,\"name\":\"The Keemple App\"}]},{\"@type\":\"WebSite\",\"@id\":\"https:\\\/\\\/keemplesklep.pl\\\/#website\",\"url\":\"https:\\\/\\\/keemplesklep.pl\\\/\",\"name\":\"Keemple\",\"description\":\"Inteligentny dom - urz\u0105d\u017a smart home z inteligentnymi urz\u0105dzeniami\",\"publisher\":{\"@id\":\"https:\\\/\\\/keemplesklep.pl\\\/#organization\"},\"potentialAction\":[{\"@type\":\"SearchAction\",\"target\":{\"@type\":\"EntryPoint\",\"urlTemplate\":\"https:\\\/\\\/keemplesklep.pl\\\/?s={search_term_string}\"},\"query-input\":{\"@type\":\"PropertyValueSpecification\",\"valueRequired\":true,\"valueName\":\"search_term_string\"}}],\"inLanguage\":\"en-US\"},{\"@type\":\"Organization\",\"@id\":\"https:\\\/\\\/keemplesklep.pl\\\/#organization\",\"name\":\"Keemple\",\"url\":\"https:\\\/\\\/keemplesklep.pl\\\/\",\"logo\":{\"@type\":\"ImageObject\",\"inLanguage\":\"en-US\",\"@id\":\"https:\\\/\\\/keemplesklep.pl\\\/#\\\/schema\\\/logo\\\/image\\\/\",\"url\":\"https:\\\/\\\/keemplesklep.pl\\\/wp-content\\\/uploads\\\/2023\\\/03\\\/cropped-logonew.png\",\"contentUrl\":\"https:\\\/\\\/keemplesklep.pl\\\/wp-content\\\/uploads\\\/2023\\\/03\\\/cropped-logonew.png\",\"width\":367,\"height\":163,\"caption\":\"Keemple\"},\"image\":{\"@id\":\"https:\\\/\\\/keemplesklep.pl\\\/#\\\/schema\\\/logo\\\/image\\\/\"}}]}<\/script>\n<!-- \/ Yoast SEO plugin. -->","yoast_head_json":{"title":"The Keemple App - Keemple","description":"Keemple The Keemple App","robots":{"index":"index","follow":"follow","max-snippet":"max-snippet:-1","max-image-preview":"max-image-preview:large","max-video-preview":"max-video-preview:-1"},"canonical":"https:\/\/keemplesklep.pl\/en\/the-keemple-app\/","og_locale":"en_US","og_type":"article","og_title":"The Keemple App - Keemple","og_description":"Keemple The Keemple App","og_url":"https:\/\/keemplesklep.pl\/en\/the-keemple-app\/","og_site_name":"Keemple","og_image":[{"url":"https:\/\/keemplesklep.pl\/wp-content\/uploads\/2022\/09\/google-play-badge.png","type":"","width":"","height":""}],"twitter_card":"summary_large_image","schema":{"@context":"https:\/\/schema.org","@graph":[{"@type":"WebPage","@id":"https:\/\/keemplesklep.pl\/en\/the-keemple-app\/","url":"https:\/\/keemplesklep.pl\/en\/the-keemple-app\/","name":"The Keemple App - Keemple","isPartOf":{"@id":"https:\/\/keemplesklep.pl\/#website"},"primaryImageOfPage":{"@id":"https:\/\/keemplesklep.pl\/en\/the-keemple-app\/#primaryimage"},"image":{"@id":"https:\/\/keemplesklep.pl\/en\/the-keemple-app\/#primaryimage"},"thumbnailUrl":"https:\/\/keemplesklep.pl\/wp-content\/uploads\/2022\/09\/google-play-badge.png","datePublished":"2024-03-22T09:51:04+00:00","description":"Keemple The Keemple App","breadcrumb":{"@id":"https:\/\/keemplesklep.pl\/en\/the-keemple-app\/#breadcrumb"},"inLanguage":"en-US","potentialAction":[{"@type":"ReadAction","target":["https:\/\/keemplesklep.pl\/en\/the-keemple-app\/"]}]},{"@type":"ImageObject","inLanguage":"en-US","@id":"https:\/\/keemplesklep.pl\/en\/the-keemple-app\/#primaryimage","url":"https:\/\/keemplesklep.pl\/wp-content\/uploads\/2022\/09\/google-play-badge.png","contentUrl":"https:\/\/keemplesklep.pl\/wp-content\/uploads\/2022\/09\/google-play-badge.png"},{"@type":"BreadcrumbList","@id":"https:\/\/keemplesklep.pl\/en\/the-keemple-app\/#breadcrumb","itemListElement":[{"@type":"ListItem","position":1,"name":"Strona g\u0142\u00f3wna","item":"https:\/\/keemplesklep.pl\/en\/"},{"@type":"ListItem","position":2,"name":"The Keemple App"}]},{"@type":"WebSite","@id":"https:\/\/keemplesklep.pl\/#website","url":"https:\/\/keemplesklep.pl\/","name":"Keemple","description":"Inteligentny dom - urz\u0105d\u017a smart home z inteligentnymi urz\u0105dzeniami","publisher":{"@id":"https:\/\/keemplesklep.pl\/#organization"},"potentialAction":[{"@type":"SearchAction","target":{"@type":"EntryPoint","urlTemplate":"https:\/\/keemplesklep.pl\/?s={search_term_string}"},"query-input":{"@type":"PropertyValueSpecification","valueRequired":true,"valueName":"search_term_string"}}],"inLanguage":"en-US"},{"@type":"Organization","@id":"https:\/\/keemplesklep.pl\/#organization","name":"Keemple","url":"https:\/\/keemplesklep.pl\/","logo":{"@type":"ImageObject","inLanguage":"en-US","@id":"https:\/\/keemplesklep.pl\/#\/schema\/logo\/image\/","url":"https:\/\/keemplesklep.pl\/wp-content\/uploads\/2023\/03\/cropped-logonew.png","contentUrl":"https:\/\/keemplesklep.pl\/wp-content\/uploads\/2023\/03\/cropped-logonew.png","width":367,"height":163,"caption":"Keemple"},"image":{"@id":"https:\/\/keemplesklep.pl\/#\/schema\/logo\/image\/"}}]}},"_links":{"self":[{"href":"https:\/\/keemplesklep.pl\/en\/wp-json\/wp\/v2\/pages\/3174","targetHints":{"allow":["GET"]}}],"collection":[{"href":"https:\/\/keemplesklep.pl\/en\/wp-json\/wp\/v2\/pages"}],"about":[{"href":"https:\/\/keemplesklep.pl\/en\/wp-json\/wp\/v2\/types\/page"}],"author":[{"embeddable":true,"href":"https:\/\/keemplesklep.pl\/en\/wp-json\/wp\/v2\/users\/3"}],"replies":[{"embeddable":true,"href":"https:\/\/keemplesklep.pl\/en\/wp-json\/wp\/v2\/comments?post=3174"}],"version-history":[{"count":1,"href":"https:\/\/keemplesklep.pl\/en\/wp-json\/wp\/v2\/pages\/3174\/revisions"}],"predecessor-version":[{"id":3175,"href":"https:\/\/keemplesklep.pl\/en\/wp-json\/wp\/v2\/pages\/3174\/revisions\/3175"}],"wp:attachment":[{"href":"https:\/\/keemplesklep.pl\/en\/wp-json\/wp\/v2\/media?parent=3174"}],"curies":[{"name":"wp","href":"https:\/\/api.w.org\/{rel}","templated":true}]}}